{"id":986,"date":"2021-08-27T01:33:16","date_gmt":"2021-08-27T01:33:16","guid":{"rendered":"https:\/\/thebibleverses.org\/pt\/?page_id=986"},"modified":"2022-06-25T21:40:41","modified_gmt":"2022-06-25T21:40:41","slug":"obediencia","status":"publish","type":"page","link":"https:\/\/thebibleverses.org\/pt\/obediencia\/","title":{"rendered":"25 Vers\u00edculos da B\u00edblia sobre Obedi\u00eancia"},"content":{"rendered":"<div class=\"wp-block-image\">\n<figure class=\"aligncenter size-large\"><img decoding=\"async\" width=\"1024\" height=\"631\" data-src=\"https:\/\/thebibleverses.org\/pt\/wp-content\/uploads\/2022\/06\/Versiculos-da-Biblia-sobre-Obediencia-1024x631.webp\" alt=\"Vers\u00edculos da B\u00edblia sobre Obedi\u00eancia\" class=\"wp-image-1596 lazyload\" data-srcset=\"https:\/\/thebibleverses.org\/pt\/wp-content\/uploads\/2022\/06\/Versiculos-da-Biblia-sobre-Obediencia-1024x631.webp 1024w, https:\/\/thebibleverses.org\/pt\/wp-content\/uploads\/2022\/06\/Versiculos-da-Biblia-sobre-Obediencia-300x185.webp 300w, https:\/\/thebibleverses.org\/pt\/wp-content\/uploads\/2022\/06\/Versiculos-da-Biblia-sobre-Obediencia-768x474.webp 768w, https:\/\/thebibleverses.org\/pt\/wp-content\/uploads\/2022\/06\/Versiculos-da-Biblia-sobre-Obediencia-320x197.webp 320w, https:\/\/thebibleverses.org\/pt\/wp-content\/uploads\/2022\/06\/Versiculos-da-Biblia-sobre-Obediencia-450x278.webp 450w, https:\/\/thebibleverses.org\/pt\/wp-content\/uploads\/2022\/06\/Versiculos-da-Biblia-sobre-Obediencia-720x444.webp 720w, https:\/\/thebibleverses.org\/pt\/wp-content\/uploads\/2022\/06\/Versiculos-da-Biblia-sobre-Obediencia.webp 1200w\" data-sizes=\"(max-width: 1024px) 100vw, 1024px\" src=\"data:image\/svg+xml;base64,PHN2ZyB3aWR0aD0iMSIgaGVpZ2h0PSIxIiB4bWxucz0iaHR0cDovL3d3dy53My5vcmcvMjAwMC9zdmciPjwvc3ZnPg==\" style=\"--smush-placeholder-width: 1024px; --smush-placeholder-aspect-ratio: 1024\/631;\" \/><figcaption>Vers\u00edculos da B\u00edblia sobre Obedi\u00eancia a Deus &#8211; Nova Vers\u00e3o Internacional (NVI-PT).<\/figcaption><\/figure><\/div>\n\n\n<h2 class=\"wp-block-heading\">\u00caxodo 19:5<\/h2>\n\n\n\n<p>Agora, se me obedecerem fielmente e guardarem a minha alian\u00e7a, voc\u00eas ser\u00e3o o meu tesouro pessoal dentre todas as na\u00e7\u00f5es. Embora toda a terra seja minha (\u00cax 19:5).<\/p>\n\n\n\n<h2 class=\"wp-block-heading\">Lev\u00edtico 22:31<\/h2>\n\n\n\n<p>Obede\u00e7am aos meus mandamentos e coloquem-nos em pr\u00e1tica. Eu sou o Senhor (Lev 22:31).<\/p>\n\n\n\n<h2 class=\"wp-block-heading\">Deuteron\u00f4mio 7:12<\/h2>\n\n\n\n<p>Se voc\u00eas obedecerem a essas ordenan\u00e7as, as guardarem e as cumprirem, ent\u00e3o o Senhor, o seu Deus, manter\u00e1 com voc\u00eas a alian\u00e7a e a bondade que prometeu sob juramento aos seus antepassados (Dt 7:12).<\/p>\n\n\n\n<h2 class=\"wp-block-heading\">Deuteron\u00f4mio 26:16<\/h2>\n\n\n\n<p>O Senhor, o seu Deus, lhes ordena hoje que sigam esses decretos e ordenan\u00e7as; obede\u00e7am-lhes atentamente, de todo o seu cora\u00e7\u00e3o e de toda a sua alma (Dt 26:16).<\/p>\n\n\n\n<h2 class=\"wp-block-heading\">Deuteron\u00f4mio 28:1<\/h2>\n\n\n\n<p>Se voc\u00eas obedecerem fielmente ao Senhor, o seu Deus, e seguirem cuidadosamente todos os seus mandamentos que hoje lhes dou, o Senhor, o seu Deus, os colocar\u00e1 muito acima de todas as na\u00e7\u00f5es da terra (Dt 28:1).<\/p>\n\n\n\n<h2 class=\"wp-block-heading\">Josu\u00e9 1:8<\/h2>\n\n\n\n<p>N\u00e3o deixe de falar as palavras deste Livro da Lei e de meditar nelas de dia e de noite, para que voc\u00ea cumpra fielmente tudo o que nele est\u00e1 escrito. S\u00f3 ent\u00e3o os seus caminhos prosperar\u00e3o e voc\u00ea ser\u00e1 bem-sucedido (Jos 1:8).<\/p>\n\n\n\n<h2 class=\"wp-block-heading\">1 Samuel 15:22<\/h2>\n\n\n\n<p>Samuel, por\u00e9m, respondeu: Acaso tem o Senhor tanto prazer em holocaustos e em sacrif\u00edcios quanto em que se obede\u00e7a \u00e0 sua palavra? A obedi\u00eancia \u00e9 melhor do que o sacrif\u00edcio, e a submiss\u00e3o \u00e9 melhor do que a gordura de carneiros (1 Sa 15:22).<\/p>\n\n\n\n<h2 class=\"wp-block-heading\">1 Reis 2:3<\/h2>\n\n\n\n<p>Obede\u00e7a ao que o Senhor, o seu Deus, exige: ande nos seus caminhos e obede\u00e7a aos seus decretos, aos seus mandamentos, \u00e0s suas ordenan\u00e7as e aos seus testemunhos, conforme se acham escritos na Lei de Mois\u00e9s; assim voc\u00ea prosperar\u00e1 em tudo o que fizer e por onde quer que for (1 Reis 2:3).<\/p>\n\n\n\n<h2 class=\"wp-block-heading\">1 Reis 3:14<\/h2>\n\n\n\n<p>E, se voc\u00ea andar nos meus caminhos e obedecer aos meus decretos e aos meus mandamentos, como o seu pai Davi, eu prolongarei a sua vida (1 Reis 3:14).<\/p>\n\n\n\n<h2 class=\"wp-block-heading\">J\u00f3 36:11<\/h2>\n\n\n\n<p>Se lhe obedecerem e o servirem, ser\u00e3o pr\u00f3speros at\u00e9 o fim dos seus dias e ter\u00e3o contentamento nos anos que lhes restam (J\u00f3 36:11).<\/p>\n\n\n\n<h2 class=\"wp-block-heading\">Prov\u00e9rbios 6:20<\/h2>\n\n\n\n<p>Meu filho, obede\u00e7a aos mandamentos de seu pai e n\u00e3o abandone o ensino de sua m\u00e3e (Pr 6:20).<\/p>\n\n\n\n<h2 class=\"wp-block-heading\">Prov\u00e9rbios 10:17<\/h2>\n\n\n\n<p>Quem acolhe a disciplina mostra o caminho da vida, mas quem ignora a repreens\u00e3o desencaminha outros (Pr 10:17).<\/p>\n\n\n\n<h2 class=\"wp-block-heading\">Zacarias 3:7<\/h2>\n\n\n\n<p>Assim diz o Senhor dos Ex\u00e9rcitos: \u2018Se voc\u00ea andar nos meus caminhos e obedecer aos meus preceitos, voc\u00ea governar\u00e1 a minha casa e tamb\u00e9m estar\u00e1 encarregado das minhas cortes, e eu lhe darei um lugar entre estes que est\u00e3o aqui (Za 3:7).<\/p>\n\n\n\n<h2 class=\"wp-block-heading\">Mateus 7:21<\/h2>\n\n\n\n<p>Nem todo aquele que me diz: \u2018Senhor, Senhor\u2019, entrar\u00e1 no Reino dos c\u00e9us, mas apenas aquele que faz a vontade de meu Pai que est\u00e1 nos c\u00e9us (Mt 7:21).<\/p>\n\n\n\n<h2 class=\"wp-block-heading\">Mateus 7:24<\/h2>\n\n\n\n<p>Portanto, quem ouve estas minhas palavras e as pratica \u00e9 como um homem prudente que construiu a sua casa sobre a rocha (Mt 7:24).<\/p>\n\n\n\n<h2 class=\"wp-block-heading\">Mateus 12:50<\/h2>\n\n\n\n<p>Pois quem faz a vontade de meu Pai que est\u00e1 nos c\u00e9us, este \u00e9 meu irm\u00e3o, minha irm\u00e3 e minha m\u00e3e (Mt 12:50).<\/p>\n\n\n\n<h2 class=\"wp-block-heading\">Lucas 8:21<\/h2>\n\n\n\n<p>Ele lhe respondeu: \u201cMinha m\u00e3e e meus irm\u00e3os s\u00e3o aqueles que ouvem a palavra de Deus e a praticam\u201d (Lc 8:21).<\/p>\n\n\n\n<h2 class=\"wp-block-heading\">Jo\u00e3o 14:23<\/h2>\n\n\n\n<p>Respondeu Jesus: \u201cSe algu\u00e9m me ama, obedecer\u00e1 \u00e0 minha palavra. Meu Pai o amar\u00e1, n\u00f3s viremos a ele e faremos morada nele (Jo\u00e3o 14:23).<\/p>\n\n\n\n<h2 class=\"wp-block-heading\">Jo\u00e3o 15:10<\/h2>\n\n\n\n<p>Se voc\u00eas obedecerem aos meus mandamentos, permanecer\u00e3o no meu amor, assim como tenho obedecido aos mandamentos de meu Pai e em seu amor permane\u00e7o (Jo\u00e3o 15:10).<\/p>\n\n\n\n<h2 class=\"wp-block-heading\">Atos 5:29<\/h2>\n\n\n\n<p>Pedro e os outros ap\u00f3stolos responderam: \u201c\u00c9 preciso obedecer antes a Deus do que aos homens! (Atos 5:29).<\/p>\n\n\n\n<h2 class=\"wp-block-heading\">Romanos 5:19<\/h2>\n\n\n\n<p>Logo, assim como por meio da desobedi\u00eancia de um s\u00f3 homem muitos foram feitos pecadores, assim tamb\u00e9m, por meio da obedi\u00eancia de um \u00fanico homem muitos ser\u00e3o feitos justos (Ro 5:19).<\/p>\n\n\n\n<h2 class=\"wp-block-heading\">Filipenses 2:8<\/h2>\n\n\n\n<p>E, sendo encontrado em forma humana, humilhou-se a si mesmo e foi obediente at\u00e9 a morte, e morte de cruz! (Filip 2:8).<\/p>\n\n\n\n<h2 class=\"wp-block-heading\">Hebreus 5:8<\/h2>\n\n\n\n<p>Embora sendo Filho, ele aprendeu a obedecer por meio daquilo que sofreu (Heb 5:8).<\/p>\n\n\n\n<h2 class=\"wp-block-heading\">Tiago 4:7<\/h2>\n\n\n\n<p>Portanto, submetam-se a Deus. Resistam ao Diabo, e ele fugir\u00e1 de voc\u00eas (Tiago 4:7).<\/p>\n\n\n\n<h2 class=\"wp-block-heading\">1 Jo\u00e3o 3:22<\/h2>\n\n\n\n<p>E recebemos dele tudo o que pedimos, porque obedecemos aos seus mandamentos e fazemos o que lhe agrada (1 Jo\u00e3o 3:22).<\/p>\n\n\n\n<h2 class=\"wp-block-heading\">Lee Tambi\u00e9n:<\/h2>\n\n\n\n<ul class=\"wp-block-list\"><li><a href=\"https:\/\/thebibleverses.org\/pt\/\">Vers\u00edculos por T\u00f3picos<\/a><\/li><li><a href=\"https:\/\/thebibleverses.org\/pt\/amor\/\">Vers\u00edculos da B\u00edblia sobre o Amor<\/a><\/li><li><a href=\"https:\/\/thebibleverses.org\/pt\/forca\/\">Vers\u00edculos da B\u00edblia sobre For\u00e7a<\/a><\/li><li><a href=\"https:\/\/thebibleverses.org\/pt\/fe\/\">Vers\u00edculos B\u00edblicos sobre F\u00e9<\/a><\/li><li><a href=\"https:\/\/thebibleverses.org\/pt\/jovens\/\">Vers\u00edculos da B\u00edblia para Jovens<\/a><\/li><li><a href=\"https:\/\/thebibleverses.org\/pt\/amizade\/\">Vers\u00edculos da B\u00edblia sobre Amizade<\/a><\/li><li><a href=\"https:\/\/thebibleverses.org\/pt\/cura\/\">Vers\u00edculos da B\u00edblia sobre Cura<\/a><\/li><\/ul>\n","protected":false},"excerpt":{"rendered":"<p>\u00caxodo 19:5 Agora, se me obedecerem fielmente e guardarem a minha alian\u00e7a, voc\u00eas ser\u00e3o o meu tesouro pessoal dentre todas as na\u00e7\u00f5es. Embora toda a terra seja minha (\u00cax 19:5). Lev\u00edtico 22:31 Obede\u00e7am aos meus mandamentos e coloquem-nos em pr\u00e1tica. Eu sou o Senhor (Lev 22:31). Deuteron\u00f4mio 7:12 Se voc\u00eas obedecerem a essas ordenan\u00e7as, as [&hellip;]<\/p>\n","protected":false},"author":1,"featured_media":1596,"parent":0,"menu_order":0,"comment_status":"open","ping_status":"closed","template":"","meta":{"footnotes":""},"class_list":["post-986","page","type-page","status-publish","has-post-thumbnail","hentry","entry","fw-tab-6 fw-tabr-4"],"_links":{"self":[{"href":"https:\/\/thebibleverses.org\/pt\/wp-json\/wp\/v2\/pages\/986","targetHints":{"allow":["GET"]}}],"collection":[{"href":"https:\/\/thebibleverses.org\/pt\/wp-json\/wp\/v2\/pages"}],"about":[{"href":"https:\/\/thebibleverses.org\/pt\/wp-json\/wp\/v2\/types\/page"}],"author":[{"embeddable":true,"href":"https:\/\/thebibleverses.org\/pt\/wp-json\/wp\/v2\/users\/1"}],"replies":[{"embeddable":true,"href":"https:\/\/thebibleverses.org\/pt\/wp-json\/wp\/v2\/comments?post=986"}],"version-history":[{"count":0,"href":"https:\/\/thebibleverses.org\/pt\/wp-json\/wp\/v2\/pages\/986\/revisions"}],"wp:featuredmedia":[{"embeddable":true,"href":"https:\/\/thebibleverses.org\/pt\/wp-json\/wp\/v2\/media\/1596"}],"wp:attachment":[{"href":"https:\/\/thebibleverses.org\/pt\/wp-json\/wp\/v2\/media?parent=986"}],"curies":[{"name":"wp","href":"https:\/\/api.w.org\/{rel}","templated":true}]}}