{"id":95,"date":"2019-10-08T19:40:42","date_gmt":"2019-10-08T19:40:42","guid":{"rendered":"https:\/\/thebibleverses.org\/pt\/?page_id=95"},"modified":"2022-06-26T23:06:24","modified_gmt":"2022-06-26T23:06:24","slug":"amor-de-jesus","status":"publish","type":"page","link":"https:\/\/thebibleverses.org\/pt\/amor-de-jesus\/","title":{"rendered":"15 Vers\u00edculos da B\u00edblia sobre Amor de Jesus"},"content":{"rendered":"<div class=\"wp-block-image\">\n<figure class=\"aligncenter size-large\"><img decoding=\"async\" width=\"1024\" height=\"631\" data-src=\"https:\/\/thebibleverses.org\/pt\/wp-content\/uploads\/2022\/06\/Versiculos-da-Biblia-sobre-Amor-de-Jesus-1024x631.webp\" alt=\"Vers\u00edculos da B\u00edblia sobre Amor de Jesus\" class=\"wp-image-1689 lazyload\" data-srcset=\"https:\/\/thebibleverses.org\/pt\/wp-content\/uploads\/2022\/06\/Versiculos-da-Biblia-sobre-Amor-de-Jesus-1024x631.webp 1024w, https:\/\/thebibleverses.org\/pt\/wp-content\/uploads\/2022\/06\/Versiculos-da-Biblia-sobre-Amor-de-Jesus-300x185.webp 300w, https:\/\/thebibleverses.org\/pt\/wp-content\/uploads\/2022\/06\/Versiculos-da-Biblia-sobre-Amor-de-Jesus-768x474.webp 768w, https:\/\/thebibleverses.org\/pt\/wp-content\/uploads\/2022\/06\/Versiculos-da-Biblia-sobre-Amor-de-Jesus-320x197.webp 320w, https:\/\/thebibleverses.org\/pt\/wp-content\/uploads\/2022\/06\/Versiculos-da-Biblia-sobre-Amor-de-Jesus-450x278.webp 450w, https:\/\/thebibleverses.org\/pt\/wp-content\/uploads\/2022\/06\/Versiculos-da-Biblia-sobre-Amor-de-Jesus-720x444.webp 720w, https:\/\/thebibleverses.org\/pt\/wp-content\/uploads\/2022\/06\/Versiculos-da-Biblia-sobre-Amor-de-Jesus.webp 1200w\" data-sizes=\"(max-width: 1024px) 100vw, 1024px\" src=\"data:image\/svg+xml;base64,PHN2ZyB3aWR0aD0iMSIgaGVpZ2h0PSIxIiB4bWxucz0iaHR0cDovL3d3dy53My5vcmcvMjAwMC9zdmciPjwvc3ZnPg==\" style=\"--smush-placeholder-width: 1024px; --smush-placeholder-aspect-ratio: 1024\/631;\" \/><figcaption>Vers\u00edculos da B\u00edblia sobre o Amor de Jesus &#8211; Nova Vers\u00e3o Internacional (NVI-PT).<\/figcaption><\/figure><\/div>\n\n\n<h2 class=\"wp-block-heading\">Jo\u00e3o 11:5 <\/h2>\n\n\n\n<p>Jesus amava Marta, a irm\u00e3 dela e L\u00e1zaro (Jo\u00e3o 11:5).<\/p>\n\n\n\n<h2 class=\"wp-block-heading\">Jo\u00e3o 13:1 <\/h2>\n\n\n\n<p>Um pouco antes da festa da P\u00e1scoa, sabendo Jesus que havia chegado o tempo em que deixaria este mundo e iria para o Pai, tendo amado os seus que estavam no mundo, amou-os at\u00e9 o fim (Jo\u00e3o 13:1).<\/p>\n\n\n\n<h2 class=\"wp-block-heading\">Jo\u00e3o 14:21 <\/h2>\n\n\n\n<p>Quem tem os meus mandamentos e lhes obedece, esse \u00e9 o que me ama. Aquele que me ama ser\u00e1 amado por meu Pai, e eu tamb\u00e9m o amarei e me revelarei a ele (Jo\u00e3o 14:21).<\/p>\n\n\n\n<h2 class=\"wp-block-heading\">Jo\u00e3o 15:9 <\/h2>\n\n\n\n<p> Como o Pai me amou, assim eu os amei; permane\u00e7am no meu amor (Jo\u00e3o 15:9 <\/p>\n\n\n\n<h2 class=\"wp-block-heading\">Jo\u00e3o 15:13 <\/h2>\n\n\n\n<p>Ningu\u00e9m tem maior amor do que aquele que d\u00e1 a sua vida pelos seus amigos (Jo\u00e3o 15:13).<\/p>\n\n\n\n<h2 class=\"wp-block-heading\">Romanos 8:35 <\/h2>\n\n\n\n<p>Quem nos separar\u00e1 do amor de Cristo? Ser\u00e1 tribula\u00e7\u00e3o, ou ang\u00fastia, ou persegui\u00e7\u00e3o, ou fome, ou nudez, ou perigo, ou espada? (Rom 8:35).<\/p>\n\n\n\n<h2 class=\"wp-block-heading\">Romanos 8:37 <\/h2>\n\n\n\n<p>Mas, em todas estas coisas somos mais que vencedores, por meio daquele que nos amou (Romanos 8:37).<\/p>\n\n\n\n<h2 class=\"wp-block-heading\">2 Cor\u00edntios 5:14-15 <\/h2>\n\n\n\n<p>Pois o amor de Cristo nos constrange, porque estamos convencidos de que um morreu por todos; logo, todos morreram. E ele morreu por todos para que aqueles que vivem j\u00e1 n\u00e3o vivam mais para si mesmos, mas para aquele que por eles morreu e ressuscitou (2 Co 5:14-15).<\/p>\n\n\n\n<h2 class=\"wp-block-heading\">G\u00e1latas 2:20 <\/h2>\n\n\n\n<p>Fui crucificado com Cristo. Assim, j\u00e1 n\u00e3o sou eu quem vive, mas Cristo vive em mim. A vida que agora vivo no corpo, vivo-a pela f\u00e9 no filho de Deus, que me amou e se entregou por mim (G\u00e1 2:20).<\/p>\n\n\n\n<h2 class=\"wp-block-heading\">Ef\u00e9sios 5:2 <\/h2>\n\n\n\n<p>E vivam em amor, como tamb\u00e9m Cristo nos amou e se entregou por n\u00f3s como oferta e sacrif\u00edcio de aroma agrad\u00e1vel a Deus (Ef 5:2).<\/p>\n\n\n\n<h2 class=\"wp-block-heading\">Ef\u00e9sios 5:25 <\/h2>\n\n\n\n<p>Maridos, ame cada um a sua mulher, assim como Cristo amou a igreja e entregou-se por ela (Ef 5:25).<\/p>\n\n\n\n<h2 class=\"wp-block-heading\">1 Tim\u00f3teo 1:14 <\/h2>\n\n\n\n<p>Contudo, a gra\u00e7a de nosso Senhor transbordou sobre mim, com a f\u00e9 e o amor que est\u00e3o em Cristo Jesus (1 Tim 1:14).<\/p>\n\n\n\n<h2 class=\"wp-block-heading\">2 Tim\u00f3teo 1:13 <\/h2>\n\n\n\n<p>Retenha, com f\u00e9 e amor em Cristo Jesus, o modelo da s\u00e3 doutrina que voc\u00ea ouviu de mim (2 Tim 1:13).<\/p>\n\n\n\n<h2 class=\"wp-block-heading\">1 Jo\u00e3o 3:16 <\/h2>\n\n\n\n<p>Nisto conhecemos o que \u00e9 o amor: Jesus Cristo deu a sua vida por n\u00f3s, e devemos dar a nossa vida por nossos irm\u00e3os (1 Jo\u00e3o 3:16).<\/p>\n\n\n\n<h2 class=\"wp-block-heading\">Apocalipse 1:5 <\/h2>\n\n\n\n<p>E de Jesus Cristo, que \u00e9 a testemunha fiel, o primog\u00eanito dentre os mortos e o soberano dos reis da terra. Ele nos ama e nos libertou dos nossos pecados por meio do seu sangue (Ap 1:5).<\/p>\n\n\n\n<h2 class=\"wp-block-heading\">Lee Tambi\u00e9n:<\/h2>\n\n\n\n<ul class=\"wp-block-list\"><li><a href=\"https:\/\/thebibleverses.org\/pt\/\">Vers\u00edculos por T\u00f3picos<\/a><\/li><li><a href=\"https:\/\/thebibleverses.org\/pt\/amor\/\">Vers\u00edculos da B\u00edblia sobre o Amor<\/a><\/li><li><a href=\"https:\/\/thebibleverses.org\/pt\/forca\/\">Vers\u00edculos da B\u00edblia sobre For\u00e7a<\/a><\/li><li><a href=\"https:\/\/thebibleverses.org\/pt\/fe\/\">Vers\u00edculos B\u00edblicos sobre F\u00e9<\/a><\/li><li><a href=\"https:\/\/thebibleverses.org\/pt\/jovens\/\">Vers\u00edculos da B\u00edblia para Jovens<\/a><\/li><li><a href=\"https:\/\/thebibleverses.org\/pt\/amizade\/\">Vers\u00edculos da B\u00edblia sobre Amizade<\/a><\/li><li><a href=\"https:\/\/thebibleverses.org\/pt\/cura\/\">Vers\u00edculos da B\u00edblia sobre Cura<\/a><\/li><\/ul>\n","protected":false},"excerpt":{"rendered":"<p>Jo\u00e3o 11:5 Jesus amava Marta, a irm\u00e3 dela e L\u00e1zaro (Jo\u00e3o 11:5). Jo\u00e3o 13:1 Um pouco antes da festa da P\u00e1scoa, sabendo Jesus que havia chegado o tempo em que deixaria este mundo e iria para o Pai, tendo amado os seus que estavam no mundo, amou-os at\u00e9 o fim (Jo\u00e3o 13:1). Jo\u00e3o 14:21 Quem [&hellip;]<\/p>\n","protected":false},"author":1,"featured_media":1689,"parent":0,"menu_order":0,"comment_status":"open","ping_status":"closed","template":"","meta":{"footnotes":""},"class_list":["post-95","page","type-page","status-publish","has-post-thumbnail","hentry","entry","fw-tab-6 fw-tabr-4"],"_links":{"self":[{"href":"https:\/\/thebibleverses.org\/pt\/wp-json\/wp\/v2\/pages\/95","targetHints":{"allow":["GET"]}}],"collection":[{"href":"https:\/\/thebibleverses.org\/pt\/wp-json\/wp\/v2\/pages"}],"about":[{"href":"https:\/\/thebibleverses.org\/pt\/wp-json\/wp\/v2\/types\/page"}],"author":[{"embeddable":true,"href":"https:\/\/thebibleverses.org\/pt\/wp-json\/wp\/v2\/users\/1"}],"replies":[{"embeddable":true,"href":"https:\/\/thebibleverses.org\/pt\/wp-json\/wp\/v2\/comments?post=95"}],"version-history":[{"count":0,"href":"https:\/\/thebibleverses.org\/pt\/wp-json\/wp\/v2\/pages\/95\/revisions"}],"wp:featuredmedia":[{"embeddable":true,"href":"https:\/\/thebibleverses.org\/pt\/wp-json\/wp\/v2\/media\/1689"}],"wp:attachment":[{"href":"https:\/\/thebibleverses.org\/pt\/wp-json\/wp\/v2\/media?parent=95"}],"curies":[{"name":"wp","href":"https:\/\/api.w.org\/{rel}","templated":true}]}}