{"id":90,"date":"2019-10-08T19:40:33","date_gmt":"2019-10-08T19:40:33","guid":{"rendered":"https:\/\/thebibleverses.org\/pt\/?page_id=90"},"modified":"2022-06-25T17:25:24","modified_gmt":"2022-06-25T17:25:24","slug":"amor-de-deus","status":"publish","type":"page","link":"https:\/\/thebibleverses.org\/pt\/amor-de-deus\/","title":{"rendered":"30 Vers\u00edculos da B\u00edblia sobre Amor de Deus"},"content":{"rendered":"<div class=\"wp-block-image\">\n<figure class=\"aligncenter size-large\"><img decoding=\"async\" width=\"1024\" height=\"631\" data-src=\"https:\/\/thebibleverses.org\/pt\/wp-content\/uploads\/2022\/06\/Versiculos-da-Biblia-sobre-Amor-de-Deus-1024x631.webp\" alt=\"Vers\u00edculos da B\u00edblia sobre Amor de Deus\" class=\"wp-image-1502 lazyload\" data-srcset=\"https:\/\/thebibleverses.org\/pt\/wp-content\/uploads\/2022\/06\/Versiculos-da-Biblia-sobre-Amor-de-Deus-1024x631.webp 1024w, https:\/\/thebibleverses.org\/pt\/wp-content\/uploads\/2022\/06\/Versiculos-da-Biblia-sobre-Amor-de-Deus-300x185.webp 300w, https:\/\/thebibleverses.org\/pt\/wp-content\/uploads\/2022\/06\/Versiculos-da-Biblia-sobre-Amor-de-Deus-768x474.webp 768w, https:\/\/thebibleverses.org\/pt\/wp-content\/uploads\/2022\/06\/Versiculos-da-Biblia-sobre-Amor-de-Deus-320x197.webp 320w, https:\/\/thebibleverses.org\/pt\/wp-content\/uploads\/2022\/06\/Versiculos-da-Biblia-sobre-Amor-de-Deus-450x278.webp 450w, https:\/\/thebibleverses.org\/pt\/wp-content\/uploads\/2022\/06\/Versiculos-da-Biblia-sobre-Amor-de-Deus-720x444.webp 720w, https:\/\/thebibleverses.org\/pt\/wp-content\/uploads\/2022\/06\/Versiculos-da-Biblia-sobre-Amor-de-Deus.webp 1200w\" data-sizes=\"(max-width: 1024px) 100vw, 1024px\" src=\"data:image\/svg+xml;base64,PHN2ZyB3aWR0aD0iMSIgaGVpZ2h0PSIxIiB4bWxucz0iaHR0cDovL3d3dy53My5vcmcvMjAwMC9zdmciPjwvc3ZnPg==\" style=\"--smush-placeholder-width: 1024px; --smush-placeholder-aspect-ratio: 1024\/631;\" \/><figcaption>Vers\u00edculos da B\u00edblia sobre o Amor de Deus &#8211; Nova Vers\u00e3o Internacional (NVI-PT).<\/figcaption><\/figure><\/div>\n\n\n<h2 class=\"wp-block-heading\">G\u00eanesis 24:27 <\/h2>\n\n\n\n<p>\u201cBendito seja o Senhor, o Deus do meu senhor Abra\u00e3o, que n\u00e3o retirou sua bondade e sua fidelidade do meu senhor. Quanto a mim, o Senhor me conduziu na jornada at\u00e9 a casa dos parentes do meu senhor\u201d (G\u00ea 24:27). <\/p>\n\n\n\n<h2 class=\"wp-block-heading\">\u00caxodo 34:6 <\/h2>\n\n\n\n<p>E passou diante de Mois\u00e9s, proclamando: Senhor, Senhor, Deus compassivo e misericordioso, paciente, cheio de amor e de fidelidade (\u00cax 34:6).<\/p>\n\n\n\n<h2 class=\"wp-block-heading\">Deuteron\u00f4mio 7:8 <\/h2>\n\n\n\n<p>Mas foi porque o Senhor os amou e por causa do juramento que fez aos seus antepassados. Por isso ele os tirou com m\u00e3o poderosa e os redimiu da terra da escravid\u00e3o, do poder do fara\u00f3, rei do Egito (Dt 7:8).<\/p>\n\n\n\n<h2 class=\"wp-block-heading\">Deuteron\u00f4mio 7:9 <\/h2>\n\n\n\n<p>Saibam, portanto, que o Senhor, o seu Deus, \u00e9 Deus; ele \u00e9 o Deus fiel, que mant\u00e9m a alian\u00e7a e a bondade por mil gera\u00e7\u00f5es daqueles que o amam e obedecem aos seus mandamentos (Dt 7:9).<\/p>\n\n\n\n<h2 class=\"wp-block-heading\">Deuteron\u00f4mio 7:12 <\/h2>\n\n\n\n<p>Se voc\u00eas obedecerem a essas ordenan\u00e7as, as guardarem e as cumprirem, ent\u00e3o o Senhor, o seu Deus, manter\u00e1 com voc\u00eas a alian\u00e7a e a bondade que prometeu sob juramento aos seus antepassados (Dt 7:12).<\/p>\n\n\n\n<h2 class=\"wp-block-heading\">Salmos 36:7 <\/h2>\n\n\n\n<p>Como \u00e9 precioso o teu amor, \u00f3 Deus! Os homens encontram ref\u00fagio \u00e0 sombra das tuas asas (Sal 36:7).<\/p>\n\n\n\n<h2 class=\"wp-block-heading\">Salmos 48:9 <\/h2>\n\n\n\n<p>No teu templo, \u00f3 Deus, meditamos em teu amor leal (Sal 48:9).<\/p>\n\n\n\n<h2 class=\"wp-block-heading\">Salmos 51:1 <\/h2>\n\n\n\n<p>Tem miseric\u00f3rdia de mim, \u00f3 Deus, por teu amor; por tua grande compaix\u00e3o apaga as minhas transgress\u00f5es (Sal 51:1):<\/p>\n\n\n\n<h2 class=\"wp-block-heading\">Salmos 52:8 <\/h2>\n\n\n\n<p>Mas eu sou como uma oliveira que floresce na casa de Deus; confio no amor de Deus para todo o sempre (Sal 52:8).<\/p>\n\n\n\n<h2 class=\"wp-block-heading\">Salmos 59:10 <\/h2>\n\n\n\n<p>O meu Deus fiel vir\u00e1 ao meu encontro e permitir\u00e1 que eu triunfe sobre os meus inimigos (Sal 59:10).<\/p>\n\n\n\n<h2 class=\"wp-block-heading\">Salmos 66:20 <\/h2>\n\n\n\n<p>Louvado seja Deus, que n\u00e3o rejeitou a minha ora\u00e7\u00e3o nem afastou de mim o seu amor! (Sal 66:20).<\/p>\n\n\n\n<h2 class=\"wp-block-heading\">Salmos 86:5 <\/h2>\n\n\n\n<p>Tu \u00e9s bondoso e perdoador, Senhor, rico em gra\u00e7a para com todos os que te invocam (Sal 86:5).<\/p>\n\n\n\n<h2 class=\"wp-block-heading\">Salmos 136:2 <\/h2>\n\n\n\n<p>D\u00eaem gra\u00e7as ao Deus dos deuses. O seu amor dura para sempre! (Sal 136:2).<\/p>\n\n\n\n<h2 class=\"wp-block-heading\">Daniel 9:4 <\/h2>\n\n\n\n<p>Orei ao Senhor, o meu Deus, e confessei: \u00d3 Senhor, Deus grande e tem\u00edvel, que mant\u00e9ns a tua alian\u00e7a de amor com todos aqueles que te amam e obedecem aos teus mandamentos (Da 9:4).<\/p>\n\n\n\n<h2 class=\"wp-block-heading\">Miqu\u00e9ias 7:18 <\/h2>\n\n\n\n<p>Quem \u00e9 compar\u00e1vel a ti, \u00f3 Deus, que perdoas o pecado e esqueces a transgress\u00e3o do remanescente da sua heran\u00e7a? Tu, que n\u00e3o permaneces irado para sempre, mas tens prazer em mostrar amor (Miq 7:18).<\/p>\n\n\n\n<h2 class=\"wp-block-heading\">Sofonias 3:17 <\/h2>\n\n\n\n<p>O Senhor, o seu Deus, est\u00e1 em seu meio, poderoso para salvar. Ele se regozijar\u00e1 em voc\u00ea; com o seu amor a renovar\u00e1, ele se regozijar\u00e1 em voc\u00ea com brados de alegria (Sof 3:17).<\/p>\n\n\n\n<h2 class=\"wp-block-heading\">Jo\u00e3o 3:16 <\/h2>\n\n\n\n<p>Porque Deus tanto amou o mundo que deu o seu Filho Unig\u00eanito, para que todo o que nele crer n\u00e3o pere\u00e7a, mas tenha a vida eterna (Jo\u00e3o 3:16).<\/p>\n\n\n\n<h2 class=\"wp-block-heading\">Romanos 5:5 <\/h2>\n\n\n\n<p>E a esperan\u00e7a n\u00e3o nos decepciona, porque Deus derramou seu amor em nossos cora\u00e7\u00f5es, por meio do Esp\u00edrito Santo que ele nos concedeu (Ro 5:5).<\/p>\n\n\n\n<h2 class=\"wp-block-heading\">Romanos 5:8 <\/h2>\n\n\n\n<p>Mas Deus demonstra seu amor por n\u00f3s: Cristo morreu em nosso favor quando ainda \u00e9ramos pecadores (Ro 5:8).<\/p>\n\n\n\n<h2 class=\"wp-block-heading\">Romanos 8:39 <\/h2>\n\n\n\n<p>Nem altura nem profundidade, nem qualquer outra coisa na cria\u00e7\u00e3o ser\u00e1 capaz de nos separar do amor de Deus que est\u00e1 em Cristo Jesus, nosso Senhor (Ro 8:39).<\/p>\n\n\n\n<h2 class=\"wp-block-heading\">Ef\u00e9sios 2:4 <\/h2>\n\n\n\n<p>Todavia, Deus, que \u00e9 rico em miseric\u00f3rdia, pelo grande amor com que nos amou (Ef 2:4).<\/p>\n\n\n\n<h2 class=\"wp-block-heading\">2 Tessalonicenses 2:16 <\/h2>\n\n\n\n<p>Que o pr\u00f3prio Senhor Jesus Cristo e Deus nosso Pai, que nos amou e nos deu eterna consola\u00e7\u00e3o e boa esperan\u00e7a pela gra\u00e7a (2 Tes 2:16).<\/p>\n\n\n\n<h2 class=\"wp-block-heading\">2 Tessalonicenses 3:5 <\/h2>\n\n\n\n<p>O Senhor conduza o cora\u00e7\u00e3o de voc\u00eas ao amor de Deus e \u00e0 perseveran\u00e7a de Cristo (2 Tes 3:5).<\/p>\n\n\n\n<h2 class=\"wp-block-heading\">1 Jo\u00e3o 3:1 <\/h2>\n\n\n\n<p>Vejam como \u00e9 grande o amor que o Pai nos concedeu: sermos chamados filhos de Deus, o que de fato somos! Por isso o mundo n\u00e3o nos conhece, porque n\u00e3o o conheceu (1 Jo\u00e3o 3:1).<\/p>\n\n\n\n<h2 class=\"wp-block-heading\">1 Jo\u00e3o 4:7 <\/h2>\n\n\n\n<p>Amados, amemos uns aos outros, pois o amor procede de Deus. Aquele que ama \u00e9 nascido de Deus e conhece a Deus (1 Jo\u00e3o 4:7).<\/p>\n\n\n\n<h2 class=\"wp-block-heading\">1 Jo\u00e3o 4:8 <\/h2>\n\n\n\n<p>Quem n\u00e3o ama n\u00e3o conhece a Deus, porque Deus \u00e9 amor (1 Jo\u00e3o 4:8).<\/p>\n\n\n\n<h2 class=\"wp-block-heading\">1 Jo\u00e3o 4:10 <\/h2>\n\n\n\n<p>Nisto consiste o amor: n\u00e3o em que n\u00f3s tenhamos amado a Deus, mas em que ele nos amou e enviou seu Filho como propicia\u00e7\u00e3o pelos nossos pecado (1 Jo\u00e3o 4:10).<\/p>\n\n\n\n<h2 class=\"wp-block-heading\">1 Jo\u00e3o 4:12 <\/h2>\n\n\n\n<p>Ningu\u00e9m jamais viu a Deus; se amarmos uns aos outros, Deus permanece em n\u00f3s, e o seu amor est\u00e1 aperfei\u00e7oado em n\u00f3s (1 Jo\u00e3o 4:12).<\/p>\n\n\n\n<h2 class=\"wp-block-heading\">1 Jo\u00e3o 4:16 <\/h2>\n\n\n\n<p>Assim conhecemos o amor que Deus tem por n\u00f3s e confiamos nesse amor.Deus \u00e9 amor. Todo aquele que permanece no amor permanece em Deus, e Deus nele (1 Jo\u00e3o 4:16).<\/p>\n\n\n\n<h2 class=\"wp-block-heading\">1 Jo\u00e3o 5:3 <\/h2>\n\n\n\n<p>Porque nisto consiste o amor a Deus: em obedecer aos seus mandamentos. E os seus mandamentos n\u00e3o s\u00e3o pesados (1 Jo\u00e3o 5:3).<\/p>\n\n\n\n<h2 class=\"wp-block-heading\">Lee Tambi\u00e9n:<\/h2>\n\n\n\n<ul class=\"wp-block-list\"><li><a href=\"https:\/\/thebibleverses.org\/pt\/\">Vers\u00edculos por T\u00f3picos<\/a><\/li><li><a href=\"https:\/\/thebibleverses.org\/pt\/amor\/\">Vers\u00edculos da B\u00edblia sobre o Amor<\/a><\/li><li><a href=\"https:\/\/thebibleverses.org\/pt\/forca\/\">Vers\u00edculos da B\u00edblia sobre For\u00e7a<\/a><\/li><li><a href=\"https:\/\/thebibleverses.org\/pt\/fe\/\">Vers\u00edculos B\u00edblicos sobre F\u00e9<\/a><\/li><li><a href=\"https:\/\/thebibleverses.org\/pt\/jovens\/\">Vers\u00edculos da B\u00edblia para Jovens<\/a><\/li><li><a href=\"https:\/\/thebibleverses.org\/pt\/amizade\/\">Vers\u00edculos da B\u00edblia sobre Amizade<\/a><\/li><li><a href=\"https:\/\/thebibleverses.org\/pt\/cura\/\">Vers\u00edculos da B\u00edblia sobre Cura<\/a><\/li><\/ul>\n","protected":false},"excerpt":{"rendered":"<p>G\u00eanesis 24:27 \u201cBendito seja o Senhor, o Deus do meu senhor Abra\u00e3o, que n\u00e3o retirou sua bondade e sua fidelidade do meu senhor. Quanto a mim, o Senhor me conduziu na jornada at\u00e9 a casa dos parentes do meu senhor\u201d (G\u00ea 24:27). \u00caxodo 34:6 E passou diante de Mois\u00e9s, proclamando: Senhor, Senhor, Deus compassivo e [&hellip;]<\/p>\n","protected":false},"author":1,"featured_media":1502,"parent":0,"menu_order":0,"comment_status":"open","ping_status":"closed","template":"","meta":{"footnotes":""},"class_list":["post-90","page","type-page","status-publish","has-post-thumbnail","hentry","entry","fw-tab-6 fw-tabr-4"],"_links":{"self":[{"href":"https:\/\/thebibleverses.org\/pt\/wp-json\/wp\/v2\/pages\/90","targetHints":{"allow":["GET"]}}],"collection":[{"href":"https:\/\/thebibleverses.org\/pt\/wp-json\/wp\/v2\/pages"}],"about":[{"href":"https:\/\/thebibleverses.org\/pt\/wp-json\/wp\/v2\/types\/page"}],"author":[{"embeddable":true,"href":"https:\/\/thebibleverses.org\/pt\/wp-json\/wp\/v2\/users\/1"}],"replies":[{"embeddable":true,"href":"https:\/\/thebibleverses.org\/pt\/wp-json\/wp\/v2\/comments?post=90"}],"version-history":[{"count":0,"href":"https:\/\/thebibleverses.org\/pt\/wp-json\/wp\/v2\/pages\/90\/revisions"}],"wp:featuredmedia":[{"embeddable":true,"href":"https:\/\/thebibleverses.org\/pt\/wp-json\/wp\/v2\/media\/1502"}],"wp:attachment":[{"href":"https:\/\/thebibleverses.org\/pt\/wp-json\/wp\/v2\/media?parent=90"}],"curies":[{"name":"wp","href":"https:\/\/api.w.org\/{rel}","templated":true}]}}