{"id":83,"date":"2019-10-08T19:40:00","date_gmt":"2019-10-08T19:40:00","guid":{"rendered":"https:\/\/thebibleverses.org\/pt\/?page_id=83"},"modified":"2022-06-25T17:21:40","modified_gmt":"2022-06-25T17:21:40","slug":"amor","status":"publish","type":"page","link":"https:\/\/thebibleverses.org\/pt\/amor\/","title":{"rendered":"70 Vers\u00edculos da B\u00edblia sobre Amor"},"content":{"rendered":"<div class=\"wp-block-image\">\n<figure class=\"aligncenter size-large\"><img decoding=\"async\" width=\"1024\" height=\"631\" data-src=\"https:\/\/thebibleverses.org\/pt\/wp-content\/uploads\/2022\/06\/Versiculos-da-Biblia-sobre-Amor-1024x631.webp\" alt=\"Vers\u00edculos da B\u00edblia sobre Amor\" class=\"wp-image-1500 lazyload\" data-srcset=\"https:\/\/thebibleverses.org\/pt\/wp-content\/uploads\/2022\/06\/Versiculos-da-Biblia-sobre-Amor-1024x631.webp 1024w, https:\/\/thebibleverses.org\/pt\/wp-content\/uploads\/2022\/06\/Versiculos-da-Biblia-sobre-Amor-300x185.webp 300w, https:\/\/thebibleverses.org\/pt\/wp-content\/uploads\/2022\/06\/Versiculos-da-Biblia-sobre-Amor-768x474.webp 768w, https:\/\/thebibleverses.org\/pt\/wp-content\/uploads\/2022\/06\/Versiculos-da-Biblia-sobre-Amor-320x197.webp 320w, https:\/\/thebibleverses.org\/pt\/wp-content\/uploads\/2022\/06\/Versiculos-da-Biblia-sobre-Amor-450x278.webp 450w, https:\/\/thebibleverses.org\/pt\/wp-content\/uploads\/2022\/06\/Versiculos-da-Biblia-sobre-Amor-720x444.webp 720w, https:\/\/thebibleverses.org\/pt\/wp-content\/uploads\/2022\/06\/Versiculos-da-Biblia-sobre-Amor.webp 1200w\" data-sizes=\"(max-width: 1024px) 100vw, 1024px\" src=\"data:image\/svg+xml;base64,PHN2ZyB3aWR0aD0iMSIgaGVpZ2h0PSIxIiB4bWxucz0iaHR0cDovL3d3dy53My5vcmcvMjAwMC9zdmciPjwvc3ZnPg==\" style=\"--smush-placeholder-width: 1024px; --smush-placeholder-aspect-ratio: 1024\/631;\" \/><figcaption>Vers\u00edculos da B\u00edblia sobre o Amor &#8211; Nova Vers\u00e3o Internacional (NVI-PT).<\/figcaption><\/figure><\/div>\n\n\n<h2 class=\"wp-block-heading\">1 Jo\u00e3o 4:8 <\/h2>\n\n\n\n<p>Quem n\u00e3o ama n\u00e3o conhece a Deus, porque Deus \u00e9 amor (1 Jo\u00e3o 4:8).<\/p>\n\n\n\n<h2 class=\"wp-block-heading\">Mateus 22:37-39 <\/h2>\n\n\n\n<p>Respondeu Jesus: \u2018Ame o Senhor, o seu Deus de todo o seu cora\u00e7\u00e3o, de toda a sua alma e de todo o seu entendimento\u2019. 38 Este \u00e9 o primeiro e maior mandamento. E o segundo \u00e9 semelhante a ele: \u2018Ame o seu pr\u00f3ximo como a si mesmo\u2019 (Mt 22:37-39). <\/p>\n\n\n\n<h2 class=\"wp-block-heading\">Deuteron\u00f4mio 6:5 <\/h2>\n\n\n\n<p>Ame o Senhor, o seu Deus, de todo o seu cora\u00e7\u00e3o, de toda a sua alma e de todas as suas for\u00e7as (Dt 6:5).<\/p>\n\n\n\n<p>Lev\u00edtico 19:18 <\/p>\n\n\n\n<p>N\u00e3o procurem vingan\u00e7a, nem guardem rancor contra algu\u00e9m do seu povo, mas ame cada um o seu pr\u00f3ximo como a si mesmo. Eu sou o Senhor (Lv 19:18).<\/p>\n\n\n\n<h2 class=\"wp-block-heading\">1 Jo\u00e3o 4:10 <\/h2>\n\n\n\n<p>Nisto consiste o amor: n\u00e3o em que n\u00f3s tenhamos amado a Deus, mas em que ele nos amou e enviou seu Filho como propicia\u00e7\u00e3o pelos nossos pecados (1 Jo\u00e3o 4:10).<\/p>\n\n\n\n<h2 class=\"wp-block-heading\">1 Jo\u00e3o 4:7 <\/h2>\n\n\n\n<p>Amados, amemos uns aos outros, pois o amor procede de Deus. Aquele que ama \u00e9 nascido de Deus e conhece a Deus (1 Jo\u00e3o 4:7).<\/p>\n\n\n\n<h2 class=\"wp-block-heading\">G\u00e1latas 5:22 <\/h2>\n\n\n\n<p>Mas o fruto do Esp\u00edrito \u00e9 amor, alegria, paz, paci\u00eancia, amabilidade, bondade, fidelidade (G\u00e1 5:22).<\/p>\n\n\n\n<h2 class=\"wp-block-heading\">1 Jo\u00e3o 4:16 <\/h2>\n\n\n\n<p>Assim conhecemos o amor que Deus tem por n\u00f3s e confiamos nesse amor.Deus \u00e9 amor. Todo aquele que permanece no amor permanece em Deus, e Deus nele (1 Jo\u00e3o 4:16).<\/p>\n\n\n\n<h2 class=\"wp-block-heading\">1 Jo\u00e3o 4:19 <\/h2>\n\n\n\n<p>N\u00f3s amamos porque ele nos amou primeiro (1 Jo\u00e3o 4:19).<\/p>\n\n\n\n<h2 class=\"wp-block-heading\">Juan 15:13<\/h2>\n\n\n\n<p>Ningu\u00e9m tem maior amor do que aquele que d\u00e1 a sua vida pelos seus amigos (Jo\u00e3o 15:13).<\/p>\n\n\n\n<h2 class=\"wp-block-heading\">G\u00e1latas 5:13 <\/h2>\n\n\n\n<p>Irm\u00e3os, voc\u00eas foram chamados para a liberdade. Mas n\u00e3o usem a liberdade para dar ocasi\u00e3o \u00e0 vontade da carne; ao contr\u00e1rio, sirvam uns aos outros mediante o amor (G\u00e1 5:13).<\/p>\n\n\n\n<h2 class=\"wp-block-heading\">Prov\u00e9rbios 17:17<\/h2>\n\n\n\n<p>O amigo ama em todos os momentos; \u00e9 um irm\u00e3o na adversidade (Pr 17:17).<\/p>\n\n\n\n<h2 class=\"wp-block-heading\">Cantares de Salom\u00e2o 8:6 <\/h2>\n\n\n\n<p>Coloque-me como um selo sobre o seu cora\u00e7\u00e3o; como um selo sobre o seu bra\u00e7o; pois o amor \u00e9 t\u00e3o forte quanto a morte, e o ci\u00fame[a] \u00e9 t\u00e3o inflex\u00edvel quanto a sepultura. Suas brasas s\u00e3o fogo ardente, s\u00e3o labaredas do Senhor (Cant 8:6)<\/p>\n\n\n\n<h2 class=\"wp-block-heading\">Cantares de Salom\u00e2o 8:7 <\/h2>\n\n\n\n<p>Nem muitas \u00e1guas conseguem apagar o amor; os rios n\u00e3o conseguem lev\u00e1-lo na correnteza. Se algu\u00e9m oferecesse todas as riquezas da sua casa para adquirir o amor (Cant 8:7).<\/p>\n\n\n\n<h2 class=\"wp-block-heading\">1 Jo\u00e3o 4:17 <\/h2>\n\n\n\n<p>Dessa forma o amor est\u00e1 aperfei\u00e7oado entre n\u00f3s, para que no dia do ju\u00edzo tenhamos confian\u00e7a, porque neste mundo somos como ele (1 Jo\u00e3o 4:17).<\/p>\n\n\n\n<h2 class=\"wp-block-heading\">1 Jo\u00e3o 4:18 <\/h2>\n\n\n\n<p>No amor n\u00e3o h\u00e1 medo; ao contr\u00e1rio o perfeito amor expulsa o medo, porque o medo sup\u00f5e castigo. Aquele que tem medo n\u00e3o est\u00e1 aperfei\u00e7oado no amor (1 Jo\u00e3o 4:18).<\/p>\n\n\n\n<h2 class=\"wp-block-heading\">1 Cor\u00edntios 13:1 <\/h2>\n\n\n\n<p>Ainda que eu fale as l\u00ednguas dos homens e dos anjos, se n\u00e3o tiver amor, serei como o sino que ressoa ou como o prato que retine (1 Co 13:1).<\/p>\n\n\n\n<h2 class=\"wp-block-heading\">1 Cor\u00edntios 13:2 <\/h2>\n\n\n\n<p>Ainda que eu tenha o dom de profecia e saiba todos os mist\u00e9rios e todo o conhecimento, e tenha uma f\u00e9 capaz de mover montanhas, se n\u00e3o tiver amor, nada serei (1 Co 13:2).<\/p>\n\n\n\n<h2 class=\"wp-block-heading\">1 Cor\u00edntios 13:4-5 <\/h2>\n\n\n\n<p>O amor \u00e9 paciente, o amor \u00e9 bondoso. N\u00e3o inveja, n\u00e3o se vangloria, n\u00e3o se orgulha. N\u00e3o maltrata, n\u00e3o procura seus interesses, n\u00e3o se ira facilmente, n\u00e3o guarda rancor (1 Co 13:4-5).<\/p>\n\n\n\n<h2 class=\"wp-block-heading\">1 Cor\u00edntios 13:7 <\/h2>\n\n\n\n<p>Tudo sofre, tudo cr\u00ea, tudo espera, tudo suporta (1 Co 13:7).<\/p>\n\n\n\n<h2 class=\"wp-block-heading\">Prov\u00e9rbios 10:12 <\/h2>\n\n\n\n<p>O \u00f3dio provoca dissens\u00e3o, mas o amor cobre todos os pecados (Pr 10:12).<\/p>\n\n\n\n<h2 class=\"wp-block-heading\">1 Pedro 4:8 <\/h2>\n\n\n\n<p>Sobretudo, amem-se sinceramente uns aos outros, porque o amor perdoa muit\u00edssimos pecados (1 Pe 4:8).<\/p>\n\n\n\n<h2 class=\"wp-block-heading\">Jo\u00e3o 14:15 <\/h2>\n\n\n\n<p>Se voc\u00eas me amam, obedecer\u00e3o aos meus mandamentos (Jo\u00e3o 14:15).<\/p>\n\n\n\n<h2 class=\"wp-block-heading\">Romanos 13:8 <\/h2>\n\n\n\n<p>N\u00e3o devam nada a ningu\u00e9m, a n\u00e3o ser o amor de uns pelos outros, pois aquele que ama seu pr\u00f3ximo tem cumprido a Lei (Ro 13:8).<\/p>\n\n\n\n<h2 class=\"wp-block-heading\">1 Jo\u00e3o 2:4-5 <\/h2>\n\n\n\n<p>Aquele que diz: \u201cEu o conhe\u00e7o\u201d, mas n\u00e3o obedece aos seus mandamentos, \u00e9 mentiroso, e a verdade n\u00e3o est\u00e1 nele. 5 Mas, se algu\u00e9m obedece \u00e0 sua palavra, nele verdadeiramente o amor de Deus est\u00e1 aperfei\u00e7oado. Desta forma sabemos que estamos nele (1 Jo\u00e3o 2:4-5).<\/p>\n\n\n\n<h2 class=\"wp-block-heading\">1 Jo\u00e3o 5:3 <\/h2>\n\n\n\n<p>Porque nisto consiste o amor a Deus: em obedecer aos seus mandamentos. E os seus mandamentos n\u00e3o s\u00e3o pesados (1 Jo\u00e3o 5:3).<\/p>\n\n\n\n<h2 class=\"wp-block-heading\">Romanos 13:10 <\/h2>\n\n\n\n<p>O amor n\u00e3o pratica o mal contra o pr\u00f3ximo. Portanto, o amor \u00e9 o cumprimento da Lei (Ro 13:10).<\/p>\n\n\n\n<h2 class=\"wp-block-heading\">1 Pedro 1:22 <\/h2>\n\n\n\n<p>Agora que voc\u00eas purificaram a sua vida pela obedi\u00eancia \u00e0 verdade, visando ao amor fraternal e sincero, amem sinceramente uns aos outros e de todo o cora\u00e7\u00e3o (1 Pe 1:22).<\/p>\n\n\n\n<h2 class=\"wp-block-heading\">G\u00e1latas 5:6 <\/h2>\n\n\n\n<p>Porque em Cristo Jesus nem circuncis\u00e3o nem incircuncis\u00e3o t\u00eam efeito algum, mas sim a f\u00e9 que atua pelo amor (G\u00e1 5:6).<\/p>\n\n\n\n<h2 class=\"wp-block-heading\">1 Tessalonicenses 1:3 <\/h2>\n\n\n\n<p> Lembramos continuamente, diante de nosso Deus e Pai, o que voc\u00eas t\u00eam demonstrado: o trabalho que resulta da f\u00e9, o esfor\u00e7o motivado pelo amor e a perseveran\u00e7a proveniente da esperan\u00e7a em nosso Senhor Jesus Cristo (1 Tes 1:3).<\/p>\n\n\n\n<h2 class=\"wp-block-heading\">Hebreus 6:10 <\/h2>\n\n\n\n<p>Deus n\u00e3o \u00e9 injusto; ele n\u00e3o se esquecer\u00e1 do trabalho de voc\u00eas e do amor que demonstraram por ele, pois ajudaram os santos e continuam a ajud\u00e1-los (Heb 6:10).<\/p>\n\n\n\n<h2 class=\"wp-block-heading\">1 Jo\u00e3o 3:16 <\/h2>\n\n\n\n<p>Nisto conhecemos o que \u00e9 o amor: Jesus Cristo deu a sua vida por n\u00f3s, e devemos dar a nossa vida por nossos irm\u00e3os (1 Jo\u00e3o 3:16).<\/p>\n\n\n\n<h2 class=\"wp-block-heading\">1 Cor\u00edntios 8:1 <\/h2>\n\n\n\n<p>Com respeito aos alimentos sacrificados aos \u00eddolos, sabemos que todos temos conhecimento. O conhecimento traz orgulho, mas o amor edifica (1 Co 8:1).<\/p>\n\n\n\n<h2 class=\"wp-block-heading\">Colossenses 3:14 <\/h2>\n\n\n\n<p>Acima de tudo, por\u00e9m, revistam-se do amor, que \u00e9 o elo perfeito (Col 3:14).<\/p>\n\n\n\n<h2 class=\"wp-block-heading\">1 Jo\u00e3o 3:17<\/h2>\n\n\n\n<p>Se algu\u00e9m tiver recursos materiais e, vendo seu irm\u00e3o em necessidade, n\u00e3o se compadecer dele, como pode permanecer nele o amor de Deus? (1 Jo\u00e3o 3:17).<\/p>\n\n\n\n<h2 class=\"wp-block-heading\">Romanos 5:8 <\/h2>\n\n\n\n<p>Mas Deus demonstra seu amor por n\u00f3s: Cristo morreu em nosso favor quando ainda \u00e9ramos pecadores (Romanos 5:8 <\/p>\n\n\n\n<h2 class=\"wp-block-heading\">Lev\u00edtico 19:34 <\/h2>\n\n\n\n<p>O estrangeiro residente que viver com voc\u00eas dever\u00e1 ser tratado como o natural da terra. Amem-no como a si mesmos, pois voc\u00eas foram estrangeiros no Egito. Eu sou o Senhor, o Deus de voc\u00eas (Lv 19:34).<\/p>\n\n\n\n<h2 class=\"wp-block-heading\">Deuteron\u00f4mio 10:12 <\/h2>\n\n\n\n<p>E agora, \u00f3 Israel, que \u00e9 que o Senhor, o seu Deus, lhe pede, sen\u00e3o que tema o Senhor, o seu Deus, que ande em todos os seus caminhos, que o ame e que sirva ao Senhor, o seu Deus, de todo o seu cora\u00e7\u00e3o e de toda a sua alma (Dt 10:12).<\/p>\n\n\n\n<h2 class=\"wp-block-heading\">Salmos 25:11 <\/h2>\n\n\n\n<p>Por amor do teu nome, Senhor, perdoa o meu pecado, que \u00e9 t\u00e3o grande! (Sal 25:11).<\/p>\n\n\n\n<h2 class=\"wp-block-heading\">1 Jo\u00e3o 3:18 <\/h2>\n\n\n\n<p>Filhinhos, n\u00e3o amemos de palavra nem de boca, mas em a\u00e7\u00e3o e em verdade (1 Jo\u00e3o 3:18).<\/p>\n\n\n\n<h2 class=\"wp-block-heading\">Prov\u00e9rbios 3:12 <\/h2>\n\n\n\n<p>Pois o Senhor disciplina a quem ama, assim como o pai faz ao filho de quem deseja o bem (Pr 3:12).<\/p>\n\n\n\n<h2 class=\"wp-block-heading\">Salmos 145:20 <\/h2>\n\n\n\n<p>O Senhor cuida de todos os que o amam, mas a todos os \u00edmpios destruir\u00e1 (Sal 145:20).<\/p>\n\n\n\n<h2 class=\"wp-block-heading\">Deuteron\u00f4mio 30:6 <\/h2>\n\n\n\n<p>O Senhor, o seu Deus, dar\u00e1 um cora\u00e7\u00e3o fiel a voc\u00eas[a] e aos seus descendentes, para que o amem de todo o cora\u00e7\u00e3o e de toda a alma e vivam (Dt 30:6).<\/p>\n\n\n\n<h2 class=\"wp-block-heading\">Daniel 9:4 <\/h2>\n\n\n\n<p>Orei ao Senhor, o meu Deus, e confessei: \u00d3 Senhor, Deus grande e tem\u00edvel, que mant\u00e9ns a tua alian\u00e7a de amor com todos aqueles que te amam e obedecem aos teus mandamentos (Da 9:4).<\/p>\n\n\n\n<h2 class=\"wp-block-heading\">Lucas 6:27 <\/h2>\n\n\n\n<p>Mas eu digo a voc\u00eas que est\u00e3o me ouvindo: Amem os seus inimigos, fa\u00e7am o bem aos que os odeiam (Lc 6:27).<\/p>\n\n\n\n<h2 class=\"wp-block-heading\">1 Cor\u00edntios 2:9 <\/h2>\n\n\n\n<p>Todavia, como est\u00e1 escrito: \u201cOlho nenhum viu, ouvido nenhum ouviu, mente nenhuma imaginou o que Deus preparou para aqueles que o amam\u201d (1 Co 2:9).<\/p>\n\n\n\n<h2 class=\"wp-block-heading\">1 Jo\u00e3o 4:20 <\/h2>\n\n\n\n<p>Se algu\u00e9m afirmar: \u201cEu amo a Deus\u201d, mas odiar seu irm\u00e3o, \u00e9 mentiroso, pois quem n\u00e3o ama seu irm\u00e3o, a quem v\u00ea, n\u00e3o pode amar a Deus, a quem n\u00e3o v\u00ea (1 Jo\u00e3o 4:20).<\/p>\n\n\n\n<h2 class=\"wp-block-heading\">Filipenses 2:2 <\/h2>\n\n\n\n<p>Completem a minha alegria, tendo o mesmo modo de pensar, o mesmo amor, um s\u00f3 esp\u00edrito e uma s\u00f3 atitude (Filip 2:2).<\/p>\n\n\n\n<h2 class=\"wp-block-heading\">Colossenses 2:2 <\/h2>\n\n\n\n<p>Esfor\u00e7o-me para que eles sejam fortalecidos em seu cora\u00e7\u00e3o, estejam unidos em amor e alcancem toda a riqueza do pleno entendimento, a fim de conhecerem plenamente o mist\u00e9rio de Deus, a saber, Cristo (Col 2:2). <\/p>\n\n\n\n<h2 class=\"wp-block-heading\">1 Cor\u00edntios 13:13 <\/h2>\n\n\n\n<p>Assim, permanecem agora estes tr\u00eas: a f\u00e9, a esperan\u00e7a e o amor. O maior deles, por\u00e9m, \u00e9 o amor (1 Co 13:13).<\/p>\n\n\n\n<h2 class=\"wp-block-heading\">1 Cor\u00edntios 16:14 <\/h2>\n\n\n\n<p>Fa\u00e7am tudo com amor (1 Co 16:14).<\/p>\n\n\n\n<h2 class=\"wp-block-heading\">1 Jo\u00e3o 3:23 <\/h2>\n\n\n\n<p>E este \u00e9 o seu mandamento: Que creiamos no nome de seu Filho Jesus Cristo e que nos amemos uns aos outros, como ele nos ordenou (1 Jo\u00e3o 3:23).<\/p>\n\n\n\n<h2 class=\"wp-block-heading\">Ef\u00e9sios 3:17 <\/h2>\n\n\n\n<p>Para que Cristo habite no cora\u00e7\u00e3o de voc\u00eas mediante a f\u00e9; e oro para que, estando arraigados e alicer\u00e7ados em amor (Ef 3:17).<\/p>\n\n\n\n<h2 class=\"wp-block-heading\">1 Tessalonicenses 3:12 <\/h2>\n\n\n\n<p>Que o Senhor fa\u00e7a crescer e transbordar o amor que voc\u00eas t\u00eam uns para com os outros e para com todos, a exemplo do nosso amor por voc\u00eas (1 Tes 3:12).<\/p>\n\n\n\n<h2 class=\"wp-block-heading\">1 Tessalonicenses 4:9 <\/h2>\n\n\n\n<p>Quanto ao amor fraternal, n\u00e3o precisamos escrever-lhes, pois voc\u00eas mesmos j\u00e1 foram ensinados por Deus a se amarem uns aos outros (1 Tes 4:9).<\/p>\n\n\n\n<h2 class=\"wp-block-heading\">1 Jo\u00e3o 3:11 <\/h2>\n\n\n\n<p>Esta \u00e9 a mensagem que voc\u00eas ouviram desde o princ\u00edpio: que nos amemos uns aos outros (1 Jo\u00e3o 3:11).<\/p>\n\n\n\n<h2 class=\"wp-block-heading\">Ef\u00e9sios 4:2 <\/h2>\n\n\n\n<p>Sejam completamente humildes e d\u00f3ceis, e sejam pacientes, suportando uns aos outros com amor (Ef 4:2).<\/p>\n\n\n\n<h2 class=\"wp-block-heading\">Ef\u00e9sios 5:2 <\/h2>\n\n\n\n<p>E vivam em amor, como tamb\u00e9m Cristo nos amou e se entregou por n\u00f3s como oferta e sacrif\u00edcio de aroma agrad\u00e1vel a Deus (Ef 5:2).<\/p>\n\n\n\n<h2 class=\"wp-block-heading\">Ef\u00e9sios 5:33 <\/h2>\n\n\n\n<p>Portanto, cada um de voc\u00eas tamb\u00e9m ame a sua mulher como a si mesmo, e a mulher trate o marido com todo o respeito (Ef 5:33).<\/p>\n\n\n\n<h2 class=\"wp-block-heading\">1 Jo\u00e3o 4:11 <\/h2>\n\n\n\n<p>Amados, visto que Deus assim nos amou, n\u00f3s tamb\u00e9m devemos amar uns aos outros (1 Jo\u00e3o 4:11).<\/p>\n\n\n\n<h2 class=\"wp-block-heading\">1 Tim\u00f3teo 1:5 <\/h2>\n\n\n\n<p>O objetivo desta instru\u00e7\u00e3o \u00e9 o amor que procede de um cora\u00e7\u00e3o puro, de uma boa consci\u00eancia e de uma f\u00e9 sincera (1 Tim 1:5).<\/p>\n\n\n\n<h2 class=\"wp-block-heading\">1 Tim\u00f3teo 4:12 <\/h2>\n\n\n\n<p>Ningu\u00e9m o despreze pelo fato de voc\u00ea ser jovem, mas seja um exemplo para os fi\u00e9is na palavra, no procedimento, no amor, na f\u00e9 e na pureza (1 Tim 4:12).<\/p>\n\n\n\n<h2 class=\"wp-block-heading\">2 Tim\u00f3teo 2:22 <\/h2>\n\n\n\n<p>Fuja dos desejos malignos da juventude e siga a justi\u00e7a, a f\u00e9, o amor e a paz, com aqueles que, de cora\u00e7\u00e3o puro, invocam o Senhor (2 Tim 2:22).<\/p>\n\n\n\n<h2 class=\"wp-block-heading\">Hebreus 10:24 <\/h2>\n\n\n\n<p>E consideremos uns aos outros para nos incentivarmos ao amor e \u00e0s boas obras (Hebreus 10:24).<\/p>\n\n\n\n<h2 class=\"wp-block-heading\">Hebreus 12:6 <\/h2>\n\n\n\n<p>Pois o Senhor disciplina a quem ama, e castiga todo aquele a quem aceita como filho (Heb 12:6).<\/p>\n\n\n\n<h2 class=\"wp-block-heading\">Tiago 2:8 <\/h2>\n\n\n\n<p>Se voc\u00eas de fato obedecerem \u00e0 lei do Reino encontrada na Escritura que diz: \u201cAme o seu pr\u00f3ximo como a si mesmo\u201d, estar\u00e3o agindo corretamente (Tiago 2:8).<\/p>\n\n\n\n<h2 class=\"wp-block-heading\">1 Pedro 2:17 <\/h2>\n\n\n\n<p>Tratem a todos com o devido respeito: amem os irm\u00e3os, temam a Deus e honrem o rei (1 Pe 2:17).<\/p>\n\n\n\n<h2 class=\"wp-block-heading\">1 Pedro 3:8 <\/h2>\n\n\n\n<p>Quanto ao mais, tenham todos o mesmo modo de pensar, sejam compassivos, amem-se fraternalmente, sejam misericordiosos e humildes (1 Pe 3:8).<\/p>\n\n\n\n<h2 class=\"wp-block-heading\">Apocalipse 3:19 <\/h2>\n\n\n\n<p>Repreendo e disciplino aqueles que eu amo. Por isso, seja diligente e arrependa-se (Ap 3:19).<\/p>\n\n\n\n<h2 class=\"wp-block-heading\">Lee Tambi\u00e9n:<\/h2>\n\n\n\n<ul class=\"wp-block-list\"><li><a href=\"https:\/\/thebibleverses.org\/pt\/\">Vers\u00edculos por T\u00f3picos<\/a><\/li><li><a href=\"https:\/\/thebibleverses.org\/pt\/amor\/\">Vers\u00edculos da B\u00edblia sobre o Amor<\/a><\/li><li><a href=\"https:\/\/thebibleverses.org\/pt\/forca\/\">Vers\u00edculos da B\u00edblia sobre For\u00e7a<\/a><\/li><li><a href=\"https:\/\/thebibleverses.org\/pt\/fe\/\">Vers\u00edculos B\u00edblicos sobre F\u00e9<\/a><\/li><li><a href=\"https:\/\/thebibleverses.org\/pt\/jovens\/\">Vers\u00edculos da B\u00edblia para Jovens<\/a><\/li><li><a href=\"https:\/\/thebibleverses.org\/pt\/amizade\/\">Vers\u00edculos da B\u00edblia sobre Amizade<\/a><\/li><li><a href=\"https:\/\/thebibleverses.org\/pt\/cura\/\">Vers\u00edculos da B\u00edblia sobre Cura<\/a><\/li><\/ul>\n","protected":false},"excerpt":{"rendered":"<p>1 Jo\u00e3o 4:8 Quem n\u00e3o ama n\u00e3o conhece a Deus, porque Deus \u00e9 amor (1 Jo\u00e3o 4:8). Mateus 22:37-39 Respondeu Jesus: \u2018Ame o Senhor, o seu Deus de todo o seu cora\u00e7\u00e3o, de toda a sua alma e de todo o seu entendimento\u2019. 38 Este \u00e9 o primeiro e maior mandamento. E o segundo \u00e9 [&hellip;]<\/p>\n","protected":false},"author":1,"featured_media":1500,"parent":0,"menu_order":0,"comment_status":"open","ping_status":"closed","template":"","meta":{"footnotes":""},"class_list":["post-83","page","type-page","status-publish","has-post-thumbnail","hentry","entry","fw-tab-6 fw-tabr-4"],"_links":{"self":[{"href":"https:\/\/thebibleverses.org\/pt\/wp-json\/wp\/v2\/pages\/83","targetHints":{"allow":["GET"]}}],"collection":[{"href":"https:\/\/thebibleverses.org\/pt\/wp-json\/wp\/v2\/pages"}],"about":[{"href":"https:\/\/thebibleverses.org\/pt\/wp-json\/wp\/v2\/types\/page"}],"author":[{"embeddable":true,"href":"https:\/\/thebibleverses.org\/pt\/wp-json\/wp\/v2\/users\/1"}],"replies":[{"embeddable":true,"href":"https:\/\/thebibleverses.org\/pt\/wp-json\/wp\/v2\/comments?post=83"}],"version-history":[{"count":0,"href":"https:\/\/thebibleverses.org\/pt\/wp-json\/wp\/v2\/pages\/83\/revisions"}],"wp:featuredmedia":[{"embeddable":true,"href":"https:\/\/thebibleverses.org\/pt\/wp-json\/wp\/v2\/media\/1500"}],"wp:attachment":[{"href":"https:\/\/thebibleverses.org\/pt\/wp-json\/wp\/v2\/media?parent=83"}],"curies":[{"name":"wp","href":"https:\/\/api.w.org\/{rel}","templated":true}]}}