{"id":72,"date":"2019-10-03T19:37:42","date_gmt":"2019-10-03T19:37:42","guid":{"rendered":"https:\/\/thebibleverses.org\/pt\/?page_id=72"},"modified":"2022-06-25T17:55:09","modified_gmt":"2022-06-25T17:55:09","slug":"encorajamento","status":"publish","type":"page","link":"https:\/\/thebibleverses.org\/pt\/encorajamento\/","title":{"rendered":"30 Vers\u00edculos da B\u00edblia sobre Encorajamento e Motiva\u00e7\u00e3o"},"content":{"rendered":"<div class=\"wp-block-image\">\n<figure class=\"aligncenter size-large\"><img decoding=\"async\" width=\"1024\" height=\"631\" data-src=\"https:\/\/thebibleverses.org\/pt\/wp-content\/uploads\/2022\/06\/Versiculos-da-Biblia-sobre-Encorajamento-1024x631.webp\" alt=\"Vers\u00edculos da B\u00edblia sobre Encorajamento\" class=\"wp-image-1532 lazyload\" data-srcset=\"https:\/\/thebibleverses.org\/pt\/wp-content\/uploads\/2022\/06\/Versiculos-da-Biblia-sobre-Encorajamento-1024x631.webp 1024w, https:\/\/thebibleverses.org\/pt\/wp-content\/uploads\/2022\/06\/Versiculos-da-Biblia-sobre-Encorajamento-300x185.webp 300w, https:\/\/thebibleverses.org\/pt\/wp-content\/uploads\/2022\/06\/Versiculos-da-Biblia-sobre-Encorajamento-768x474.webp 768w, https:\/\/thebibleverses.org\/pt\/wp-content\/uploads\/2022\/06\/Versiculos-da-Biblia-sobre-Encorajamento-320x197.webp 320w, https:\/\/thebibleverses.org\/pt\/wp-content\/uploads\/2022\/06\/Versiculos-da-Biblia-sobre-Encorajamento-450x278.webp 450w, https:\/\/thebibleverses.org\/pt\/wp-content\/uploads\/2022\/06\/Versiculos-da-Biblia-sobre-Encorajamento-720x444.webp 720w, https:\/\/thebibleverses.org\/pt\/wp-content\/uploads\/2022\/06\/Versiculos-da-Biblia-sobre-Encorajamento.webp 1200w\" data-sizes=\"(max-width: 1024px) 100vw, 1024px\" src=\"data:image\/svg+xml;base64,PHN2ZyB3aWR0aD0iMSIgaGVpZ2h0PSIxIiB4bWxucz0iaHR0cDovL3d3dy53My5vcmcvMjAwMC9zdmciPjwvc3ZnPg==\" style=\"--smush-placeholder-width: 1024px; --smush-placeholder-aspect-ratio: 1024\/631;\" \/><figcaption>Vers\u00edculos da B\u00edblia sobre Encorajamento e Motiva\u00e7\u00e3o &#8211; Nova Vers\u00e3o Internacional (NVI-PT).<\/figcaption><\/figure><\/div>\n\n\n<h2 class=\"wp-block-heading\">G\u00eanesis 28:15 <\/h2>\n\n\n\n<p>Estou com voc\u00ea e cuidarei de voc\u00ea, aonde quer que v\u00e1; e eu o trarei de volta a esta terra. N\u00e3o o deixarei enquanto n\u00e3o fizer o que lhe prometi (G\u00eanesis 28:15).<\/p>\n\n\n\n<h2 class=\"wp-block-heading\">Josu\u00e9 1:9 <\/h2>\n\n\n\n<p>N\u00e3o fui eu que lhe ordenei? Seja forte e corajoso! N\u00e3o se apavore, nem desanime, pois o Senhor, o seu Deus, estar\u00e1 com voc\u00ea por onde voc\u00ea andar (Josu\u00e9 1:9).<\/p>\n\n\n\n<h2 class=\"wp-block-heading\">Deuteron\u00f4mio 20:1 <\/h2>\n\n\n\n<p>Quando voc\u00eas forem \u00e0 guerra contra os seus inimigos e virem cavalos e carros, e um ex\u00e9rcito maior do que o seu, n\u00e3o tenham medo, pois o Senhor, o seu Deus, que os tirou do Egito, estar\u00e1 com voc\u00eas (Dt 20:1).<\/p>\n\n\n\n<h2 class=\"wp-block-heading\">Deuteron\u00f4mio 31:8 <\/h2>\n\n\n\n<p>O pr\u00f3prio Senhor ir\u00e1 \u00e0 sua frente e estar\u00e1 com voc\u00ea; ele nunca o deixar\u00e1, nunca o abandonar\u00e1. N\u00e3o tenha medo! N\u00e3o desanime! (Dt 31:8).<\/p>\n\n\n\n<h2 class=\"wp-block-heading\">Salmos 23:4 <\/h2>\n\n\n\n<p>Mesmo quando eu andar por um vale de trevas e morte, n\u00e3o temerei perigo algum, pois tu est\u00e1s comigo; a tua vara e o teu cajado me protegem (Sal 23:4)<\/p>\n\n\n\n<h2 class=\"wp-block-heading\">Salmos 27:1 <\/h2>\n\n\n\n<p>O Senhor \u00e9 a minha luz e a minha salva\u00e7\u00e3o; de quem terei temor? O Senhor \u00e9 o meu forte ref\u00fagio; de quem terei medo? (Sal 27:1).<\/p>\n\n\n\n<h2 class=\"wp-block-heading\">Salmos 31:24 <\/h2>\n\n\n\n<p>Sejam fortes e corajosos, todos voc\u00eas que esperam no Senhor! (Sal 31:24). <\/p>\n\n\n\n<h2 class=\"wp-block-heading\">Salmos 32:8 <\/h2>\n\n\n\n<p>Eu o instruirei e o ensinarei no caminho que voc\u00ea deve seguir; eu o aconselharei e cuidarei de voc\u00ea (Sal 32:8).<\/p>\n\n\n\n<h2 class=\"wp-block-heading\">Salmos 46:7 <\/h2>\n\n\n\n<p>O Senhor dos Ex\u00e9rcitos est\u00e1 conosco; o Deus de Jac\u00f3 \u00e9 a nossa torre segura (Sal 46:7).<\/p>\n\n\n\n<h2 class=\"wp-block-heading\">Salmos 121:1-2 <\/h2>\n\n\n\n<p>Levanto os meus olhos para os montes e pergunto: De onde me vem o socorro? O meu socorro vem do Senhor, que fez os c\u00e9us e a terra (Sal 121:1-2).<\/p>\n\n\n\n<h2 class=\"wp-block-heading\">Isa\u00edas 40:31 <\/h2>\n\n\n\n<p>Mas aqueles que esperam no Senhor renovam as suas for\u00e7as. Voam alto como \u00e1guias; correm e n\u00e3o ficam exaustos, andam e n\u00e3o se cansam (Isa\u00edas 40:31).<\/p>\n\n\n\n<h2 class=\"wp-block-heading\">Isa\u00edas 43:1 <\/h2>\n\n\n\n<p>Mas agora assim diz o Senhor, aquele que o criou, \u00f3 Jac\u00f3, aquele que o formou, \u00f3 Israel: N\u00e3o tema, pois eu o resgatei; eu o chamei pelo nome; voc\u00ea \u00e9 meu (Is 43:1).<\/p>\n\n\n\n<h2 class=\"wp-block-heading\">Isa\u00edas 43:2 <\/h2>\n\n\n\n<p>Quando voc\u00ea atravessar as \u00e1guas, eu estarei com voc\u00ea; quando voc\u00ea atravessar os rios, eles n\u00e3o o encobrir\u00e3o. Quando voc\u00ea andar atrav\u00e9s do fogo, n\u00e3o se queimar\u00e1; as chamas n\u00e3o o deixar\u00e3o em brasas (Is 43:2). <\/p>\n\n\n\n<h2 class=\"wp-block-heading\">Isa\u00edas 43:4 <\/h2>\n\n\n\n<p>Visto que voc\u00ea \u00e9 precioso e honrado \u00e0 minha vista, e porque eu o amo, darei homens em seu lugar, e na\u00e7\u00f5es em troca de sua vida (Is 43:4).<\/p>\n\n\n\n<h2 class=\"wp-block-heading\">Isa\u00edas 44:6 <\/h2>\n\n\n\n<p>Assim diz o Senhor, o rei de Israel, o seu redentor, o Senhor dos Ex\u00e9rcitos: Eu sou o primeiro e eu sou o \u00faltimo; al\u00e9m de mim n\u00e3o h\u00e1 Deus (Is 44:6). <\/p>\n\n\n\n<h2 class=\"wp-block-heading\">Isa\u00edas 51:12 <\/h2>\n\n\n\n<p>Eu, eu mesmo, sou quem a consola. Quem \u00e9 voc\u00ea para que tema homens mortais, os filhos de homens, que n\u00e3o passam de relva (Is 51:12).<\/p>\n\n\n\n<h2 class=\"wp-block-heading\">Jeremias 1:8 <\/h2>\n\n\n\n<p>N\u00e3o tenha medo deles, pois eu estou com voc\u00ea para proteg\u00ea-lo\u201d, diz o Senhor (Jr 1:8). <\/p>\n\n\n\n<h2 class=\"wp-block-heading\">Mateus 11:28 <\/h2>\n\n\n\n<p>Venham a mim, todos os que est\u00e3o cansados e sobrecarregados, e eu lhes darei descanso (Mt 11:28).<\/p>\n\n\n\n<h2 class=\"wp-block-heading\">Jo\u00e3o 14:27 <\/h2>\n\n\n\n<p>Deixo-lhes a paz; a minha paz lhes dou. N\u00e3o a dou como o mundo a d\u00e1. N\u00e3o se perturbe o seu cora\u00e7\u00e3o, nem tenham medo (Jo\u00e3o 14:27).<\/p>\n\n\n\n<h2 class=\"wp-block-heading\">Jo\u00e3o 15:19 <\/h2>\n\n\n\n<p>Se voc\u00eas pertencessem ao mundo, ele os amaria como se fossem dele. Todavia, voc\u00eas n\u00e3o s\u00e3o do mundo, mas eu os escolhi, tirando-os do mundo; por isso o mundo os odeia (Jo\u00e3o 15:19).<\/p>\n\n\n\n<h2 class=\"wp-block-heading\">Jo\u00e3o 16:33 <\/h2>\n\n\n\n<p>Eu lhes disse essas coisas para que em mim voc\u00eas tenham paz. Neste mundo voc\u00eas ter\u00e3o afli\u00e7\u00f5es; contudo, tenham \u00e2nimo! Eu venci o mundo (Jo\u00e3o 16:33).<\/p>\n\n\n\n<h2 class=\"wp-block-heading\">Romanos 8:31 <\/h2>\n\n\n\n<p>Que diremos, pois, diante dessas coisas? Se Deus \u00e9 por n\u00f3s, quem ser\u00e1 contra n\u00f3s? (Ro 8:31).<\/p>\n\n\n\n<h2 class=\"wp-block-heading\">Romanos 8:37 <\/h2>\n\n\n\n<p>Mas, em todas estas coisas somos mais que vencedores, por meio daquele que nos amou (Ro 8:37).<\/p>\n\n\n\n<h2 class=\"wp-block-heading\">1 Cor\u00edntios 16:13 <\/h2>\n\n\n\n<p>Estejam vigilantes, mantenham-se firmes na f\u00e9, sejam homens de coragem, sejam fortes (1 Co 16:13).<\/p>\n\n\n\n<h2 class=\"wp-block-heading\">Filipenses 4:13 <\/h2>\n\n\n\n<p>Tudo posso naquele que me fortalece (Filip 4:13).<\/p>\n\n\n\n<h2 class=\"wp-block-heading\">2 Tim\u00f3teo 1:7 <\/h2>\n\n\n\n<p>Pois Deus n\u00e3o nos deu esp\u00edrito de covardia, mas de poder, de amor e de equil\u00edbrio (2 Tim 1:7).<\/p>\n\n\n\n<h2 class=\"wp-block-heading\">1 Pedro 5:7 <\/h2>\n\n\n\n<p>Lancem sobre ele toda a sua ansiedade, porque ele tem cuidado de voc\u00eas (1 Pe 5:7).<\/p>\n\n\n\n<h2 class=\"wp-block-heading\">1 Jo\u00e3o 4:4 <\/h2>\n\n\n\n<p>Filhinhos, voc\u00eas s\u00e3o de Deus e os venceram, porque aquele que est\u00e1 em voc\u00eas \u00e9 maior do que aquele que est\u00e1 no mundo (1 Jo\u00e3o 4:4).<\/p>\n\n\n\n<h2 class=\"wp-block-heading\">1 Jo\u00e3o 5:4 <\/h2>\n\n\n\n<p>O que \u00e9 nascido de Deus vence o mundo; e esta \u00e9 a vit\u00f3ria que vence o mundo: a nossa f\u00e9 (1 Jo\u00e3o 5:4).<\/p>\n\n\n\n<h2 class=\"wp-block-heading\">Apocalipse 7:16-17 <\/h2>\n\n\n\n<p>Nunca mais ter\u00e3o fome, nunca mais ter\u00e3o sede. N\u00e3o os afligir\u00e1 o sol, nem qualquer calor abrasador, pois o Cordeiro que est\u00e1 no centro do trono ser\u00e1 o seu Pastor; ele os guiar\u00e1 \u00e0s fontes de \u00e1gua viva. E Deus enxugar\u00e1 dos seus olhos toda l\u00e1grima (Ap 7:16-17).<\/p>\n\n\n\n<h2 class=\"wp-block-heading\">Lee Tambi\u00e9n:<\/h2>\n\n\n\n<ul class=\"wp-block-list\"><li><a href=\"https:\/\/thebibleverses.org\/pt\/\">Vers\u00edculos por T\u00f3picos<\/a><\/li><li><a href=\"https:\/\/thebibleverses.org\/pt\/amor\/\">Vers\u00edculos da B\u00edblia sobre o Amor<\/a><\/li><li><a href=\"https:\/\/thebibleverses.org\/pt\/forca\/\">Vers\u00edculos da B\u00edblia sobre For\u00e7a<\/a><\/li><li><a href=\"https:\/\/thebibleverses.org\/pt\/fe\/\">Vers\u00edculos B\u00edblicos sobre F\u00e9<\/a><\/li><li><a href=\"https:\/\/thebibleverses.org\/pt\/jovens\/\">Vers\u00edculos da B\u00edblia para Jovens<\/a><\/li><li><a href=\"https:\/\/thebibleverses.org\/pt\/amizade\/\">Vers\u00edculos da B\u00edblia sobre Amizade<\/a><\/li><li><a href=\"https:\/\/thebibleverses.org\/pt\/cura\/\">Vers\u00edculos da B\u00edblia sobre Cura<\/a><\/li><\/ul>\n","protected":false},"excerpt":{"rendered":"<p>G\u00eanesis 28:15 Estou com voc\u00ea e cuidarei de voc\u00ea, aonde quer que v\u00e1; e eu o trarei de volta a esta terra. N\u00e3o o deixarei enquanto n\u00e3o fizer o que lhe prometi (G\u00eanesis 28:15). Josu\u00e9 1:9 N\u00e3o fui eu que lhe ordenei? Seja forte e corajoso! N\u00e3o se apavore, nem desanime, pois o Senhor, o [&hellip;]<\/p>\n","protected":false},"author":1,"featured_media":1532,"parent":0,"menu_order":0,"comment_status":"open","ping_status":"closed","template":"","meta":{"footnotes":""},"class_list":["post-72","page","type-page","status-publish","has-post-thumbnail","hentry","entry","fw-tab-6 fw-tabr-4"],"_links":{"self":[{"href":"https:\/\/thebibleverses.org\/pt\/wp-json\/wp\/v2\/pages\/72","targetHints":{"allow":["GET"]}}],"collection":[{"href":"https:\/\/thebibleverses.org\/pt\/wp-json\/wp\/v2\/pages"}],"about":[{"href":"https:\/\/thebibleverses.org\/pt\/wp-json\/wp\/v2\/types\/page"}],"author":[{"embeddable":true,"href":"https:\/\/thebibleverses.org\/pt\/wp-json\/wp\/v2\/users\/1"}],"replies":[{"embeddable":true,"href":"https:\/\/thebibleverses.org\/pt\/wp-json\/wp\/v2\/comments?post=72"}],"version-history":[{"count":0,"href":"https:\/\/thebibleverses.org\/pt\/wp-json\/wp\/v2\/pages\/72\/revisions"}],"wp:featuredmedia":[{"embeddable":true,"href":"https:\/\/thebibleverses.org\/pt\/wp-json\/wp\/v2\/media\/1532"}],"wp:attachment":[{"href":"https:\/\/thebibleverses.org\/pt\/wp-json\/wp\/v2\/media?parent=72"}],"curies":[{"name":"wp","href":"https:\/\/api.w.org\/{rel}","templated":true}]}}