{"id":67,"date":"2019-10-03T19:37:58","date_gmt":"2019-10-03T19:37:58","guid":{"rendered":"https:\/\/thebibleverses.org\/pt\/?page_id=67"},"modified":"2022-06-25T17:19:02","modified_gmt":"2022-06-25T17:19:02","slug":"amizade","status":"publish","type":"page","link":"https:\/\/thebibleverses.org\/pt\/amizade\/","title":{"rendered":"27 Vers\u00edculos da B\u00edblia sobre Amizade"},"content":{"rendered":"<div class=\"wp-block-image\">\n<figure class=\"aligncenter size-large\"><img decoding=\"async\" width=\"1024\" height=\"631\" data-src=\"https:\/\/thebibleverses.org\/pt\/wp-content\/uploads\/2022\/06\/Versiculos-da-Biblia-sobre-Amizade-1024x631.webp\" alt=\"Vers\u00edculos da B\u00edblia sobre Amizade\" class=\"wp-image-1496 lazyload\" data-srcset=\"https:\/\/thebibleverses.org\/pt\/wp-content\/uploads\/2022\/06\/Versiculos-da-Biblia-sobre-Amizade-1024x631.webp 1024w, https:\/\/thebibleverses.org\/pt\/wp-content\/uploads\/2022\/06\/Versiculos-da-Biblia-sobre-Amizade-300x185.webp 300w, https:\/\/thebibleverses.org\/pt\/wp-content\/uploads\/2022\/06\/Versiculos-da-Biblia-sobre-Amizade-768x474.webp 768w, https:\/\/thebibleverses.org\/pt\/wp-content\/uploads\/2022\/06\/Versiculos-da-Biblia-sobre-Amizade-320x197.webp 320w, https:\/\/thebibleverses.org\/pt\/wp-content\/uploads\/2022\/06\/Versiculos-da-Biblia-sobre-Amizade-450x278.webp 450w, https:\/\/thebibleverses.org\/pt\/wp-content\/uploads\/2022\/06\/Versiculos-da-Biblia-sobre-Amizade-720x444.webp 720w, https:\/\/thebibleverses.org\/pt\/wp-content\/uploads\/2022\/06\/Versiculos-da-Biblia-sobre-Amizade.webp 1200w\" data-sizes=\"(max-width: 1024px) 100vw, 1024px\" src=\"data:image\/svg+xml;base64,PHN2ZyB3aWR0aD0iMSIgaGVpZ2h0PSIxIiB4bWxucz0iaHR0cDovL3d3dy53My5vcmcvMjAwMC9zdmciPjwvc3ZnPg==\" style=\"--smush-placeholder-width: 1024px; --smush-placeholder-aspect-ratio: 1024\/631;\" \/><figcaption>Vers\u00edculos da B\u00edblia sobre Amizade &#8211; Nova Vers\u00e3o Internacional (NVI-PT).<\/figcaption><\/figure><\/div>\n\n\n<h2 class=\"wp-block-heading\">Prov\u00e9rbios 17:17 <\/h2>\n\n\n\n<p>O amigo ama em todos os momentos; \u00e9 um irm\u00e3o na adversidade (Pr 17:17).<\/p>\n\n\n\n<h2 class=\"wp-block-heading\">Jo\u00e3o 15:13 <\/h2>\n\n\n\n<p>Ningu\u00e9m tem maior amor do que aquele que d\u00e1 a sua vida pelos seus amigos (Jo\u00e3o 15:13).<\/p>\n\n\n\n<h2 class=\"wp-block-heading\">Jo\u00e3o 15:15 <\/h2>\n\n\n\n<p>J\u00e1 n\u00e3o os chamo servos, porque o servo n\u00e3o sabe o que o seu senhor faz. Em vez disso, eu os tenho chamado amigos, porque tudo o que ouvi de meu Pai eu lhes tornei conhecido (Jo\u00e3o 15:15).<\/p>\n\n\n\n<h2 class=\"wp-block-heading\">Prov\u00e9rbios 13:20 <\/h2>\n\n\n\n<p>Aquele que anda com os s\u00e1bios ser\u00e1 cada vez mais s\u00e1bio, mas o companheiro dos tolos acabar\u00e1 mal (Pr 13:20).<\/p>\n\n\n\n<h2 class=\"wp-block-heading\">Prov\u00e9rbios 16:28 <\/h2>\n\n\n\n<p>O homem perverso provoca dissens\u00e3o, e o que espalha boatos afasta bons amigos (Pr 16:28).<\/p>\n\n\n\n<h2 class=\"wp-block-heading\">1 Samuel 18:1 <\/h2>\n\n\n\n<p>Depois dessa conversa de Davi com Saul, surgiu t\u00e3o grande amizade entre J\u00f4natas e Davi que J\u00f4natas tornou-se o seu melhor amigo (1 Sa 18:1).<\/p>\n\n\n\n<h2 class=\"wp-block-heading\">J\u00f3 6:14 <\/h2>\n\n\n\n<p>Um homem desesperado deve receber a compaix\u00e3o de seus amigos, muito embora ele tenha abandonado o temor do Todo-poderoso (J\u00f3 6:14).<\/p>\n\n\n\n<h2 class=\"wp-block-heading\">J\u00f3 17:5 <\/h2>\n\n\n\n<p>Se algu\u00e9m denunciar os seus amigos por recompensa, os olhos dos filhos dele fraquejar\u00e3o (J\u00f3 17:5).<\/p>\n\n\n\n<h2 class=\"wp-block-heading\">J\u00f3 42:10<\/h2>\n\n\n\n<p>Depois que J\u00f3 orou por seus amigos, o Senhor o tornou novamente pr\u00f3spero e lhe deu em dobro tudo o que tinha antes (J\u00f3 42:10).<\/p>\n\n\n\n<h2 class=\"wp-block-heading\">Salmos 133:1 <\/h2>\n\n\n\n<p>Como \u00e9 bom e agrad\u00e1vel quando os irm\u00e3os convivem em uni\u00e3o! (Sal 133:1).<\/p>\n\n\n\n<h2 class=\"wp-block-heading\">Prov\u00e9rbios 12:26 <\/h2>\n\n\n\n<p>O homem honesto \u00e9 cauteloso em suas amizades, mas o caminho dos \u00edmpios os leva a perder-se (Pr 12:26).<\/p>\n\n\n\n<h2 class=\"wp-block-heading\">Prov\u00e9rbios 18:24 <\/h2>\n\n\n\n<p>Quem tem muitos amigos pode chegar \u00e0 ru\u00edna, mas existe amigo mais apegado que um irm\u00e3o (Pr 18:24).<\/p>\n\n\n\n<h2 class=\"wp-block-heading\">Prov\u00e9rbios 19:4 <\/h2>\n\n\n\n<p>A riqueza traz muitos amigos, mas at\u00e9 o amigo do pobre o abandona (Pr 19:4).<\/p>\n\n\n\n<h2 class=\"wp-block-heading\">Prov\u00e9rbios 19:6 <\/h2>\n\n\n\n<p>Muitos adulam o governante, e todos s\u00e3o amigos de quem d\u00e1 presentes (Pr 19:6).<\/p>\n\n\n\n<h2 class=\"wp-block-heading\">Prov\u00e9rbios 27:6 <\/h2>\n\n\n\n<p>Quem fere por amor mostra lealdade, mas o inimigo multiplica beijos (Pr 27:6).<\/p>\n\n\n\n<h2 class=\"wp-block-heading\">2 Cr\u00f4nicas 20:7 <\/h2>\n\n\n\n<p>N\u00e3o \u00e9s tu o nosso Deus, que expulsaste os habitantes desta terra perante Israel, o teu povo, e a deste para sempre aos descendentes do teu amigo Abra\u00e3o? (2 Cr\u00f4 20:7).<\/p>\n\n\n\n<h2 class=\"wp-block-heading\">Prov\u00e9rbios 22:11 <\/h2>\n\n\n\n<p>Quem ama a sinceridade de cora\u00e7\u00e3o e se expressa com eleg\u00e2ncia ser\u00e1 amigo do rei (Pr 22:11).<\/p>\n\n\n\n<h2 class=\"wp-block-heading\">Prov\u00e9rbios 27:9 <\/h2>\n\n\n\n<p>Perfume e incenso trazem alegria ao cora\u00e7\u00e3o; do conselho sincero do homem nasce uma bela amizade (Pr 27:9).<\/p>\n\n\n\n<h2 class=\"wp-block-heading\">Eclesiastes 4:10 <\/h2>\n\n\n\n<p>Se um cair, o amigo pode ajud\u00e1-lo a levantar-se. Mas pobre do homem que cai e n\u00e3o tem quem o ajude a levantar-se! (Ecl 4:10).<\/p>\n\n\n\n<h2 class=\"wp-block-heading\">Isa\u00edas 41:8 <\/h2>\n\n\n\n<p>Voc\u00ea, por\u00e9m, \u00f3 Israel, meu servo, Jac\u00f3, a quem escolhi, voc\u00eas, descendentes de Abra\u00e3o, meu amigo (Is 41:8).<\/p>\n\n\n\n<h2 class=\"wp-block-heading\">Lucas 6:31 <\/h2>\n\n\n\n<p>Como voc\u00eas querem que os outros lhes fa\u00e7am, fa\u00e7am tamb\u00e9m voc\u00eas a eles (Lc 6:31).<\/p>\n\n\n\n<h2 class=\"wp-block-heading\">Tiago 2:23 <\/h2>\n\n\n\n<p>Cumpriu-se assim a Escritura que diz: \u201cAbra\u00e3o creu em Deus, e isso lhe foi creditado como justi\u00e7a\u201d, e ele foi chamado amigo de Deus (Tiago 2:23). <\/p>\n\n\n\n<h2 class=\"wp-block-heading\">Jo\u00e3o 15:14 <\/h2>\n\n\n\n<p>Voc\u00eas ser\u00e3o meus amigos, se fizerem o que eu lhes ordeno (Jo\u00e3o 15:14).<\/p>\n\n\n\n<h2 class=\"wp-block-heading\">1 Cor\u00edntios 15:33 <\/h2>\n\n\n\n<p>N\u00e3o se deixem enganar: \u201cAs m\u00e1s companhias corrompem os bons costumes\u201d (1 Co 15:33).<\/p>\n\n\n\n<h2 class=\"wp-block-heading\">\u00caxodo 33:11 <\/h2>\n\n\n\n<p>O Senhor falava com Mois\u00e9s face a face, como quem fala com seu amigo. Depois Mois\u00e9s voltava ao acampamento; mas Josu\u00e9, filho de Num, que lhe servia como auxiliar, n\u00e3o se afastava da tenda (\u00cax 33:11).<\/p>\n\n\n\n<h2 class=\"wp-block-heading\">Tiago 4:4 <\/h2>\n\n\n\n<p>Ad\u00falteros, voc\u00eas n\u00e3o sabem que a amizade com o mundo \u00e9 inimizade com Deus? Quem quer ser amigo do mundo faz-se inimigo de Deus (Tiago 4:4).<\/p>\n\n\n\n<h2 class=\"wp-block-heading\">Zacarias 13:6 <\/h2>\n\n\n\n<p>Se algu\u00e9m lhe perguntar: \u2018Que feridas s\u00e3o estas no seu corpo?\u2019, ele responder\u00e1: \u2018Fui ferido na casa de meus amigos\u2019 (Zc 13:6).<\/p>\n\n\n\n<h2 class=\"wp-block-heading\">Lee Tambi\u00e9n:<\/h2>\n\n\n\n<ul class=\"wp-block-list\"><li><a href=\"https:\/\/thebibleverses.org\/pt\/\">Vers\u00edculos por T\u00f3picos<\/a><\/li><li><a href=\"https:\/\/thebibleverses.org\/pt\/amor\/\">Vers\u00edculos da B\u00edblia sobre o Amor<\/a><\/li><li><a href=\"https:\/\/thebibleverses.org\/pt\/forca\/\">Vers\u00edculos da B\u00edblia sobre For\u00e7a<\/a><\/li><li><a href=\"https:\/\/thebibleverses.org\/pt\/fe\/\">Vers\u00edculos B\u00edblicos sobre F\u00e9<\/a><\/li><li><a href=\"https:\/\/thebibleverses.org\/pt\/jovens\/\">Vers\u00edculos da B\u00edblia para Jovens<\/a><\/li><li><a href=\"https:\/\/thebibleverses.org\/pt\/amizade\/\">Vers\u00edculos da B\u00edblia sobre Amizade<\/a><\/li><li><a href=\"https:\/\/thebibleverses.org\/pt\/cura\/\">Vers\u00edculos da B\u00edblia sobre Cura<\/a><\/li><\/ul>\n","protected":false},"excerpt":{"rendered":"<p>Prov\u00e9rbios 17:17 O amigo ama em todos os momentos; \u00e9 um irm\u00e3o na adversidade (Pr 17:17). Jo\u00e3o 15:13 Ningu\u00e9m tem maior amor do que aquele que d\u00e1 a sua vida pelos seus amigos (Jo\u00e3o 15:13). Jo\u00e3o 15:15 J\u00e1 n\u00e3o os chamo servos, porque o servo n\u00e3o sabe o que o seu senhor faz. Em vez [&hellip;]<\/p>\n","protected":false},"author":1,"featured_media":1496,"parent":0,"menu_order":0,"comment_status":"open","ping_status":"closed","template":"","meta":{"footnotes":""},"class_list":["post-67","page","type-page","status-publish","has-post-thumbnail","hentry","entry","fw-tab-6 fw-tabr-4"],"_links":{"self":[{"href":"https:\/\/thebibleverses.org\/pt\/wp-json\/wp\/v2\/pages\/67","targetHints":{"allow":["GET"]}}],"collection":[{"href":"https:\/\/thebibleverses.org\/pt\/wp-json\/wp\/v2\/pages"}],"about":[{"href":"https:\/\/thebibleverses.org\/pt\/wp-json\/wp\/v2\/types\/page"}],"author":[{"embeddable":true,"href":"https:\/\/thebibleverses.org\/pt\/wp-json\/wp\/v2\/users\/1"}],"replies":[{"embeddable":true,"href":"https:\/\/thebibleverses.org\/pt\/wp-json\/wp\/v2\/comments?post=67"}],"version-history":[{"count":0,"href":"https:\/\/thebibleverses.org\/pt\/wp-json\/wp\/v2\/pages\/67\/revisions"}],"wp:featuredmedia":[{"embeddable":true,"href":"https:\/\/thebibleverses.org\/pt\/wp-json\/wp\/v2\/media\/1496"}],"wp:attachment":[{"href":"https:\/\/thebibleverses.org\/pt\/wp-json\/wp\/v2\/media?parent=67"}],"curies":[{"name":"wp","href":"https:\/\/api.w.org\/{rel}","templated":true}]}}