{"id":58,"date":"2019-10-03T19:37:24","date_gmt":"2019-10-03T19:37:24","guid":{"rendered":"https:\/\/thebibleverses.org\/pt\/?page_id=58"},"modified":"2022-06-25T17:11:27","modified_gmt":"2022-06-25T17:11:27","slug":"alegria","status":"publish","type":"page","link":"https:\/\/thebibleverses.org\/pt\/alegria\/","title":{"rendered":"30 Vers\u00edculos da B\u00edblia sobre Alegria e Felicidade"},"content":{"rendered":"<div class=\"wp-block-image\">\n<figure class=\"aligncenter size-large\"><img decoding=\"async\" width=\"1024\" height=\"631\" data-src=\"https:\/\/thebibleverses.org\/pt\/wp-content\/uploads\/2022\/06\/Versiculos-da-Biblia-sobre-Alegria-1024x631.webp\" alt=\"Vers\u00edculos da B\u00edblia sobre Alegria\" class=\"wp-image-1494 lazyload\" data-srcset=\"https:\/\/thebibleverses.org\/pt\/wp-content\/uploads\/2022\/06\/Versiculos-da-Biblia-sobre-Alegria-1024x631.webp 1024w, https:\/\/thebibleverses.org\/pt\/wp-content\/uploads\/2022\/06\/Versiculos-da-Biblia-sobre-Alegria-300x185.webp 300w, https:\/\/thebibleverses.org\/pt\/wp-content\/uploads\/2022\/06\/Versiculos-da-Biblia-sobre-Alegria-768x474.webp 768w, https:\/\/thebibleverses.org\/pt\/wp-content\/uploads\/2022\/06\/Versiculos-da-Biblia-sobre-Alegria-320x197.webp 320w, https:\/\/thebibleverses.org\/pt\/wp-content\/uploads\/2022\/06\/Versiculos-da-Biblia-sobre-Alegria-450x278.webp 450w, https:\/\/thebibleverses.org\/pt\/wp-content\/uploads\/2022\/06\/Versiculos-da-Biblia-sobre-Alegria-720x444.webp 720w, https:\/\/thebibleverses.org\/pt\/wp-content\/uploads\/2022\/06\/Versiculos-da-Biblia-sobre-Alegria.webp 1200w\" data-sizes=\"(max-width: 1024px) 100vw, 1024px\" src=\"data:image\/svg+xml;base64,PHN2ZyB3aWR0aD0iMSIgaGVpZ2h0PSIxIiB4bWxucz0iaHR0cDovL3d3dy53My5vcmcvMjAwMC9zdmciPjwvc3ZnPg==\" style=\"--smush-placeholder-width: 1024px; --smush-placeholder-aspect-ratio: 1024\/631;\" \/><figcaption>Vers\u00edculos da B\u00edblia sobre Alegria e Felicidade &#8211; Nova Vers\u00e3o Internacional (NVI-PT).<\/figcaption><\/figure><\/div>\n\n\n<h2 class=\"wp-block-heading\">Salmos 4:7 <\/h2>\n\n\n\n<p>Encheste o meu cora\u00e7\u00e3o de alegria, alegria maior do que a daqueles que t\u00eam fartura de trigo e de vinho (Sal 4:7).<\/p>\n\n\n\n<h2 class=\"wp-block-heading\">Salmos 5:11 <\/h2>\n\n\n\n<p>Alegrem-se, por\u00e9m, todos os que se refugiam em ti; cantem sempre de alegria! Estende sobre eles a tua prote\u00e7\u00e3o. Em ti exultem os que amam o teu nome (Sal 5:11).<\/p>\n\n\n\n<h2 class=\"wp-block-heading\">Salmos 9:2 <\/h2>\n\n\n\n<p>Em ti quero alegrar-me e exultar, e cantar louvores ao teu nome, \u00f3 Alt\u00edssimo (Sal 9:2).<\/p>\n\n\n\n<h2 class=\"wp-block-heading\">Salmos 13:5 <\/h2>\n\n\n\n<p>Eu, por\u00e9m, confio em teu amor; o meu cora\u00e7\u00e3o exulta em tua salva\u00e7\u00e3o (Sal 13:5).<\/p>\n\n\n\n<h2 class=\"wp-block-heading\">Salmos 16:11 <\/h2>\n\n\n\n<p>Tu me far\u00e1s conhecer a vereda da vida, a alegria plena da tua presen\u00e7a, eterno prazer \u00e0 tua direita (Sal 16:11).<\/p>\n\n\n\n<h2 class=\"wp-block-heading\">Salmos 19:8 <\/h2>\n\n\n\n<p>Os preceitos do Senhor s\u00e3o justos, e d\u00e3o alegria ao cora\u00e7\u00e3o. Os mandamentos do Senhor s\u00e3o l\u00edmpidos, e trazem luz aos olhos (Sal 19:8).<\/p>\n\n\n\n<h2 class=\"wp-block-heading\">Salmos 30:11 <\/h2>\n\n\n\n<p>Mudaste o meu pranto em dan\u00e7a, a minha veste de lamento em veste de alegria (Sal 30:11).<\/p>\n\n\n\n<h2 class=\"wp-block-heading\">Salmos 94:19 <\/h2>\n\n\n\n<p>Quando a ansiedade j\u00e1 me dominava no \u00edntimo, o teu consolo trouxe al\u00edvio \u00e0 minha alma (Sal 94:19).<\/p>\n\n\n\n<h2 class=\"wp-block-heading\">Salmos 119:111 <\/h2>\n\n\n\n<p>Os teus testemunhos s\u00e3o a minha heran\u00e7a permanente; s\u00e3o a alegria do meu cora\u00e7\u00e3o (Sal 119:111).<\/p>\n\n\n\n<h2 class=\"wp-block-heading\">Prov\u00e9rbios 12:25 <\/h2>\n\n\n\n<p>O cora\u00e7\u00e3o ansioso deprime o homem, mas uma palavra bondosa o anima (Pr 12:25).<\/p>\n\n\n\n<h2 class=\"wp-block-heading\">Prov\u00e9rbios 15:13 <\/h2>\n\n\n\n<p>A alegria do cora\u00e7\u00e3o transparece no rosto, mas o cora\u00e7\u00e3o angustiado oprime o esp\u00edrito (Pr 15:13).<\/p>\n\n\n\n<h2 class=\"wp-block-heading\">Prov\u00e9rbios 15:15 <\/h2>\n\n\n\n<p>Todos os dias do oprimido s\u00e3o infelizes, mas o cora\u00e7\u00e3o bem disposto est\u00e1 sempre em festa (Pr 15:15).<\/p>\n\n\n\n<h2 class=\"wp-block-heading\">Prov\u00e9rbios 17:22 <\/h2>\n\n\n\n<p>O cora\u00e7\u00e3o bem disposto \u00e9 rem\u00e9dio eficiente, mas o esp\u00edrito oprimido resseca os ossos (Pr 17:22).<\/p>\n\n\n\n<h2 class=\"wp-block-heading\">Isa\u00edas 61:10 <\/h2>\n\n\n\n<p>\u00c9 grande o meu prazer no Senhor! Regozija-se a minha alma em meu Deus! Pois ele me vestiu com as vestes da salva\u00e7\u00e3o e sobre mim p\u00f4s o manto da justi\u00e7a, qual noivo que adorna a cabe\u00e7a como um sacerdote, qual noiva que se enfeita com j\u00f3ias (Is 61:10).<\/p>\n\n\n\n<h2 class=\"wp-block-heading\">Jeremias 15:16 <\/h2>\n\n\n\n<p>Quando as tuas palavras foram encontradas, eu as comi; elas s\u00e3o a minha alegria e o meu j\u00fabilo, pois perten\u00e7o a ti, Senhor Deus dos Ex\u00e9rcitos (Jr 15:16).<\/p>\n\n\n\n<h2 class=\"wp-block-heading\">Habacuque 3:17-18 <\/h2>\n\n\n\n<p>Mesmo n\u00e3o florescendo a figueira, e n\u00e3o havendo uvas nas videiras, mesmo falhando a safra de azeitonas, n\u00e3o havendo produ\u00e7\u00e3o de alimento nas lavouras, nem ovelhas no curral nem bois nos est\u00e1bulos, ainda assim eu exultarei no Senhor e me alegrarei no Deus da minha salva\u00e7\u00e3o (Hab 3:17-18).<\/p>\n\n\n\n<h2 class=\"wp-block-heading\">Sofonias 3:14-15 <\/h2>\n\n\n\n<p>Cante, \u00f3 cidade de Si\u00e3o; exulte, \u00f3 Israel! Alegre-se, regozije-se de todo o cora\u00e7\u00e3o, \u00f3 cidade de Jerusal\u00e9m! O Senhor anulou a senten\u00e7a contra voc\u00ea, ele fez retroceder os seus inimigos. O Senhor, o Rei de Israel, est\u00e1 em seu meio; nunca mais voc\u00ea temer\u00e1 perigo algum (Sof 3:14-15).<\/p>\n\n\n\n<h2 class=\"wp-block-heading\">Lucas 10:20 <\/h2>\n\n\n\n<p>Contudo, alegrem-se, n\u00e3o porque os esp\u00edritos se submetem a voc\u00eas, mas porque seus nomes est\u00e3o escritos nos c\u00e9us (Lc 10:20).<\/p>\n\n\n\n<h2 class=\"wp-block-heading\">Lucas 15:10 <\/h2>\n\n\n\n<p>Eu lhes digo que, da mesma forma, h\u00e1 alegria na presen\u00e7a dos anjos de Deus por um pecador que se arrepende (Lc 15:10).<\/p>\n\n\n\n<h2 class=\"wp-block-heading\">Jo\u00e3o 16:24 <\/h2>\n\n\n\n<p>At\u00e9 agora voc\u00eas n\u00e3o pediram nada em meu nome. Pe\u00e7am e receber\u00e3o, para que a alegria de voc\u00eas seja completa (Jo\u00e3o 16:24).<\/p>\n\n\n\n<h2 class=\"wp-block-heading\">Atos 2:46 <\/h2>\n\n\n\n<p>Todos os dias, continuavam a reunir-se no p\u00e1tio do templo. Partiam o p\u00e3o em suas casas, e juntos participavam das refei\u00e7\u00f5es, com alegria e sinceridade de cora\u00e7\u00e3o (Atos 2:46).<\/p>\n\n\n\n<h2 class=\"wp-block-heading\">Romanos 5:3-4 <\/h2>\n\n\n\n<p>N\u00e3o s\u00f3 isso, mas tamb\u00e9m nos gloriamos nas tribula\u00e7\u00f5es, porque sabemos que a tribula\u00e7\u00e3o produz perseveran\u00e7a; a perseveran\u00e7a, um car\u00e1ter aprovado; e o car\u00e1ter aprovado, esperan\u00e7a (Ro 5:3-4).<\/p>\n\n\n\n<h2 class=\"wp-block-heading\">Romanos 12:15 <\/h2>\n\n\n\n<p>Alegrem-se com os que se alegram; chorem com os que choram (Ro 12:15).<\/p>\n\n\n\n<h2 class=\"wp-block-heading\">2 Cor\u00edntios 9:7 <\/h2>\n\n\n\n<p>Cada um d\u00ea conforme determinou em seu cora\u00e7\u00e3o, n\u00e3o com pesar ou por obriga\u00e7\u00e3o, pois Deus ama quem d\u00e1 com alegria (2 Co 9:7).<\/p>\n\n\n\n<h2 class=\"wp-block-heading\">G\u00e1latas 5:22-23 <\/h2>\n\n\n\n<p>Mas o fruto do Esp\u00edrito \u00e9 amor, alegria, paz, paci\u00eancia, amabilidade, bondade, fidelidade, mansid\u00e3o e dom\u00ednio pr\u00f3prio. Contra essas coisas n\u00e3o h\u00e1 lei (G\u00e1 5:22-23).<\/p>\n\n\n\n<h2 class=\"wp-block-heading\">Filipenses 4:4 <\/h2>\n\n\n\n<p>Alegrem-se sempre no Senhor. Novamente direi: Alegrem-se! (Filip 4:4).<\/p>\n\n\n\n<h2 class=\"wp-block-heading\">1 Tessalonicenses 5:16-18 <\/h2>\n\n\n\n<p>Alegrem-se sempre. Orem continuamente. D\u00eaem gra\u00e7as em todas as circunst\u00e2ncias, pois esta \u00e9 a vontade de Deus para voc\u00eas em Cristo Jesus (1 Tes 5:16-18).<\/p>\n\n\n\n<h2 class=\"wp-block-heading\">Tiago 5:13 <\/h2>\n\n\n\n<p>Entre voc\u00eas h\u00e1 algu\u00e9m que est\u00e1 sofrendo? Que ele ore. H\u00e1 algu\u00e9m que se sente feliz? Que ele cante louvores (Tiago 5:13).<\/p>\n\n\n\n<h2 class=\"wp-block-heading\">1 Pedro 4:12-13 <\/h2>\n\n\n\n<p>Amados, n\u00e3o se surpreendam com o fogo que surge entre voc\u00eas para os provar, como se algo estranho lhes estivesse acontecendo. Mas alegrem-se \u00e0 medida que participam dos sofrimentos de Cristo, para que tamb\u00e9m, quando a sua gl\u00f3ria for revelada, voc\u00eas exultem com grande alegria (1 Pe 4:12-13).<\/p>\n\n\n\n<h2 class=\"wp-block-heading\">3 Jo\u00e3o 4 <\/h2>\n\n\n\n<p>N\u00e3o tenho alegria maior do que ouvir que meus filhos est\u00e3o andando na verdade (3 Jo\u00e3o 4).<\/p>\n\n\n\n<h2 class=\"wp-block-heading\">Lee Tambi\u00e9n:<\/h2>\n\n\n\n<ul class=\"wp-block-list\"><li><a href=\"https:\/\/thebibleverses.org\/pt\/\">Vers\u00edculos por T\u00f3picos<\/a><\/li><li><a href=\"https:\/\/thebibleverses.org\/pt\/amor\/\">Vers\u00edculos da B\u00edblia sobre o Amor<\/a><\/li><li><a href=\"https:\/\/thebibleverses.org\/pt\/forca\/\">Vers\u00edculos da B\u00edblia sobre For\u00e7a<\/a><\/li><li><a href=\"https:\/\/thebibleverses.org\/pt\/fe\/\">Vers\u00edculos B\u00edblicos sobre F\u00e9<\/a><\/li><li><a href=\"https:\/\/thebibleverses.org\/pt\/jovens\/\">Vers\u00edculos da B\u00edblia para Jovens<\/a><\/li><li><a href=\"https:\/\/thebibleverses.org\/pt\/amizade\/\">Vers\u00edculos da B\u00edblia sobre Amizade<\/a><\/li><li><a href=\"https:\/\/thebibleverses.org\/pt\/cura\/\">Vers\u00edculos da B\u00edblia sobre Cura<\/a><\/li><\/ul>\n","protected":false},"excerpt":{"rendered":"<p>Salmos 4:7 Encheste o meu cora\u00e7\u00e3o de alegria, alegria maior do que a daqueles que t\u00eam fartura de trigo e de vinho (Sal 4:7). Salmos 5:11 Alegrem-se, por\u00e9m, todos os que se refugiam em ti; cantem sempre de alegria! Estende sobre eles a tua prote\u00e7\u00e3o. Em ti exultem os que amam o teu nome (Sal [&hellip;]<\/p>\n","protected":false},"author":1,"featured_media":1494,"parent":0,"menu_order":0,"comment_status":"open","ping_status":"closed","template":"","meta":{"footnotes":""},"class_list":["post-58","page","type-page","status-publish","has-post-thumbnail","hentry","entry","fw-tab-6 fw-tabr-4"],"_links":{"self":[{"href":"https:\/\/thebibleverses.org\/pt\/wp-json\/wp\/v2\/pages\/58","targetHints":{"allow":["GET"]}}],"collection":[{"href":"https:\/\/thebibleverses.org\/pt\/wp-json\/wp\/v2\/pages"}],"about":[{"href":"https:\/\/thebibleverses.org\/pt\/wp-json\/wp\/v2\/types\/page"}],"author":[{"embeddable":true,"href":"https:\/\/thebibleverses.org\/pt\/wp-json\/wp\/v2\/users\/1"}],"replies":[{"embeddable":true,"href":"https:\/\/thebibleverses.org\/pt\/wp-json\/wp\/v2\/comments?post=58"}],"version-history":[{"count":0,"href":"https:\/\/thebibleverses.org\/pt\/wp-json\/wp\/v2\/pages\/58\/revisions"}],"wp:featuredmedia":[{"embeddable":true,"href":"https:\/\/thebibleverses.org\/pt\/wp-json\/wp\/v2\/media\/1494"}],"wp:attachment":[{"href":"https:\/\/thebibleverses.org\/pt\/wp-json\/wp\/v2\/media?parent=58"}],"curies":[{"name":"wp","href":"https:\/\/api.w.org\/{rel}","templated":true}]}}