{"id":46,"date":"2019-10-02T19:39:14","date_gmt":"2019-10-02T19:39:14","guid":{"rendered":"https:\/\/thebibleverses.org\/pt\/?page_id=46"},"modified":"2022-06-25T21:30:00","modified_gmt":"2022-06-25T21:30:00","slug":"louvor","status":"publish","type":"page","link":"https:\/\/thebibleverses.org\/pt\/louvor\/","title":{"rendered":"40 Vers\u00edculos da B\u00edblia sobre Louvor"},"content":{"rendered":"<div class=\"wp-block-image\">\n<figure class=\"aligncenter size-large\"><img decoding=\"async\" width=\"1024\" height=\"631\" data-src=\"https:\/\/thebibleverses.org\/pt\/wp-content\/uploads\/2022\/06\/Versiculos-da-Biblia-sobre-Louvor-1024x631.webp\" alt=\"Vers\u00edculos da B\u00edblia sobre Louvor\" class=\"wp-image-1588 lazyload\" data-srcset=\"https:\/\/thebibleverses.org\/pt\/wp-content\/uploads\/2022\/06\/Versiculos-da-Biblia-sobre-Louvor-1024x631.webp 1024w, https:\/\/thebibleverses.org\/pt\/wp-content\/uploads\/2022\/06\/Versiculos-da-Biblia-sobre-Louvor-300x185.webp 300w, https:\/\/thebibleverses.org\/pt\/wp-content\/uploads\/2022\/06\/Versiculos-da-Biblia-sobre-Louvor-768x474.webp 768w, https:\/\/thebibleverses.org\/pt\/wp-content\/uploads\/2022\/06\/Versiculos-da-Biblia-sobre-Louvor-320x197.webp 320w, https:\/\/thebibleverses.org\/pt\/wp-content\/uploads\/2022\/06\/Versiculos-da-Biblia-sobre-Louvor-450x278.webp 450w, https:\/\/thebibleverses.org\/pt\/wp-content\/uploads\/2022\/06\/Versiculos-da-Biblia-sobre-Louvor-720x444.webp 720w, https:\/\/thebibleverses.org\/pt\/wp-content\/uploads\/2022\/06\/Versiculos-da-Biblia-sobre-Louvor.webp 1200w\" data-sizes=\"(max-width: 1024px) 100vw, 1024px\" src=\"data:image\/svg+xml;base64,PHN2ZyB3aWR0aD0iMSIgaGVpZ2h0PSIxIiB4bWxucz0iaHR0cDovL3d3dy53My5vcmcvMjAwMC9zdmciPjwvc3ZnPg==\" style=\"--smush-placeholder-width: 1024px; --smush-placeholder-aspect-ratio: 1024\/631;\" \/><figcaption>Vers\u00edculos da B\u00edblia sobre Louvor &#8211; Nova Vers\u00e3o Internacional (NVI-PT).<\/figcaption><\/figure><\/div>\n\n\n<h2 class=\"wp-block-heading\">G\u00eanesis 29:35 <\/h2>\n\n\n\n<p>Engravidou ainda outra vez e, quando deu \u00e0 luz mais outro filho, disse: \u201cDesta vez louvarei o Senhor\u201d. Assim deu-lhe o nome de Jud\u00e1. Ent\u00e3o parou de ter filhos (G\u00ea 29:35).<\/p>\n\n\n\n<h2 class=\"wp-block-heading\">\u00caxodo 15:2 <\/h2>\n\n\n\n<p>O Senhor \u00e9 a minha for\u00e7a e a minha can\u00e7\u00e3o; ele \u00e9 a minha salva\u00e7\u00e3o! Ele \u00e9 o meu Deus e eu o louvarei, \u00e9 o Deus de meu pai, e eu o exaltarei! (\u00cax 15:2).<\/p>\n\n\n\n<h2 class=\"wp-block-heading\">\u00caxodo 15:11 <\/h2>\n\n\n\n<p>Quem entre os deuses \u00e9 semelhante a ti, Senhor? Quem \u00e9 semelhante a ti? Majestoso em santidade, terr\u00edvel em feitos gloriosos, autor de maravilhas? (\u00cax 15:11).<\/p>\n\n\n\n<h2 class=\"wp-block-heading\">Deuteron\u00f4mio 3:24 <\/h2>\n\n\n\n<p>\u00d3 Soberano Senhor, tu come\u00e7aste a mostrar ao teu servo a tua grandeza e a tua m\u00e3o poderosa! Que Deus existe no c\u00e9u ou na terra que possa realizar as tuas obras e os teus feitos poderosos? (Dt 3:24).<\/p>\n\n\n\n<h2 class=\"wp-block-heading\">Deuteron\u00f4mio 6:5 <\/h2>\n\n\n\n<p>Ame o Senhor, o seu Deus, de todo o seu cora\u00e7\u00e3o, de toda a sua alma e de todas as suas for\u00e7as (Dt 6:5).<\/p>\n\n\n\n<h2 class=\"wp-block-heading\">1 Samuel 2:2 <\/h2>\n\n\n\n<p>N\u00e3o h\u00e1 ningu\u00e9m santo como o Senhor; n\u00e3o h\u00e1 outro al\u00e9m de ti; n\u00e3o h\u00e1 rocha alguma como o nosso Deus (1 Sa 2:2).<\/p>\n\n\n\n<h2 class=\"wp-block-heading\">2 Samuel 7:22 <\/h2>\n\n\n\n<p>Qu\u00e3o grande \u00e9s tu, \u00f3 Soberano Senhor! N\u00e3o h\u00e1 ningu\u00e9m como tu, nem h\u00e1 outro Deus al\u00e9m de ti, conforme tudo o que sabemos (2 Sa 7:22).<\/p>\n\n\n\n<h2 class=\"wp-block-heading\">1 Cr\u00f4nicas 16:34 <\/h2>\n\n\n\n<p>Rendam gra\u00e7as ao Senhor, pois ele \u00e9 bom; o seu amor dura para sempre (1 Cr\u00f4 16:34).<\/p>\n\n\n\n<h2 class=\"wp-block-heading\">1 Cr\u00f4nicas 29:11 <\/h2>\n\n\n\n<p>Teus, \u00f3 Senhor, s\u00e3o a grandeza, o poder, a gl\u00f3ria, a majestade e o esplendor, pois tudo o que h\u00e1 nos c\u00e9us e na terra \u00e9 teu. Teu, \u00f3 Senhor, \u00e9 o reino; tu est\u00e1s acima de tudo (1 Cr\u00f4 29:11).<\/p>\n\n\n\n<h2 class=\"wp-block-heading\">Salmos 9:11 <\/h2>\n\n\n\n<p>Cantem louvores ao Senhor, que reina em Si\u00e3o; proclamem entre as na\u00e7\u00f5es os seus feitos (Sal 9:11).<\/p>\n\n\n\n<h2 class=\"wp-block-heading\">Salmos 33:2 <\/h2>\n\n\n\n<p>Louvem o Senhor com harpa; ofere\u00e7am-lhe m\u00fasica com lira de dez cordas (Sal 33:2).<\/p>\n\n\n\n<h2 class=\"wp-block-heading\">Salmos 35:28 <\/h2>\n\n\n\n<p>Minha l\u00edngua proclamar\u00e1 a tua justi\u00e7a e o teu louvor o dia inteiro (Sal 35:28).<\/p>\n\n\n\n<h2 class=\"wp-block-heading\">Salmos 40:3 <\/h2>\n\n\n\n<p>P\u00f4s um novo c\u00e2ntico na minha boca, um hino de louvor ao nosso Deus. Muitos ver\u00e3o isso e temer\u00e3o, e confiar\u00e3o no Senhor (Sal 40:3). <\/p>\n\n\n\n<h2 class=\"wp-block-heading\">Salmos 47:7 <\/h2>\n\n\n\n<p>Pois Deus \u00e9 o rei de toda a terra; cantem louvores com harmonia e arte (Sal 47:7).<\/p>\n\n\n\n<h2 class=\"wp-block-heading\">Salmos 51:15 <\/h2>\n\n\n\n<p>\u00d3 Senhor, d\u00e1 palavras aos meus l\u00e1bios, e a minha boca anunciar\u00e1 o teu louvor (Sal 51:15).<\/p>\n\n\n\n<h2 class=\"wp-block-heading\">Salmos 67:3 <\/h2>\n\n\n\n<p>Louvem-te os povos, \u00f3 Deus; louvem-te todos os povos (Sal 67:3).<\/p>\n\n\n\n<h2 class=\"wp-block-heading\">Salmos 69:34 <\/h2>\n\n\n\n<p>Louvem-no os c\u00e9us e a terra, os mares e tudo o que neles se move (Sal 69:34).<\/p>\n\n\n\n<h2 class=\"wp-block-heading\">Salmos 113:1 <\/h2>\n\n\n\n<p>Louvem, \u00f3 servos do Senhor, louvem o nome do Senhor! (Sal 113:1).<\/p>\n\n\n\n<h2 class=\"wp-block-heading\">Salmos 117:1 <\/h2>\n\n\n\n<p>Louvem o Senhor, todas as na\u00e7\u00f5es; exaltem-no, todos os povos! (Sal 117:1).<\/p>\n\n\n\n<h2 class=\"wp-block-heading\">Salmos 148:2 <\/h2>\n\n\n\n<p>Louvem-no todos os seus anjos, louvem-no todos os seus ex\u00e9rcitos celestiais (Sal 148:2).<\/p>\n\n\n\n<h2 class=\"wp-block-heading\">Salmos 150:6 <\/h2>\n\n\n\n<p>Tudo o que tem vida louve o Senhor! Aleluia! (Sal 150:6).<\/p>\n\n\n\n<h2 class=\"wp-block-heading\">Isa\u00edas 12:5 <\/h2>\n\n\n\n<p>Cantem louvores ao Senhor, pois ele tem feito coisas gloriosas, sejam elas conhecidas em todo o mundo (Is 12:5).<\/p>\n\n\n\n<h2 class=\"wp-block-heading\">Isa\u00edas 25:1 <\/h2>\n\n\n\n<p>Senhor, tu \u00e9s o meu Deus; eu te exaltarei e louvarei o teu nome, pois com grande perfei\u00e7\u00e3o tens feito maravilhas, coisas h\u00e1 muito planejadas (Is 25:1).<\/p>\n\n\n\n<h2 class=\"wp-block-heading\">Isa\u00edas 42:8 <\/h2>\n\n\n\n<p>Eu sou o Senhor; este \u00e9 o meu nome! N\u00e3o darei a outro a minha gl\u00f3ria nem a imagens o meu louvor (Is 42:8). <\/p>\n\n\n\n<h2 class=\"wp-block-heading\">Isa\u00edas 42:12 <\/h2>\n\n\n\n<p>D\u00eaem gl\u00f3ria ao Senhor e nas ilhas proclamem seu louvor (Is 42:12).<\/p>\n\n\n\n<h2 class=\"wp-block-heading\">Isa\u00edas 43:21 <\/h2>\n\n\n\n<p>Ao povo que formei para mim mesmo a fim de que proclamasse o meu louvor (Is 43:21).<\/p>\n\n\n\n<h2 class=\"wp-block-heading\">Jeremias 20:13 <\/h2>\n\n\n\n<p>Cantem ao Senhor! Louvem o Senhor! Porque ele salva o pobre das m\u00e3os dos \u00edmpios (Jr 20:13).<\/p>\n\n\n\n<h2 class=\"wp-block-heading\">Daniel 2:23 <\/h2>\n\n\n\n<p>Eu te agrade\u00e7o e te louvo, \u00f3 Deus dos meus antepassados; tu me deste sabedoria e poder, e me revelaste o que te pedimos, revelaste-nos o sonho do rei (Da 2:23).<\/p>\n\n\n\n<h2 class=\"wp-block-heading\">Daniel 4:37 <\/h2>\n\n\n\n<p>Agora eu, Nabucodonosor, louvo, exalto e glorifico o Rei dos c\u00e9us, porque tudo o que ele faz \u00e9 certo, e todos os seus caminhos s\u00e3o justos. E ele tem poder para humilhar aqueles que vivem com arrog\u00e2ncia (Da 4:37).<\/p>\n\n\n\n<h2 class=\"wp-block-heading\">Habacuque 3:17-18 <\/h2>\n\n\n\n<p>Mesmo n\u00e3o florescendo a figueira, e n\u00e3o havendo uvas nas videiras, mesmo falhando a safra de azeitonas, n\u00e3o havendo produ\u00e7\u00e3o de alimento nas lavouras, nem ovelhas no curral nem bois nos est\u00e1bulos, ainda assim eu exultarei no Senhor e me alegrarei no Deus da minha salva\u00e7\u00e3o (Hab 3:17-18).<\/p>\n\n\n\n<h2 class=\"wp-block-heading\">Mateus 21:9 <\/h2>\n\n\n\n<p>A multid\u00e3o que ia adiante dele e os que o seguiam gritavam: \u201cHosana ao Filho de Davi!\u201d \u201cBendito \u00e9 o que vem em nome do Senhor!\u201d \u201cHosana nas alturas!\u201d (Mt 21:9).<\/p>\n\n\n\n<h2 class=\"wp-block-heading\">Lucas 2:13-14 <\/h2>\n\n\n\n<p>De repente, uma grande multid\u00e3o do ex\u00e9rcito celestial apareceu com o anjo, louvando a Deus e dizendo: \u201cGl\u00f3ria a Deus nas alturas, e paz na terra aos homens aos quais ele concede o seu favor\u201d (Lc 2:13-14).<\/p>\n\n\n\n<h2 class=\"wp-block-heading\">Lucas 2:20 <\/h2>\n\n\n\n<p>Os pastores voltaram glorificando e louvando a Deus por tudo o que tinham visto e ouvido, como lhes fora dito (Lc 2:20).<\/p>\n\n\n\n<h2 class=\"wp-block-heading\">Lucas 19:37 <\/h2>\n\n\n\n<p>Quando ele j\u00e1 estava perto da descida do monte das Oliveiras, toda a multid\u00e3o dos disc\u00edpulos come\u00e7ou a louvar a Deus alegremente e em alta voz, por todos os milagres que tinham visto (Lc 19:37).<\/p>\n\n\n\n<h2 class=\"wp-block-heading\">Atos 16:25-26 <\/h2>\n\n\n\n<p>Por volta da meia-noite, Paulo e Silas estavam orando e cantando hinos a Deus; os outros presos os ouviam. De repente, houve um terremoto t\u00e3o violento que os alicerces da pris\u00e3o foram abalados. Imediatamente todas as portas se abriram, e as correntes de todos se soltaram (Atos 16:25-26).<\/p>\n\n\n\n<h2 class=\"wp-block-heading\">Colossenses 3:16 <\/h2>\n\n\n\n<p>Habite ricamente em voc\u00eas a palavra de Cristo; ensinem e aconselhem-se uns aos outros com toda a sabedoria, e cantem salmos, hinos e c\u00e2nticos espirituais com gratid\u00e3o a Deus em seu cora\u00e7\u00e3o (Col 3:16).<\/p>\n\n\n\n<h2 class=\"wp-block-heading\">Hebreus 13:15 <\/h2>\n\n\n\n<p>Por meio de Jesus, portanto, ofere\u00e7amos continuamente a Deus um sacrif\u00edcio de louvor, que \u00e9 fruto de l\u00e1bios que confessam o seu nome (Heb 13:15).<\/p>\n\n\n\n<h2 class=\"wp-block-heading\">1 Pedro 2:9 <\/h2>\n\n\n\n<p>Voc\u00eas, por\u00e9m, s\u00e3o gera\u00e7\u00e3o eleita, sacerd\u00f3cio real, na\u00e7\u00e3o santa, povo exclusivo de Deus, para anunciar as grandezas daquele que os chamou das trevas para a sua maravilhosa luz (1 Pe 2:9).<\/p>\n\n\n\n<h2 class=\"wp-block-heading\">Apocalipse 5:11-12 <\/h2>\n\n\n\n<p>Ent\u00e3o olhei e ouvi a voz de muitos anjos, milhares de milhares e milh\u00f5es de milh\u00f5es. Eles rodeavam o trono, bem como os seres viventes e os anci\u00e3os, e cantavam em alta voz: \u201cDigno \u00e9 o Cordeiro que foi morto de receber poder, riqueza, sabedoria, for\u00e7a, honra, gl\u00f3ria e louvor!\u201d (Ap 5:11-12).<\/p>\n\n\n\n<h2 class=\"wp-block-heading\">Apocalipse 19:5 <\/h2>\n\n\n\n<p>Ent\u00e3o veio do trono uma voz, conclamando: \u201cLouvem o nosso Deus, todos voc\u00eas, seus servos, voc\u00eas que o temem, tanto pequenos como grandes!\u201d (Ap 19:5).<\/p>\n\n\n\n<h2 class=\"wp-block-heading\">Lee Tambi\u00e9n:<\/h2>\n\n\n\n<ul class=\"wp-block-list\"><li><a href=\"https:\/\/thebibleverses.org\/pt\/\">Vers\u00edculos por T\u00f3picos<\/a><\/li><li><a href=\"https:\/\/thebibleverses.org\/pt\/amor\/\">Vers\u00edculos da B\u00edblia sobre o Amor<\/a><\/li><li><a href=\"https:\/\/thebibleverses.org\/pt\/forca\/\">Vers\u00edculos da B\u00edblia sobre For\u00e7a<\/a><\/li><li><a href=\"https:\/\/thebibleverses.org\/pt\/fe\/\">Vers\u00edculos B\u00edblicos sobre F\u00e9<\/a><\/li><li><a href=\"https:\/\/thebibleverses.org\/pt\/jovens\/\">Vers\u00edculos da B\u00edblia para Jovens<\/a><\/li><li><a href=\"https:\/\/thebibleverses.org\/pt\/amizade\/\">Vers\u00edculos da B\u00edblia sobre Amizade<\/a><\/li><li><a href=\"https:\/\/thebibleverses.org\/pt\/cura\/\">Vers\u00edculos da B\u00edblia sobre Cura<\/a><\/li><\/ul>\n","protected":false},"excerpt":{"rendered":"<p>G\u00eanesis 29:35 Engravidou ainda outra vez e, quando deu \u00e0 luz mais outro filho, disse: \u201cDesta vez louvarei o Senhor\u201d. Assim deu-lhe o nome de Jud\u00e1. Ent\u00e3o parou de ter filhos (G\u00ea 29:35). \u00caxodo 15:2 O Senhor \u00e9 a minha for\u00e7a e a minha can\u00e7\u00e3o; ele \u00e9 a minha salva\u00e7\u00e3o! Ele \u00e9 o meu Deus [&hellip;]<\/p>\n","protected":false},"author":1,"featured_media":1588,"parent":0,"menu_order":0,"comment_status":"open","ping_status":"closed","template":"","meta":{"footnotes":""},"class_list":["post-46","page","type-page","status-publish","has-post-thumbnail","hentry","entry","fw-tab-6 fw-tabr-4"],"_links":{"self":[{"href":"https:\/\/thebibleverses.org\/pt\/wp-json\/wp\/v2\/pages\/46","targetHints":{"allow":["GET"]}}],"collection":[{"href":"https:\/\/thebibleverses.org\/pt\/wp-json\/wp\/v2\/pages"}],"about":[{"href":"https:\/\/thebibleverses.org\/pt\/wp-json\/wp\/v2\/types\/page"}],"author":[{"embeddable":true,"href":"https:\/\/thebibleverses.org\/pt\/wp-json\/wp\/v2\/users\/1"}],"replies":[{"embeddable":true,"href":"https:\/\/thebibleverses.org\/pt\/wp-json\/wp\/v2\/comments?post=46"}],"version-history":[{"count":0,"href":"https:\/\/thebibleverses.org\/pt\/wp-json\/wp\/v2\/pages\/46\/revisions"}],"wp:featuredmedia":[{"embeddable":true,"href":"https:\/\/thebibleverses.org\/pt\/wp-json\/wp\/v2\/media\/1588"}],"wp:attachment":[{"href":"https:\/\/thebibleverses.org\/pt\/wp-json\/wp\/v2\/media?parent=46"}],"curies":[{"name":"wp","href":"https:\/\/api.w.org\/{rel}","templated":true}]}}