{"id":43,"date":"2019-10-02T19:36:55","date_gmt":"2019-10-02T19:36:55","guid":{"rendered":"https:\/\/thebibleverses.org\/pt\/?page_id=43"},"modified":"2022-06-25T21:01:35","modified_gmt":"2022-06-25T21:01:35","slug":"gratidao","status":"publish","type":"page","link":"https:\/\/thebibleverses.org\/pt\/gratidao\/","title":{"rendered":"21 Vers\u00edculos da B\u00edblia sobre Gratid\u00e3o"},"content":{"rendered":"<div class=\"wp-block-image\">\n<figure class=\"aligncenter size-large\"><img decoding=\"async\" width=\"1024\" height=\"631\" data-src=\"https:\/\/thebibleverses.org\/pt\/wp-content\/uploads\/2022\/06\/Versiculos-da-Biblia-sobre-Gratidao-1024x631.webp\" alt=\"Vers\u00edculos da B\u00edblia sobre Gratid\u00e3o\" class=\"wp-image-1571 lazyload\" data-srcset=\"https:\/\/thebibleverses.org\/pt\/wp-content\/uploads\/2022\/06\/Versiculos-da-Biblia-sobre-Gratidao-1024x631.webp 1024w, https:\/\/thebibleverses.org\/pt\/wp-content\/uploads\/2022\/06\/Versiculos-da-Biblia-sobre-Gratidao-300x185.webp 300w, https:\/\/thebibleverses.org\/pt\/wp-content\/uploads\/2022\/06\/Versiculos-da-Biblia-sobre-Gratidao-768x474.webp 768w, https:\/\/thebibleverses.org\/pt\/wp-content\/uploads\/2022\/06\/Versiculos-da-Biblia-sobre-Gratidao-320x197.webp 320w, https:\/\/thebibleverses.org\/pt\/wp-content\/uploads\/2022\/06\/Versiculos-da-Biblia-sobre-Gratidao-450x278.webp 450w, https:\/\/thebibleverses.org\/pt\/wp-content\/uploads\/2022\/06\/Versiculos-da-Biblia-sobre-Gratidao-720x444.webp 720w, https:\/\/thebibleverses.org\/pt\/wp-content\/uploads\/2022\/06\/Versiculos-da-Biblia-sobre-Gratidao.webp 1200w\" data-sizes=\"(max-width: 1024px) 100vw, 1024px\" src=\"data:image\/svg+xml;base64,PHN2ZyB3aWR0aD0iMSIgaGVpZ2h0PSIxIiB4bWxucz0iaHR0cDovL3d3dy53My5vcmcvMjAwMC9zdmciPjwvc3ZnPg==\" style=\"--smush-placeholder-width: 1024px; --smush-placeholder-aspect-ratio: 1024\/631;\" \/><figcaption>Vers\u00edculos da B\u00edblia sobre Gratid\u00e3o &#8211; Nova Vers\u00e3o Internacional (NVI-PT).<\/figcaption><\/figure><\/div>\n\n\n<h2 class=\"wp-block-heading\">Lev\u00edtico 22:29 <\/h2>\n\n\n\n<p>Quando voc\u00eas oferecerem um sacrif\u00edcio de gratid\u00e3o ao Senhor, ofere\u00e7am-no de maneira que seja aceito em favor de voc\u00eas (Lev 22:29).<\/p>\n\n\n\n<h2 class=\"wp-block-heading\">1 Cr\u00f4nicas 16:34<\/h2>\n\n\n\n<p>Rendam gra\u00e7as ao Senhor, pois ele \u00e9 bom; o seu amor dura para sempre (1 Cr\u00f4 16:34).<\/p>\n\n\n\n<h2 class=\"wp-block-heading\">Esdras 3:11 <\/h2>\n\n\n\n<p>Com louvor e a\u00e7\u00f5es de gra\u00e7as, cantaram responsivamente ao&nbsp;Senhor: \u201cEle \u00e9 bom;&nbsp;seu amor a Israel dura para sempre\u201d. E todo o povo louvou o&nbsp;Senhor&nbsp;em alta voz, pois haviam sido lan\u00e7ados os alicerces do templo do&nbsp;Senhor (Esd 3:11).<\/p>\n\n\n\n<h2 class=\"wp-block-heading\">Salmos 75:1 <\/h2>\n\n\n\n<p>Damos-te gra\u00e7as, \u00f3 Deus, damos-te gra\u00e7as, pois perto est\u00e1 o teu nome; todos falam dos teus feitos maravilhosos (Sal 75:1).<\/p>\n\n\n\n<h2 class=\"wp-block-heading\">Salmos 100:4 <\/h2>\n\n\n\n<p>Entrem por suas portas com a\u00e7\u00f5es de gra\u00e7as, e em seus \u00e1trios, com louvor; d\u00eaem-lhe gra\u00e7as e bendigam o seu nome (Sal 100:4).<\/p>\n\n\n\n<h2 class=\"wp-block-heading\">Daniel 2:23 <\/h2>\n\n\n\n<p>Eu te agrade\u00e7o e te louvo, \u00f3 Deus dos meus antepassados; tu me deste sabedoria e poder, e me revelaste o que te pedimos, revelaste-nos o sonho do rei\u201d (Da 2:23).<\/p>\n\n\n\n<h2 class=\"wp-block-heading\">Daniel 6:10 <\/h2>\n\n\n\n<p>Quando Daniel soube que o decreto tinha sido publicado, foi para casa, para o seu quarto, no andar de cima, onde as janelas davam para Jerusal\u00e9m e ali fez o que costumava fazer: tr\u00eas vezes por dia ele se ajoelhava e orava, agradecendo ao seu Deus (Da 6:10).<\/p>\n\n\n\n<h2 class=\"wp-block-heading\">Mateus 15:36 <\/h2>\n\n\n\n<p>Depois de tomar os sete p\u00e3es e os peixes e dar gra\u00e7as, partiu-os e os entregou aos disc\u00edpulos, e os disc\u00edpulos \u00e0 multid\u00e3o (Mt 15:36).<\/p>\n\n\n\n<h2 class=\"wp-block-heading\">Mateus 26:27 <\/h2>\n\n\n\n<p>Em seguida tomou o c\u00e1lice, deu gra\u00e7as e o ofereceu aos disc\u00edpulos, dizendo: \u201cBebam dele todos voc\u00eas (Mt 26:27).<\/p>\n\n\n\n<h2 class=\"wp-block-heading\">Lucas 17:15-16 <\/h2>\n\n\n\n<p>Um deles, quando viu que estava curado, voltou, louvando a Deus em alta voz. Prostrou-se aos p\u00e9s de Jesus e lhe agradeceu. Este era samaritano (Lc 17:15-16).<\/p>\n\n\n\n<h2 class=\"wp-block-heading\">Jo\u00e3o 11:41 <\/h2>\n\n\n\n<p>Ent\u00e3o tiraram a pedra. Jesus olhou para cima e disse: \u201cPai, eu te agrade\u00e7o porque me ouviste (Jo\u00e3o 11:41).<\/p>\n\n\n\n<h2 class=\"wp-block-heading\">Romanos 1:8 <\/h2>\n\n\n\n<p>Antes de tudo, sou grato a meu Deus, mediante Jesus Cristo, por todos voc\u00eas, porque em todo o mundo est\u00e1 sendo anunciada a f\u00e9 que voc\u00eas t\u00eam (Rom 1:8).<\/p>\n\n\n\n<h2 class=\"wp-block-heading\">1 Cor\u00edntios 15:57 <\/h2>\n\n\n\n<p>Mas gra\u00e7as a Deus, que nos d\u00e1 a vit\u00f3ria por meio de nosso Senhor Jesus Cristo (1 Co 15:57).<\/p>\n\n\n\n<h2 class=\"wp-block-heading\">Filipenses 4:6 <\/h2>\n\n\n\n<p>N\u00e3o andem ansiosos por coisa alguma, mas em tudo, pela ora\u00e7\u00e3o e s\u00faplicas, e com a\u00e7\u00e3o de gra\u00e7as, apresentem seus pedidos a Deus (Filip 4:6).<\/p>\n\n\n\n<h2 class=\"wp-block-heading\">Colossenses 2:7 <\/h2>\n\n\n\n<p>enraizados e edificados nele, firmados na f\u00e9, como foram ensinados, transbordando de gratid\u00e3o (Col 2:7).<\/p>\n\n\n\n<h2 class=\"wp-block-heading\">Colossenses 3:15 <\/h2>\n\n\n\n<p>Que a paz de Cristo seja o juiz em seu cora\u00e7\u00e3o, visto que voc\u00eas foram chamados para viver em paz, como membros de um s\u00f3 corpo. E sejam agradecidos (Col 3:15).<\/p>\n\n\n\n<h2 class=\"wp-block-heading\">Colossenses 3:17 <\/h2>\n\n\n\n<p>Tudo o que fizerem, seja em palavra ou em a\u00e7\u00e3o, fa\u00e7am-no em nome do Senhor Jesus, dando por meio dele gra\u00e7as a Deus Pai (Col 3:17).<\/p>\n\n\n\n<h2 class=\"wp-block-heading\">Colossenses 4:2<\/h2>\n\n\n\n<p>Dediquem-se \u00e0 ora\u00e7\u00e3o, estejam alerta e sejam agradecidos (Col 4:2).<\/p>\n\n\n\n<h2 class=\"wp-block-heading\">1 Tim\u00f3teo 1:12 <\/h2>\n\n\n\n<p>Dou gra\u00e7as a Cristo Jesus, nosso Senhor, que me deu for\u00e7as e me considerou fiel, designando-me para o minist\u00e9rio (1 Tim 1:12).<\/p>\n\n\n\n<h2 class=\"wp-block-heading\">1 Tessalonicenses 5:18 <\/h2>\n\n\n\n<p>D\u00eaem gra\u00e7as em todas as circunst\u00e2ncias, pois esta \u00e9 a vontade de Deus para voc\u00eas em Cristo Jesus (1 Tess 5:18).<\/p>\n\n\n\n<h2 class=\"wp-block-heading\">Apocalipse 4:9 <\/h2>\n\n\n\n<p>Toda vez que os seres viventes d\u00e3o gl\u00f3ria, honra e gra\u00e7as \u00e0quele que est\u00e1 assentado no trono e que vive para todo o sempre (Ap 4:9).<\/p>\n\n\n\n<h2 class=\"wp-block-heading\">Lee Tambi\u00e9n:<\/h2>\n\n\n\n<ul class=\"wp-block-list\"><li><a href=\"https:\/\/thebibleverses.org\/pt\/\">Vers\u00edculos por T\u00f3picos<\/a><\/li><li><a href=\"https:\/\/thebibleverses.org\/pt\/amor\/\">Vers\u00edculos da B\u00edblia sobre o Amor<\/a><\/li><li><a href=\"https:\/\/thebibleverses.org\/pt\/forca\/\">Vers\u00edculos da B\u00edblia sobre For\u00e7a<\/a><\/li><li><a href=\"https:\/\/thebibleverses.org\/pt\/fe\/\">Vers\u00edculos B\u00edblicos sobre F\u00e9<\/a><\/li><li><a href=\"https:\/\/thebibleverses.org\/pt\/jovens\/\">Vers\u00edculos da B\u00edblia para Jovens<\/a><\/li><li><a href=\"https:\/\/thebibleverses.org\/pt\/amizade\/\">Vers\u00edculos da B\u00edblia sobre Amizade<\/a><\/li><li><a href=\"https:\/\/thebibleverses.org\/pt\/cura\/\">Vers\u00edculos da B\u00edblia sobre Cura<\/a><\/li><\/ul>\n","protected":false},"excerpt":{"rendered":"<p>Lev\u00edtico 22:29 Quando voc\u00eas oferecerem um sacrif\u00edcio de gratid\u00e3o ao Senhor, ofere\u00e7am-no de maneira que seja aceito em favor de voc\u00eas (Lev 22:29). 1 Cr\u00f4nicas 16:34 Rendam gra\u00e7as ao Senhor, pois ele \u00e9 bom; o seu amor dura para sempre (1 Cr\u00f4 16:34). Esdras 3:11 Com louvor e a\u00e7\u00f5es de gra\u00e7as, cantaram responsivamente ao&nbsp;Senhor: \u201cEle [&hellip;]<\/p>\n","protected":false},"author":1,"featured_media":1571,"parent":0,"menu_order":0,"comment_status":"open","ping_status":"closed","template":"","meta":{"footnotes":""},"class_list":["post-43","page","type-page","status-publish","has-post-thumbnail","hentry","entry","fw-tab-6 fw-tabr-4"],"_links":{"self":[{"href":"https:\/\/thebibleverses.org\/pt\/wp-json\/wp\/v2\/pages\/43","targetHints":{"allow":["GET"]}}],"collection":[{"href":"https:\/\/thebibleverses.org\/pt\/wp-json\/wp\/v2\/pages"}],"about":[{"href":"https:\/\/thebibleverses.org\/pt\/wp-json\/wp\/v2\/types\/page"}],"author":[{"embeddable":true,"href":"https:\/\/thebibleverses.org\/pt\/wp-json\/wp\/v2\/users\/1"}],"replies":[{"embeddable":true,"href":"https:\/\/thebibleverses.org\/pt\/wp-json\/wp\/v2\/comments?post=43"}],"version-history":[{"count":0,"href":"https:\/\/thebibleverses.org\/pt\/wp-json\/wp\/v2\/pages\/43\/revisions"}],"wp:featuredmedia":[{"embeddable":true,"href":"https:\/\/thebibleverses.org\/pt\/wp-json\/wp\/v2\/media\/1571"}],"wp:attachment":[{"href":"https:\/\/thebibleverses.org\/pt\/wp-json\/wp\/v2\/media?parent=43"}],"curies":[{"name":"wp","href":"https:\/\/api.w.org\/{rel}","templated":true}]}}