{"id":429,"date":"2019-12-15T19:00:44","date_gmt":"2019-12-15T19:00:44","guid":{"rendered":"https:\/\/thebibleverses.org\/pt\/?page_id=429"},"modified":"2022-06-26T22:56:18","modified_gmt":"2022-06-26T22:56:18","slug":"vida-eterna","status":"publish","type":"page","link":"https:\/\/thebibleverses.org\/pt\/vida-eterna\/","title":{"rendered":"25 Vers\u00edculos da B\u00edblia sobre a Vida Eterna"},"content":{"rendered":"<div class=\"wp-block-image\">\n<figure class=\"aligncenter size-large\"><img decoding=\"async\" width=\"1024\" height=\"631\" data-src=\"https:\/\/thebibleverses.org\/pt\/wp-content\/uploads\/2022\/06\/Versiculos-da-Biblia-sobre-Vida-Eterna-1024x631.webp\" alt=\"Vers\u00edculos da B\u00edblia sobre Vida Eterna\" class=\"wp-image-1683 lazyload\" data-srcset=\"https:\/\/thebibleverses.org\/pt\/wp-content\/uploads\/2022\/06\/Versiculos-da-Biblia-sobre-Vida-Eterna-1024x631.webp 1024w, https:\/\/thebibleverses.org\/pt\/wp-content\/uploads\/2022\/06\/Versiculos-da-Biblia-sobre-Vida-Eterna-300x185.webp 300w, https:\/\/thebibleverses.org\/pt\/wp-content\/uploads\/2022\/06\/Versiculos-da-Biblia-sobre-Vida-Eterna-768x474.webp 768w, https:\/\/thebibleverses.org\/pt\/wp-content\/uploads\/2022\/06\/Versiculos-da-Biblia-sobre-Vida-Eterna-320x197.webp 320w, https:\/\/thebibleverses.org\/pt\/wp-content\/uploads\/2022\/06\/Versiculos-da-Biblia-sobre-Vida-Eterna-450x278.webp 450w, https:\/\/thebibleverses.org\/pt\/wp-content\/uploads\/2022\/06\/Versiculos-da-Biblia-sobre-Vida-Eterna-720x444.webp 720w, https:\/\/thebibleverses.org\/pt\/wp-content\/uploads\/2022\/06\/Versiculos-da-Biblia-sobre-Vida-Eterna.webp 1200w\" data-sizes=\"(max-width: 1024px) 100vw, 1024px\" src=\"data:image\/svg+xml;base64,PHN2ZyB3aWR0aD0iMSIgaGVpZ2h0PSIxIiB4bWxucz0iaHR0cDovL3d3dy53My5vcmcvMjAwMC9zdmciPjwvc3ZnPg==\" style=\"--smush-placeholder-width: 1024px; --smush-placeholder-aspect-ratio: 1024\/631;\" \/><figcaption>Vers\u00edculos da B\u00edblia sobre a Vida Eterna &#8211; Nova Vers\u00e3o Internacional (NVI-PT).<\/figcaption><\/figure><\/div>\n\n\n<h2 class=\"wp-block-heading\">Mateus 19:29 <\/h2>\n\n\n\n<p>E todos os que tiverem deixado casas, irm\u00e3os, irm\u00e3s, pai, m\u00e3e, filhos ou campos, por minha causa, receber\u00e3o cem vezes mais e herdar\u00e3o a vida eterna (Mt 19:29).<\/p>\n\n\n\n<h2 class=\"wp-block-heading\">Jo\u00e3o 3:16 <\/h2>\n\n\n\n<p>Porque Deus tanto amou o mundo que deu o seu Filho Unig\u00eanito, para que todo o que nele crer n\u00e3o pere\u00e7a, mas tenha a vida eterna (Jo\u00e3o 3:16).<\/p>\n\n\n\n<h2 class=\"wp-block-heading\">Jo\u00e3o 3:36 <\/h2>\n\n\n\n<p>Quem cr\u00ea no Filho tem a vida eterna; j\u00e1 quem rejeita o Filho n\u00e3o ver\u00e1 a vida, mas a ira de Deus permanece sobre ele (Jo\u00e3o 3:36).<\/p>\n\n\n\n<h2 class=\"wp-block-heading\">Jo\u00e3o 4:14 <\/h2>\n\n\n\n<p>Mas quem beber da \u00e1gua que eu lhe der nunca mais ter\u00e1 sede. Ao contr\u00e1rio, a \u00e1gua que eu lhe der se tornar\u00e1 nele uma fonte de \u00e1gua a jorrar para a vida eterna (Jo\u00e3o 4:14).<\/p>\n\n\n\n<h2 class=\"wp-block-heading\">Jo\u00e3o 5:24 <\/h2>\n\n\n\n<p>Eu lhes asseguro: Quem ouve a minha palavra e cr\u00ea naquele que me enviou, tem a vida eterna e n\u00e3o ser\u00e1 condenado, mas j\u00e1 passou da morte para a vida (Jo\u00e3o 5:24).<\/p>\n\n\n\n<h2 class=\"wp-block-heading\">Jo\u00e3o 5:39 <\/h2>\n\n\n\n<p>Voc\u00eas estudam cuidadosamente as Escrituras, porque pensam que nelas voc\u00eas t\u00eam a vida eterna. E s\u00e3o as Escrituras que testemunham a meu respeito (Jo\u00e3o 5:39).<\/p>\n\n\n\n<h2 class=\"wp-block-heading\">Jo\u00e3o 6:27 <\/h2>\n\n\n\n<p>N\u00e3o trabalhem pela comida que se estraga, mas pela comida que permanece para a vida eterna, a qual o Filho do homem lhes dar\u00e1. Deus, o Pai, nele colocou o seu selo de aprova\u00e7\u00e3o (Jo\u00e3o 6:27).<\/p>\n\n\n\n<h2 class=\"wp-block-heading\">Jo\u00e3o 6:40 <\/h2>\n\n\n\n<p>Porque a vontade de meu Pai \u00e9 que todo aquele que olhar para o Filho e nele crer tenha a vida eterna, e eu o ressuscitarei no \u00faltimo dia (Jo\u00e3o 6:40).<\/p>\n\n\n\n<h2 class=\"wp-block-heading\">Jo\u00e3o 6:47 <\/h2>\n\n\n\n<p> Asseguro-lhes que aquele que cr\u00ea tem a vida eterna (Jo\u00e3o 6:47).<\/p>\n\n\n\n<h2 class=\"wp-block-heading\">Jo\u00e3o 6:54 <\/h2>\n\n\n\n<p>Todo aquele que come a minha carne e bebe o meu sangue tem a vida eterna, e eu o ressuscitarei no \u00faltimo dia (Jo\u00e3o 6:54).<\/p>\n\n\n\n<h2 class=\"wp-block-heading\">Jo\u00e3o 6:68 <\/h2>\n\n\n\n<p>Sim\u00e3o Pedro lhe respondeu: Senhor, para quem iremos? Tu tens as palavras de vida eterna (Jo\u00e3o 6:68).<\/p>\n\n\n\n<h2 class=\"wp-block-heading\">Jo\u00e3o 12:25 <\/h2>\n\n\n\n<p>Aquele que ama a sua vida, a perder\u00e1; ao passo que aquele que odeia a sua vida neste mundo, a conservar\u00e1 para a vida eterna (Jo\u00e3o 12:25).<\/p>\n\n\n\n<h2 class=\"wp-block-heading\">Jo\u00e3o 17:3 <\/h2>\n\n\n\n<p>Esta \u00e9 a vida eterna: que te conhe\u00e7am, o \u00fanico Deus verdadeiro, e a Jesus Cristo, a quem enviaste (Jo\u00e3o 17:3).<\/p>\n\n\n\n<h2 class=\"wp-block-heading\">Romanos 5:20-21 <\/h2>\n\n\n\n<p>A Lei foi introduzida para que a transgress\u00e3o fosse ressaltada. Mas onde aumentou o pecado, transbordou a gra\u00e7a, a fim de que, assim como o pecado reinou na morte, tamb\u00e9m a gra\u00e7a reine pela justi\u00e7a para conceder vida eterna, mediante Jesus Cristo, nosso Senhor (Ro 5:20-21).<\/p>\n\n\n\n<h2 class=\"wp-block-heading\">Romanos 6:22 <\/h2>\n\n\n\n<p>Mas agora que voc\u00eas foram libertados do pecado e se tornaram escravos de Deus, o fruto que colhem leva \u00e0 santidade, e o seu fim \u00e9 a vida eterna (Ro 6:22).<\/p>\n\n\n\n<h2 class=\"wp-block-heading\">Romanos 6:23 <\/h2>\n\n\n\n<p>Pois o sal\u00e1rio do pecado \u00e9 a morte, mas o dom gratuito de Deus \u00e9 a vida eterna em Cristo Jesus, nosso Senhor (Ro 6:23).<\/p>\n\n\n\n<h2 class=\"wp-block-heading\">G\u00e1latas 6:8 <\/h2>\n\n\n\n<p> Quem semeia para a sua carne, da carne colher\u00e1 destrui\u00e7\u00e3o; mas quem semeia para o Esp\u00edrito, do Esp\u00edrito colher\u00e1 a vida eterna (G\u00e1l 6:8).<\/p>\n\n\n\n<h2 class=\"wp-block-heading\">Tito 3:7 <\/h2>\n\n\n\n<p>Ele o fez a fim de que, justificados por sua gra\u00e7a, nos tornemos seus herdeiros, tendo a esperan\u00e7a da vida eterna (Tit 3:7).<\/p>\n\n\n\n<h2 class=\"wp-block-heading\">1 Jo\u00e3o 1:2 <\/h2>\n\n\n\n<p>A vida se manifestou; n\u00f3s a vimos e dela testemunhamos, e proclamamos a voc\u00eas a vida eterna, que estava com o Pai e nos foi manifestada (1 Jo\u00e3o 1:2).<\/p>\n\n\n\n<h2 class=\"wp-block-heading\">1 Jo\u00e3o 2:25 <\/h2>\n\n\n\n<p>E esta \u00e9 a promessa que ele nos fez: a vida eterna (1 Jo\u00e3o 2:25).<\/p>\n\n\n\n<h2 class=\"wp-block-heading\">1 Jo\u00e3o 3:15 <\/h2>\n\n\n\n<p>Quem odeia seu irm\u00e3o \u00e9 assassino, e voc\u00eas sabem que nenhum assassino tem a vida eterna em si mesmo (1 Jo\u00e3o 3:15).<\/p>\n\n\n\n<h2 class=\"wp-block-heading\">1 Jo\u00e3o 5:11 <\/h2>\n\n\n\n<p>E este \u00e9 o testemunho: Deus nos deu a vida eterna, e essa vida est\u00e1 em seu Filho (1 Jo\u00e3o 5:11).<\/p>\n\n\n\n<h2 class=\"wp-block-heading\">1 Jo\u00e3o 5:13 <\/h2>\n\n\n\n<p>Escrevi-lhes estas coisas, a voc\u00eas que cr\u00eaem no nome do Filho de Deus, para que voc\u00eas saibam que t\u00eam a vida eterna (1 Jo\u00e3o 5:13 ).<\/p>\n\n\n\n<h2 class=\"wp-block-heading\">1 Jo\u00e3o 5:20 <\/h2>\n\n\n\n<p>Sabemos tamb\u00e9m que o Filho de Deus veio e nos deu entendimento, para que conhe\u00e7amos aquele que \u00e9 o Verdadeiro. E n\u00f3s estamos naquele que \u00e9 o Verdadeiro, em seu Filho Jesus Cristo. Este \u00e9 o verdadeiro Deus e a vida eterna (1 Jo\u00e3o 5:20).<\/p>\n\n\n\n<h2 class=\"wp-block-heading\">Judas 21 <\/h2>\n\n\n\n<p>Mantenham-se no amor de Deus, enquanto esperam que a miseric\u00f3rdia de nosso Senhor Jesus Cristo os leve para a vida eterna (Judas 21).<\/p>\n\n\n\n<h2 class=\"wp-block-heading\">Lee Tambi\u00e9n:<\/h2>\n\n\n\n<ul class=\"wp-block-list\"><li><a href=\"https:\/\/thebibleverses.org\/pt\/\">Vers\u00edculos por T\u00f3picos<\/a><\/li><li><a href=\"https:\/\/thebibleverses.org\/pt\/amor\/\">Vers\u00edculos da B\u00edblia sobre o Amor<\/a><\/li><li><a href=\"https:\/\/thebibleverses.org\/pt\/forca\/\">Vers\u00edculos da B\u00edblia sobre For\u00e7a<\/a><\/li><li><a href=\"https:\/\/thebibleverses.org\/pt\/fe\/\">Vers\u00edculos B\u00edblicos sobre F\u00e9<\/a><\/li><li><a href=\"https:\/\/thebibleverses.org\/pt\/jovens\/\">Vers\u00edculos da B\u00edblia para Jovens<\/a><\/li><li><a href=\"https:\/\/thebibleverses.org\/pt\/amizade\/\">Vers\u00edculos da B\u00edblia sobre Amizade<\/a><\/li><li><a href=\"https:\/\/thebibleverses.org\/pt\/cura\/\">Vers\u00edculos da B\u00edblia sobre Cura<\/a><\/li><\/ul>\n","protected":false},"excerpt":{"rendered":"<p>Mateus 19:29 E todos os que tiverem deixado casas, irm\u00e3os, irm\u00e3s, pai, m\u00e3e, filhos ou campos, por minha causa, receber\u00e3o cem vezes mais e herdar\u00e3o a vida eterna (Mt 19:29). Jo\u00e3o 3:16 Porque Deus tanto amou o mundo que deu o seu Filho Unig\u00eanito, para que todo o que nele crer n\u00e3o pere\u00e7a, mas tenha [&hellip;]<\/p>\n","protected":false},"author":1,"featured_media":1683,"parent":0,"menu_order":0,"comment_status":"open","ping_status":"closed","template":"","meta":{"footnotes":""},"class_list":["post-429","page","type-page","status-publish","has-post-thumbnail","hentry","entry","fw-tab-6 fw-tabr-4"],"_links":{"self":[{"href":"https:\/\/thebibleverses.org\/pt\/wp-json\/wp\/v2\/pages\/429","targetHints":{"allow":["GET"]}}],"collection":[{"href":"https:\/\/thebibleverses.org\/pt\/wp-json\/wp\/v2\/pages"}],"about":[{"href":"https:\/\/thebibleverses.org\/pt\/wp-json\/wp\/v2\/types\/page"}],"author":[{"embeddable":true,"href":"https:\/\/thebibleverses.org\/pt\/wp-json\/wp\/v2\/users\/1"}],"replies":[{"embeddable":true,"href":"https:\/\/thebibleverses.org\/pt\/wp-json\/wp\/v2\/comments?post=429"}],"version-history":[{"count":0,"href":"https:\/\/thebibleverses.org\/pt\/wp-json\/wp\/v2\/pages\/429\/revisions"}],"wp:featuredmedia":[{"embeddable":true,"href":"https:\/\/thebibleverses.org\/pt\/wp-json\/wp\/v2\/media\/1683"}],"wp:attachment":[{"href":"https:\/\/thebibleverses.org\/pt\/wp-json\/wp\/v2\/media?parent=429"}],"curies":[{"name":"wp","href":"https:\/\/api.w.org\/{rel}","templated":true}]}}