{"id":421,"date":"2019-12-15T18:33:27","date_gmt":"2019-12-15T18:33:27","guid":{"rendered":"https:\/\/thebibleverses.org\/pt\/?page_id=421"},"modified":"2022-06-26T22:55:22","modified_gmt":"2022-06-26T22:55:22","slug":"unidade","status":"publish","type":"page","link":"https:\/\/thebibleverses.org\/pt\/unidade\/","title":{"rendered":"20 Vers\u00edculos da B\u00edblia sobre Unidade"},"content":{"rendered":"<div class=\"wp-block-image\">\n<figure class=\"aligncenter size-large\"><img decoding=\"async\" width=\"1024\" height=\"631\" data-src=\"https:\/\/thebibleverses.org\/pt\/wp-content\/uploads\/2022\/06\/Versiculos-da-Biblia-sobre-Unidade-1024x631.webp\" alt=\"Vers\u00edculos da B\u00edblia sobre Unidade\" class=\"wp-image-1680 lazyload\" data-srcset=\"https:\/\/thebibleverses.org\/pt\/wp-content\/uploads\/2022\/06\/Versiculos-da-Biblia-sobre-Unidade-1024x631.webp 1024w, https:\/\/thebibleverses.org\/pt\/wp-content\/uploads\/2022\/06\/Versiculos-da-Biblia-sobre-Unidade-300x185.webp 300w, https:\/\/thebibleverses.org\/pt\/wp-content\/uploads\/2022\/06\/Versiculos-da-Biblia-sobre-Unidade-768x474.webp 768w, https:\/\/thebibleverses.org\/pt\/wp-content\/uploads\/2022\/06\/Versiculos-da-Biblia-sobre-Unidade-320x197.webp 320w, https:\/\/thebibleverses.org\/pt\/wp-content\/uploads\/2022\/06\/Versiculos-da-Biblia-sobre-Unidade-450x278.webp 450w, https:\/\/thebibleverses.org\/pt\/wp-content\/uploads\/2022\/06\/Versiculos-da-Biblia-sobre-Unidade-720x444.webp 720w, https:\/\/thebibleverses.org\/pt\/wp-content\/uploads\/2022\/06\/Versiculos-da-Biblia-sobre-Unidade.webp 1200w\" data-sizes=\"(max-width: 1024px) 100vw, 1024px\" src=\"data:image\/svg+xml;base64,PHN2ZyB3aWR0aD0iMSIgaGVpZ2h0PSIxIiB4bWxucz0iaHR0cDovL3d3dy53My5vcmcvMjAwMC9zdmciPjwvc3ZnPg==\" style=\"--smush-placeholder-width: 1024px; --smush-placeholder-aspect-ratio: 1024\/631;\" \/><figcaption>Vers\u00edculos da B\u00edblia sobre Unidade &#8211; Nova Vers\u00e3o Internacional (NVI-PT).<\/figcaption><\/figure><\/div>\n\n\n<h2 class=\"wp-block-heading\">Salmos 133:1 <\/h2>\n\n\n\n<p>Como \u00e9 bom e agrad\u00e1vel quando os irm\u00e3os convivem em uni\u00e3o! (Sal 133:1).<\/p>\n\n\n\n<h2 class=\"wp-block-heading\">Eclesiastes 4:12 <\/h2>\n\n\n\n<p>Um homem sozinho pode ser vencido, mas dois conseguem defender-se. Um cord\u00e3o de tr\u00eas dobras n\u00e3o se rompe com facilidade (Ecl 4:12).<\/p>\n\n\n\n<h2 class=\"wp-block-heading\">Mateus 18:20 <\/h2>\n\n\n\n<p>Pois onde se reunirem dois ou tr\u00eas em meu nome, ali eu estou no meio deles (Mt 18:20).<\/p>\n\n\n\n<h2 class=\"wp-block-heading\">Mateus 23:8 <\/h2>\n\n\n\n<p>Mas voc\u00eas n\u00e3o devem ser chamados \u2018rabis\u2019; um s\u00f3 \u00e9 o Mestre de voc\u00eas, e todos voc\u00eas s\u00e3o irm\u00e3os (Mt 23:8).<\/p>\n\n\n\n<h2 class=\"wp-block-heading\">Atos 1:14 <\/h2>\n\n\n\n<p> Todos eles se reuniam sempre em ora\u00e7\u00e3o, com as mulheres, inclusive Maria, a m\u00e3e de Jesus, e com os irm\u00e3os dele (Atos 1:14).<\/p>\n\n\n\n<h2 class=\"wp-block-heading\">Atos 2:1 <\/h2>\n\n\n\n<p>Chegando o dia de Pentecoste, estavam todos reunidos num s\u00f3 lugar (Atos 2:1).<\/p>\n\n\n\n<h2 class=\"wp-block-heading\">Atos 2:46 <\/h2>\n\n\n\n<p>Todos os dias, continuavam a reunir-se no p\u00e1tio do templo. Partiam o p\u00e3o em suas casas, e juntos participavam das refei\u00e7\u00f5es, com alegria e sinceridade de cora\u00e7\u00e3o (Atos 2:46).<\/p>\n\n\n\n<h2 class=\"wp-block-heading\">Romanos 12:4-5 <\/h2>\n\n\n\n<p>Assim como cada um de n\u00f3s tem um corpo com muitos membros e esses membros n\u00e3o exercem todos a mesma fun\u00e7\u00e3o, assim tamb\u00e9m em Cristo n\u00f3s, que somos muitos, formamos um corpo, e cada membro est\u00e1 ligado a todos os outros (Ro 12:4-5).<\/p>\n\n\n\n<h2 class=\"wp-block-heading\">Romanos 12:16 <\/h2>\n\n\n\n<p>Tenham uma mesma atitude uns para com os outros. N\u00e3o sejam orgulhosos, mas estejam dispostos a associar-se a pessoas de posi\u00e7\u00e3o inferior. N\u00e3o sejam s\u00e1bios aos seus pr\u00f3prios olhos (Ro 12:16).<\/p>\n\n\n\n<h2 class=\"wp-block-heading\">Romanos 15:5-6 <\/h2>\n\n\n\n<p>O Deus que concede perseveran\u00e7a e \u00e2nimo d\u00ea-lhes um esp\u00edrito de unidade, segundo Cristo Jesus, para que com um s\u00f3 cora\u00e7\u00e3o e uma s\u00f3 voz voc\u00eas glorifiquem ao Deus e Pai de nosso Senhor Jesus Cristo.<\/p>\n\n\n\n<h2 class=\"wp-block-heading\">1 Cor\u00edntios 10:17<\/h2>\n\n\n\n<p>Como h\u00e1 somente um p\u00e3o, n\u00f3s, que somos muitos, somos um s\u00f3 corpo, pois todos participamos de um \u00fanico p\u00e3o (1 Co 10:17).<\/p>\n\n\n\n<h2 class=\"wp-block-heading\">1 Cor\u00edntios 12:12-13 <\/h2>\n\n\n\n<p>Ora, assim como o corpo \u00e9 uma unidade, embora tenha muitos membros, e todos os membros, mesmo sendo muitos, formam um s\u00f3 corpo, assim tamb\u00e9m com respeito a Cristo. Pois em um s\u00f3 corpo todos n\u00f3s fomos batizados em um \u00fanico Esp\u00edrito: quer judeus, quer gregos, quer escravos, quer livres. E a todos n\u00f3s foi dado beber de um \u00fanico Esp\u00edrito (1 Co 12:12-13).<\/p>\n\n\n\n<h2 class=\"wp-block-heading\">Ef\u00e9sios 2:13-16 <\/h2>\n\n\n\n<p>Mas agora, em Cristo Jesus, voc\u00eas, que antes estavam longe, foram aproximados mediante o sangue de Cristo. Pois ele \u00e9 a nossa paz, o qual de ambos fez um e destruiu a barreira, o muro de inimizade, anulando em seu corpo a Lei dos mandamentos expressa em ordenan\u00e7as. O objetivo dele era criar em si mesmo, dos dois, um novo homem, fazendo a paz, e reconciliar com Deus os dois em um corpo, por meio da cruz, pela qual ele destruiu a inimizade (Ef 2:13-16).<\/p>\n\n\n\n<h2 class=\"wp-block-heading\">Ef\u00e9sios 4:3-4<\/h2>\n\n\n\n<p>Fa\u00e7am todo o esfor\u00e7o para conservar a unidade do Esp\u00edrito pelo v\u00ednculo da paz. H\u00e1 um s\u00f3 corpo e um s\u00f3 Esp\u00edrito, assim como a esperan\u00e7a para a qual voc\u00eas foram chamados \u00e9 uma s\u00f3 (Ef 4:3-4).<\/p>\n\n\n\n<h2 class=\"wp-block-heading\">Ef\u00e9sios 4:13 <\/h2>\n\n\n\n<p>at\u00e9 que todos alcancemos a unidade da f\u00e9 e do conhecimento do Filho de Deus, e cheguemos \u00e0 maturidade, atingindo a medida da plenitude de Cristo (Ef 4:13).<\/p>\n\n\n\n<h2 class=\"wp-block-heading\">Filipenses 1:27 <\/h2>\n\n\n\n<p>N\u00e3o importa o que aconte\u00e7a, exer\u00e7am a sua cidadania de maneira digna do evangelho de Cristo, para que assim, quer eu v\u00e1 e os veja, quer apenas ou\u00e7a a seu respeito em minha aus\u00eancia, fique eu sabendo que voc\u00eas permanecem firmes num s\u00f3 esp\u00edrito, lutando un\u00e2nimes pela f\u00e9 evang\u00e9lica (Filip 1:27).<\/p>\n\n\n\n<h2 class=\"wp-block-heading\">Filipenses 2:1-2 <\/h2>\n\n\n\n<p>Se por estarmos em Cristo n\u00f3s temos alguma motiva\u00e7\u00e3o, alguma exorta\u00e7\u00e3o de amor, alguma comunh\u00e3o no Esp\u00edrito, alguma profunda afei\u00e7\u00e3o e compaix\u00e3o, completem a minha alegria, tendo o mesmo modo de pensar, o mesmo amor, um s\u00f3 esp\u00edrito e uma s\u00f3 atitude (Filip 2:1-2).<\/p>\n\n\n\n<h2 class=\"wp-block-heading\">1 Pedro 3:8 <\/h2>\n\n\n\n<p>Quanto ao mais, tenham todos o mesmo modo de pensar, sejam compassivos, amem-se fraternalmente, sejam misericordiosos e humildes (1 Pe 3:8).<\/p>\n\n\n\n<h2 class=\"wp-block-heading\">1 Jo\u00e3o 1:7 <\/h2>\n\n\n\n<p>Se, por\u00e9m, andarmos na luz, como ele est\u00e1 na luz, temos comunh\u00e3o uns com os outros, e o sangue de Jesus, seu Filho, nos purifica de todo[a] pecado (1 Jo\u00e3o 1:7).<\/p>\n\n\n\n<h2 class=\"wp-block-heading\">1 Jo\u00e3o 4:11 <\/h2>\n\n\n\n<p>Amados, visto que Deus assim nos amou, n\u00f3s tamb\u00e9m devemos amar uns aos outros (1 Jo\u00e3o 4:11).<\/p>\n\n\n\n<h2 class=\"wp-block-heading\">Lee Tambi\u00e9n:<\/h2>\n\n\n\n<ul class=\"wp-block-list\"><li><a href=\"https:\/\/thebibleverses.org\/pt\/\">Vers\u00edculos por T\u00f3picos<\/a><\/li><li><a href=\"https:\/\/thebibleverses.org\/pt\/amor\/\">Vers\u00edculos da B\u00edblia sobre o Amor<\/a><\/li><li><a href=\"https:\/\/thebibleverses.org\/pt\/forca\/\">Vers\u00edculos da B\u00edblia sobre For\u00e7a<\/a><\/li><li><a href=\"https:\/\/thebibleverses.org\/pt\/fe\/\">Vers\u00edculos B\u00edblicos sobre F\u00e9<\/a><\/li><li><a href=\"https:\/\/thebibleverses.org\/pt\/jovens\/\">Vers\u00edculos da B\u00edblia para Jovens<\/a><\/li><li><a href=\"https:\/\/thebibleverses.org\/pt\/amizade\/\">Vers\u00edculos da B\u00edblia sobre Amizade<\/a><\/li><li><a href=\"https:\/\/thebibleverses.org\/pt\/cura\/\">Vers\u00edculos da B\u00edblia sobre Cura<\/a><\/li><\/ul>\n","protected":false},"excerpt":{"rendered":"<p>Salmos 133:1 Como \u00e9 bom e agrad\u00e1vel quando os irm\u00e3os convivem em uni\u00e3o! (Sal 133:1). Eclesiastes 4:12 Um homem sozinho pode ser vencido, mas dois conseguem defender-se. Um cord\u00e3o de tr\u00eas dobras n\u00e3o se rompe com facilidade (Ecl 4:12). Mateus 18:20 Pois onde se reunirem dois ou tr\u00eas em meu nome, ali eu estou no [&hellip;]<\/p>\n","protected":false},"author":1,"featured_media":1680,"parent":0,"menu_order":0,"comment_status":"open","ping_status":"closed","template":"","meta":{"footnotes":""},"class_list":["post-421","page","type-page","status-publish","has-post-thumbnail","hentry","entry","fw-tab-6 fw-tabr-4"],"_links":{"self":[{"href":"https:\/\/thebibleverses.org\/pt\/wp-json\/wp\/v2\/pages\/421","targetHints":{"allow":["GET"]}}],"collection":[{"href":"https:\/\/thebibleverses.org\/pt\/wp-json\/wp\/v2\/pages"}],"about":[{"href":"https:\/\/thebibleverses.org\/pt\/wp-json\/wp\/v2\/types\/page"}],"author":[{"embeddable":true,"href":"https:\/\/thebibleverses.org\/pt\/wp-json\/wp\/v2\/users\/1"}],"replies":[{"embeddable":true,"href":"https:\/\/thebibleverses.org\/pt\/wp-json\/wp\/v2\/comments?post=421"}],"version-history":[{"count":0,"href":"https:\/\/thebibleverses.org\/pt\/wp-json\/wp\/v2\/pages\/421\/revisions"}],"wp:featuredmedia":[{"embeddable":true,"href":"https:\/\/thebibleverses.org\/pt\/wp-json\/wp\/v2\/media\/1680"}],"wp:attachment":[{"href":"https:\/\/thebibleverses.org\/pt\/wp-json\/wp\/v2\/media?parent=421"}],"curies":[{"name":"wp","href":"https:\/\/api.w.org\/{rel}","templated":true}]}}