{"id":418,"date":"2019-12-15T18:33:42","date_gmt":"2019-12-15T18:33:42","guid":{"rendered":"https:\/\/thebibleverses.org\/pt\/?page_id=418"},"modified":"2022-06-26T22:54:00","modified_gmt":"2022-06-26T22:54:00","slug":"trabalho","status":"publish","type":"page","link":"https:\/\/thebibleverses.org\/pt\/trabalho\/","title":{"rendered":"15 Vers\u00edculos da B\u00edblia sobre Trabalho"},"content":{"rendered":"<div class=\"wp-block-image\">\n<figure class=\"aligncenter size-large\"><img decoding=\"async\" width=\"1024\" height=\"631\" data-src=\"https:\/\/thebibleverses.org\/pt\/wp-content\/uploads\/2022\/06\/Versiculos-da-Biblia-sobre-Trabalho-1024x631.webp\" alt=\"Vers\u00edculos da B\u00edblia sobre Trabalho\" class=\"wp-image-1677 lazyload\" data-srcset=\"https:\/\/thebibleverses.org\/pt\/wp-content\/uploads\/2022\/06\/Versiculos-da-Biblia-sobre-Trabalho-1024x631.webp 1024w, https:\/\/thebibleverses.org\/pt\/wp-content\/uploads\/2022\/06\/Versiculos-da-Biblia-sobre-Trabalho-300x185.webp 300w, https:\/\/thebibleverses.org\/pt\/wp-content\/uploads\/2022\/06\/Versiculos-da-Biblia-sobre-Trabalho-768x474.webp 768w, https:\/\/thebibleverses.org\/pt\/wp-content\/uploads\/2022\/06\/Versiculos-da-Biblia-sobre-Trabalho-320x197.webp 320w, https:\/\/thebibleverses.org\/pt\/wp-content\/uploads\/2022\/06\/Versiculos-da-Biblia-sobre-Trabalho-450x278.webp 450w, https:\/\/thebibleverses.org\/pt\/wp-content\/uploads\/2022\/06\/Versiculos-da-Biblia-sobre-Trabalho-720x444.webp 720w, https:\/\/thebibleverses.org\/pt\/wp-content\/uploads\/2022\/06\/Versiculos-da-Biblia-sobre-Trabalho.webp 1200w\" data-sizes=\"(max-width: 1024px) 100vw, 1024px\" src=\"data:image\/svg+xml;base64,PHN2ZyB3aWR0aD0iMSIgaGVpZ2h0PSIxIiB4bWxucz0iaHR0cDovL3d3dy53My5vcmcvMjAwMC9zdmciPjwvc3ZnPg==\" style=\"--smush-placeholder-width: 1024px; --smush-placeholder-aspect-ratio: 1024\/631;\" \/><figcaption>Vers\u00edculos da B\u00edblia sobre Trabalho &#8211; Nova Vers\u00e3o Internacional (NVI-PT).<\/figcaption><\/figure><\/div>\n\n\n<h2 class=\"wp-block-heading\">G\u00eanesis 2:15 <\/h2>\n\n\n\n<p>O Senhor Deus colocou o homem no jardim do \u00c9den para cuidar dele e cultiv\u00e1-lo (G\u00ea 2:15).<\/p>\n\n\n\n<h2 class=\"wp-block-heading\">Salmos 90:17 <\/h2>\n\n\n\n<p>Esteja sobre n\u00f3s a bondade do nosso Deus Soberano. Consolida, para n\u00f3s, a obra de nossas m\u00e3os; consolida a obra de nossas m\u00e3os! (Sal 90:17).<\/p>\n\n\n\n<h2 class=\"wp-block-heading\">Salmos 128:1-2 <\/h2>\n\n\n\n<p>Como \u00e9 feliz quem teme o Senhor, quem anda em seus caminhos! Voc\u00ea comer\u00e1 do fruto do seu trabalho, e ser\u00e1 feliz e pr\u00f3spero (Sal 128:1-2).<\/p>\n\n\n\n<h2 class=\"wp-block-heading\">Prov\u00e9rbios 10:4 <\/h2>\n\n\n\n<p>As m\u00e3os pregui\u00e7osas empobrecem o homem, por\u00e9m as m\u00e3os diligentes lhe trazem riqueza (Pr 10:4).<\/p>\n\n\n\n<h2 class=\"wp-block-heading\">Prov\u00e9rbios 10:5 <\/h2>\n\n\n\n<p>Aquele que faz a colheita no ver\u00e3o \u00e9 filho sensato, mas aquele que dorme durante a ceifa \u00e9 filho que causa vergonha (Prs 10:5).<\/p>\n\n\n\n<h2 class=\"wp-block-heading\">Prov\u00e9rbios 12:11 <\/h2>\n\n\n\n<p>Quem trabalha a sua terra ter\u00e1 fartura de alimento, mas quem vai atr\u00e1s de fantasias n\u00e3o tem ju\u00edzo (Pr 12:11).<\/p>\n\n\n\n<h2 class=\"wp-block-heading\">Prov\u00e9rbios 13:11 <\/h2>\n\n\n\n<p>O dinheiro ganho com desonestidade diminuir\u00e1, mas quem o ajunta aos poucos ter\u00e1 cada vez mais (Pr 13:11).<\/p>\n\n\n\n<h2 class=\"wp-block-heading\">Prov\u00e9rbios 14:23 <\/h2>\n\n\n\n<p>Todo trabalho \u00e1rduo traz proveito, mas o s\u00f3 falar leva \u00e0 pobreza (Pr 14:23).<\/p>\n\n\n\n<h2 class=\"wp-block-heading\">Prov\u00e9rbios 20:13 <\/h2>\n\n\n\n<p>N\u00e3o ame o sono, sen\u00e3o voc\u00ea acabar\u00e1 ficando pobre; fique desperto, e ter\u00e1 alimento de sobra (Pr 20:13).<\/p>\n\n\n\n<h2 class=\"wp-block-heading\">Ef\u00e9sios 4:28 <\/h2>\n\n\n\n<p>O que furtava n\u00e3o furte mais; antes trabalhe, fazendo algo de \u00fatil com as m\u00e3os, para que tenha o que repartir com quem estiver em necessidade (Ef 4:28).<\/p>\n\n\n\n<h2 class=\"wp-block-heading\">1 Tessalonicenses 4:11-12 <\/h2>\n\n\n\n<p>Esforcem-se para ter uma vida tranq\u00fcila, cuidar dos seus pr\u00f3prios neg\u00f3cios e trabalhar com as pr\u00f3prias m\u00e3os, como n\u00f3s os instru\u00edmos; a fim de que andem decentemente aos olhos dos que s\u00e3o de fora e n\u00e3o dependam de ningu\u00e9m (1 Tess 4:11-12).<\/p>\n\n\n\n<h2 class=\"wp-block-heading\">2 Tessalonicenses 3:8 <\/h2>\n\n\n\n<p>Nem comemos coisa alguma \u00e0 custa de ningu\u00e9m. Ao contr\u00e1rio, trabalhamos arduamente e com fadiga, dia e noite, para n\u00e3o sermos pesados a nenhum de voc\u00eas (2 Tess 3:8).<\/p>\n\n\n\n<h2 class=\"wp-block-heading\">2 Tessalonicenses 3:10 <\/h2>\n\n\n\n<p>Quando ainda est\u00e1vamos com voc\u00eas, n\u00f3s lhes ordenamos isto: Se algu\u00e9m n\u00e3o quiser trabalhar, tamb\u00e9m n\u00e3o coma (2 Tess 3:10).<\/p>\n\n\n\n<h2 class=\"wp-block-heading\">2 Tessalonicenses 3:11-12 <\/h2>\n\n\n\n<p>Pois ouvimos que alguns de voc\u00eas est\u00e3o ociosos; n\u00e3o trabalham, mas andam se intrometendo na vida alheia. A tais pessoas ordenamos e exortamos no Senhor Jesus Cristo que trabalhem tranq\u00fcilamente e comam o seu pr\u00f3prio p\u00e3o (2 Tess 3:11-12).<\/p>\n\n\n\n<h2 class=\"wp-block-heading\">1 Tim\u00f3teo 5:8 <\/h2>\n\n\n\n<p>Se algu\u00e9m n\u00e3o cuida de seus parentes, e especialmente dos de sua pr\u00f3pria fam\u00edlia, negou a f\u00e9 e \u00e9 pior que um descrente (1 Ti 5:8).<\/p>\n\n\n\n<h2 class=\"wp-block-heading\">Lee Tambi\u00e9n:<\/h2>\n\n\n\n<ul class=\"wp-block-list\"><li><a href=\"https:\/\/thebibleverses.org\/pt\/\">Vers\u00edculos por T\u00f3picos<\/a><\/li><li><a href=\"https:\/\/thebibleverses.org\/pt\/amor\/\">Vers\u00edculos da B\u00edblia sobre o Amor<\/a><\/li><li><a href=\"https:\/\/thebibleverses.org\/pt\/forca\/\">Vers\u00edculos da B\u00edblia sobre For\u00e7a<\/a><\/li><li><a href=\"https:\/\/thebibleverses.org\/pt\/fe\/\">Vers\u00edculos B\u00edblicos sobre F\u00e9<\/a><\/li><li><a href=\"https:\/\/thebibleverses.org\/pt\/jovens\/\">Vers\u00edculos da B\u00edblia para Jovens<\/a><\/li><li><a href=\"https:\/\/thebibleverses.org\/pt\/amizade\/\">Vers\u00edculos da B\u00edblia sobre Amizade<\/a><\/li><li><a href=\"https:\/\/thebibleverses.org\/pt\/cura\/\">Vers\u00edculos da B\u00edblia sobre Cura<\/a><\/li><\/ul>\n","protected":false},"excerpt":{"rendered":"<p>G\u00eanesis 2:15 O Senhor Deus colocou o homem no jardim do \u00c9den para cuidar dele e cultiv\u00e1-lo (G\u00ea 2:15). Salmos 90:17 Esteja sobre n\u00f3s a bondade do nosso Deus Soberano. Consolida, para n\u00f3s, a obra de nossas m\u00e3os; consolida a obra de nossas m\u00e3os! (Sal 90:17). Salmos 128:1-2 Como \u00e9 feliz quem teme o Senhor, [&hellip;]<\/p>\n","protected":false},"author":1,"featured_media":1677,"parent":0,"menu_order":0,"comment_status":"open","ping_status":"closed","template":"","meta":{"footnotes":""},"class_list":["post-418","page","type-page","status-publish","has-post-thumbnail","hentry","entry","fw-tab-6 fw-tabr-4"],"_links":{"self":[{"href":"https:\/\/thebibleverses.org\/pt\/wp-json\/wp\/v2\/pages\/418","targetHints":{"allow":["GET"]}}],"collection":[{"href":"https:\/\/thebibleverses.org\/pt\/wp-json\/wp\/v2\/pages"}],"about":[{"href":"https:\/\/thebibleverses.org\/pt\/wp-json\/wp\/v2\/types\/page"}],"author":[{"embeddable":true,"href":"https:\/\/thebibleverses.org\/pt\/wp-json\/wp\/v2\/users\/1"}],"replies":[{"embeddable":true,"href":"https:\/\/thebibleverses.org\/pt\/wp-json\/wp\/v2\/comments?post=418"}],"version-history":[{"count":0,"href":"https:\/\/thebibleverses.org\/pt\/wp-json\/wp\/v2\/pages\/418\/revisions"}],"wp:featuredmedia":[{"embeddable":true,"href":"https:\/\/thebibleverses.org\/pt\/wp-json\/wp\/v2\/media\/1677"}],"wp:attachment":[{"href":"https:\/\/thebibleverses.org\/pt\/wp-json\/wp\/v2\/media?parent=418"}],"curies":[{"name":"wp","href":"https:\/\/api.w.org\/{rel}","templated":true}]}}