{"id":413,"date":"2019-12-12T18:27:55","date_gmt":"2019-12-12T18:27:55","guid":{"rendered":"https:\/\/thebibleverses.org\/pt\/?page_id=413"},"modified":"2022-06-26T23:07:29","modified_gmt":"2022-06-26T23:07:29","slug":"servir","status":"publish","type":"page","link":"https:\/\/thebibleverses.org\/pt\/servir\/","title":{"rendered":"20 Vers\u00edculos da B\u00edblia sobre Servir"},"content":{"rendered":"<div class=\"wp-block-image\">\n<figure class=\"aligncenter size-large\"><img decoding=\"async\" width=\"1024\" height=\"631\" data-src=\"https:\/\/thebibleverses.org\/pt\/wp-content\/uploads\/2022\/06\/Versiculos-da-Biblia-sobre-Servir-1024x631.webp\" alt=\"Vers\u00edculos da B\u00edblia sobre Servir\" class=\"wp-image-1692 lazyload\" data-srcset=\"https:\/\/thebibleverses.org\/pt\/wp-content\/uploads\/2022\/06\/Versiculos-da-Biblia-sobre-Servir-1024x631.webp 1024w, https:\/\/thebibleverses.org\/pt\/wp-content\/uploads\/2022\/06\/Versiculos-da-Biblia-sobre-Servir-300x185.webp 300w, https:\/\/thebibleverses.org\/pt\/wp-content\/uploads\/2022\/06\/Versiculos-da-Biblia-sobre-Servir-768x474.webp 768w, https:\/\/thebibleverses.org\/pt\/wp-content\/uploads\/2022\/06\/Versiculos-da-Biblia-sobre-Servir-320x197.webp 320w, https:\/\/thebibleverses.org\/pt\/wp-content\/uploads\/2022\/06\/Versiculos-da-Biblia-sobre-Servir-450x278.webp 450w, https:\/\/thebibleverses.org\/pt\/wp-content\/uploads\/2022\/06\/Versiculos-da-Biblia-sobre-Servir-720x444.webp 720w, https:\/\/thebibleverses.org\/pt\/wp-content\/uploads\/2022\/06\/Versiculos-da-Biblia-sobre-Servir.webp 1200w\" data-sizes=\"(max-width: 1024px) 100vw, 1024px\" src=\"data:image\/svg+xml;base64,PHN2ZyB3aWR0aD0iMSIgaGVpZ2h0PSIxIiB4bWxucz0iaHR0cDovL3d3dy53My5vcmcvMjAwMC9zdmciPjwvc3ZnPg==\" style=\"--smush-placeholder-width: 1024px; --smush-placeholder-aspect-ratio: 1024\/631;\" \/><figcaption>Vers\u00edculos da B\u00edblia sobre Servir &#8211; Nova Vers\u00e3o Internacional (NVI-PT).<\/figcaption><\/figure><\/div>\n\n\n<h2 class=\"wp-block-heading\">\u00caxodo 23:25 <\/h2>\n\n\n\n<p>Prestem culto ao Senhor, o Deus de voc\u00eas, e ele os aben\u00e7oar\u00e1, dando-lhes alimento e \u00e1gua. Tirarei a doen\u00e7a do meio de voc\u00eas (\u00cax 23:25)<\/p>\n\n\n\n<h2 class=\"wp-block-heading\">Deuteron\u00f4mio 10:12 <\/h2>\n\n\n\n<p>agora, \u00f3 Israel, que \u00e9 que o Senhor, o seu Deus, lhe pede, sen\u00e3o que tema o Senhor, o seu Deus, que ande em todos os seus caminhos, que o ame e que sirva ao Senhor, o seu Deus, de todo o seu cora\u00e7\u00e3o e de toda a sua alma (Dt 10:12).<\/p>\n\n\n\n<h2 class=\"wp-block-heading\">Deuteron\u00f4mio 13:4 <\/h2>\n\n\n\n<p>Sigam somente o Senhor, o seu Deus, e temam a ele somente. Cumpram os seus mandamentos e obede\u00e7am-lhe; sirvam-no e apeguem-se a ele (Dt 13:4).<\/p>\n\n\n\n<h2 class=\"wp-block-heading\">Josu\u00e9 24:15 <\/h2>\n\n\n\n<p>Se, por\u00e9m, n\u00e3o lhes agrada servir ao Senhor, escolham hoje a quem ir\u00e3o servir, se aos deuses que os seus antepassados serviram al\u00e9m do Eufrates, ou aos deuses dos amorreus, em cuja terra voc\u00eas est\u00e3o vivendo. Mas, eu e a minha fam\u00edlia serviremos ao Senhor (Jos 24:15).<\/p>\n\n\n\n<h2 class=\"wp-block-heading\">1 Cr\u00f4nicas 28:9 <\/h2>\n\n\n\n<p>E voc\u00ea, meu filho Salom\u00e3o, reconhe\u00e7a o Deus de seu pai, e sirva-o de todo o cora\u00e7\u00e3o e espontaneamente, pois o Senhor sonda todos os cora\u00e7\u00f5es e conhece a motiva\u00e7\u00e3o dos pensamentos. Se voc\u00ea o buscar, o encontrar\u00e1, mas, se voc\u00ea o abandonar, ele o rejeitar\u00e1 para sempre (1 Cr\u00f4 28:9).<\/p>\n\n\n\n<h2 class=\"wp-block-heading\">Salmos 2:11 <\/h2>\n\n\n\n<p>Adorem o Senhor com temor; exultem com tremor (Sal 2:11).<\/p>\n\n\n\n<h2 class=\"wp-block-heading\">Salmos 100:2<\/h2>\n\n\n\n<p>Prestem culto ao Senhor com alegria; entrem na sua presen\u00e7a com c\u00e2nticos alegres (Sal 100:2).<\/p>\n\n\n\n<h2 class=\"wp-block-heading\">Mateus 6:24 <\/h2>\n\n\n\n<p>Ningu\u00e9m pode servir a dois senhores; pois odiar\u00e1 um e amar\u00e1 o outro, ou se dedicar\u00e1 a um e desprezar\u00e1 o outro. Voc\u00eas n\u00e3o podem servir a Deus e ao Dinheiro (Mt 6:24).<\/p>\n\n\n\n<h2 class=\"wp-block-heading\">Mateus 20:28 <\/h2>\n\n\n\n<p>Como o Filho do homem, que n\u00e3o veio para ser servido, mas para servir e dar a sua vida em resgate por muitos (Mt 20:28).<\/p>\n\n\n\n<h2 class=\"wp-block-heading\">Mateus 25:21 <\/h2>\n\n\n\n<p>O senhor respondeu: \u2018Muito bem, servo bom e fiel! Voc\u00ea foi fiel no pouco, eu o porei sobre o muito. Venha e participe da alegria do seu senhor!\u2019 (Mt 25:21).<\/p>\n\n\n\n<h2 class=\"wp-block-heading\">Marcos 9:35 <\/h2>\n\n\n\n<p>Assentando-se, Jesus chamou os Doze e disse: \u201cSe algu\u00e9m quiser ser o primeiro, ser\u00e1 o \u00faltimo, e servo de todos\u201d (Marcos 9:35 ).<\/p>\n\n\n\n<h2 class=\"wp-block-heading\">Marcos 10:44<\/h2>\n\n\n\n<p> E quem quiser ser o primeiro dever\u00e1 ser escravo de todos (Mr 10:44).<\/p>\n\n\n\n<h2 class=\"wp-block-heading\">Marcos 10:45 <\/h2>\n\n\n\n<p>Pois nem mesmo o Filho do homem veio para ser servido, mas para servir e dar a sua vida em resgate por muitos (Mr 10:45).<\/p>\n\n\n\n<h2 class=\"wp-block-heading\">Jo\u00e3o 12:26<\/h2>\n\n\n\n<p>Quem me serve precisa seguir-me; e, onde estou, o meu servo tamb\u00e9m estar\u00e1. Aquele que me serve, meu Pai o honrar\u00e1 (Jo\u00e3o 12:26).<\/p>\n\n\n\n<h2 class=\"wp-block-heading\">Jo\u00e3o 13:14<\/h2>\n\n\n\n<p>Pois bem, se eu, sendo Senhor e Mestre de voc\u00eas, lavei-lhes os p\u00e9s, voc\u00eas tamb\u00e9m devem lavar os p\u00e9s uns dos outros (Jo\u00e3o 13:14).<\/p>\n\n\n\n<h2 class=\"wp-block-heading\">Romanos 12:11 <\/h2>\n\n\n\n<p>Nunca lhes falte o zelo, sejam fervorosos no esp\u00edrito, sirvam ao Senhor (Ro 12:11).<\/p>\n\n\n\n<h2 class=\"wp-block-heading\">G\u00e1latas 5:13<\/h2>\n\n\n\n<p>Irm\u00e3os, voc\u00eas foram chamados para a liberdade. Mas n\u00e3o usem a liberdade para dar ocasi\u00e3o \u00e0 vontade da carne; ao contr\u00e1rio, sirvam uns aos outros mediante o amor (G\u00e1l 5:13).<\/p>\n\n\n\n<h2 class=\"wp-block-heading\">Ef\u00e9sios 6:6-7 <\/h2>\n\n\n\n<p>Obede\u00e7am-lhes, n\u00e3o apenas para agrad\u00e1-los quando eles os observam, mas como escravos de Cristo, fazendo de cora\u00e7\u00e3o a vontade de Deus. Sirvam aos seus senhores de boa vontade, como servindo ao Senhor, e n\u00e3o aos homens (Ef 6:6-7).<\/p>\n\n\n\n<h2 class=\"wp-block-heading\">Colossenses 3:24 <\/h2>\n\n\n\n<p>Sabendo que receber\u00e3o do Senhor a recompensa da heran\u00e7a. \u00c9 a Cristo, o Senhor, que voc\u00eas est\u00e3o servindo (Col 3:24).<\/p>\n\n\n\n<h2 class=\"wp-block-heading\">Hebreus 12:28 <\/h2>\n\n\n\n<p>Portanto, j\u00e1 que estamos recebendo um Reino inabal\u00e1vel, sejamos agradecidos e, assim, adoremos a Deus de modo aceit\u00e1vel, com rever\u00eancia e temor (Heb 12:28).<\/p>\n\n\n\n<h2 class=\"wp-block-heading\">Lee Tambi\u00e9n:<\/h2>\n\n\n\n<ul class=\"wp-block-list\"><li><a href=\"https:\/\/thebibleverses.org\/pt\/\">Vers\u00edculos por T\u00f3picos<\/a><\/li><li><a href=\"https:\/\/thebibleverses.org\/pt\/amor\/\">Vers\u00edculos da B\u00edblia sobre o Amor<\/a><\/li><li><a href=\"https:\/\/thebibleverses.org\/pt\/forca\/\">Vers\u00edculos da B\u00edblia sobre For\u00e7a<\/a><\/li><li><a href=\"https:\/\/thebibleverses.org\/pt\/fe\/\">Vers\u00edculos B\u00edblicos sobre F\u00e9<\/a><\/li><li><a href=\"https:\/\/thebibleverses.org\/pt\/jovens\/\">Vers\u00edculos da B\u00edblia para Jovens<\/a><\/li><li><a href=\"https:\/\/thebibleverses.org\/pt\/amizade\/\">Vers\u00edculos da B\u00edblia sobre Amizade<\/a><\/li><li><a href=\"https:\/\/thebibleverses.org\/pt\/cura\/\">Vers\u00edculos da B\u00edblia sobre Cura<\/a><\/li><\/ul>\n","protected":false},"excerpt":{"rendered":"<p>\u00caxodo 23:25 Prestem culto ao Senhor, o Deus de voc\u00eas, e ele os aben\u00e7oar\u00e1, dando-lhes alimento e \u00e1gua. Tirarei a doen\u00e7a do meio de voc\u00eas (\u00cax 23:25) Deuteron\u00f4mio 10:12 agora, \u00f3 Israel, que \u00e9 que o Senhor, o seu Deus, lhe pede, sen\u00e3o que tema o Senhor, o seu Deus, que ande em todos os [&hellip;]<\/p>\n","protected":false},"author":1,"featured_media":1692,"parent":0,"menu_order":0,"comment_status":"open","ping_status":"closed","template":"","meta":{"footnotes":""},"class_list":["post-413","page","type-page","status-publish","has-post-thumbnail","hentry","entry","fw-tab-6 fw-tabr-4"],"_links":{"self":[{"href":"https:\/\/thebibleverses.org\/pt\/wp-json\/wp\/v2\/pages\/413","targetHints":{"allow":["GET"]}}],"collection":[{"href":"https:\/\/thebibleverses.org\/pt\/wp-json\/wp\/v2\/pages"}],"about":[{"href":"https:\/\/thebibleverses.org\/pt\/wp-json\/wp\/v2\/types\/page"}],"author":[{"embeddable":true,"href":"https:\/\/thebibleverses.org\/pt\/wp-json\/wp\/v2\/users\/1"}],"replies":[{"embeddable":true,"href":"https:\/\/thebibleverses.org\/pt\/wp-json\/wp\/v2\/comments?post=413"}],"version-history":[{"count":0,"href":"https:\/\/thebibleverses.org\/pt\/wp-json\/wp\/v2\/pages\/413\/revisions"}],"wp:featuredmedia":[{"embeddable":true,"href":"https:\/\/thebibleverses.org\/pt\/wp-json\/wp\/v2\/media\/1692"}],"wp:attachment":[{"href":"https:\/\/thebibleverses.org\/pt\/wp-json\/wp\/v2\/media?parent=413"}],"curies":[{"name":"wp","href":"https:\/\/api.w.org\/{rel}","templated":true}]}}