{"id":408,"date":"2019-12-12T18:00:26","date_gmt":"2019-12-12T18:00:26","guid":{"rendered":"https:\/\/thebibleverses.org\/pt\/?page_id=408"},"modified":"2022-06-26T22:51:29","modified_gmt":"2022-06-26T22:51:29","slug":"santidade","status":"publish","type":"page","link":"https:\/\/thebibleverses.org\/pt\/santidade\/","title":{"rendered":"25 Vers\u00edculos da B\u00edblia sobre Santidade"},"content":{"rendered":"<div class=\"wp-block-image\">\n<figure class=\"aligncenter size-large\"><img decoding=\"async\" width=\"1024\" height=\"631\" data-src=\"https:\/\/thebibleverses.org\/pt\/wp-content\/uploads\/2022\/06\/Versiculos-da-Biblia-sobre-Santidade-1024x631.webp\" alt=\"Vers\u00edculos da B\u00edblia sobre Santidade\" class=\"wp-image-1673 lazyload\" data-srcset=\"https:\/\/thebibleverses.org\/pt\/wp-content\/uploads\/2022\/06\/Versiculos-da-Biblia-sobre-Santidade-1024x631.webp 1024w, https:\/\/thebibleverses.org\/pt\/wp-content\/uploads\/2022\/06\/Versiculos-da-Biblia-sobre-Santidade-300x185.webp 300w, https:\/\/thebibleverses.org\/pt\/wp-content\/uploads\/2022\/06\/Versiculos-da-Biblia-sobre-Santidade-768x474.webp 768w, https:\/\/thebibleverses.org\/pt\/wp-content\/uploads\/2022\/06\/Versiculos-da-Biblia-sobre-Santidade-320x197.webp 320w, https:\/\/thebibleverses.org\/pt\/wp-content\/uploads\/2022\/06\/Versiculos-da-Biblia-sobre-Santidade-450x278.webp 450w, https:\/\/thebibleverses.org\/pt\/wp-content\/uploads\/2022\/06\/Versiculos-da-Biblia-sobre-Santidade-720x444.webp 720w, https:\/\/thebibleverses.org\/pt\/wp-content\/uploads\/2022\/06\/Versiculos-da-Biblia-sobre-Santidade.webp 1200w\" data-sizes=\"(max-width: 1024px) 100vw, 1024px\" src=\"data:image\/svg+xml;base64,PHN2ZyB3aWR0aD0iMSIgaGVpZ2h0PSIxIiB4bWxucz0iaHR0cDovL3d3dy53My5vcmcvMjAwMC9zdmciPjwvc3ZnPg==\" style=\"--smush-placeholder-width: 1024px; --smush-placeholder-aspect-ratio: 1024\/631;\" \/><figcaption>Vers\u00edculos da B\u00edblia sobre Santidade &#8211; Nova Vers\u00e3o Internacional (NVI-PT).<\/figcaption><\/figure><\/div>\n\n\n<h2 class=\"wp-block-heading\">G\u00eanesis 17:1 <\/h2>\n\n\n\n<p>Eu sou o Deus todo-poderoso; ande segundo a minha vontade e seja \u00edntegro (G\u00ea 17:1).<\/p>\n\n\n\n<h2 class=\"wp-block-heading\">Lev\u00edtico 11:44 <\/h2>\n\n\n\n<p>Pois eu sou o Senhor, o Deus de voc\u00eas; consagrem-se e sejam santos, porque eu sou santo. N\u00e3o se tornem impuros com qualquer animal que se move rente ao ch\u00e3o (Lev 11:44).<\/p>\n\n\n\n<h2 class=\"wp-block-heading\">1 Samuel 2:2 <\/h2>\n\n\n\n<p>N\u00e3o h\u00e1 ningu\u00e9m santo como o Senhor; n\u00e3o h\u00e1 outro al\u00e9m de ti; n\u00e3o h\u00e1 rocha alguma como o nosso Deus (1 Sa 2:2).<\/p>\n\n\n\n<h2 class=\"wp-block-heading\">Salmos 51:10 <\/h2>\n\n\n\n<p>Cria em mim um cora\u00e7\u00e3o puro, \u00f3 Deus, e renova dentro de mim um esp\u00edrito est\u00e1vel (Sal 51:10).<\/p>\n\n\n\n<h2 class=\"wp-block-heading\">Salmos 119:9 <\/h2>\n\n\n\n<p>Como pode o jovem&nbsp;manter pura a sua conduta? Vivendo de acordo com a tua palavra (Sal 119:9).<\/p>\n\n\n\n<h2 class=\"wp-block-heading\">Isa\u00edas 1:16 <\/h2>\n\n\n\n<p>Lavem-se! Limpem-se! Removam suas m\u00e1s obras para longe da minha vista! Parem de fazer o mal (Is 1:16).<\/p>\n\n\n\n<h2 class=\"wp-block-heading\">Isa\u00edas 35:8 <\/h2>\n\n\n\n<p>E ali haver\u00e1 uma grande estrada, um caminho que ser\u00e1 chamado Caminho de Santidade. Os impuros n\u00e3o passar\u00e3o por ele; servir\u00e1 apenas aos que s\u00e3o do Caminho; os insensatos n\u00e3o o tomar\u00e3o (Is 35:8).<\/p>\n\n\n\n<h2 class=\"wp-block-heading\">Isa\u00edas 57:15 <\/h2>\n\n\n\n<p>Pois assim diz o Alto e Sublime, que vive para sempre, e cujo nome \u00e9 santo: Habito num lugar alto e santo, mas habito tamb\u00e9m com o contrito e humilde de esp\u00edrito, para dar novo \u00e2nimo ao esp\u00edrito do humilde e novo alento ao cora\u00e7\u00e3o do contrito (Is 57:15).<\/p>\n\n\n\n<h2 class=\"wp-block-heading\">Mateus 5:8 <\/h2>\n\n\n\n<p>Bem-aventurados os puros de cora\u00e7\u00e3o, pois ver\u00e3o a Deus (Mt 5:8).<\/p>\n\n\n\n<h2 class=\"wp-block-heading\">Mateus 5:48 <\/h2>\n\n\n\n<p>Portanto, sejam perfeitos como perfeito \u00e9 o Pai celestial de voc\u00eas (Mt 5:48).<\/p>\n\n\n\n<h2 class=\"wp-block-heading\">Jo\u00e3o 17:17 <\/h2>\n\n\n\n<p>Santifica-os na verdade; a tua palavra \u00e9 a verdade (Jo\u00e3o 17:17).<\/p>\n\n\n\n<h2 class=\"wp-block-heading\">Jo\u00e3o 17:19 <\/h2>\n\n\n\n<p>Em favor deles eu me santifico, para que tamb\u00e9m eles sejam santificados pela verdade (Jo\u00e3o 17:19).<\/p>\n\n\n\n<h2 class=\"wp-block-heading\">Romanos 6:19 <\/h2>\n\n\n\n<p>Falo isso em termos humanos, por causa das suas limita\u00e7\u00f5es humanas. Assim como voc\u00eas ofereceram os membros do seu corpo em escravid\u00e3o \u00e0 impureza e \u00e0 maldade que leva \u00e0 maldade, ofere\u00e7am-nos agora em escravid\u00e3o \u00e0 justi\u00e7a que leva \u00e0 santidade (Ro 6:19).<\/p>\n\n\n\n<h2 class=\"wp-block-heading\">Romanos 6:22<\/h2>\n\n\n\n<p>Mas agora que voc\u00eas foram libertados do pecado e se tornaram escravos de Deus, o fruto que colhem leva \u00e0 santidade, e o seu fim \u00e9 a vida eterna (Ro 6:22).<\/p>\n\n\n\n<h2 class=\"wp-block-heading\">Romanos 12:1 <\/h2>\n\n\n\n<p>Portanto, irm\u00e3os, rogo-lhes pelas miseric\u00f3rdias de Deus que se ofere\u00e7am em sacrif\u00edcio vivo, santo e agrad\u00e1vel a Deus; este \u00e9 o culto racional de voc\u00eas (Ro 12:1).<\/p>\n\n\n\n<h2 class=\"wp-block-heading\">1 Cor\u00edntios 6:20 <\/h2>\n\n\n\n<p>Voc\u00eas foram comprados por alto pre\u00e7o. Portanto, glorifiquem a Deus com o seu pr\u00f3prio corpo (1 Co 6:20).<\/p>\n\n\n\n<h2 class=\"wp-block-heading\">2 Cor\u00edntios 6:17-18 <\/h2>\n\n\n\n<p>Portanto, \u201csaiam do meio deles e separem-se\u201d, diz o Senhor. \u201cN\u00e3o toquem em coisas impuras, e eu os receberei\u201d \u201ce lhes serei Pai, e voc\u00eas ser\u00e3o meus filhos e minhas filhas\u201d, diz o Senhor todo-poderoso (2 Co 6:17-18).<\/p>\n\n\n\n<h2 class=\"wp-block-heading\">2 Cor\u00edntios 7:1 <\/h2>\n\n\n\n<p>Amados, visto que temos essas promessas, purifiquemo-nos de tudo o que contamina o corpo e o esp\u00edrito, aperfei\u00e7oando a santidade no temor de Deus (2 Co 7:1).<\/p>\n\n\n\n<h2 class=\"wp-block-heading\">Ef\u00e9sios 5:3 <\/h2>\n\n\n\n<p>Entre voc\u00eas n\u00e3o deve haver nem sequer men\u00e7\u00e3o de imoralidade sexual como tamb\u00e9m de nenhuma esp\u00e9cie de impureza e de cobi\u00e7a; pois essas coisas n\u00e3o s\u00e3o pr\u00f3prias para os santos (Ef 5:3).<\/p>\n\n\n\n<h2 class=\"wp-block-heading\">1 Tessalonicenses 4:7 <\/h2>\n\n\n\n<p>Porque Deus n\u00e3o nos chamou para a impureza, mas para a santidade (1 Tess 4:7).<\/p>\n\n\n\n<h2 class=\"wp-block-heading\">Hebreus 12:14<\/h2>\n\n\n\n<p> Esforcem-se para viver em paz com todos e para serem santos; sem santidade ningu\u00e9m ver\u00e1 o Senhor (Heb 12:14).<\/p>\n\n\n\n<h2 class=\"wp-block-heading\">1 Pedro 1:15-16 <\/h2>\n\n\n\n<p>Mas, assim como \u00e9 santo aquele que os chamou, sejam santos voc\u00eas tamb\u00e9m em tudo o que fizerem, pois est\u00e1 escrito: \u201cSejam santos, porque eu sou santo\u201d (1 Pe 1:15-16).<\/p>\n\n\n\n<h2 class=\"wp-block-heading\">1 Pedro 2:9 <\/h2>\n\n\n\n<p>Voc\u00eas, por\u00e9m, s\u00e3o gera\u00e7\u00e3o eleita, sacerd\u00f3cio real, na\u00e7\u00e3o santa, povo exclusivo de Deus, para anunciar as grandezas daquele que os chamou das trevas para a sua maravilhosa luz (1 Pe 2:9).<\/p>\n\n\n\n<h2 class=\"wp-block-heading\">1 Jo\u00e3o 3:3 <\/h2>\n\n\n\n<p>Todo aquele que nele tem esta esperan\u00e7a purifica-se a si mesmo, assim como ele \u00e9 puro (1 Jo\u00e3o 3:3).<\/p>\n\n\n\n<h2 class=\"wp-block-heading\">Apocalipse 22:11 <\/h2>\n\n\n\n<p>Continue o injusto a praticar injusti\u00e7a; continue o imundo na imund\u00edcia; continue o justo a praticar justi\u00e7a; e continue o santo a santificar-se (Ap 22:11).<\/p>\n\n\n\n<h2 class=\"wp-block-heading\">Lee Tambi\u00e9n:<\/h2>\n\n\n\n<ul class=\"wp-block-list\"><li><a href=\"https:\/\/thebibleverses.org\/pt\/\">Vers\u00edculos por T\u00f3picos<\/a><\/li><li><a href=\"https:\/\/thebibleverses.org\/pt\/amor\/\">Vers\u00edculos da B\u00edblia sobre o Amor<\/a><\/li><li><a href=\"https:\/\/thebibleverses.org\/pt\/forca\/\">Vers\u00edculos da B\u00edblia sobre For\u00e7a<\/a><\/li><li><a href=\"https:\/\/thebibleverses.org\/pt\/fe\/\">Vers\u00edculos B\u00edblicos sobre F\u00e9<\/a><\/li><li><a href=\"https:\/\/thebibleverses.org\/pt\/jovens\/\">Vers\u00edculos da B\u00edblia para Jovens<\/a><\/li><li><a href=\"https:\/\/thebibleverses.org\/pt\/amizade\/\">Vers\u00edculos da B\u00edblia sobre Amizade<\/a><\/li><li><a href=\"https:\/\/thebibleverses.org\/pt\/cura\/\">Vers\u00edculos da B\u00edblia sobre Cura<\/a><\/li><\/ul>\n","protected":false},"excerpt":{"rendered":"<p>G\u00eanesis 17:1 Eu sou o Deus todo-poderoso; ande segundo a minha vontade e seja \u00edntegro (G\u00ea 17:1). Lev\u00edtico 11:44 Pois eu sou o Senhor, o Deus de voc\u00eas; consagrem-se e sejam santos, porque eu sou santo. N\u00e3o se tornem impuros com qualquer animal que se move rente ao ch\u00e3o (Lev 11:44). 1 Samuel 2:2 N\u00e3o [&hellip;]<\/p>\n","protected":false},"author":1,"featured_media":1673,"parent":0,"menu_order":0,"comment_status":"open","ping_status":"closed","template":"","meta":{"footnotes":""},"class_list":["post-408","page","type-page","status-publish","has-post-thumbnail","hentry","entry","fw-tab-6 fw-tabr-4"],"_links":{"self":[{"href":"https:\/\/thebibleverses.org\/pt\/wp-json\/wp\/v2\/pages\/408","targetHints":{"allow":["GET"]}}],"collection":[{"href":"https:\/\/thebibleverses.org\/pt\/wp-json\/wp\/v2\/pages"}],"about":[{"href":"https:\/\/thebibleverses.org\/pt\/wp-json\/wp\/v2\/types\/page"}],"author":[{"embeddable":true,"href":"https:\/\/thebibleverses.org\/pt\/wp-json\/wp\/v2\/users\/1"}],"replies":[{"embeddable":true,"href":"https:\/\/thebibleverses.org\/pt\/wp-json\/wp\/v2\/comments?post=408"}],"version-history":[{"count":0,"href":"https:\/\/thebibleverses.org\/pt\/wp-json\/wp\/v2\/pages\/408\/revisions"}],"wp:featuredmedia":[{"embeddable":true,"href":"https:\/\/thebibleverses.org\/pt\/wp-json\/wp\/v2\/media\/1673"}],"wp:attachment":[{"href":"https:\/\/thebibleverses.org\/pt\/wp-json\/wp\/v2\/media?parent=408"}],"curies":[{"name":"wp","href":"https:\/\/api.w.org\/{rel}","templated":true}]}}