{"id":404,"date":"2019-12-12T17:32:34","date_gmt":"2019-12-12T17:32:34","guid":{"rendered":"https:\/\/thebibleverses.org\/pt\/?page_id=404"},"modified":"2022-06-25T17:48:59","modified_gmt":"2022-06-25T17:48:59","slug":"cura-divina","status":"publish","type":"page","link":"https:\/\/thebibleverses.org\/pt\/cura-divina\/","title":{"rendered":"20 Vers\u00edculos da B\u00edblia sobre Cura Divina"},"content":{"rendered":"<div class=\"wp-block-image\">\n<figure class=\"aligncenter size-large\"><img decoding=\"async\" width=\"1024\" height=\"631\" data-src=\"https:\/\/thebibleverses.org\/pt\/wp-content\/uploads\/2022\/06\/Versiculos-da-Biblia-sobre-Cura-Divina-1024x631.webp\" alt=\"Vers\u00edculos da B\u00edblia sobre Cura Divina\" class=\"wp-image-1526 lazyload\" data-srcset=\"https:\/\/thebibleverses.org\/pt\/wp-content\/uploads\/2022\/06\/Versiculos-da-Biblia-sobre-Cura-Divina-1024x631.webp 1024w, https:\/\/thebibleverses.org\/pt\/wp-content\/uploads\/2022\/06\/Versiculos-da-Biblia-sobre-Cura-Divina-300x185.webp 300w, https:\/\/thebibleverses.org\/pt\/wp-content\/uploads\/2022\/06\/Versiculos-da-Biblia-sobre-Cura-Divina-768x474.webp 768w, https:\/\/thebibleverses.org\/pt\/wp-content\/uploads\/2022\/06\/Versiculos-da-Biblia-sobre-Cura-Divina-320x197.webp 320w, https:\/\/thebibleverses.org\/pt\/wp-content\/uploads\/2022\/06\/Versiculos-da-Biblia-sobre-Cura-Divina-450x278.webp 450w, https:\/\/thebibleverses.org\/pt\/wp-content\/uploads\/2022\/06\/Versiculos-da-Biblia-sobre-Cura-Divina-720x444.webp 720w, https:\/\/thebibleverses.org\/pt\/wp-content\/uploads\/2022\/06\/Versiculos-da-Biblia-sobre-Cura-Divina.webp 1200w\" data-sizes=\"(max-width: 1024px) 100vw, 1024px\" src=\"data:image\/svg+xml;base64,PHN2ZyB3aWR0aD0iMSIgaGVpZ2h0PSIxIiB4bWxucz0iaHR0cDovL3d3dy53My5vcmcvMjAwMC9zdmciPjwvc3ZnPg==\" style=\"--smush-placeholder-width: 1024px; --smush-placeholder-aspect-ratio: 1024\/631;\" \/><figcaption>Vers\u00edculos da B\u00edblia sobre a Cura Divina &#8211; Nova Vers\u00e3o Internacional (NVI-PT).<\/figcaption><\/figure><\/div>\n\n\n<h2 class=\"wp-block-heading\">Mateus 4:23 <\/h2>\n\n\n\n<p>Jesus foi por toda a Galil\u00e9ia, ensinando nas sinagogas deles, pregando as boas novas do Reino e curando todas as enfermidades e doen\u00e7as entre o povo (Mt 4:23).<\/p>\n\n\n\n<h2 class=\"wp-block-heading\">Mateus 8:2-3 <\/h2>\n\n\n\n<p>Um leproso, aproximando-se, adorou-o de joelhos e disse: \u201cSenhor, se quiseres, podes purificar-me!\u201d Jesus estendeu a m\u00e3o, tocou nele e disse: \u201cQuero. Seja purificado!\u201d Imediatamente ele foi purificado da lepra (Mt 8:2-3).<\/p>\n\n\n\n<h2 class=\"wp-block-heading\">Mateus 8:16-17 <\/h2>\n\n\n\n<p>Ao anoitecer foram trazidos a ele muitos endemoninhados, e ele expulsou os esp\u00edritos com uma palavra e curou todos os doentes. E assim se cumpriu o que fora dito pelo profeta Isa\u00edas: \u201cEle tomou sobre si as nossas enfermidades e sobre si levou as nossas doen\u00e7as\u201d (Mt 8:16-17).<\/p>\n\n\n\n<h2 class=\"wp-block-heading\">Mateus 9:35 <\/h2>\n\n\n\n<p>Jesus ia passando por todas as cidades e povoados, ensinando nas sinagogas, pregando as boas novas do Reino e curando todas as enfermidades e doen\u00e7as (Mt 9:35).<\/p>\n\n\n\n<h2 class=\"wp-block-heading\">Mateus 12:13<\/h2>\n\n\n\n<p>Ent\u00e3o ele disse ao homem: \u201cEstenda a m\u00e3o\u201d. Ele a estendeu, e ela foi restaurada, e ficou boa como a outra (Mt 12:13).<\/p>\n\n\n\n<h2 class=\"wp-block-heading\">Mateus 12:22 <\/h2>\n\n\n\n<p>Depois disso, levaram-lhe um endemoninhado que era cego e mudo, e Jesus o curou, de modo que ele p\u00f4de falar e ver (Mt 12:22).<\/p>\n\n\n\n<h2 class=\"wp-block-heading\">Mateus 14:35-36 <\/h2>\n\n\n\n<p>Quando os homens daquele lugar reconheceram Jesus, espalharam a not\u00edcia em toda aquela regi\u00e3o e lhe trouxeram os seus doentes. Suplicavam-lhe que apenas pudessem tocar na borda do seu manto; e todos os que nele tocaram foram curados (Mt 14:35-36).<\/p>\n\n\n\n<h2 class=\"wp-block-heading\">Mateus 15:30 <\/h2>\n\n\n\n<p>Uma grande multid\u00e3o dirigiu-se a ele, levando-lhe os mancos, os aleijados, os cegos, os mudos e muitos outros, e os colocaram aos seus p\u00e9s; e ele os curou (Mt 15:30).<\/p>\n\n\n\n<h2 class=\"wp-block-heading\">Mateus 17:18 <\/h2>\n\n\n\n<p>Jesus repreendeu o dem\u00f4nio; este saiu do menino que, daquele momento em diante, ficou curado (Mt 17:18).<\/p>\n\n\n\n<h2 class=\"wp-block-heading\">Mateus 19:2 <\/h2>\n\n\n\n<p>Grandes multid\u00f5es o seguiam, e ele as curou ali (Mt19:2).<\/p>\n\n\n\n<h2 class=\"wp-block-heading\">Mateus 21:14 <\/h2>\n\n\n\n<p>Os cegos e os mancos aproximaram-se dele no templo, e ele os curou (Mt 21:14).<\/p>\n\n\n\n<h2 class=\"wp-block-heading\">Marcos 1:30-31 <\/h2>\n\n\n\n<p>A sogra de Sim\u00e3o estava de cama, com febre, e falaram a respeito dela a Jesus. Ent\u00e3o ele se aproximou dela, tomou-a pela m\u00e3o e ajudou-a a levantar-se. A febre a deixou, e ela come\u00e7ou a servi-los (Mr 1:30-31).<\/p>\n\n\n\n<h2 class=\"wp-block-heading\">Marcos 10:51-52 <\/h2>\n\n\n\n<p>\u201cO que voc\u00ea quer que eu lhe fa\u00e7a?\u201d, perguntou-lhe Jesus. O cego respondeu: \u201cMestre, eu quero ver!\u201d \u201cV\u00e1\u201d, disse Jesus, \u201ca sua f\u00e9 o curou\u201d. Imediatamente ele recuperou a vis\u00e3o e seguiu Jesus pelo caminho (Mr 10:51-52).<\/p>\n\n\n\n<h2 class=\"wp-block-heading\">Lucas 7:21 <\/h2>\n\n\n\n<p>Naquele momento Jesus curou muitos que tinham males, doen\u00e7as graves e esp\u00edritos malignos, e concedeu vis\u00e3o a muitos que eram cegos (Lc 7:21).<\/p>\n\n\n\n<h2 class=\"wp-block-heading\">Lucas 13:11-13 <\/h2>\n\n\n\n<p>E ali estava uma mulher que tinha um esp\u00edrito que a mantinha doente havia dezoito anos. Ela andava encurvada e de forma alguma podia endireitar-se. Ao v\u00ea-la, Jesus chamou-a \u00e0 frente e lhe disse: \u201cMulher, voc\u00ea est\u00e1 livre da sua doen\u00e7a\u201d. Ent\u00e3o lhe imp\u00f4s as m\u00e3os; e imediatamente ela se endireitou, e passou a louvar a Deus (Lc 13:11-13).<\/p>\n\n\n\n<h2 class=\"wp-block-heading\">Lucas 17:12-14 <\/h2>\n\n\n\n<p>Ao entrar num povoado, dez leprosos[a] dirigiram-se a ele. Ficaram a certa dist\u00e2ncia e gritaram em alta voz: \u201cJesus, Mestre, tem piedade de n\u00f3s!\u201d Ao v\u00ea-los, ele disse: \u201cV\u00e3o mostrar-se aos sacerdotes\u201d. Enquanto eles iam, foram purificados (Lc 17:12-14).<\/p>\n\n\n\n<h2 class=\"wp-block-heading\">Lucas 22:49-51 <\/h2>\n\n\n\n<p>Ao verem o que ia acontecer, os que estavam com Jesus lhe disseram: \u201cSenhor, atacaremos com espadas?\u201d E um deles feriu o servo do sumo sacerdote, decepando-lhe a orelha direita. Jesus, por\u00e9m, respondeu: \u201cBasta!\u201d E tocando na orelha do homem, ele o curou (Lc 22:49-51).<\/p>\n\n\n\n<h2 class=\"wp-block-heading\">Jo\u00e3o 4:49-51 <\/h2>\n\n\n\n<p>O oficial do rei disse: \u201cSenhor, vem, antes que o meu filho morra!\u201d Jesus respondeu: \u201cPode ir. O seu filho continuar\u00e1 vivo\u201d. O homem confiou na palavra de Jesus e partiu. Estando ele ainda a caminho, seus servos vieram ao seu encontro com not\u00edcias de que o menino estava vivo (Jo\u00e3o 4:49-51).<\/p>\n\n\n\n<h2 class=\"wp-block-heading\">Jo\u00e3o 5:8-9 <\/h2>\n\n\n\n<p>Ent\u00e3o Jesus lhe disse: \u201cLevante-se! Pegue a sua maca e ande\u201d. Imediatamente o homem ficou curado, pegou a maca e come\u00e7ou a andar. Isso aconteceu num s\u00e1bado (Jo\u00e3o 5:8-9).<\/p>\n\n\n\n<h2 class=\"wp-block-heading\">Jo\u00e3o 9:6-7 <\/h2>\n\n\n\n<p>Tendo dito isso, cuspiu no ch\u00e3o, misturou terra com saliva e aplicou-a aos olhos do homem. Ent\u00e3o lhe disse: \u201cV\u00e1 lavar-se no tanque de Silo\u00e9\u201d (que significa \u201cenviado\u201d). O homem foi, lavou-se e voltou vendo (Jo\u00e3o 9:6-7).<\/p>\n\n\n\n<h2 class=\"wp-block-heading\">Lee Tambi\u00e9n:<\/h2>\n\n\n\n<ul class=\"wp-block-list\"><li><a href=\"https:\/\/thebibleverses.org\/pt\/\">Vers\u00edculos por T\u00f3picos<\/a><\/li><li><a href=\"https:\/\/thebibleverses.org\/pt\/amor\/\">Vers\u00edculos da B\u00edblia sobre o Amor<\/a><\/li><li><a href=\"https:\/\/thebibleverses.org\/pt\/forca\/\">Vers\u00edculos da B\u00edblia sobre For\u00e7a<\/a><\/li><li><a href=\"https:\/\/thebibleverses.org\/pt\/fe\/\">Vers\u00edculos B\u00edblicos sobre F\u00e9<\/a><\/li><li><a href=\"https:\/\/thebibleverses.org\/pt\/jovens\/\">Vers\u00edculos da B\u00edblia para Jovens<\/a><\/li><li><a href=\"https:\/\/thebibleverses.org\/pt\/amizade\/\">Vers\u00edculos da B\u00edblia sobre Amizade<\/a><\/li><li><a href=\"https:\/\/thebibleverses.org\/pt\/cura\/\">Vers\u00edculos da B\u00edblia sobre Cura<\/a><\/li><\/ul>\n","protected":false},"excerpt":{"rendered":"<p>Mateus 4:23 Jesus foi por toda a Galil\u00e9ia, ensinando nas sinagogas deles, pregando as boas novas do Reino e curando todas as enfermidades e doen\u00e7as entre o povo (Mt 4:23). Mateus 8:2-3 Um leproso, aproximando-se, adorou-o de joelhos e disse: \u201cSenhor, se quiseres, podes purificar-me!\u201d Jesus estendeu a m\u00e3o, tocou nele e disse: \u201cQuero. Seja [&hellip;]<\/p>\n","protected":false},"author":1,"featured_media":1526,"parent":0,"menu_order":0,"comment_status":"open","ping_status":"closed","template":"","meta":{"footnotes":""},"class_list":["post-404","page","type-page","status-publish","has-post-thumbnail","hentry","entry","fw-tab-6 fw-tabr-4"],"_links":{"self":[{"href":"https:\/\/thebibleverses.org\/pt\/wp-json\/wp\/v2\/pages\/404","targetHints":{"allow":["GET"]}}],"collection":[{"href":"https:\/\/thebibleverses.org\/pt\/wp-json\/wp\/v2\/pages"}],"about":[{"href":"https:\/\/thebibleverses.org\/pt\/wp-json\/wp\/v2\/types\/page"}],"author":[{"embeddable":true,"href":"https:\/\/thebibleverses.org\/pt\/wp-json\/wp\/v2\/users\/1"}],"replies":[{"embeddable":true,"href":"https:\/\/thebibleverses.org\/pt\/wp-json\/wp\/v2\/comments?post=404"}],"version-history":[{"count":0,"href":"https:\/\/thebibleverses.org\/pt\/wp-json\/wp\/v2\/pages\/404\/revisions"}],"wp:featuredmedia":[{"embeddable":true,"href":"https:\/\/thebibleverses.org\/pt\/wp-json\/wp\/v2\/media\/1526"}],"wp:attachment":[{"href":"https:\/\/thebibleverses.org\/pt\/wp-json\/wp\/v2\/media?parent=404"}],"curies":[{"name":"wp","href":"https:\/\/api.w.org\/{rel}","templated":true}]}}