{"id":395,"date":"2019-12-11T17:31:52","date_gmt":"2019-12-11T17:31:52","guid":{"rendered":"https:\/\/thebibleverses.org\/pt\/?page_id=395"},"modified":"2022-06-25T17:47:07","modified_gmt":"2022-06-25T17:47:07","slug":"cura","status":"publish","type":"page","link":"https:\/\/thebibleverses.org\/pt\/cura\/","title":{"rendered":"17 Vers\u00edculos da B\u00edblia sobre Cura"},"content":{"rendered":"<div class=\"wp-block-image\">\n<figure class=\"aligncenter size-large\"><img decoding=\"async\" width=\"1024\" height=\"631\" data-src=\"https:\/\/thebibleverses.org\/pt\/wp-content\/uploads\/2022\/06\/Versiculos-da-Biblia-sobre-Cura-1024x631.webp\" alt=\"Vers\u00edculos da B\u00edblia sobre Cura\" class=\"wp-image-1524 lazyload\" data-srcset=\"https:\/\/thebibleverses.org\/pt\/wp-content\/uploads\/2022\/06\/Versiculos-da-Biblia-sobre-Cura-1024x631.webp 1024w, https:\/\/thebibleverses.org\/pt\/wp-content\/uploads\/2022\/06\/Versiculos-da-Biblia-sobre-Cura-300x185.webp 300w, https:\/\/thebibleverses.org\/pt\/wp-content\/uploads\/2022\/06\/Versiculos-da-Biblia-sobre-Cura-768x474.webp 768w, https:\/\/thebibleverses.org\/pt\/wp-content\/uploads\/2022\/06\/Versiculos-da-Biblia-sobre-Cura-320x197.webp 320w, https:\/\/thebibleverses.org\/pt\/wp-content\/uploads\/2022\/06\/Versiculos-da-Biblia-sobre-Cura-450x278.webp 450w, https:\/\/thebibleverses.org\/pt\/wp-content\/uploads\/2022\/06\/Versiculos-da-Biblia-sobre-Cura-720x444.webp 720w, https:\/\/thebibleverses.org\/pt\/wp-content\/uploads\/2022\/06\/Versiculos-da-Biblia-sobre-Cura.webp 1200w\" data-sizes=\"(max-width: 1024px) 100vw, 1024px\" src=\"data:image\/svg+xml;base64,PHN2ZyB3aWR0aD0iMSIgaGVpZ2h0PSIxIiB4bWxucz0iaHR0cDovL3d3dy53My5vcmcvMjAwMC9zdmciPjwvc3ZnPg==\" style=\"--smush-placeholder-width: 1024px; --smush-placeholder-aspect-ratio: 1024\/631;\" \/><figcaption>Vers\u00edculos da B\u00edblia sobre Cura &#8211; Nova Vers\u00e3o Internacional (NVI-PT).<\/figcaption><\/figure><\/div>\n\n\n<h2 class=\"wp-block-heading\">\u00caxodo 15:26 <\/h2>\n\n\n\n<p>Dizendo-lhes: \u201cSe voc\u00eas derem aten\u00e7\u00e3o ao Senhor, o seu Deus, e fizerem o que ele aprova, se derem ouvidos aos seus mandamentos e obedecerem a todos os seus decretos, n\u00e3o trarei sobre voc\u00eas nenhuma das doen\u00e7as que eu trouxe sobre os eg\u00edpcios, pois eu sou o Senhor que os cura\u201d (\u00cax 15:26).<\/p>\n\n\n\n<h2 class=\"wp-block-heading\">\u00caxodo 23:25 <\/h2>\n\n\n\n<p>Prestem culto ao Senhor, o Deus de voc\u00eas, e ele os aben\u00e7oar\u00e1, dando-lhes alimento e \u00e1gua. Tirarei a doen\u00e7a do meio de voc\u00eas (\u00cax 23:25).<\/p>\n\n\n\n<h2 class=\"wp-block-heading\">Deuteron\u00f4mio 7:15 <\/h2>\n\n\n\n<p>O Senhor os guardar\u00e1 de todas as doen\u00e7as. N\u00e3o infligir\u00e1 a voc\u00eas as doen\u00e7as terr\u00edveis que, como sabem, atingiram o Egito, mas as infligir\u00e1 a todos os seus inimigos (Dt 7:15).<\/p>\n\n\n\n<h2 class=\"wp-block-heading\">2 Reis 20:5 <\/h2>\n\n\n\n<p>Volte e diga a Ezequias, l\u00edder do meu povo: Assim diz o Senhor, Deus de Davi, seu predecessor: Ouvi sua ora\u00e7\u00e3o e vi suas l\u00e1grimas; eu o curarei. Daqui a tr\u00eas dias voc\u00ea subir\u00e1 ao templo do Senhor (2 Reis 20:5).<\/p>\n\n\n\n<h2 class=\"wp-block-heading\">Salmos 41:3-4 <\/h2>\n\n\n\n<p>O&nbsp;Senhor&nbsp;o suster\u00e1&nbsp;em seu leito de enfermidade, e da doen\u00e7a o restaurar\u00e1. Eu disse: Miseric\u00f3rdia,&nbsp;Senhor, cura-me, pois pequei contra ti (Sal 41:3-4).<\/p>\n\n\n\n<h2 class=\"wp-block-heading\">Salmos 147:3 <\/h2>\n\n\n\n<p>S\u00f3 ele cura os de cora\u00e7\u00e3o quebrantado e cuida das suas feridas (Sal 147:3).<\/p>\n\n\n\n<h2 class=\"wp-block-heading\">Isa\u00edas 53:5 <\/h2>\n\n\n\n<p>Mas ele foi transpassado por causa das nossas transgress\u00f5es, foi esmagado por causa de nossas iniq\u00fcidades; o castigo que nos trouxe paz estava sobre ele, e pelas suas feridas fomos curados (Is 53:5).<\/p>\n\n\n\n<h2 class=\"wp-block-heading\">Salmos 103:3-4 <\/h2>\n\n\n\n<p>\u00c9 ele que perdoa todos os seus pecados e cura todas as suas doen\u00e7as, que resgata a sua vida da sepultura e o coroa de bondade e compaix\u00e3o (Sal 103:3-4).<\/p>\n\n\n\n<h2 class=\"wp-block-heading\">Isa\u00edas 57:18 <\/h2>\n\n\n\n<p>Eu vi os seus caminhos, mas vou cur\u00e1-lo; eu o guiarei e tornarei a dar-lhe consolo (Is 57:18).<\/p>\n\n\n\n<h2 class=\"wp-block-heading\">Jeremias 30:17 <\/h2>\n\n\n\n<p>Farei cicatrizar o seu ferimento e curarei as suas feridas, declara o Senhor, \u201cporque a voc\u00ea, Si\u00e3o, chamam de rejeitada, aquela por quem ningu\u00e9m se importa\u201d (Jr 30:17).<\/p>\n\n\n\n<h2 class=\"wp-block-heading\">Jeremias 33:6 <\/h2>\n\n\n\n<p>Todavia, trarei restaura\u00e7\u00e3o e cura para ela; curarei o meu povo e lhe darei muita prosperidade e seguran\u00e7a (Jr 33:6).<\/p>\n\n\n\n<h2 class=\"wp-block-heading\">Salmos 30:2 <\/h2>\n\n\n\n<p>Senhor meu Deus, a ti clamei por socorro, e tu me curaste (Sal 30:2).<\/p>\n\n\n\n<h2 class=\"wp-block-heading\">Os\u00e9ias 6:1 <\/h2>\n\n\n\n<p>Venham, voltemos para o Senhor. Ele nos despeda\u00e7ou, mas nos trar\u00e1 cura; ele nos feriu, mas sarar\u00e1 nossas feridas (Os 6:1).<\/p>\n\n\n\n<h2 class=\"wp-block-heading\">Mateus 8:7 <\/h2>\n\n\n\n<p>Jesus lhe disse: \u201cEu irei cur\u00e1-lo\u201d (Mt 8:7).<\/p>\n\n\n\n<h2 class=\"wp-block-heading\">Tiago 5:14-15 <\/h2>\n\n\n\n<p>Entre voc\u00eas h\u00e1 algu\u00e9m que est\u00e1 doente? Que ele mande chamar os presb\u00edteros da igreja, para que estes orem sobre ele e o unjam com \u00f3leo, em nome do Senhor. A ora\u00e7\u00e3o feita com f\u00e9 curar\u00e1 o doente; o Senhor o levantar\u00e1. E se houver cometido pecados, ele ser\u00e1 perdoado (Tiago 5:14-15).<\/p>\n\n\n\n<h2 class=\"wp-block-heading\">1 Pedro 2:24 <\/h2>\n\n\n\n<p>Ele mesmo levou em seu corpo os nossos pecados sobre o madeiro, a fim de que morr\u00eassemos para os pecados e viv\u00eassemos para a justi\u00e7a; por suas feridas voc\u00eas foram curados (1 Pedro 2:24).<\/p>\n\n\n\n<h2 class=\"wp-block-heading\">3 Jo\u00e3o 2 <\/h2>\n\n\n\n<p>Amado, oro para que voc\u00ea tenha boa sa\u00fade e tudo lhe corra bem, assim como vai bem a sua alma (3 Jo\u00e3o 2).<\/p>\n\n\n\n<h2 class=\"wp-block-heading\">Lee Tambi\u00e9n:<\/h2>\n\n\n\n<ul class=\"wp-block-list\"><li><a href=\"https:\/\/thebibleverses.org\/pt\/\">Vers\u00edculos por T\u00f3picos<\/a><\/li><li><a href=\"https:\/\/thebibleverses.org\/pt\/amor\/\">Vers\u00edculos da B\u00edblia sobre o Amor<\/a><\/li><li><a href=\"https:\/\/thebibleverses.org\/pt\/forca\/\">Vers\u00edculos da B\u00edblia sobre For\u00e7a<\/a><\/li><li><a href=\"https:\/\/thebibleverses.org\/pt\/fe\/\">Vers\u00edculos B\u00edblicos sobre F\u00e9<\/a><\/li><li><a href=\"https:\/\/thebibleverses.org\/pt\/jovens\/\">Vers\u00edculos da B\u00edblia para Jovens<\/a><\/li><li><a href=\"https:\/\/thebibleverses.org\/pt\/amizade\/\">Vers\u00edculos da B\u00edblia sobre Amizade<\/a><\/li><li><a href=\"https:\/\/thebibleverses.org\/pt\/cura\/\">Vers\u00edculos da B\u00edblia sobre Cura<\/a><\/li><\/ul>\n","protected":false},"excerpt":{"rendered":"<p>\u00caxodo 15:26 Dizendo-lhes: \u201cSe voc\u00eas derem aten\u00e7\u00e3o ao Senhor, o seu Deus, e fizerem o que ele aprova, se derem ouvidos aos seus mandamentos e obedecerem a todos os seus decretos, n\u00e3o trarei sobre voc\u00eas nenhuma das doen\u00e7as que eu trouxe sobre os eg\u00edpcios, pois eu sou o Senhor que os cura\u201d (\u00cax 15:26). \u00caxodo [&hellip;]<\/p>\n","protected":false},"author":1,"featured_media":1524,"parent":0,"menu_order":0,"comment_status":"open","ping_status":"closed","template":"","meta":{"footnotes":""},"class_list":["post-395","page","type-page","status-publish","has-post-thumbnail","hentry","entry","fw-tab-6 fw-tabr-4"],"_links":{"self":[{"href":"https:\/\/thebibleverses.org\/pt\/wp-json\/wp\/v2\/pages\/395","targetHints":{"allow":["GET"]}}],"collection":[{"href":"https:\/\/thebibleverses.org\/pt\/wp-json\/wp\/v2\/pages"}],"about":[{"href":"https:\/\/thebibleverses.org\/pt\/wp-json\/wp\/v2\/types\/page"}],"author":[{"embeddable":true,"href":"https:\/\/thebibleverses.org\/pt\/wp-json\/wp\/v2\/users\/1"}],"replies":[{"embeddable":true,"href":"https:\/\/thebibleverses.org\/pt\/wp-json\/wp\/v2\/comments?post=395"}],"version-history":[{"count":0,"href":"https:\/\/thebibleverses.org\/pt\/wp-json\/wp\/v2\/pages\/395\/revisions"}],"wp:featuredmedia":[{"embeddable":true,"href":"https:\/\/thebibleverses.org\/pt\/wp-json\/wp\/v2\/media\/1524"}],"wp:attachment":[{"href":"https:\/\/thebibleverses.org\/pt\/wp-json\/wp\/v2\/media?parent=395"}],"curies":[{"name":"wp","href":"https:\/\/api.w.org\/{rel}","templated":true}]}}