{"id":391,"date":"2019-12-11T17:32:10","date_gmt":"2019-12-11T17:32:10","guid":{"rendered":"https:\/\/thebibleverses.org\/pt\/?page_id=391"},"modified":"2022-06-26T22:50:03","modified_gmt":"2022-06-26T22:50:03","slug":"salvacao","status":"publish","type":"page","link":"https:\/\/thebibleverses.org\/pt\/salvacao\/","title":{"rendered":"30 Vers\u00edculos da B\u00edblia sobre Salva\u00e7\u00e3o"},"content":{"rendered":"<div class=\"wp-block-image\">\n<figure class=\"aligncenter size-large\"><img decoding=\"async\" width=\"1024\" height=\"631\" data-src=\"https:\/\/thebibleverses.org\/pt\/wp-content\/uploads\/2022\/06\/Versiculos-da-Biblia-sobre-Salvacao-1024x631.webp\" alt=\"Vers\u00edculos da B\u00edblia sobre Salva\u00e7\u00e3o\" class=\"wp-image-1671 lazyload\" data-srcset=\"https:\/\/thebibleverses.org\/pt\/wp-content\/uploads\/2022\/06\/Versiculos-da-Biblia-sobre-Salvacao-1024x631.webp 1024w, https:\/\/thebibleverses.org\/pt\/wp-content\/uploads\/2022\/06\/Versiculos-da-Biblia-sobre-Salvacao-300x185.webp 300w, https:\/\/thebibleverses.org\/pt\/wp-content\/uploads\/2022\/06\/Versiculos-da-Biblia-sobre-Salvacao-768x474.webp 768w, https:\/\/thebibleverses.org\/pt\/wp-content\/uploads\/2022\/06\/Versiculos-da-Biblia-sobre-Salvacao-320x197.webp 320w, https:\/\/thebibleverses.org\/pt\/wp-content\/uploads\/2022\/06\/Versiculos-da-Biblia-sobre-Salvacao-450x278.webp 450w, https:\/\/thebibleverses.org\/pt\/wp-content\/uploads\/2022\/06\/Versiculos-da-Biblia-sobre-Salvacao-720x444.webp 720w, https:\/\/thebibleverses.org\/pt\/wp-content\/uploads\/2022\/06\/Versiculos-da-Biblia-sobre-Salvacao.webp 1200w\" data-sizes=\"(max-width: 1024px) 100vw, 1024px\" src=\"data:image\/svg+xml;base64,PHN2ZyB3aWR0aD0iMSIgaGVpZ2h0PSIxIiB4bWxucz0iaHR0cDovL3d3dy53My5vcmcvMjAwMC9zdmciPjwvc3ZnPg==\" style=\"--smush-placeholder-width: 1024px; --smush-placeholder-aspect-ratio: 1024\/631;\" \/><figcaption>Vers\u00edculos da B\u00edblia sobre Salva\u00e7\u00e3o &#8211; Nova Vers\u00e3o Internacional (NVI-PT).<\/figcaption><\/figure><\/div>\n\n\n<h2 class=\"wp-block-heading\">Mateus 1:21 <\/h2>\n\n\n\n<p>Ela dar\u00e1 \u00e0 luz um filho, e voc\u00ea dever\u00e1 dar-lhe o nome de Jesus[a], porque ele salvar\u00e1 o seu povo dos seus pecados (Mt 1:21).<\/p>\n\n\n\n<h2 class=\"wp-block-heading\">Mateus 7:13-14 <\/h2>\n\n\n\n<p>Entrem pela porta estreita, pois larga \u00e9 a porta e amplo o caminho que leva \u00e0 perdi\u00e7\u00e3o, e s\u00e3o muitos os que entram por ela. Como \u00e9 estreita a porta, e apertado o caminho que leva \u00e0 vida! S\u00e3o poucos os que a encontram (Mt 7:13-14).<\/p>\n\n\n\n<h2 class=\"wp-block-heading\">Mateus 10:22 <\/h2>\n\n\n\n<p>Todos odiar\u00e3o voc\u00eas por minha causa, mas aquele que perseverar at\u00e9 o fim ser\u00e1 salvo (Mt 10:22).<\/p>\n\n\n\n<h2 class=\"wp-block-heading\">Marcos 16:16 <\/h2>\n\n\n\n<p>Quem crer e for batizado ser\u00e1 salvo, mas quem n\u00e3o crer ser\u00e1 condenado (Mr 16:16).<\/p>\n\n\n\n<h2 class=\"wp-block-heading\">Lucas 1:68-69 <\/h2>\n\n\n\n<p>Louvado seja o Senhor, o Deus de Israel, porque visitou e redimiu o seu povo. Ele promoveu poderosa salva\u00e7\u00e3o para n\u00f3s, na linhagem do seu servo Davi (Lc 1:68-69).<\/p>\n\n\n\n<h2 class=\"wp-block-heading\">Lucas 2:10-12 <\/h2>\n\n\n\n<p>Mas o anjo lhes disse: \u201cN\u00e3o tenham medo. Estou lhes trazendo boas novas de grande alegria, que s\u00e3o para todo o povo: Hoje, na cidade de Davi, lhes nasceu o Salvador, que \u00e9 Cristo, o Senhor. Isto lhes servir\u00e1 de sinal: encontrar\u00e3o o beb\u00ea envolto em panos e deitado numa manjedoura\u201d (Lc 2:10-12).<\/p>\n\n\n\n<h2 class=\"wp-block-heading\">Lucas 19:10 <\/h2>\n\n\n\n<p>Pois o Filho do homem veio buscar e salvar o que estava perdido (Lc 19:10).<\/p>\n\n\n\n<h2 class=\"wp-block-heading\">Jo\u00e3o 3:17 <\/h2>\n\n\n\n<p>Pois Deus enviou o seu Filho ao mundo, n\u00e3o para condenar o mundo, mas para que este fosse salvo por meio dele (Jo\u00e3o 3:17).<\/p>\n\n\n\n<h2 class=\"wp-block-heading\">Jo\u00e3o 10:9 <\/h2>\n\n\n\n<p>Eu sou a porta; quem entra por mim ser\u00e1 salvo. Entrar\u00e1 e sair\u00e1, e encontrar\u00e1 pastagem (Jo\u00e3o 10:9).<\/p>\n\n\n\n<h2 class=\"wp-block-heading\">Jo\u00e3o 14:6 <\/h2>\n\n\n\n<p>Respondeu Jesus: Eu sou o caminho, a verdade e a vida. Ningu\u00e9m vem ao Pai, a n\u00e3o ser por mim (Jo\u00e3o 14:6).<\/p>\n\n\n\n<h2 class=\"wp-block-heading\">Atos 2:21 <\/h2>\n\n\n\n<p>E todo aquele que invocar o nome do Senhor ser\u00e1 salvo! (Atos 2:21).<\/p>\n\n\n\n<h2 class=\"wp-block-heading\">Atos 4:12 <\/h2>\n\n\n\n<p>N\u00e3o h\u00e1 salva\u00e7\u00e3o em nenhum outro, pois, debaixo do c\u00e9u n\u00e3o h\u00e1 nenhum outro nome dado aos homens pelo qual devamos ser salvos (Atos 4:12).<\/p>\n\n\n\n<h2 class=\"wp-block-heading\">Atos 16:31 <\/h2>\n\n\n\n<p>Eles responderam: \u201cCreia no Senhor Jesus, e ser\u00e3o salvos, voc\u00ea e os de sua casa\u201d (Atos 16:31).<\/p>\n\n\n\n<h2 class=\"wp-block-heading\">Atos 13:47 <\/h2>\n\n\n\n<p>Pois assim o Senhor nos ordenou: Eu fiz de voc\u00ea luz para os gentios, para que voc\u00ea leve a salva\u00e7\u00e3o at\u00e9 aos confins da terra (Atos 13:47).<\/p>\n\n\n\n<h2 class=\"wp-block-heading\">Romanos 1:16 <\/h2>\n\n\n\n<p>N\u00e3o me envergonho do evangelho, porque \u00e9 o poder de Deus para a salva\u00e7\u00e3o de todo aquele que cr\u00ea: primeiro do judeu, depois do grego (Ro 1:16).<\/p>\n\n\n\n<h2 class=\"wp-block-heading\">Romanos 5:7-8 <\/h2>\n\n\n\n<p>Dificilmente haver\u00e1 algu\u00e9m que morra por um justo, embora pelo homem bom talvez algu\u00e9m tenha coragem de morrer. Mas Deus demonstra seu amor por n\u00f3s: Cristo morreu em nosso favor quando ainda \u00e9ramos pecadores (Ro 5:7-8).<\/p>\n\n\n\n<h2 class=\"wp-block-heading\">Romanos 5:10 <\/h2>\n\n\n\n<p>Se quando \u00e9ramos inimigos de Deus fomos reconciliados com ele mediante a morte de seu Filho, quanto mais agora, tendo sido reconciliados, seremos salvos por sua vida! (Ro 5:10).<\/p>\n\n\n\n<p>Romanos 10:9-10 <\/p>\n\n\n\n<p>Se voc\u00ea confessar com a sua boca que Jesus \u00e9 Senhor e crer em seu cora\u00e7\u00e3o que Deus o ressuscitou dentre os mortos, ser\u00e1 salvo. Pois com o cora\u00e7\u00e3o se cr\u00ea para justi\u00e7a, e com a boca se confessa para salva\u00e7\u00e3o (Ro 10:9-10).<\/p>\n\n\n\n<h2 class=\"wp-block-heading\">Romanos 10:13 <\/h2>\n\n\n\n<p>Porque \u201ctodo aquele que invocar o nome do Senhor ser\u00e1 salvo\u201d (Romanos 10:13).<\/p>\n\n\n\n<h2 class=\"wp-block-heading\">1 Cor\u00edntios 1:18 <\/h2>\n\n\n\n<p>Pois a mensagem da cruz \u00e9 loucura para os que est\u00e3o perecendo, mas para n\u00f3s, que estamos sendo salvos, \u00e9 o poder de Deus (1 Co 1:18).<\/p>\n\n\n\n<h2 class=\"wp-block-heading\">Ef\u00e9sios 2:8-9 <\/h2>\n\n\n\n<p>Pois voc\u00eas s\u00e3o salvos pela gra\u00e7a, por meio da f\u00e9, e isto n\u00e3o vem de voc\u00eas, \u00e9 dom de Deus; n\u00e3o por obras, para que ningu\u00e9m se glorie (Ef 2:8-9).<\/p>\n\n\n\n<h2 class=\"wp-block-heading\">2 Tim\u00f3teo 1:8-9 <\/h2>\n\n\n\n<p>Portanto, n\u00e3o se envergonhe de testemunhar do Senhor, nem de mim, que sou prisioneiro dele, mas suporte comigo os meus sofrimentos pelo evangelho, segundo o poder de Deus, que nos salvou e nos chamou com uma santa voca\u00e7\u00e3o, n\u00e3o em virtude das nossas obras, mas por causa da sua pr\u00f3pria determina\u00e7\u00e3o e gra\u00e7a. Esta gra\u00e7a nos foi dada em Cristo Jesus desde os tempos eternos (2 Ti 1:8-9).<\/p>\n\n\n\n<h2 class=\"wp-block-heading\">Tito 2:11-12 <\/h2>\n\n\n\n<p>Porque a gra\u00e7a de Deus se manifestou salvadora a todos os homens. Ela nos ensina a renunciar \u00e0 impiedade e \u00e0s paix\u00f5es mundanas e a viver de maneira sensata, justa e piedosa nesta era presente (Tit 2:11-12).<\/p>\n\n\n\n<h2 class=\"wp-block-heading\">Tito 3:5 <\/h2>\n\n\n\n<p>N\u00e3o por causa de atos de justi\u00e7a por n\u00f3s praticados, mas devido \u00e0 sua miseric\u00f3rdia, ele nos salvou pelo lavar regenerador e renovador do Esp\u00edrito Santo (Tit 3:5).<\/p>\n\n\n\n<h2 class=\"wp-block-heading\">Hebreus 7:25 <\/h2>\n\n\n\n<p>Portanto, ele \u00e9 capaz de salvar definitivamente aqueles que, por meio dele, aproximam-se de Deus, pois vive sempre para interceder por eles (Heb 7:25).<\/p>\n\n\n\n<h2 class=\"wp-block-heading\">Hebreus 9:28 <\/h2>\n\n\n\n<p>Assim tamb\u00e9m Cristo foi oferecido em sacrif\u00edcio uma \u00fanica vez, para tirar os pecados de muitos; e aparecer\u00e1 segunda vez, n\u00e3o para tirar o pecado, mas para trazer salva\u00e7\u00e3o aos que o aguardam (Heb 9:28).<\/p>\n\n\n\n<h2 class=\"wp-block-heading\">1 Pedro 1:8-9 <\/h2>\n\n\n\n<p>Mesmo n\u00e3o o tendo visto, voc\u00eas o amam; e apesar de n\u00e3o o verem agora, cr\u00eaem nele e exultam com alegria indiz\u00edvel e gloriosa, pois voc\u00eas est\u00e3o alcan\u00e7ando o alvo da sua f\u00e9, a salva\u00e7\u00e3o das suas almas (1 Pe 1:8-9).<\/p>\n\n\n\n<h2 class=\"wp-block-heading\">1 Jo\u00e3o 4:14 <\/h2>\n\n\n\n<p>E vimos e testemunhamos que o Pai enviou seu Filho para ser o Salvador do mundo (1 Jo\u00e3o 4:14).<\/p>\n\n\n\n<h2 class=\"wp-block-heading\">Apocalipse 7:10 <\/h2>\n\n\n\n<p>clamavam em alta voz: \u201cA salva\u00e7\u00e3o pertence ao nosso Deus, que se assenta no trono, e ao Cordeiro\u201d (Ap 7:10).<\/p>\n\n\n\n<h2 class=\"wp-block-heading\">Apocalipse 19:1 <\/h2>\n\n\n\n<p>Depois disso ouvi nos c\u00e9us algo semelhante \u00e0 voz de uma grande multid\u00e3o, que exclamava: Aleluia! A salva\u00e7\u00e3o, a gl\u00f3ria e o poder pertencem ao nosso Deus (Ap 19:1).<\/p>\n\n\n\n<h2 class=\"wp-block-heading\">Lee Tambi\u00e9n:<\/h2>\n\n\n\n<ul class=\"wp-block-list\"><li><a href=\"https:\/\/thebibleverses.org\/pt\/\">Vers\u00edculos por T\u00f3picos<\/a><\/li><li><a href=\"https:\/\/thebibleverses.org\/pt\/amor\/\">Vers\u00edculos da B\u00edblia sobre o Amor<\/a><\/li><li><a href=\"https:\/\/thebibleverses.org\/pt\/forca\/\">Vers\u00edculos da B\u00edblia sobre For\u00e7a<\/a><\/li><li><a href=\"https:\/\/thebibleverses.org\/pt\/fe\/\">Vers\u00edculos B\u00edblicos sobre F\u00e9<\/a><\/li><li><a href=\"https:\/\/thebibleverses.org\/pt\/jovens\/\">Vers\u00edculos da B\u00edblia para Jovens<\/a><\/li><li><a href=\"https:\/\/thebibleverses.org\/pt\/amizade\/\">Vers\u00edculos da B\u00edblia sobre Amizade<\/a><\/li><li><a href=\"https:\/\/thebibleverses.org\/pt\/cura\/\">Vers\u00edculos da B\u00edblia sobre Cura<\/a><\/li><\/ul>\n","protected":false},"excerpt":{"rendered":"<p>Mateus 1:21 Ela dar\u00e1 \u00e0 luz um filho, e voc\u00ea dever\u00e1 dar-lhe o nome de Jesus[a], porque ele salvar\u00e1 o seu povo dos seus pecados (Mt 1:21). Mateus 7:13-14 Entrem pela porta estreita, pois larga \u00e9 a porta e amplo o caminho que leva \u00e0 perdi\u00e7\u00e3o, e s\u00e3o muitos os que entram por ela. Como [&hellip;]<\/p>\n","protected":false},"author":1,"featured_media":1671,"parent":0,"menu_order":0,"comment_status":"open","ping_status":"closed","template":"","meta":{"footnotes":""},"class_list":["post-391","page","type-page","status-publish","has-post-thumbnail","hentry","entry","fw-tab-6 fw-tabr-4"],"_links":{"self":[{"href":"https:\/\/thebibleverses.org\/pt\/wp-json\/wp\/v2\/pages\/391","targetHints":{"allow":["GET"]}}],"collection":[{"href":"https:\/\/thebibleverses.org\/pt\/wp-json\/wp\/v2\/pages"}],"about":[{"href":"https:\/\/thebibleverses.org\/pt\/wp-json\/wp\/v2\/types\/page"}],"author":[{"embeddable":true,"href":"https:\/\/thebibleverses.org\/pt\/wp-json\/wp\/v2\/users\/1"}],"replies":[{"embeddable":true,"href":"https:\/\/thebibleverses.org\/pt\/wp-json\/wp\/v2\/comments?post=391"}],"version-history":[{"count":0,"href":"https:\/\/thebibleverses.org\/pt\/wp-json\/wp\/v2\/pages\/391\/revisions"}],"wp:featuredmedia":[{"embeddable":true,"href":"https:\/\/thebibleverses.org\/pt\/wp-json\/wp\/v2\/media\/1671"}],"wp:attachment":[{"href":"https:\/\/thebibleverses.org\/pt\/wp-json\/wp\/v2\/media?parent=391"}],"curies":[{"name":"wp","href":"https:\/\/api.w.org\/{rel}","templated":true}]}}