{"id":39,"date":"2019-10-02T19:33:54","date_gmt":"2019-10-02T19:33:54","guid":{"rendered":"https:\/\/thebibleverses.org\/pt\/?page_id=39"},"modified":"2022-06-25T17:06:55","modified_gmt":"2022-06-25T17:06:55","slug":"adoracao","status":"publish","type":"page","link":"https:\/\/thebibleverses.org\/pt\/adoracao\/","title":{"rendered":"30 Vers\u00edculos da B\u00edblia sobre Adora\u00e7\u00e3o"},"content":{"rendered":"<div class=\"wp-block-image\">\n<figure class=\"aligncenter size-large\"><img decoding=\"async\" width=\"1024\" height=\"631\" data-src=\"https:\/\/thebibleverses.org\/pt\/wp-content\/uploads\/2022\/06\/Versiculos-da-Biblia-sobre-Adoracao-1024x631.webp\" alt=\"Vers\u00edculos da B\u00edblia sobre Adora\u00e7\u00e3o\" class=\"wp-image-1490 lazyload\" data-srcset=\"https:\/\/thebibleverses.org\/pt\/wp-content\/uploads\/2022\/06\/Versiculos-da-Biblia-sobre-Adoracao-1024x631.webp 1024w, https:\/\/thebibleverses.org\/pt\/wp-content\/uploads\/2022\/06\/Versiculos-da-Biblia-sobre-Adoracao-300x185.webp 300w, https:\/\/thebibleverses.org\/pt\/wp-content\/uploads\/2022\/06\/Versiculos-da-Biblia-sobre-Adoracao-768x474.webp 768w, https:\/\/thebibleverses.org\/pt\/wp-content\/uploads\/2022\/06\/Versiculos-da-Biblia-sobre-Adoracao-320x197.webp 320w, https:\/\/thebibleverses.org\/pt\/wp-content\/uploads\/2022\/06\/Versiculos-da-Biblia-sobre-Adoracao-450x278.webp 450w, https:\/\/thebibleverses.org\/pt\/wp-content\/uploads\/2022\/06\/Versiculos-da-Biblia-sobre-Adoracao-720x444.webp 720w, https:\/\/thebibleverses.org\/pt\/wp-content\/uploads\/2022\/06\/Versiculos-da-Biblia-sobre-Adoracao.webp 1200w\" data-sizes=\"(max-width: 1024px) 100vw, 1024px\" src=\"data:image\/svg+xml;base64,PHN2ZyB3aWR0aD0iMSIgaGVpZ2h0PSIxIiB4bWxucz0iaHR0cDovL3d3dy53My5vcmcvMjAwMC9zdmciPjwvc3ZnPg==\" style=\"--smush-placeholder-width: 1024px; --smush-placeholder-aspect-ratio: 1024\/631;\" \/><figcaption>Vers\u00edculos da B\u00edblia sobre Adora\u00e7\u00e3o &#8211; Nova Vers\u00e3o Internacional (NVI-PT).<\/figcaption><\/figure><\/div>\n\n\n<h2 class=\"wp-block-heading\">G\u00eanesis 22:5 <\/h2>\n\n\n\n<p>Disse ele a seus servos: \u201cFiquem aqui com o jumento enquanto eu e o rapaz vamos at\u00e9 l\u00e1. Depois de adorarmos, voltaremos\u201d (G\u00ea 22:5).<\/p>\n\n\n\n<h2 class=\"wp-block-heading\">\u00caxodo 4:31 <\/h2>\n\n\n\n<p>E eles creram. Quando o povo soube que o Senhor decidira vir em seu aux\u00edlio, tendo visto a sua opress\u00e3o, curvou-se em adora\u00e7\u00e3o (\u00cax 4:31).<\/p>\n\n\n\n<h2 class=\"wp-block-heading\">\u00caxodo 33:10 <\/h2>\n\n\n\n<p>Quando o povo via a coluna de nuvem parada \u00e0 entrada da tenda, todos prestavam adora\u00e7\u00e3o em p\u00e9, cada qual na entrada de sua pr\u00f3pria tenda (\u00cax 33:10).<\/p>\n\n\n\n<h2 class=\"wp-block-heading\">Deuteron\u00f4mio 26:10 <\/h2>\n\n\n\n<p>E agora trago os primeiros frutos do solo que tu, \u00f3 Senhor, me deste\u2019. Ponham a cesta perante o Senhor, o seu Deus, e curvem-se perante ele (Dt 26:10).<\/p>\n\n\n\n<h2 class=\"wp-block-heading\">Ju\u00edzes 7:15 <\/h2>\n\n\n\n<p>Quando Gide\u00e3o ouviu o sonho e a sua interpreta\u00e7\u00e3o, adorou a Deus. Voltou para o acampamento de Israel e gritou: \u201cLevantem-se! O Senhor entregou o acampamento midianita nas m\u00e3os de voc\u00eas\u201d (Ju\u00ed 7:15)<\/p>\n\n\n\n<h2 class=\"wp-block-heading\">1 Samuel 1:28 <\/h2>\n\n\n\n<p>Por isso, agora, eu o dedico ao Senhor. Por toda a sua vida ser\u00e1 dedicado ao Senhor\u201d. E ali adorou o Senhor (1 Sa 1:28).<\/p>\n\n\n\n<h2 class=\"wp-block-heading\">2 Reis 17:36 <\/h2>\n\n\n\n<p>Mas o Senhor, que os tirou do Egito com grande poder e com bra\u00e7o forte, \u00e9 quem voc\u00eas adorar\u00e3o. Diante dele voc\u00eas se inclinar\u00e3o e lhe oferecer\u00e3o sacrif\u00edcios (2 Reis 17:36).<\/p>\n\n\n\n<h2 class=\"wp-block-heading\">1 Cr\u00f4nicas 16:29 <\/h2>\n\n\n\n<p>D\u00eaem ao Senhor a gl\u00f3ria devida ao seu nome. Tragam ofertas e venham \u00e0 sua presen\u00e7a. Adorem o Senhor no esplendor da sua santidade (1 Cr\u00f4 16:29).<\/p>\n\n\n\n<h2 class=\"wp-block-heading\">Neemias 8:6 <\/h2>\n\n\n\n<p>Esdras louvou o Senhor, o grande Deus, e todo o povo ergueu as m\u00e3os e respondeu: \u201cAm\u00e9m! Am\u00e9m!\u201d Ent\u00e3o eles adoraram o Senhor, prostrados, rosto em terra (Nee 8:6).<\/p>\n\n\n\n<h2 class=\"wp-block-heading\">J\u00f3 1:20 <\/h2>\n\n\n\n<p>Ao ouvir isso, J\u00f3 levantou-se, rasgou o manto e rapou a cabe\u00e7a. Ent\u00e3o prostrou-se, rosto em terra, em adora\u00e7\u00e3o (J\u00f3 1:20).<\/p>\n\n\n\n<h2 class=\"wp-block-heading\">Salmos 5:7 <\/h2>\n\n\n\n<p>Eu, por\u00e9m, pelo teu grande amor, entrarei em tua casa; com temor me inclinarei para o teu santo templo (Sal 5:7).<\/p>\n\n\n\n<h2 class=\"wp-block-heading\">Salmos 22:27 <\/h2>\n\n\n\n<p>Todos os confins da terra se lembrar\u00e3o e se voltar\u00e3o para o Senhor, e todas as fam\u00edlias das na\u00e7\u00f5es se prostrar\u00e3o diante dele (Sal 22:27).<\/p>\n\n\n\n<h2 class=\"wp-block-heading\">Salmos 29:2 <\/h2>\n\n\n\n<p>Atribuam ao Senhor a gl\u00f3ria que o seu nome merece; adorem o Senhor no esplendor do seu santu\u00e1rio (Sal 29:2).<\/p>\n\n\n\n<h2 class=\"wp-block-heading\">Salmos 86:9 <\/h2>\n\n\n\n<p>Todas as na\u00e7\u00f5es que tu formaste vir\u00e3o e te adorar\u00e3o, Senhor, e glorificar\u00e3o o teu nome (Sal 86:9).<\/p>\n\n\n\n<h2 class=\"wp-block-heading\">Salmos 95:6 <\/h2>\n\n\n\n<p>Venham! Adoremos prostrados e ajoelhemos diante do Senhor, o nosso Criador (Sal 95:6).<\/p>\n\n\n\n<h2 class=\"wp-block-heading\">Salmos 96:9 <\/h2>\n\n\n\n<p>Adorem o Senhor no esplendor da sua santidade; tremam diante dele todos os habitantes da terra (Sal 96:9).<\/p>\n\n\n\n<h2 class=\"wp-block-heading\">Salmos 99:5 <\/h2>\n\n\n\n<p>Exaltem o Senhor, o nosso Deus, prostrem-se diante do estrado dos seus p\u00e9s. Ele \u00e9 santo! (Sal 99:5).<\/p>\n\n\n\n<h2 class=\"wp-block-heading\">Zacarias 14:17 <\/h2>\n\n\n\n<p>Se algum dentre os povos da terra n\u00e3o subir a Jerusal\u00e9m para adorar o Rei, o Senhor dos Ex\u00e9rcitos, n\u00e3o vir\u00e1 para ele a chuva (Zc 14:17).<\/p>\n\n\n\n<h2 class=\"wp-block-heading\">Mateus 2:11 <\/h2>\n\n\n\n<p>Ao entrarem na casa, viram o menino com Maria, sua m\u00e3e, e, prostrando-se, o adoraram. Ent\u00e3o abriram os seus tesouros e lhe deram presentes: ouro, incenso e mirra (Mt 2:11).<\/p>\n\n\n\n<h2 class=\"wp-block-heading\">Mateus 4:10 <\/h2>\n\n\n\n<p>Jesus lhe disse: Retire-se, Satan\u00e1s! Pois est\u00e1 escrito: \u2018Adore o Senhor, o seu Deus, e s\u00f3 a ele preste culto\u2019 (Mt 4:10).<\/p>\n\n\n\n<h2 class=\"wp-block-heading\">Mateus 14:33 <\/h2>\n\n\n\n<p>Ent\u00e3o os que estavam no barco o adoraram, dizendo: \u201cVerdadeiramente tu \u00e9s o Filho de Deus\u201d (Mt 14:33).<\/p>\n\n\n\n<h2 class=\"wp-block-heading\">Mateus 28:9 <\/h2>\n\n\n\n<p>De repente, Jesus as encontrou e disse: \u201cSalve!\u201d Elas se aproximaram dele, abra\u00e7aram-lhe os p\u00e9s e o adoraram (Mt 28:9).<\/p>\n\n\n\n<h2 class=\"wp-block-heading\">Jo\u00e3o 4:24 <\/h2>\n\n\n\n<p>Deus \u00e9 esp\u00edrito, e \u00e9 necess\u00e1rio que os seus adoradores o adorem em esp\u00edrito e em verdade\u201d (Jo\u00e3o 4:24).<\/p>\n\n\n\n<h2 class=\"wp-block-heading\">Hebreus 1:6 <\/h2>\n\n\n\n<p>E ainda, quando Deus introduz o Primog\u00eanito no mundo, diz: \u201cTodos os anjos de Deus o adorem\u201d (Heb 1:6).<\/p>\n\n\n\n<h2 class=\"wp-block-heading\">Apocalipse 4:10-11 <\/h2>\n\n\n\n<p>Os vinte e quatro anci\u00e3os se prostram diante daquele que est\u00e1 assentado no trono e adoram aquele que vive para todo o sempre. Eles lan\u00e7am as suas coroas diante do trono, e dizem: \u201cTu, Senhor e Deus nosso, \u00e9s digno de receber a gl\u00f3ria, a honra e o poder, porque criaste todas as coisas, e por tua vontade elas existem e foram criadas\u201d (Ap 4:10-11).<\/p>\n\n\n\n<h2 class=\"wp-block-heading\">Apocalipse 5:8 <\/h2>\n\n\n\n<p>Ao receb\u00ea-lo, os quatro seres viventes e os vinte e quatro anci\u00e3os prostraram-se diante do Cordeiro. Cada um deles tinha uma harpa e ta\u00e7as de ouro cheias de incenso, que s\u00e3o as ora\u00e7\u00f5es dos santos (Ap 5:8).<\/p>\n\n\n\n<h2 class=\"wp-block-heading\">Apocalipse 7:11 <\/h2>\n\n\n\n<p>Todos os anjos estavam em p\u00e9 ao redor do trono, dos anci\u00e3os e dos quatro seres viventes. Eles se prostraram com o rosto em terra diante do trono e adoraram a Deus (Ap 7:11).<\/p>\n\n\n\n<h2 class=\"wp-block-heading\">Apocalipse 11:16 <\/h2>\n\n\n\n<p>Os vinte e quatro anci\u00e3os que estavam assentados em seus tronos diante de Deus prostraram-se sobre seus rostos e adoraram a Deus (Ap 11:16). <\/p>\n\n\n\n<h2 class=\"wp-block-heading\">Apocalipse 14:6-7 <\/h2>\n\n\n\n<p>Ent\u00e3o vi outro anjo, que voava pelo c\u00e9u e tinha na m\u00e3o o evangelho eterno para proclamar aos que habitam na terra, a toda na\u00e7\u00e3o, tribo, l\u00edngua e povo. Ele disse em alta voz: \u201cTemam a Deus e glorifiquem-no, pois chegou a hora do seu ju\u00edzo. Adorem aquele que fez os c\u00e9us, a terra, o mar e as fontes das \u00e1guas\u201d (Ap 14:6-7).<\/p>\n\n\n\n<h2 class=\"wp-block-heading\">Lee Tambi\u00e9n:<\/h2>\n\n\n\n<ul class=\"wp-block-list\"><li><a href=\"https:\/\/thebibleverses.org\/pt\/\">Vers\u00edculos por T\u00f3picos<\/a><\/li><li><a href=\"https:\/\/thebibleverses.org\/pt\/amor\/\">Vers\u00edculos da B\u00edblia sobre o Amor<\/a><\/li><li><a href=\"https:\/\/thebibleverses.org\/pt\/forca\/\">Vers\u00edculos da B\u00edblia sobre For\u00e7a<\/a><\/li><li><a href=\"https:\/\/thebibleverses.org\/pt\/fe\/\">Vers\u00edculos B\u00edblicos sobre F\u00e9<\/a><\/li><li><a href=\"https:\/\/thebibleverses.org\/pt\/jovens\/\">Vers\u00edculos da B\u00edblia para Jovens<\/a><\/li><li><a href=\"https:\/\/thebibleverses.org\/pt\/amizade\/\">Vers\u00edculos da B\u00edblia sobre Amizade<\/a><\/li><li><a href=\"https:\/\/thebibleverses.org\/pt\/cura\/\">Vers\u00edculos da B\u00edblia sobre Cura<\/a><\/li><\/ul>\n","protected":false},"excerpt":{"rendered":"<p>G\u00eanesis 22:5 Disse ele a seus servos: \u201cFiquem aqui com o jumento enquanto eu e o rapaz vamos at\u00e9 l\u00e1. Depois de adorarmos, voltaremos\u201d (G\u00ea 22:5). \u00caxodo 4:31 E eles creram. Quando o povo soube que o Senhor decidira vir em seu aux\u00edlio, tendo visto a sua opress\u00e3o, curvou-se em adora\u00e7\u00e3o (\u00cax 4:31). \u00caxodo 33:10 [&hellip;]<\/p>\n","protected":false},"author":1,"featured_media":1490,"parent":0,"menu_order":0,"comment_status":"open","ping_status":"closed","template":"","meta":{"footnotes":""},"class_list":["post-39","page","type-page","status-publish","has-post-thumbnail","hentry","entry","fw-tab-6 fw-tabr-4"],"_links":{"self":[{"href":"https:\/\/thebibleverses.org\/pt\/wp-json\/wp\/v2\/pages\/39","targetHints":{"allow":["GET"]}}],"collection":[{"href":"https:\/\/thebibleverses.org\/pt\/wp-json\/wp\/v2\/pages"}],"about":[{"href":"https:\/\/thebibleverses.org\/pt\/wp-json\/wp\/v2\/types\/page"}],"author":[{"embeddable":true,"href":"https:\/\/thebibleverses.org\/pt\/wp-json\/wp\/v2\/users\/1"}],"replies":[{"embeddable":true,"href":"https:\/\/thebibleverses.org\/pt\/wp-json\/wp\/v2\/comments?post=39"}],"version-history":[{"count":0,"href":"https:\/\/thebibleverses.org\/pt\/wp-json\/wp\/v2\/pages\/39\/revisions"}],"wp:featuredmedia":[{"embeddable":true,"href":"https:\/\/thebibleverses.org\/pt\/wp-json\/wp\/v2\/media\/1490"}],"wp:attachment":[{"href":"https:\/\/thebibleverses.org\/pt\/wp-json\/wp\/v2\/media?parent=39"}],"curies":[{"name":"wp","href":"https:\/\/api.w.org\/{rel}","templated":true}]}}