{"id":384,"date":"2019-12-10T17:20:10","date_gmt":"2019-12-10T17:20:10","guid":{"rendered":"https:\/\/thebibleverses.org\/pt\/?page_id=384"},"modified":"2022-06-26T22:47:55","modified_gmt":"2022-06-26T22:47:55","slug":"sabedoria","status":"publish","type":"page","link":"https:\/\/thebibleverses.org\/pt\/sabedoria\/","title":{"rendered":"30 Vers\u00edculos da B\u00edblia sobre Sabedoria"},"content":{"rendered":"<div class=\"wp-block-image\">\n<figure class=\"aligncenter size-large\"><img decoding=\"async\" width=\"1024\" height=\"631\" data-src=\"https:\/\/thebibleverses.org\/pt\/wp-content\/uploads\/2022\/06\/Versiculos-da-Biblia-sobre-Sabedoria-1024x631.webp\" alt=\"Vers\u00edculos da B\u00edblia sobre Sabedoria\" class=\"wp-image-1667 lazyload\" data-srcset=\"https:\/\/thebibleverses.org\/pt\/wp-content\/uploads\/2022\/06\/Versiculos-da-Biblia-sobre-Sabedoria-1024x631.webp 1024w, https:\/\/thebibleverses.org\/pt\/wp-content\/uploads\/2022\/06\/Versiculos-da-Biblia-sobre-Sabedoria-300x185.webp 300w, https:\/\/thebibleverses.org\/pt\/wp-content\/uploads\/2022\/06\/Versiculos-da-Biblia-sobre-Sabedoria-768x474.webp 768w, https:\/\/thebibleverses.org\/pt\/wp-content\/uploads\/2022\/06\/Versiculos-da-Biblia-sobre-Sabedoria-320x197.webp 320w, https:\/\/thebibleverses.org\/pt\/wp-content\/uploads\/2022\/06\/Versiculos-da-Biblia-sobre-Sabedoria-450x278.webp 450w, https:\/\/thebibleverses.org\/pt\/wp-content\/uploads\/2022\/06\/Versiculos-da-Biblia-sobre-Sabedoria-720x444.webp 720w, https:\/\/thebibleverses.org\/pt\/wp-content\/uploads\/2022\/06\/Versiculos-da-Biblia-sobre-Sabedoria.webp 1200w\" data-sizes=\"(max-width: 1024px) 100vw, 1024px\" src=\"data:image\/svg+xml;base64,PHN2ZyB3aWR0aD0iMSIgaGVpZ2h0PSIxIiB4bWxucz0iaHR0cDovL3d3dy53My5vcmcvMjAwMC9zdmciPjwvc3ZnPg==\" style=\"--smush-placeholder-width: 1024px; --smush-placeholder-aspect-ratio: 1024\/631;\" \/><figcaption>Vers\u00edculos da B\u00edblia sobre Sabedoria &#8211; Nova Vers\u00e3o Internacional (NVI-PT).<\/figcaption><\/figure><\/div>\n\n\n<h2 class=\"wp-block-heading\">J\u00f3 12:13 <\/h2>\n\n\n\n<p>Deus \u00e9 que tem sabedoria e poder; a ele pertencem o conselho e o entendimento (J\u00f3 12:13).<\/p>\n\n\n\n<h2 class=\"wp-block-heading\">J\u00f3 28:28 <\/h2>\n\n\n\n<p>Disse ent\u00e3o ao homem: No temor do Senhor est\u00e1 a sabedoria, e evitar o mal \u00e9 ter entendimento (J\u00f3 28:28).<\/p>\n\n\n\n<h2 class=\"wp-block-heading\">Salmos 104:24 <\/h2>\n\n\n\n<p>Quantas s\u00e3o as tuas obras, Senhor! Fizeste todas elas com sabedoria! A terra est\u00e1 cheia de seres que criaste (Sal 104:24).<\/p>\n\n\n\n<h2 class=\"wp-block-heading\">Salmos 111:10 <\/h2>\n\n\n\n<p>O temor do Senhor \u00e9 o princ\u00edpio da sabedoria; todos os que cumprem os seus preceitos revelam bom senso. Ele ser\u00e1 louvado para sempre! (Sal 111:10).<\/p>\n\n\n\n<h2 class=\"wp-block-heading\">Prov\u00e9rbios 1:7 <\/h2>\n\n\n\n<p>O temor do Senhor \u00e9 o princ\u00edpio do conhecimento, mas os insensatos desprezam a sabedoria e a disciplina (Pr 1:7).<\/p>\n\n\n\n<h2 class=\"wp-block-heading\">Prov\u00e9rbios 2:6 <\/h2>\n\n\n\n<p>Pois o Senhor \u00e9 quem d\u00e1 sabedoria; de sua boca procedem o conhecimento e o discernimento (Pr 2:6).<\/p>\n\n\n\n<h2 class=\"wp-block-heading\">Prov\u00e9rbios 3:13 <\/h2>\n\n\n\n<p>Como \u00e9 feliz o homem que acha a sabedoria, o homem que obt\u00e9m entendimento (Prov\u00e9rbios 3:13).<\/p>\n\n\n\n<h2 class=\"wp-block-heading\">Prov\u00e9rbios 3:19 <\/h2>\n\n\n\n<p>Por sua sabedoria o Senhor lan\u00e7ou os alicerces da terra, por seu entendimento fixou no lugar os c\u00e9us (Pr 3:19).<\/p>\n\n\n\n<h2 class=\"wp-block-heading\">Prov\u00e9rbios 4:5 <\/h2>\n\n\n\n<p>Procure obter sabedoria e entendimento; n\u00e3o se esque\u00e7a das minhas palavras nem delas se afaste (Pr 4:5).<\/p>\n\n\n\n<h2 class=\"wp-block-heading\">Prov\u00e9rbios 4:7 <\/h2>\n\n\n\n<p>O conselho da sabedoria \u00e9: Procure obter sabedoria; use tudo o que voc\u00ea possui para adquirir entendimento (Pr 4:7).<\/p>\n\n\n\n<h2 class=\"wp-block-heading\">Prov\u00e9rbios 8:11 <\/h2>\n\n\n\n<p>Pois a sabedoria \u00e9 mais preciosa do que rubis; nada do que voc\u00eas possam desejar compara-se a ela (Pr 8:11).<\/p>\n\n\n\n<h2 class=\"wp-block-heading\">Prov\u00e9rbios 9:10 <\/h2>\n\n\n\n<p>O temor do Senhor \u00e9 o princ\u00edpio da sabedoria, e o conhecimento do Santo \u00e9 entendimento (Pr 9:10).<\/p>\n\n\n\n<h2 class=\"wp-block-heading\">Prov\u00e9rbios 11:2 <\/h2>\n\n\n\n<p>Quando vem o orgulho, chega a desgra\u00e7a, mas a sabedoria est\u00e1 com os humildes (Pr 11:2).<\/p>\n\n\n\n<h2 class=\"wp-block-heading\">Eclesiastes 2:13 <\/h2>\n\n\n\n<p>Percebi que a sabedoria \u00e9 melhor que a insensatez, assim como a luz \u00e9 melhor do que as trevas (Ecl 2:13).<\/p>\n\n\n\n<h2 class=\"wp-block-heading\">Eclesiastes 7:19 <\/h2>\n\n\n\n<p>A sabedoria torna o s\u00e1bio mais poderoso que uma cidade guardada por dez valentes (Ecl 7:19).<\/p>\n\n\n\n<h2 class=\"wp-block-heading\">Isa\u00edas 11:2 <\/h2>\n\n\n\n<p>O Esp\u00edrito do Senhor repousar\u00e1 sobre ele, o Esp\u00edrito que d\u00e1 sabedoria e entendimento, o Esp\u00edrito que traz conselho e poder, o Esp\u00edrito que d\u00e1 conhecimento e temor do Senhor (Is 11:2).<\/p>\n\n\n\n<h2 class=\"wp-block-heading\">Daniel 2:20 <\/h2>\n\n\n\n<p>E disse: Louvado seja o nome de Deus para todo o sempre; a sabedoria e o poder a ele pertencem (Da 2:20).<\/p>\n\n\n\n<h2 class=\"wp-block-heading\">Daniel 2:21 <\/h2>\n\n\n\n<p>Ele muda as \u00e9pocas e as esta\u00e7\u00f5es; destrona reis e os estabelece. D\u00e1 sabedoria aos s\u00e1bios e conhecimento aos que sabem discernir (Da 2:21).<\/p>\n\n\n\n<h2 class=\"wp-block-heading\">Mateus 13:54 <\/h2>\n\n\n\n<p>Chegando \u00e0 sua cidade, come\u00e7ou a ensinar o povo na sinagoga. Todos ficaram admirados e perguntavam: De onde lhe v\u00eam esta sabedoria e estes poderes miraculosos? (Mt 13:54).<\/p>\n\n\n\n<h2 class=\"wp-block-heading\">Lucas 2:40 <\/h2>\n\n\n\n<p>O menino crescia e se fortalecia, enchendo-se de sabedoria; e a gra\u00e7a de Deus estava sobre ele (Lc 2:40).<\/p>\n\n\n\n<h2 class=\"wp-block-heading\">Lucas 21:15 <\/h2>\n\n\n\n<p>Pois eu lhes darei palavras e sabedoria a que nenhum dos seus advers\u00e1rios ser\u00e1 capaz de resistir ou contradizer (Lc 21:15).<\/p>\n\n\n\n<h2 class=\"wp-block-heading\">Romanos 11:33 <\/h2>\n\n\n\n<p>\u00d3 profundidade da riqueza da sabedoria e do conhecimento de Deus! Qu\u00e3o insond\u00e1veis s\u00e3o os seus ju\u00edzos e inescrut\u00e1veis os seus caminhos! (Ro 11:33).<\/p>\n\n\n\n<h2 class=\"wp-block-heading\">Romanos 16:27 <\/h2>\n\n\n\n<p>Sim, ao \u00fanico Deus s\u00e1bio seja dada gl\u00f3ria para todo o sempre, por meio de Jesus Cristo. Am\u00e9m (Ro 16:27).<\/p>\n\n\n\n<h2 class=\"wp-block-heading\">1 Cor\u00edntios 1:24 <\/h2>\n\n\n\n<p>Mas para os que foram chamados, tanto judeus como gregos, Cristo \u00e9 o poder de Deus e a sabedoria de Deus (1 Co 1:24).<\/p>\n\n\n\n<h2 class=\"wp-block-heading\">1 Cor\u00edntios 1:25 <\/h2>\n\n\n\n<p>Porque a loucura de Deus \u00e9 mais s\u00e1bia que a sabedoria humana, e a fraqueza de Deus \u00e9 mais forte que a for\u00e7a do homem (1 Co 1:25).<\/p>\n\n\n\n<h2 class=\"wp-block-heading\">1 Cor\u00edntios 2:6-7 <\/h2>\n\n\n\n<p>Entretanto, falamos de sabedoria entre os que j\u00e1 t\u00eam maduridade, mas n\u00e3o da sabedoria desta era ou dos poderosos desta era, que est\u00e3o sendo reduzidos a nada. Ao contr\u00e1rio, falamos da sabedoria de Deus, do mist\u00e9rio que estava oculto, o qual Deus preordenou, antes do princ\u00edpio das eras, para a nossa gl\u00f3ria (1 Co 2:6-7).<\/p>\n\n\n\n<h2 class=\"wp-block-heading\">1 Cor\u00edntios 12:8 <\/h2>\n\n\n\n<p>Pelo Esp\u00edrito, a um \u00e9 dada a palavra de sabedoria; a outro, pelo mesmo Esp\u00edrito, a palavra de conhecimento (1 Co 12:8).<\/p>\n\n\n\n<h2 class=\"wp-block-heading\">Colossenses 2:3 <\/h2>\n\n\n\n<p>Nele est\u00e3o escondidos todos os tesouros da sabedoria e do conhecimento (Col 2:3).<\/p>\n\n\n\n<h2 class=\"wp-block-heading\">Tiago 1:5 <\/h2>\n\n\n\n<p>Se algum de voc\u00eas tem falta de sabedoria, pe\u00e7a-a a Deus, que a todos d\u00e1 livremente, de boa vontade; e lhe ser\u00e1 concedida (Tiago 1:5).<\/p>\n\n\n\n<h2 class=\"wp-block-heading\">Tiago 3:17 <\/h2>\n\n\n\n<p>Mas a sabedoria que vem do alto \u00e9 antes de tudo pura; depois, pac\u00edfica, am\u00e1vel, compreensiva, cheia de miseric\u00f3rdia e de bons frutos, imparcial e sincera (Tiago 3:17).<\/p>\n\n\n\n<h2 class=\"wp-block-heading\">Lee Tambi\u00e9n:<\/h2>\n\n\n\n<ul class=\"wp-block-list\"><li><a href=\"https:\/\/thebibleverses.org\/pt\/\">Vers\u00edculos por T\u00f3picos<\/a><\/li><li><a href=\"https:\/\/thebibleverses.org\/pt\/amor\/\">Vers\u00edculos da B\u00edblia sobre o Amor<\/a><\/li><li><a href=\"https:\/\/thebibleverses.org\/pt\/forca\/\">Vers\u00edculos da B\u00edblia sobre For\u00e7a<\/a><\/li><li><a href=\"https:\/\/thebibleverses.org\/pt\/fe\/\">Vers\u00edculos B\u00edblicos sobre F\u00e9<\/a><\/li><li><a href=\"https:\/\/thebibleverses.org\/pt\/jovens\/\">Vers\u00edculos da B\u00edblia para Jovens<\/a><\/li><li><a href=\"https:\/\/thebibleverses.org\/pt\/amizade\/\">Vers\u00edculos da B\u00edblia sobre Amizade<\/a><\/li><li><a href=\"https:\/\/thebibleverses.org\/pt\/cura\/\">Vers\u00edculos da B\u00edblia sobre Cura<\/a><\/li><\/ul>\n","protected":false},"excerpt":{"rendered":"<p>J\u00f3 12:13 Deus \u00e9 que tem sabedoria e poder; a ele pertencem o conselho e o entendimento (J\u00f3 12:13). J\u00f3 28:28 Disse ent\u00e3o ao homem: No temor do Senhor est\u00e1 a sabedoria, e evitar o mal \u00e9 ter entendimento (J\u00f3 28:28). Salmos 104:24 Quantas s\u00e3o as tuas obras, Senhor! Fizeste todas elas com sabedoria! A [&hellip;]<\/p>\n","protected":false},"author":1,"featured_media":1667,"parent":0,"menu_order":0,"comment_status":"open","ping_status":"closed","template":"","meta":{"footnotes":""},"class_list":["post-384","page","type-page","status-publish","has-post-thumbnail","hentry","entry","fw-tab-6 fw-tabr-4"],"_links":{"self":[{"href":"https:\/\/thebibleverses.org\/pt\/wp-json\/wp\/v2\/pages\/384","targetHints":{"allow":["GET"]}}],"collection":[{"href":"https:\/\/thebibleverses.org\/pt\/wp-json\/wp\/v2\/pages"}],"about":[{"href":"https:\/\/thebibleverses.org\/pt\/wp-json\/wp\/v2\/types\/page"}],"author":[{"embeddable":true,"href":"https:\/\/thebibleverses.org\/pt\/wp-json\/wp\/v2\/users\/1"}],"replies":[{"embeddable":true,"href":"https:\/\/thebibleverses.org\/pt\/wp-json\/wp\/v2\/comments?post=384"}],"version-history":[{"count":0,"href":"https:\/\/thebibleverses.org\/pt\/wp-json\/wp\/v2\/pages\/384\/revisions"}],"wp:featuredmedia":[{"embeddable":true,"href":"https:\/\/thebibleverses.org\/pt\/wp-json\/wp\/v2\/media\/1667"}],"wp:attachment":[{"href":"https:\/\/thebibleverses.org\/pt\/wp-json\/wp\/v2\/media?parent=384"}],"curies":[{"name":"wp","href":"https:\/\/api.w.org\/{rel}","templated":true}]}}