{"id":369,"date":"2019-12-10T02:00:19","date_gmt":"2019-12-10T02:00:19","guid":{"rendered":"https:\/\/thebibleverses.org\/pt\/?page_id=369"},"modified":"2022-06-26T22:43:04","modified_gmt":"2022-06-26T22:43:04","slug":"ressurreicao","status":"publish","type":"page","link":"https:\/\/thebibleverses.org\/pt\/ressurreicao\/","title":{"rendered":"42 Vers\u00edculos da B\u00edblia sobre Ressurrei\u00e7\u00e3o"},"content":{"rendered":"<div class=\"wp-block-image\">\n<figure class=\"aligncenter size-large\"><img decoding=\"async\" width=\"1024\" height=\"631\" data-src=\"https:\/\/thebibleverses.org\/pt\/wp-content\/uploads\/2022\/06\/Versiculos-da-Biblia-sobre-Ressurreicao-1024x631.webp\" alt=\"Vers\u00edculos da B\u00edblia sobre Ressurrei\u00e7\u00e3o\" class=\"wp-image-1662 lazyload\" data-srcset=\"https:\/\/thebibleverses.org\/pt\/wp-content\/uploads\/2022\/06\/Versiculos-da-Biblia-sobre-Ressurreicao-1024x631.webp 1024w, https:\/\/thebibleverses.org\/pt\/wp-content\/uploads\/2022\/06\/Versiculos-da-Biblia-sobre-Ressurreicao-300x185.webp 300w, https:\/\/thebibleverses.org\/pt\/wp-content\/uploads\/2022\/06\/Versiculos-da-Biblia-sobre-Ressurreicao-768x474.webp 768w, https:\/\/thebibleverses.org\/pt\/wp-content\/uploads\/2022\/06\/Versiculos-da-Biblia-sobre-Ressurreicao-320x197.webp 320w, https:\/\/thebibleverses.org\/pt\/wp-content\/uploads\/2022\/06\/Versiculos-da-Biblia-sobre-Ressurreicao-450x278.webp 450w, https:\/\/thebibleverses.org\/pt\/wp-content\/uploads\/2022\/06\/Versiculos-da-Biblia-sobre-Ressurreicao-720x444.webp 720w, https:\/\/thebibleverses.org\/pt\/wp-content\/uploads\/2022\/06\/Versiculos-da-Biblia-sobre-Ressurreicao.webp 1200w\" data-sizes=\"(max-width: 1024px) 100vw, 1024px\" src=\"data:image\/svg+xml;base64,PHN2ZyB3aWR0aD0iMSIgaGVpZ2h0PSIxIiB4bWxucz0iaHR0cDovL3d3dy53My5vcmcvMjAwMC9zdmciPjwvc3ZnPg==\" style=\"--smush-placeholder-width: 1024px; --smush-placeholder-aspect-ratio: 1024\/631;\" \/><figcaption>Vers\u00edculos da B\u00edblia sobre a Ressurrei\u00e7\u00e3o &#8211; Nova Vers\u00e3o Internacional (NVI-PT).<\/figcaption><\/figure><\/div>\n\n\n<h2 class=\"wp-block-heading\">1 Reis 17:22 <\/h2>\n\n\n\n<p>O Senhor ouviu o clamor de Elias, e a vida voltou ao menino, e ele viveu (1 Reis 17:22).<\/p>\n\n\n\n<h2 class=\"wp-block-heading\">2 Reis 4:35 <\/h2>\n\n\n\n<p>Eliseu levantou-se e come\u00e7ou a andar pelo quarto; depois subiu na cama e debru\u00e7ou-se mais uma vez sobre ele. O menino espirrou sete vezes e abriu os olhos (2 Reis 4:35).<\/p>\n\n\n\n<h2 class=\"wp-block-heading\">2 Reis 13:21 <\/h2>\n\n\n\n<p>Certa vez, enquanto alguns israelitas sepultavam um homem, viram de repente uma dessas tropas; ent\u00e3o jogaram o corpo do homem no t\u00famulo de Eliseu e fugiram. Assim que o cad\u00e1ver encostou nos ossos de Eliseu, o homem voltou \u00e0 vida e se levantou (2 Reis 13:21).<\/p>\n\n\n\n<h2 class=\"wp-block-heading\">Salmos 16:10 <\/h2>\n\n\n\n<p>Porque tu n\u00e3o me abandonar\u00e1s no sepulcro, nem permitir\u00e1s que o teu santo sofra decomposi\u00e7\u00e3o (Sal 16:10).<\/p>\n\n\n\n<h2 class=\"wp-block-heading\">Salmos 17:15 <\/h2>\n\n\n\n<p>Quanto a mim, feita a justi\u00e7a, verei a tua face; quando despertar, ficarei satisfeito ao ver a tua semelhan\u00e7a (Sal 17:15).<\/p>\n\n\n\n<h2 class=\"wp-block-heading\">Salmos 49:15 <\/h2>\n\n\n\n<p>Mas Deus redimir\u00e1 a minha vida da sepultura e me levar\u00e1 para si (Sal 49:15).<\/p>\n\n\n\n<h2 class=\"wp-block-heading\">Salmos 71:20 <\/h2>\n\n\n\n<p>Tu, que me fizeste passar muitas e duras tribula\u00e7\u00f5es, restaurar\u00e1s a minha vida, e das profundezas da terra de novo me far\u00e1s subir (Sal 71:20).<\/p>\n\n\n\n<h2 class=\"wp-block-heading\">Isa\u00edas 26:19 <\/h2>\n\n\n\n<p>Mas os teus mortos viver\u00e3o; seus corpos ressuscitar\u00e3o. Voc\u00eas, que voltaram ao p\u00f3, acordem e cantem de alegria. O teu orvalho \u00e9 orvalho de luz; a terra dar\u00e1 \u00e0 luz os seus mortos (Is 26:19).<\/p>\n\n\n\n<h2 class=\"wp-block-heading\">Daniel 12:2 <\/h2>\n\n\n\n<p>Multid\u00f5es que dormem no p\u00f3 da terra acordar\u00e3o: uns para a vida eterna, outros para a vergonha, para o desprezo eterno (Da 12:2).<\/p>\n\n\n\n<h2 class=\"wp-block-heading\">Os\u00e9ias 13:14 <\/h2>\n\n\n\n<p>Eu os redimirei do poder da sepultura; eu os resgatarei da morte. Onde est\u00e3o, \u00f3 morte, as suas pragas? Onde est\u00e1, \u00f3 sepultura, a sua destrui\u00e7\u00e3o? N\u00e3o terei compaix\u00e3o alguma (Os 13:14).<\/p>\n\n\n\n<h2 class=\"wp-block-heading\">Mateus 16:21 <\/h2>\n\n\n\n<p>Desde aquele momento Jesus come\u00e7ou a explicar aos seus disc\u00edpulos que era necess\u00e1rio que ele fosse para Jerusal\u00e9m e sofresse muitas coisas nas m\u00e3os dos l\u00edderes religiosos, dos chefes dos sacerdotes e dos mestres da lei, e fosse morto e ressuscitasse no terceiro dia (Mt 16:21).<\/p>\n\n\n\n<h2 class=\"wp-block-heading\">Mateus 17:22-23 <\/h2>\n\n\n\n<p>Reunindo-se eles na Galil\u00e9ia, Jesus lhes disse: \u201cO Filho do homem ser\u00e1 entregue nas m\u00e3os dos homens. Eles o matar\u00e3o, e no terceiro dia ele ressuscitar\u00e1\u201d. E os disc\u00edpulos ficaram cheios de tristeza (Mt 17:22-23).<\/p>\n\n\n\n<h2 class=\"wp-block-heading\">Mateus 22:31-32 <\/h2>\n\n\n\n<p>E quanto \u00e0 ressurrei\u00e7\u00e3o dos mortos, voc\u00eas n\u00e3o leram o que Deus lhes disse: \u2018Eu sou o Deus de Abra\u00e3o, o Deus de Isaque e o Deus de Jac\u00f3\u2019? Ele n\u00e3o \u00e9 Deus de mortos, mas de vivos! (Mt 22:31-32).<\/p>\n\n\n\n<h2 class=\"wp-block-heading\">Mateus 26:32 <\/h2>\n\n\n\n<p>Mas, depois de ressuscitar, irei adiante de voc\u00eas para a Galil\u00e9ia (Mt 26:32).<\/p>\n\n\n\n<h2 class=\"wp-block-heading\">Mateus 27:52 <\/h2>\n\n\n\n<p>Os sepulcros se abriram, e os corpos de muitos santos que tinham morrido foram ressuscitados (Mt 27:52).<\/p>\n\n\n\n<h2 class=\"wp-block-heading\">Mateus 28:5-6 <\/h2>\n\n\n\n<p>O anjo disse \u00e0s mulheres: N\u00e3o tenham medo! Sei que voc\u00eas est\u00e3o procurando Jesus, que foi crucificado. Ele n\u00e3o est\u00e1 aqui; ressuscitou, como tinha dito. Venham ver o lugar onde ele jazia (Mt 28:5-6).<\/p>\n\n\n\n<h2 class=\"wp-block-heading\">Marcos 5:41-42 <\/h2>\n\n\n\n<p>Tomou-a pela m\u00e3o e lhe disse: \u201cTalita cumi!\u201d, que significa \u201cmenina, eu lhe ordeno, levante-se!\u201d. Imediatamente a menina, que tinha doze anos de idade, levantou-se e come\u00e7ou a andar. Isso os deixou at\u00f4nitos (Mr 5:41-42).<\/p>\n\n\n\n<h2 class=\"wp-block-heading\">Marcos 16:9 <\/h2>\n\n\n\n<p>Quando Jesus ressuscitou, na madrugada do primeiro dia da semana, apareceu primeiramente a Maria Madalena, de quem havia expulsado sete dem\u00f4nios (Mr 16:9).<\/p>\n\n\n\n<h2 class=\"wp-block-heading\">Lucas 7:14-15 <\/h2>\n\n\n\n<p>Depois, aproximou-se e tocou no caix\u00e3o, e os que o carregavam pararam. Jesus disse: \u201cJovem, eu lhe digo, levante-se!\u201d O jovem sentou-se e come\u00e7ou a conversar, e Jesus o entregou \u00e0 sua m\u00e3e (Lc 7:14-15).<\/p>\n\n\n\n<h2 class=\"wp-block-heading\">Jo\u00e3o 5:25 <\/h2>\n\n\n\n<p>Eu lhes afirmo que est\u00e1 chegando a hora, e j\u00e1 chegou, em que os mortos ouvir\u00e3o a voz do Filho de Deus, e aqueles que a ouvirem, viver\u00e3o (Jo\u00e3o 5:25).<\/p>\n\n\n\n<h2 class=\"wp-block-heading\">Jo\u00e3o 5:28 <\/h2>\n\n\n\n<p>N\u00e3o fiquem admirados com isto, pois est\u00e1 chegando a hora em que todos os que estiverem nos t\u00famulos ouvir\u00e3o a sua voz (Jo\u00e3o 5:28).<\/p>\n\n\n\n<h2 class=\"wp-block-heading\">Jo\u00e3o 5:29 <\/h2>\n\n\n\n<p>e sair\u00e3o; os que fizeram o bem ressuscitar\u00e3o para a vida, e os que fizeram o mal ressuscitar\u00e3o para serem condenados (Jo\u00e3o 5:29).<\/p>\n\n\n\n<h2 class=\"wp-block-heading\">Jo\u00e3o 6:40 <\/h2>\n\n\n\n<p>Porque a vontade de meu Pai \u00e9 que todo aquele que olhar para o Filho e nele crer tenha a vida eterna, e eu o ressuscitarei no \u00faltimo dia (Jo\u00e3o 6:40).<\/p>\n\n\n\n<h2 class=\"wp-block-heading\">Jo\u00e3o 11:25 <\/h2>\n\n\n\n<p>Disse-lhe Jesus: Eu sou a ressurrei\u00e7\u00e3o e a vida. Aquele que cr\u00ea em mim, ainda que morra, viver\u00e1 (Jo\u00e3o 11:25).<\/p>\n\n\n\n<h2 class=\"wp-block-heading\">Jo\u00e3o 11:43-44 <\/h2>\n\n\n\n<p>Depois de dizer isso, Jesus bradou em alta voz: \u201cL\u00e1zaro, venha para fora!\u201d O morto saiu, com as m\u00e3os e os p\u00e9s envolvidos em faixas de linho e o rosto envolto num pano. Disse-lhes Jesus: \u201cTirem as faixas dele e deixem-no ir\u201d (Jo\u00e3o 11:43-44).<\/p>\n\n\n\n<h2 class=\"wp-block-heading\">Atos 2:23-24 <\/h2>\n\n\n\n<p>Este homem lhes foi entregue por prop\u00f3sito determinado e pr\u00e9-conhecimento de Deus; e voc\u00eas, com a ajuda de homens perversos, o mataram, pregando-o na cruz. Mas Deus o ressuscitou dos mortos, rompendo os la\u00e7os da morte, porque era imposs\u00edvel que a morte o retivesse (Atos 2:23-24).<\/p>\n\n\n\n<h2 class=\"wp-block-heading\">Atos 3:14-15 <\/h2>\n\n\n\n<p>Voc\u00eas negaram publicamente o Santo e Justo e pediram que lhes fosse libertado um assassino. Voc\u00eas mataram o autor da vida, mas Deus o ressuscitou dos mortos. E n\u00f3s somos testemunhas disso (Atos 3:14-15 ).<\/p>\n\n\n\n<h2 class=\"wp-block-heading\">Atos 9:40 <\/h2>\n\n\n\n<p>Pedro mandou que todos sa\u00edssem do quarto; depois, ajoelhou-se e orou. Voltando-se para a mulher morta, disse: \u201cTabita, levante-se\u201d. Ela abriu os olhos e, vendo Pedro, sentou-se (Atos 9:40).<\/p>\n\n\n\n<h2 class=\"wp-block-heading\">Atos 10:39-41 <\/h2>\n\n\n\n<p>N\u00f3s somos testemunhas de tudo o que ele fez na terra dos judeus e em Jerusal\u00e9m, onde o mataram, suspendendo-o num madeiro. Deus, por\u00e9m, o ressuscitou no terceiro dia e fez que ele fosse visto, n\u00e3o por todo o povo, mas por testemunhas que designara de antem\u00e3o, por n\u00f3s que comemos e bebemos com ele depois que ressuscitou dos mortos (Atos 10:39-41).<\/p>\n\n\n\n<h2 class=\"wp-block-heading\">Atos 24:15 <\/h2>\n\n\n\n<p>E tenho em Deus a mesma esperan\u00e7a desses homens: de que haver\u00e1 ressurrei\u00e7\u00e3o tanto de justos como de injustos (Atos 24:15).<\/p>\n\n\n\n<h2 class=\"wp-block-heading\">Atos 26:22-23 <\/h2>\n\n\n\n<p>Mas tenho contado com a ajuda de Deus at\u00e9 o dia de hoje, e, por este motivo, estou aqui e dou testemunho tanto a gente simples como a gente importante. N\u00e3o estou dizendo nada al\u00e9m do que os profetas e Mois\u00e9s disseram que haveria de acontecer: que o Cristo haveria de sofrer e, sendo o primeiro a ressuscitar dentre os mortos, proclamaria luz para o seu pr\u00f3prio povo e para os gentios (Atos 26:22-23).<\/p>\n\n\n\n<h2 class=\"wp-block-heading\">Romanos 1:4 <\/h2>\n\n\n\n<p>e que mediante o Esp\u00edrito de santidade foi declarado Filho de Deus com poder, pela sua ressurrei\u00e7\u00e3o dentre os mortos: Jesus Cristo, nosso Senhor (Rom 1:4).<\/p>\n\n\n\n<h2 class=\"wp-block-heading\">Romanos 4:25 <\/h2>\n\n\n\n<p>Ele foi entregue \u00e0 morte por nossos pecados e ressuscitado para nossa justifica\u00e7\u00e3o (Rom 4:25).<\/p>\n\n\n\n<h2 class=\"wp-block-heading\">Romanos 10:9 <\/h2>\n\n\n\n<p> Se voc\u00ea confessar com a sua boca que Jesus \u00e9 Senhor e crer em seu cora\u00e7\u00e3o que Deus o ressuscitou dentre os mortos, ser\u00e1 salvo (Ro 10:9).<\/p>\n\n\n\n<h2 class=\"wp-block-heading\">1 Cor\u00edntios 15:4 <\/h2>\n\n\n\n<p>Foi sepultado e ressuscitou no terceiro dia, segundo as Escrituras (1 Co 15:4).<\/p>\n\n\n\n<h2 class=\"wp-block-heading\">1 Cor\u00edntios 15:22 <\/h2>\n\n\n\n<p>Pois da mesma forma como em Ad\u00e3o todos morrem, em Cristo todos ser\u00e3o vivificados (1 Co 15:22).<\/p>\n\n\n\n<h2 class=\"wp-block-heading\">2 Cor\u00edntios 4:14 <\/h2>\n\n\n\n<p>Porque sabemos que aquele que ressuscitou o Senhor Jesus dentre os mortos, tamb\u00e9m nos ressuscitar\u00e1 com Jesus e nos apresentar\u00e1 com voc\u00eas (2 Co 4:14).<\/p>\n\n\n\n<h2 class=\"wp-block-heading\">1 Tessalonicenses 4:14 <\/h2>\n\n\n\n<p>Se cremos que Jesus morreu e ressurgiu, cremos tamb\u00e9m que Deus trar\u00e1, mediante Jesus e com ele, aqueles que nele dormiram (1 Tess 4:14).<\/p>\n\n\n\n<h2 class=\"wp-block-heading\">1 Tessalonicenses 4:16 <\/h2>\n\n\n\n<p>Pois, dada a ordem, com a voz do arcanjo e o ressoar da trombeta de Deus, o pr\u00f3prio Senhor descer\u00e1 dos c\u00e9us, e os mortos em Cristo ressuscitar\u00e3o primeiro (1 Tessalonicenses 4:16).<\/p>\n\n\n\n<h2 class=\"wp-block-heading\">1 Pedro 1:3 <\/h2>\n\n\n\n<p>Bendito seja o Deus e Pai de nosso Senhor Jesus Cristo! Conforme a sua grande miseric\u00f3rdia, ele nos regenerou para uma esperan\u00e7a viva, por meio da ressurrei\u00e7\u00e3o de Jesus Cristo dentre os mortos (1 Pe 1:3).<\/p>\n\n\n\n<h2 class=\"wp-block-heading\">1 Jo\u00e3o 3:2 <\/h2>\n\n\n\n<p>Amados, agora somos filhos de Deus, e ainda n\u00e3o se manifestou o que havemos de ser, mas sabemos que, quando ele se manifestar, seremos semelhantes a ele, pois o veremos como ele \u00e9 (1 Jo\u00e3o 3:2).<\/p>\n\n\n\n<h2 class=\"wp-block-heading\">Apocalipse 20:13 <\/h2>\n\n\n\n<p>O mar entregou os mortos que nele havia, e a morte e o Hades entregaram os mortos que neles havia; e cada um foi julgado de acordo com o que tinha feito (Ap 20:13).<\/p>\n\n\n\n<h2 class=\"wp-block-heading\">Lee Tambi\u00e9n:<\/h2>\n\n\n\n<ul class=\"wp-block-list\"><li><a href=\"https:\/\/thebibleverses.org\/pt\/\">Vers\u00edculos por T\u00f3picos<\/a><\/li><li><a href=\"https:\/\/thebibleverses.org\/pt\/amor\/\">Vers\u00edculos da B\u00edblia sobre o Amor<\/a><\/li><li><a href=\"https:\/\/thebibleverses.org\/pt\/forca\/\">Vers\u00edculos da B\u00edblia sobre For\u00e7a<\/a><\/li><li><a href=\"https:\/\/thebibleverses.org\/pt\/fe\/\">Vers\u00edculos B\u00edblicos sobre F\u00e9<\/a><\/li><li><a href=\"https:\/\/thebibleverses.org\/pt\/jovens\/\">Vers\u00edculos da B\u00edblia para Jovens<\/a><\/li><li><a href=\"https:\/\/thebibleverses.org\/pt\/amizade\/\">Vers\u00edculos da B\u00edblia sobre Amizade<\/a><\/li><li><a href=\"https:\/\/thebibleverses.org\/pt\/cura\/\">Vers\u00edculos da B\u00edblia sobre Cura<\/a><\/li><\/ul>\n","protected":false},"excerpt":{"rendered":"<p>1 Reis 17:22 O Senhor ouviu o clamor de Elias, e a vida voltou ao menino, e ele viveu (1 Reis 17:22). 2 Reis 4:35 Eliseu levantou-se e come\u00e7ou a andar pelo quarto; depois subiu na cama e debru\u00e7ou-se mais uma vez sobre ele. O menino espirrou sete vezes e abriu os olhos (2 Reis [&hellip;]<\/p>\n","protected":false},"author":1,"featured_media":1662,"parent":0,"menu_order":0,"comment_status":"open","ping_status":"closed","template":"","meta":{"footnotes":""},"class_list":["post-369","page","type-page","status-publish","has-post-thumbnail","hentry","entry","fw-tab-6 fw-tabr-4"],"_links":{"self":[{"href":"https:\/\/thebibleverses.org\/pt\/wp-json\/wp\/v2\/pages\/369","targetHints":{"allow":["GET"]}}],"collection":[{"href":"https:\/\/thebibleverses.org\/pt\/wp-json\/wp\/v2\/pages"}],"about":[{"href":"https:\/\/thebibleverses.org\/pt\/wp-json\/wp\/v2\/types\/page"}],"author":[{"embeddable":true,"href":"https:\/\/thebibleverses.org\/pt\/wp-json\/wp\/v2\/users\/1"}],"replies":[{"embeddable":true,"href":"https:\/\/thebibleverses.org\/pt\/wp-json\/wp\/v2\/comments?post=369"}],"version-history":[{"count":0,"href":"https:\/\/thebibleverses.org\/pt\/wp-json\/wp\/v2\/pages\/369\/revisions"}],"wp:featuredmedia":[{"embeddable":true,"href":"https:\/\/thebibleverses.org\/pt\/wp-json\/wp\/v2\/media\/1662"}],"wp:attachment":[{"href":"https:\/\/thebibleverses.org\/pt\/wp-json\/wp\/v2\/media?parent=369"}],"curies":[{"name":"wp","href":"https:\/\/api.w.org\/{rel}","templated":true}]}}