{"id":366,"date":"2019-12-10T02:00:48","date_gmt":"2019-12-10T02:00:48","guid":{"rendered":"https:\/\/thebibleverses.org\/pt\/?page_id=366"},"modified":"2022-06-26T22:45:42","modified_gmt":"2022-06-26T22:45:42","slug":"restauracao","status":"publish","type":"page","link":"https:\/\/thebibleverses.org\/pt\/restauracao\/","title":{"rendered":"20 Vers\u00edculos da B\u00edblia sobre Restaura\u00e7\u00e3o"},"content":{"rendered":"<div class=\"wp-block-image\">\n<figure class=\"aligncenter size-large\"><img decoding=\"async\" width=\"1024\" height=\"631\" data-src=\"https:\/\/thebibleverses.org\/pt\/wp-content\/uploads\/2022\/06\/Versiculos-da-Biblia-sobre-Restauracao-1024x631.webp\" alt=\"Vers\u00edculos da B\u00edblia sobre Restaura\u00e7\u00e3o\" class=\"wp-image-1664 lazyload\" data-srcset=\"https:\/\/thebibleverses.org\/pt\/wp-content\/uploads\/2022\/06\/Versiculos-da-Biblia-sobre-Restauracao-1024x631.webp 1024w, https:\/\/thebibleverses.org\/pt\/wp-content\/uploads\/2022\/06\/Versiculos-da-Biblia-sobre-Restauracao-300x185.webp 300w, https:\/\/thebibleverses.org\/pt\/wp-content\/uploads\/2022\/06\/Versiculos-da-Biblia-sobre-Restauracao-768x474.webp 768w, https:\/\/thebibleverses.org\/pt\/wp-content\/uploads\/2022\/06\/Versiculos-da-Biblia-sobre-Restauracao-320x197.webp 320w, https:\/\/thebibleverses.org\/pt\/wp-content\/uploads\/2022\/06\/Versiculos-da-Biblia-sobre-Restauracao-450x278.webp 450w, https:\/\/thebibleverses.org\/pt\/wp-content\/uploads\/2022\/06\/Versiculos-da-Biblia-sobre-Restauracao-720x444.webp 720w, https:\/\/thebibleverses.org\/pt\/wp-content\/uploads\/2022\/06\/Versiculos-da-Biblia-sobre-Restauracao.webp 1200w\" data-sizes=\"(max-width: 1024px) 100vw, 1024px\" src=\"data:image\/svg+xml;base64,PHN2ZyB3aWR0aD0iMSIgaGVpZ2h0PSIxIiB4bWxucz0iaHR0cDovL3d3dy53My5vcmcvMjAwMC9zdmciPjwvc3ZnPg==\" style=\"--smush-placeholder-width: 1024px; --smush-placeholder-aspect-ratio: 1024\/631;\" \/><figcaption>Vers\u00edculos da B\u00edblia sobre Restaura\u00e7\u00e3o &#8211; Nova Vers\u00e3o Internacional (NVI-PT).<\/figcaption><\/figure><\/div>\n\n\n<h2 class=\"wp-block-heading\">J\u00f3 33:26 <\/h2>\n\n\n\n<p>Ele ora a Deus e recebe o seu favor; v\u00ea o rosto de Deus e d\u00e1 gritos de alegria, e Deus lhe restitui a condi\u00e7\u00e3o de justo (J\u00f3 33:26).<\/p>\n\n\n\n<h2 class=\"wp-block-heading\">Salmos 51:12 <\/h2>\n\n\n\n<p>Devolve-me a alegria da tua salva\u00e7\u00e3o e sustenta-me com um esp\u00edrito pronto a obedecer (Sal 51:12).<\/p>\n\n\n\n<h2 class=\"wp-block-heading\">Salmos 80:3 <\/h2>\n\n\n\n<p>Restaura-nos, \u00f3 Deus! Faze resplandecer sobre n\u00f3s o teu rosto, para que sejamos salvos (Sal 80:3).<\/p>\n\n\n\n<h2 class=\"wp-block-heading\">Salmos 85:4 <\/h2>\n\n\n\n<p>Restaura-nos mais uma vez, \u00f3 Deus, nosso Salvador, e desfaze o teu furor para conosco (Sal 85:4).<\/p>\n\n\n\n<h2 class=\"wp-block-heading\">Isa\u00edas 1:26 <\/h2>\n\n\n\n<p>Restaurarei os seus ju\u00edzes como no passado, os seus conselheiros, como no princ\u00edpio. Depois disso voc\u00ea ser\u00e1 chamada cidade de retid\u00e3o, cidade fiel (Is 1:26).<\/p>\n\n\n\n<h2 class=\"wp-block-heading\">Isa\u00edas 57:18 <\/h2>\n\n\n\n<p>Eu vi os seus caminhos, mas vou cur\u00e1-lo; eu o guiarei e tornarei a dar-lhe consolo (Is 57:18).<\/p>\n\n\n\n<h2 class=\"wp-block-heading\">Isa\u00edas 58:12 <\/h2>\n\n\n\n<p>Seu povo reconstruir\u00e1 as velhas ru\u00ednas e restaurar\u00e1 os alicerces antigos; voc\u00ea ser\u00e1 chamado reparador de muros, restaurador de ruas e moradias (Is 58:12).<\/p>\n\n\n\n<h2 class=\"wp-block-heading\">Jeremias 3:22 <\/h2>\n\n\n\n<p>Voltem, filhos rebeldes! Eu os curarei da sua rebeldia. Sim!, o povo responde. N\u00f3s viremos a ti, pois tu \u00e9s o Senhor, o nosso Deus (Jr 3:22).<\/p>\n\n\n\n<h2 class=\"wp-block-heading\">Jeremias 15:19 <\/h2>\n\n\n\n<p>Assim respondeu o Senhor: Se voc\u00ea se arrepender, eu o restaurarei para que possa me servir; se voc\u00ea disser palavras de valor, e n\u00e3o indignas, ser\u00e1 o meu porta-voz. Deixe este povo voltar-se para voc\u00ea, mas n\u00e3o se volte para eles (Jr 15:19).<\/p>\n\n\n\n<h2 class=\"wp-block-heading\">Jeremias 27:22 <\/h2>\n\n\n\n<p>\u201cSer\u00e3o levados para a Babil\u00f4nia e ali ficar\u00e3o at\u00e9 o dia em que eu os quiser buscar\u201d, declara o Senhor. \u201cEnt\u00e3o os trarei de volta e os restabelecerei neste lugar\u201d (Jr 27:22).<\/p>\n\n\n\n<h2 class=\"wp-block-heading\">Jeremias 30:17<\/h2>\n\n\n\n<p>Farei cicatrizar o seu ferimento e curarei as suas feridas, declara o Senhor, porque a voc\u00ea, Si\u00e3o, chamam de rejeitada, aquela por quem ningu\u00e9m se importa (Jr 30:17).<\/p>\n\n\n\n<h2 class=\"wp-block-heading\">Os\u00e9ias 14:4 <\/h2>\n\n\n\n<p>Eu curarei a infidelidade deles e os amarei de todo o meu cora\u00e7\u00e3o, pois a minha ira desviou-se deles (Os 14:4).<\/p>\n\n\n\n<h2 class=\"wp-block-heading\">Naum 2:2 <\/h2>\n\n\n\n<p>O Senhor restaurar\u00e1 o esplendor de Jac\u00f3; restaurar\u00e1 o esplendor de Israel, embora os saqueadores tenham devastado e destru\u00eddo as suas videiras (Naum 2:2).<\/p>\n\n\n\n<h2 class=\"wp-block-heading\">Miqu\u00e9ias 7:19 <\/h2>\n\n\n\n<p>De novo ter\u00e1s compaix\u00e3o de n\u00f3s; pisar\u00e1s as nossas maldades e atirar\u00e1s todos os nossos pecados nas profundezas do mar (Miq 7:19).<\/p>\n\n\n\n<h2 class=\"wp-block-heading\">Miqu\u00e9ias 4:6-7 <\/h2>\n\n\n\n<p>Naquele dia\u201d, declara o&nbsp;Senhor, ajuntarei os que trope\u00e7am e reunirei os dispersos, aqueles a quem afligi. Farei dos que trope\u00e7am&nbsp;um remanescente, e dos dispersos, uma na\u00e7\u00e3o forte. O&nbsp;Senhor&nbsp;reinar\u00e1 sobre eles no monte Si\u00e3o, daquele dia em diante e para sempre (Miq 4:6-7).<\/p>\n\n\n\n<h2 class=\"wp-block-heading\">Sofonias 3:19 <\/h2>\n\n\n\n<p>Nessa \u00e9poca agirei contra todos os que oprimiram voc\u00eas; salvarei os aleijados e ajuntarei os dispersos. Darei a eles louvor e honra em todas as terras onde foram envergonhados (Sof 3:19).<\/p>\n\n\n\n<h2 class=\"wp-block-heading\">Zacarias 1:17 <\/h2>\n\n\n\n<p>Diga mais: Assim diz o Senhor dos Ex\u00e9rcitos: As minhas cidades transbordar\u00e3o de prosperidade novamente, e o Senhor tornar\u00e1 a consolar Si\u00e3o e a escolher Jerusal\u00e9m (Zac 1:17).<\/p>\n\n\n\n<h2 class=\"wp-block-heading\">Zacarias 8:3 <\/h2>\n\n\n\n<p>Assim diz o Senhor: \u201cEstou voltando para Si\u00e3o e habitarei em Jerusal\u00e9m. Ent\u00e3o Jerusal\u00e9m ser\u00e1 chamada Cidade da Verdade, e o monte do Senhor dos Ex\u00e9rcitos ser\u00e1 chamado monte Sagrado (Zac 8:3).<\/p>\n\n\n\n<h2 class=\"wp-block-heading\">Zacarias 9:12 <\/h2>\n\n\n\n<p>Voltem \u00e0 sua fortaleza, \u00f3 prisioneiros da esperan\u00e7a; pois hoje mesmo anuncio que restaurarei tudo em dobro para voc\u00eas (Zac 9:12).<\/p>\n\n\n\n<h2 class=\"wp-block-heading\">G\u00e1latas 6:1 <\/h2>\n\n\n\n<p>Irm\u00e3os, se algu\u00e9m for surpreendido em algum pecado, voc\u00eas, que s\u00e3o espirituais, dever\u00e3o restaur\u00e1-lo com mansid\u00e3o. Cuide-se, por\u00e9m, cada um para que tamb\u00e9m n\u00e3o seja tentado (G\u00e1l 6:1).<\/p>\n\n\n\n<h2 class=\"wp-block-heading\">Lee Tambi\u00e9n:<\/h2>\n\n\n\n<ul class=\"wp-block-list\"><li><a href=\"https:\/\/thebibleverses.org\/pt\/\">Vers\u00edculos por T\u00f3picos<\/a><\/li><li><a href=\"https:\/\/thebibleverses.org\/pt\/amor\/\">Vers\u00edculos da B\u00edblia sobre o Amor<\/a><\/li><li><a href=\"https:\/\/thebibleverses.org\/pt\/forca\/\">Vers\u00edculos da B\u00edblia sobre For\u00e7a<\/a><\/li><li><a href=\"https:\/\/thebibleverses.org\/pt\/fe\/\">Vers\u00edculos B\u00edblicos sobre F\u00e9<\/a><\/li><li><a href=\"https:\/\/thebibleverses.org\/pt\/jovens\/\">Vers\u00edculos da B\u00edblia para Jovens<\/a><\/li><li><a href=\"https:\/\/thebibleverses.org\/pt\/amizade\/\">Vers\u00edculos da B\u00edblia sobre Amizade<\/a><\/li><li><a href=\"https:\/\/thebibleverses.org\/pt\/cura\/\">Vers\u00edculos da B\u00edblia sobre Cura<\/a><\/li><\/ul>\n","protected":false},"excerpt":{"rendered":"<p>J\u00f3 33:26 Ele ora a Deus e recebe o seu favor; v\u00ea o rosto de Deus e d\u00e1 gritos de alegria, e Deus lhe restitui a condi\u00e7\u00e3o de justo (J\u00f3 33:26). Salmos 51:12 Devolve-me a alegria da tua salva\u00e7\u00e3o e sustenta-me com um esp\u00edrito pronto a obedecer (Sal 51:12). Salmos 80:3 Restaura-nos, \u00f3 Deus! Faze [&hellip;]<\/p>\n","protected":false},"author":1,"featured_media":1664,"parent":0,"menu_order":0,"comment_status":"open","ping_status":"closed","template":"","meta":{"footnotes":""},"class_list":["post-366","page","type-page","status-publish","has-post-thumbnail","hentry","entry","fw-tab-6 fw-tabr-4"],"_links":{"self":[{"href":"https:\/\/thebibleverses.org\/pt\/wp-json\/wp\/v2\/pages\/366","targetHints":{"allow":["GET"]}}],"collection":[{"href":"https:\/\/thebibleverses.org\/pt\/wp-json\/wp\/v2\/pages"}],"about":[{"href":"https:\/\/thebibleverses.org\/pt\/wp-json\/wp\/v2\/types\/page"}],"author":[{"embeddable":true,"href":"https:\/\/thebibleverses.org\/pt\/wp-json\/wp\/v2\/users\/1"}],"replies":[{"embeddable":true,"href":"https:\/\/thebibleverses.org\/pt\/wp-json\/wp\/v2\/comments?post=366"}],"version-history":[{"count":0,"href":"https:\/\/thebibleverses.org\/pt\/wp-json\/wp\/v2\/pages\/366\/revisions"}],"wp:featuredmedia":[{"embeddable":true,"href":"https:\/\/thebibleverses.org\/pt\/wp-json\/wp\/v2\/media\/1664"}],"wp:attachment":[{"href":"https:\/\/thebibleverses.org\/pt\/wp-json\/wp\/v2\/media?parent=366"}],"curies":[{"name":"wp","href":"https:\/\/api.w.org\/{rel}","templated":true}]}}