{"id":363,"date":"2019-12-10T02:00:35","date_gmt":"2019-12-10T02:00:35","guid":{"rendered":"https:\/\/thebibleverses.org\/pt\/?page_id=363"},"modified":"2022-06-26T22:39:08","modified_gmt":"2022-06-26T22:39:08","slug":"responsabilidade","status":"publish","type":"page","link":"https:\/\/thebibleverses.org\/pt\/responsabilidade\/","title":{"rendered":"15 Vers\u00edculos da B\u00edblia sobre Responsabilidade"},"content":{"rendered":"<div class=\"wp-block-image\">\n<figure class=\"aligncenter size-large\"><img decoding=\"async\" width=\"1024\" height=\"631\" data-src=\"https:\/\/thebibleverses.org\/pt\/wp-content\/uploads\/2022\/06\/Versiculos-da-Biblia-sobre-Responsabilidade-1024x631.webp\" alt=\"Vers\u00edculos da B\u00edblia sobre Responsabilidade\" class=\"wp-image-1659 lazyload\" data-srcset=\"https:\/\/thebibleverses.org\/pt\/wp-content\/uploads\/2022\/06\/Versiculos-da-Biblia-sobre-Responsabilidade-1024x631.webp 1024w, https:\/\/thebibleverses.org\/pt\/wp-content\/uploads\/2022\/06\/Versiculos-da-Biblia-sobre-Responsabilidade-300x185.webp 300w, https:\/\/thebibleverses.org\/pt\/wp-content\/uploads\/2022\/06\/Versiculos-da-Biblia-sobre-Responsabilidade-768x474.webp 768w, https:\/\/thebibleverses.org\/pt\/wp-content\/uploads\/2022\/06\/Versiculos-da-Biblia-sobre-Responsabilidade-320x197.webp 320w, https:\/\/thebibleverses.org\/pt\/wp-content\/uploads\/2022\/06\/Versiculos-da-Biblia-sobre-Responsabilidade-450x278.webp 450w, https:\/\/thebibleverses.org\/pt\/wp-content\/uploads\/2022\/06\/Versiculos-da-Biblia-sobre-Responsabilidade-720x444.webp 720w, https:\/\/thebibleverses.org\/pt\/wp-content\/uploads\/2022\/06\/Versiculos-da-Biblia-sobre-Responsabilidade.webp 1200w\" data-sizes=\"(max-width: 1024px) 100vw, 1024px\" src=\"data:image\/svg+xml;base64,PHN2ZyB3aWR0aD0iMSIgaGVpZ2h0PSIxIiB4bWxucz0iaHR0cDovL3d3dy53My5vcmcvMjAwMC9zdmciPjwvc3ZnPg==\" style=\"--smush-placeholder-width: 1024px; --smush-placeholder-aspect-ratio: 1024\/631;\" \/><figcaption>Vers\u00edculos da B\u00edblia sobre Responsabilidade &#8211; Nova Vers\u00e3o Internacional (NVI-PT).<\/figcaption><\/figure><\/div>\n\n\n<h2 class=\"wp-block-heading\">Lev\u00edtico 5:17 <\/h2>\n\n\n\n<p>Se algu\u00e9m pecar, fazendo o que \u00e9 proibido em qualquer dos mandamentos do Senhor, ainda que n\u00e3o o saiba, ser\u00e1 culpado e sofrer\u00e1 as conseq\u00fc\u00eancias da sua iniq\u00fcidade (Lev 5:17).<\/p>\n\n\n\n<h2 class=\"wp-block-heading\">Deuteron\u00f4mio 24:16 <\/h2>\n\n\n\n<p>Os pais n\u00e3o ser\u00e3o mortos em lugar dos filhos, nem os filhos em lugar dos pais; cada um morrer\u00e1 pelo seu pr\u00f3prio pecado (Dt 24:16).<\/p>\n\n\n\n<h2 class=\"wp-block-heading\">J\u00f3 19:4 <\/h2>\n\n\n\n<p>Se \u00e9 verdade que me desviei, meu erro s\u00f3 interessa a mim (J\u00f3 19:4).<\/p>\n\n\n\n<h2 class=\"wp-block-heading\">Prov\u00e9rbios 9:12 <\/h2>\n\n\n\n<p>Se voc\u00ea for s\u00e1bio, o benef\u00edcio ser\u00e1 seu; se for zombador, sofrer\u00e1 as conseq\u00fc\u00eancias (Pr 9:12).<\/p>\n\n\n\n<h2 class=\"wp-block-heading\">Jeremias 31:29-30 <\/h2>\n\n\n\n<p>Naqueles dias n\u00e3o se dir\u00e1 mais: Os pais comeram uvas verdes, e os dentes dos filhos se embotaram. Ao contr\u00e1rio, cada um morrer\u00e1 por causa do seu pr\u00f3prio pecado. Os dentes de todo aquele que comer uvas verdes se embotar\u00e3o (Jr 31:29-30).<\/p>\n\n\n\n<h2 class=\"wp-block-heading\">Ezequiel 18:20 <\/h2>\n\n\n\n<p>Aquele que pecar \u00e9 que morrer\u00e1. O filho n\u00e3o levar\u00e1 a culpa do pai, nem o pai levar\u00e1 a culpa do filho. A justi\u00e7a do justo lhe ser\u00e1 creditada, e a impiedade do \u00edmpio lhe ser\u00e1 cobrada (Ez 18:20).<\/p>\n\n\n\n<h2 class=\"wp-block-heading\">Ezequiel 33:6 <\/h2>\n\n\n\n<p>Mas, se a sentinela vir chegar a espada e n\u00e3o tocar a trombeta para advertir o povo e a espada vier e tirar a vida de um deles, aquele homem morrer\u00e1 por causa de sua iniq\u00fcidade, mas considerarei a sentinela respons\u00e1vel pela morte daquele homem (Ez 33:6).<\/p>\n\n\n\n<h2 class=\"wp-block-heading\">Mateus 12:36-37 <\/h2>\n\n\n\n<p>Mas eu lhes digo que, no dia do ju\u00edzo, os homens haver\u00e3o de dar conta de toda palavra in\u00fatil que tiverem falado. Pois por suas palavras voc\u00eas ser\u00e3o absolvidos, e por suas palavras ser\u00e3o condenados (Mt 12:36-37).<\/p>\n\n\n\n<h2 class=\"wp-block-heading\">Romanos 14:12 <\/h2>\n\n\n\n<p>Assim, cada um de n\u00f3s prestar\u00e1 contas de si mesmo a Deus (Ro 14:12).<\/p>\n\n\n\n<h2 class=\"wp-block-heading\">2 Cor\u00edntios 5:10 <\/h2>\n\n\n\n<p>Pois todos n\u00f3s devemos comparecer perante o tribunal de Cristo, para que cada um receba de acordo com as obras praticadas por meio do corpo, quer sejam boas quer sejam m\u00e1s (2 Co 5:10).<\/p>\n\n\n\n<h2 class=\"wp-block-heading\">G\u00e1latas 6:4-5 <\/h2>\n\n\n\n<p>Cada um examine os pr\u00f3prios atos, e ent\u00e3o poder\u00e1 orgulhar-se de si mesmo, sem se comparar com ningu\u00e9m, pois cada um dever\u00e1 levar a pr\u00f3pria carga.<\/p>\n\n\n\n<h2 class=\"wp-block-heading\">1 Tim\u00f3teo 5:8 <\/h2>\n\n\n\n<p>Se algu\u00e9m n\u00e3o cuida de seus parentes, e especialmente dos de sua pr\u00f3pria fam\u00edlia, negou a f\u00e9 e \u00e9 pior que um descrente (1 Ti 5:8).<\/p>\n\n\n\n<h2 class=\"wp-block-heading\">Hebreus 13:17 <\/h2>\n\n\n\n<p>Obede\u00e7am aos seus l\u00edderes e submetam-se \u00e0 autoridade deles. Eles cuidam de voc\u00eas como quem deve prestar contas. Obede\u00e7am-lhes, para que o trabalho deles seja uma alegria e n\u00e3o um peso, pois isso n\u00e3o seria proveitoso para voc\u00eas (Heb 13:17).<\/p>\n\n\n\n<h2 class=\"wp-block-heading\">Tiago 3:1 <\/h2>\n\n\n\n<p>Meus irm\u00e3os, n\u00e3o sejam muitos de voc\u00eas mestres, pois voc\u00eas sabem que n\u00f3s, os que ensinamos, seremos julgados com maior rigor (Tiago 3:1).<\/p>\n\n\n\n<h2 class=\"wp-block-heading\">1 Pedro 4:4-5 <\/h2>\n\n\n\n<p>Eles acham estranho que voc\u00eas n\u00e3o se lancem com eles na mesma torrente de imoralidade, e por isso os insultam. Contudo, eles ter\u00e3o que prestar contas \u00e0quele que est\u00e1 pronto para julgar os vivos e os mortos (1 Pe 4:4-5).<\/p>\n\n\n\n<h2 class=\"wp-block-heading\">Lee Tambi\u00e9n:<\/h2>\n\n\n\n<ul class=\"wp-block-list\"><li><a href=\"https:\/\/thebibleverses.org\/pt\/\">Vers\u00edculos por T\u00f3picos<\/a><\/li><li><a href=\"https:\/\/thebibleverses.org\/pt\/amor\/\">Vers\u00edculos da B\u00edblia sobre o Amor<\/a><\/li><li><a href=\"https:\/\/thebibleverses.org\/pt\/forca\/\">Vers\u00edculos da B\u00edblia sobre For\u00e7a<\/a><\/li><li><a href=\"https:\/\/thebibleverses.org\/pt\/fe\/\">Vers\u00edculos B\u00edblicos sobre F\u00e9<\/a><\/li><li><a href=\"https:\/\/thebibleverses.org\/pt\/jovens\/\">Vers\u00edculos da B\u00edblia para Jovens<\/a><\/li><li><a href=\"https:\/\/thebibleverses.org\/pt\/amizade\/\">Vers\u00edculos da B\u00edblia sobre Amizade<\/a><\/li><li><a href=\"https:\/\/thebibleverses.org\/pt\/cura\/\">Vers\u00edculos da B\u00edblia sobre Cura<\/a><\/li><\/ul>\n","protected":false},"excerpt":{"rendered":"<p>Lev\u00edtico 5:17 Se algu\u00e9m pecar, fazendo o que \u00e9 proibido em qualquer dos mandamentos do Senhor, ainda que n\u00e3o o saiba, ser\u00e1 culpado e sofrer\u00e1 as conseq\u00fc\u00eancias da sua iniq\u00fcidade (Lev 5:17). Deuteron\u00f4mio 24:16 Os pais n\u00e3o ser\u00e3o mortos em lugar dos filhos, nem os filhos em lugar dos pais; cada um morrer\u00e1 pelo seu [&hellip;]<\/p>\n","protected":false},"author":1,"featured_media":1659,"parent":0,"menu_order":0,"comment_status":"open","ping_status":"closed","template":"","meta":{"footnotes":""},"class_list":["post-363","page","type-page","status-publish","has-post-thumbnail","hentry","entry","fw-tab-6 fw-tabr-4"],"_links":{"self":[{"href":"https:\/\/thebibleverses.org\/pt\/wp-json\/wp\/v2\/pages\/363","targetHints":{"allow":["GET"]}}],"collection":[{"href":"https:\/\/thebibleverses.org\/pt\/wp-json\/wp\/v2\/pages"}],"about":[{"href":"https:\/\/thebibleverses.org\/pt\/wp-json\/wp\/v2\/types\/page"}],"author":[{"embeddable":true,"href":"https:\/\/thebibleverses.org\/pt\/wp-json\/wp\/v2\/users\/1"}],"replies":[{"embeddable":true,"href":"https:\/\/thebibleverses.org\/pt\/wp-json\/wp\/v2\/comments?post=363"}],"version-history":[{"count":0,"href":"https:\/\/thebibleverses.org\/pt\/wp-json\/wp\/v2\/pages\/363\/revisions"}],"wp:featuredmedia":[{"embeddable":true,"href":"https:\/\/thebibleverses.org\/pt\/wp-json\/wp\/v2\/media\/1659"}],"wp:attachment":[{"href":"https:\/\/thebibleverses.org\/pt\/wp-json\/wp\/v2\/media?parent=363"}],"curies":[{"name":"wp","href":"https:\/\/api.w.org\/{rel}","templated":true}]}}