{"id":353,"date":"2019-12-05T18:38:05","date_gmt":"2019-12-05T18:38:05","guid":{"rendered":"https:\/\/thebibleverses.org\/pt\/?page_id=353"},"modified":"2022-06-26T22:38:10","modified_gmt":"2022-06-26T22:38:10","slug":"respeito","status":"publish","type":"page","link":"https:\/\/thebibleverses.org\/pt\/respeito\/","title":{"rendered":"20 Vers\u00edculos da B\u00edblia sobre Respeito"},"content":{"rendered":"<div class=\"wp-block-image\">\n<figure class=\"aligncenter size-large\"><img decoding=\"async\" width=\"1024\" height=\"631\" data-src=\"https:\/\/thebibleverses.org\/pt\/wp-content\/uploads\/2022\/06\/Versiculos-da-Biblia-sobre-Respeito-1024x631.webp\" alt=\"Vers\u00edculos da B\u00edblia sobre Respeito\" class=\"wp-image-1656 lazyload\" data-srcset=\"https:\/\/thebibleverses.org\/pt\/wp-content\/uploads\/2022\/06\/Versiculos-da-Biblia-sobre-Respeito-1024x631.webp 1024w, https:\/\/thebibleverses.org\/pt\/wp-content\/uploads\/2022\/06\/Versiculos-da-Biblia-sobre-Respeito-300x185.webp 300w, https:\/\/thebibleverses.org\/pt\/wp-content\/uploads\/2022\/06\/Versiculos-da-Biblia-sobre-Respeito-768x474.webp 768w, https:\/\/thebibleverses.org\/pt\/wp-content\/uploads\/2022\/06\/Versiculos-da-Biblia-sobre-Respeito-320x197.webp 320w, https:\/\/thebibleverses.org\/pt\/wp-content\/uploads\/2022\/06\/Versiculos-da-Biblia-sobre-Respeito-450x278.webp 450w, https:\/\/thebibleverses.org\/pt\/wp-content\/uploads\/2022\/06\/Versiculos-da-Biblia-sobre-Respeito-720x444.webp 720w, https:\/\/thebibleverses.org\/pt\/wp-content\/uploads\/2022\/06\/Versiculos-da-Biblia-sobre-Respeito.webp 1200w\" data-sizes=\"(max-width: 1024px) 100vw, 1024px\" src=\"data:image\/svg+xml;base64,PHN2ZyB3aWR0aD0iMSIgaGVpZ2h0PSIxIiB4bWxucz0iaHR0cDovL3d3dy53My5vcmcvMjAwMC9zdmciPjwvc3ZnPg==\" style=\"--smush-placeholder-width: 1024px; --smush-placeholder-aspect-ratio: 1024\/631;\" \/><figcaption>Vers\u00edculos da B\u00edblia sobre Respeito &#8211; Nova Vers\u00e3o Internacional (NVI-PT).<\/figcaption><\/figure><\/div>\n\n\n<h2 class=\"wp-block-heading\">\u00caxodo 20:12 <\/h2>\n\n\n\n<p>Honra teu pai e tua m\u00e3e, a fim de que tenhas vida longa na terra que o Senhor, o teu Deus, te d\u00e1 (\u00cax 20:12).<\/p>\n\n\n\n<h2 class=\"wp-block-heading\">\u00caxodo 22:28 <\/h2>\n\n\n\n<p>N\u00e3o blasfemem contra Deus nem amaldi\u00e7oem uma autoridade do seu povo (\u00cax 22:28).<\/p>\n\n\n\n<h2 class=\"wp-block-heading\">Lev\u00edtico 19:3 <\/h2>\n\n\n\n<p>Respeite cada um de voc\u00eas a sua m\u00e3e e o seu pai, e guarde os meus s\u00e1bados. Eu sou o Senhor, o Deus de voc\u00eas (Lev 19:3).<\/p>\n\n\n\n<h2 class=\"wp-block-heading\">Lev\u00edtico 19:32 <\/h2>\n\n\n\n<p>Levantem-se na presen\u00e7a dos idosos, honrem os anci\u00e3os, temam o seu Deus. Eu sou o Senhor (Lev 19:32).<\/p>\n\n\n\n<h2 class=\"wp-block-heading\">Deuteron\u00f4mio 27:16 <\/h2>\n\n\n\n<p>Maldito quem desonrar o seu pai ou a sua m\u00e3e. Todo o povo dir\u00e1: \u2018Am\u00e9m!\u2019 (Dt 27:16).<\/p>\n\n\n\n<h2 class=\"wp-block-heading\">1 Reis 2:19 <\/h2>\n\n\n\n<p>Quando Bate-Seba foi falar ao rei em favor de Adonias, Salom\u00e3o levantou-se para receb\u00ea-la e inclinou-se diante dela. Depois assentou-se no seu trono, mandou que trouxessem um trono para a sua m\u00e3e, e ela se assentou \u00e0 sua direita (1 Reis 2:19).<\/p>\n\n\n\n<h2 class=\"wp-block-heading\">Prov\u00e9rbios 1:8 <\/h2>\n\n\n\n<p>Ou\u00e7a, meu filho, a instru\u00e7\u00e3o de seu pai e n\u00e3o despreze o ensino de sua m\u00e3e (Pr 1:8).<\/p>\n\n\n\n<h2 class=\"wp-block-heading\">Prov\u00e9rbios 6:20 <\/h2>\n\n\n\n<p>Meu filho, obede\u00e7a aos mandamentos de seu pai e n\u00e3o abandone o ensino de sua m\u00e3e (Pr 6:20).<\/p>\n\n\n\n<h2 class=\"wp-block-heading\">Prov\u00e9rbios 20:20 <\/h2>\n\n\n\n<p>Se algu\u00e9m amaldi\u00e7oar seu pai ou sua m\u00e3e, a luz de sua vida se extinguir\u00e1 na mais profunda escurid\u00e3o (Pr 20:20).<\/p>\n\n\n\n<h2 class=\"wp-block-heading\">Prov\u00e9rbios 23:22 <\/h2>\n\n\n\n<p>Ou\u00e7a o seu pai, que o gerou; n\u00e3o despreze sua m\u00e3e quando ela envelhecer (Pr 23:22).<\/p>\n\n\n\n<h2 class=\"wp-block-heading\">Eclesiastes 10:20 <\/h2>\n\n\n\n<p>Nem em pensamento insulte o rei! Nem mesmo em seu quarto amaldi\u00e7oe o rico! Porque uma ave do c\u00e9u poder\u00e1 levar as suas palavras, e seres alados poder\u00e3o divulgar o que voc\u00ea disser (Ecl 10:20).<\/p>\n\n\n\n<h2 class=\"wp-block-heading\">Jeremias 35:8 <\/h2>\n\n\n\n<p>Temos obedecido a tudo o que nos ordenou nosso antepassado Jonadabe, filho de Recabe. N\u00f3s, nossas mulheres, nossos filhos e nossas filhas jamais bebemos vinho em toda a nossa vida (Jr 35:8).<\/p>\n\n\n\n<h2 class=\"wp-block-heading\">Mateus 15:4 <\/h2>\n\n\n\n<p>Pois Deus disse: \u2018Honra teu pai e tua m\u00e3e\u2019 e \u2018Quem amaldi\u00e7oar seu pai ou sua m\u00e3e ter\u00e1 que ser executado\u2019 (Mt 15:4).<\/p>\n\n\n\n<h2 class=\"wp-block-heading\">Atos 23:5 <\/h2>\n\n\n\n<p>Paulo respondeu: Irm\u00e3os, eu n\u00e3o sabia que ele era o sumo sacerdote, pois est\u00e1 escrito: \u2018N\u00e3o fale mal de uma autoridade do seu povo\u2019 (Atos 23:5).<\/p>\n\n\n\n<h2 class=\"wp-block-heading\">Romanos 13:1 <\/h2>\n\n\n\n<p>Todos devem sujeitar-se \u00e0s autoridades governamentais, pois n\u00e3o h\u00e1 autoridade que n\u00e3o venha de Deus; as autoridades que existem foram por ele estabelecidas (Ro 13:1).<\/p>\n\n\n\n<h2 class=\"wp-block-heading\">Ef\u00e9sios 6:1 <\/h2>\n\n\n\n<p>Filhos, obede\u00e7am a seus pais no Senhor, pois isso \u00e9 justo (Ef 6:1).<\/p>\n\n\n\n<h2 class=\"wp-block-heading\">Ef\u00e9sios 6:2 <\/h2>\n\n\n\n<p>\u201cHonra teu pai e tua m\u00e3e\u201d \u2013 este \u00e9 o primeiro mandamento com promessa (Ef 6:2).<\/p>\n\n\n\n<h2 class=\"wp-block-heading\">Colossenses 3:20 <\/h2>\n\n\n\n<p>Filhos, obede\u00e7am a seus pais em tudo, pois isso agrada ao Senhor (Col 3:20).<\/p>\n\n\n\n<h2 class=\"wp-block-heading\">1 Tim\u00f3teo 5:1-2 <\/h2>\n\n\n\n<p>N\u00e3o repreenda asperamente o homem idoso, mas exorte-o como se ele fosse seu pai; trate os jovens como a irm\u00e3os; as mulheres idosas, como a m\u00e3es; e as mo\u00e7as, como a irm\u00e3s, com toda a pureza (1 Tim 5:1-2).<\/p>\n\n\n\n<h2 class=\"wp-block-heading\">1 Pedro 2:17 <\/h2>\n\n\n\n<p>Tratem a todos com o devido respeito: amem os irm\u00e3os, temam a Deus e honrem o rei (1 Pe 2:17).<\/p>\n\n\n\n<h2 class=\"wp-block-heading\">Lee Tambi\u00e9n:<\/h2>\n\n\n\n<ul class=\"wp-block-list\"><li><a href=\"https:\/\/thebibleverses.org\/pt\/\">Vers\u00edculos por T\u00f3picos<\/a><\/li><li><a href=\"https:\/\/thebibleverses.org\/pt\/amor\/\">Vers\u00edculos da B\u00edblia sobre o Amor<\/a><\/li><li><a href=\"https:\/\/thebibleverses.org\/pt\/forca\/\">Vers\u00edculos da B\u00edblia sobre For\u00e7a<\/a><\/li><li><a href=\"https:\/\/thebibleverses.org\/pt\/fe\/\">Vers\u00edculos B\u00edblicos sobre F\u00e9<\/a><\/li><li><a href=\"https:\/\/thebibleverses.org\/pt\/jovens\/\">Vers\u00edculos da B\u00edblia para Jovens<\/a><\/li><li><a href=\"https:\/\/thebibleverses.org\/pt\/amizade\/\">Vers\u00edculos da B\u00edblia sobre Amizade<\/a><\/li><li><a href=\"https:\/\/thebibleverses.org\/pt\/cura\/\">Vers\u00edculos da B\u00edblia sobre Cura<\/a><\/li><\/ul>\n","protected":false},"excerpt":{"rendered":"<p>\u00caxodo 20:12 Honra teu pai e tua m\u00e3e, a fim de que tenhas vida longa na terra que o Senhor, o teu Deus, te d\u00e1 (\u00cax 20:12). \u00caxodo 22:28 N\u00e3o blasfemem contra Deus nem amaldi\u00e7oem uma autoridade do seu povo (\u00cax 22:28). Lev\u00edtico 19:3 Respeite cada um de voc\u00eas a sua m\u00e3e e o seu [&hellip;]<\/p>\n","protected":false},"author":1,"featured_media":1656,"parent":0,"menu_order":0,"comment_status":"open","ping_status":"closed","template":"","meta":{"footnotes":""},"class_list":["post-353","page","type-page","status-publish","has-post-thumbnail","hentry","entry","fw-tab-6 fw-tabr-4"],"_links":{"self":[{"href":"https:\/\/thebibleverses.org\/pt\/wp-json\/wp\/v2\/pages\/353","targetHints":{"allow":["GET"]}}],"collection":[{"href":"https:\/\/thebibleverses.org\/pt\/wp-json\/wp\/v2\/pages"}],"about":[{"href":"https:\/\/thebibleverses.org\/pt\/wp-json\/wp\/v2\/types\/page"}],"author":[{"embeddable":true,"href":"https:\/\/thebibleverses.org\/pt\/wp-json\/wp\/v2\/users\/1"}],"replies":[{"embeddable":true,"href":"https:\/\/thebibleverses.org\/pt\/wp-json\/wp\/v2\/comments?post=353"}],"version-history":[{"count":0,"href":"https:\/\/thebibleverses.org\/pt\/wp-json\/wp\/v2\/pages\/353\/revisions"}],"wp:featuredmedia":[{"embeddable":true,"href":"https:\/\/thebibleverses.org\/pt\/wp-json\/wp\/v2\/media\/1656"}],"wp:attachment":[{"href":"https:\/\/thebibleverses.org\/pt\/wp-json\/wp\/v2\/media?parent=353"}],"curies":[{"name":"wp","href":"https:\/\/api.w.org\/{rel}","templated":true}]}}