{"id":347,"date":"2019-12-05T18:08:29","date_gmt":"2019-12-05T18:08:29","guid":{"rendered":"https:\/\/thebibleverses.org\/pt\/?page_id=347"},"modified":"2022-06-26T22:20:52","modified_gmt":"2022-06-26T22:20:52","slug":"prosperidade","status":"publish","type":"page","link":"https:\/\/thebibleverses.org\/pt\/prosperidade\/","title":{"rendered":"25 Vers\u00edculos da B\u00edblia sobre Prosperidade"},"content":{"rendered":"<div class=\"wp-block-image\">\n<figure class=\"aligncenter size-large\"><img decoding=\"async\" width=\"1024\" height=\"631\" data-src=\"https:\/\/thebibleverses.org\/pt\/wp-content\/uploads\/2022\/06\/Versiculos-da-Biblia-sobre-Prosperidade-1024x631.webp\" alt=\"Vers\u00edculos da B\u00edblia sobre Prosperidade\" class=\"wp-image-1651 lazyload\" data-srcset=\"https:\/\/thebibleverses.org\/pt\/wp-content\/uploads\/2022\/06\/Versiculos-da-Biblia-sobre-Prosperidade-1024x631.webp 1024w, https:\/\/thebibleverses.org\/pt\/wp-content\/uploads\/2022\/06\/Versiculos-da-Biblia-sobre-Prosperidade-300x185.webp 300w, https:\/\/thebibleverses.org\/pt\/wp-content\/uploads\/2022\/06\/Versiculos-da-Biblia-sobre-Prosperidade-768x474.webp 768w, https:\/\/thebibleverses.org\/pt\/wp-content\/uploads\/2022\/06\/Versiculos-da-Biblia-sobre-Prosperidade-320x197.webp 320w, https:\/\/thebibleverses.org\/pt\/wp-content\/uploads\/2022\/06\/Versiculos-da-Biblia-sobre-Prosperidade-450x278.webp 450w, https:\/\/thebibleverses.org\/pt\/wp-content\/uploads\/2022\/06\/Versiculos-da-Biblia-sobre-Prosperidade-720x444.webp 720w, https:\/\/thebibleverses.org\/pt\/wp-content\/uploads\/2022\/06\/Versiculos-da-Biblia-sobre-Prosperidade.webp 1200w\" data-sizes=\"(max-width: 1024px) 100vw, 1024px\" src=\"data:image\/svg+xml;base64,PHN2ZyB3aWR0aD0iMSIgaGVpZ2h0PSIxIiB4bWxucz0iaHR0cDovL3d3dy53My5vcmcvMjAwMC9zdmciPjwvc3ZnPg==\" style=\"--smush-placeholder-width: 1024px; --smush-placeholder-aspect-ratio: 1024\/631;\" \/><figcaption>Vers\u00edculos da B\u00edblia sobre Prosperidade &#8211; Nova Vers\u00e3o Internacional (NVI-PT).<\/figcaption><\/figure><\/div>\n\n\n<h2 class=\"wp-block-heading\">G\u00eanesis 39:2-3 <\/h2>\n\n\n\n<p>O Senhor estava com Jos\u00e9, de modo que este prosperou e passou a morar na casa do seu senhor eg\u00edpcio. Quando este percebeu que o Senhor estava com ele e que o fazia prosperar em tudo o que realizava (G\u00ea 39:2-3).<\/p>\n\n\n\n<h2 class=\"wp-block-heading\">\u00caxodo 1:21 <\/h2>\n\n\n\n<p>Visto que as parteiras temeram a Deus, ele concedeu-lhes que tivessem suas pr\u00f3prias fam\u00edlias (\u00cax 1:21).<\/p>\n\n\n\n<h2 class=\"wp-block-heading\">Deuteron\u00f4mio 6:10-12 <\/h2>\n\n\n\n<p>O Senhor, o seu Deus, os conduzir\u00e1 \u00e0 terra que jurou aos seus antepassados, Abra\u00e3o, Isaque e Jac\u00f3, dar a voc\u00eas, terra com grandes e boas cidades que voc\u00eas n\u00e3o constru\u00edram, com casas cheias de tudo o que h\u00e1 de melhor, de coisas que voc\u00eas n\u00e3o produziram, com cisternas que voc\u00eas n\u00e3o cavaram, com vinhas e oliveiras que voc\u00eas n\u00e3o plantaram. Quando isso acontecer, e voc\u00eas comerem e ficarem satisfeitos, tenham cuidado! N\u00e3o esque\u00e7am o Senhor que os tirou do Egito, da terra da escravid\u00e3o (Dt 6:10-12).<\/p>\n\n\n\n<h2 class=\"wp-block-heading\">Deuteron\u00f4mio 32:15 <\/h2>\n\n\n\n<p>Jesurum engordou e deu pontap\u00e9s; voc\u00ea engordou, tornou-se pesado e farto de comida. Abandonou o Deus que o fez e rejeitou a Rocha, que \u00e9 o seu Salvador (Dt 32:15).<\/p>\n\n\n\n<h2 class=\"wp-block-heading\">Deuteron\u00f4mio 29:9 <\/h2>\n\n\n\n<p>Sigam fielmente os termos desta alian\u00e7a, para que voc\u00eas prosperem em tudo o que fizerem (Dt 29:9).<\/p>\n\n\n\n<h2 class=\"wp-block-heading\">Deuteron\u00f4mio 30:9 <\/h2>\n\n\n\n<p>Ent\u00e3o o Senhor, o seu Deus, aben\u00e7oar\u00e1 o que as suas m\u00e3os fizerem, os filhos do seu ventre, a cria dos seus animais e as colheitas da sua terra. O Senhor se alegrar\u00e1 novamente em voc\u00eas e os tornar\u00e1 pr\u00f3speros, como se alegrou em seus antepassados (Dt 30:9).<\/p>\n\n\n\n<h2 class=\"wp-block-heading\">Josu\u00e9 1:7 <\/h2>\n\n\n\n<p>Somente seja forte e muito corajoso! Tenha o cuidado de obedecer a toda a lei que o meu servo Mois\u00e9s lhe ordenou; n\u00e3o se desvie dela, nem para a direita nem para a esquerda, para que voc\u00ea seja bem-sucedido por onde quer que andar (Jos 1:7).<\/p>\n\n\n\n<h2 class=\"wp-block-heading\">Josu\u00e9 1:8 <\/h2>\n\n\n\n<p>N\u00e3o deixe de falar as palavras deste Livro da Lei e de meditar nelas de dia e de noite, para que voc\u00ea cumpra fielmente tudo o que nele est\u00e1 escrito. S\u00f3 ent\u00e3o os seus caminhos prosperar\u00e3o e voc\u00ea ser\u00e1 bem-sucedido (Jos 1:8).<\/p>\n\n\n\n<h2 class=\"wp-block-heading\">1 Cr\u00f4nicas 22:13 <\/h2>\n\n\n\n<p>E voc\u00ea prosperar\u00e1 se for cuidadoso em obedecer aos decretos e \u00e0s leis que o Senhor deu a Israel por meio de Mois\u00e9s. Seja forte e corajoso! N\u00e3o tenha medo nem se desanime! (1 Cr 22:13).<\/p>\n\n\n\n<h2 class=\"wp-block-heading\">2 Cr\u00f3nicas 26:5<\/h2>\n\n\n\n<p>E buscou a Deus durante a vida de Zacarias, que o instruiu no temor de Deus. Enquanto buscou o Senhor, Deus o fez prosperar (2 Cr 26:5).<\/p>\n\n\n\n<h2 class=\"wp-block-heading\">2 Cr\u00f4nicas 20:20 <\/h2>\n\n\n\n<p>De madrugada partiram para o deserto de Tecoa. Quando estavam saindo, Josaf\u00e1 lhes disse: \u201cEscutem-me, Jud\u00e1 e povo de Jerusal\u00e9m! Tenham f\u00e9 no Senhor, o seu Deus, e voc\u00eas ser\u00e3o sustentados; tenham f\u00e9 nos profetas do Senhor, e ter\u00e3o a vit\u00f3ria\u201d (2 Cr 20:20).<\/p>\n\n\n\n<h2 class=\"wp-block-heading\">2 Cr\u00f4nicas 31:20-21 <\/h2>\n\n\n\n<p>Foi isso que Ezequias fez em todo o reino de Jud\u00e1. Ele fez o que era bom e certo, e em tudo foi fiel diante do Senhor, do seu Deus. Em tudo o que ele empreendeu no servi\u00e7o do templo de Deus e na obedi\u00eancia \u00e0 lei e aos mandamentos, ele buscou o seu Deus e trabalhou de todo o cora\u00e7\u00e3o; e por isso prosperou (2 Cr 31:20-21).<\/p>\n\n\n\n<h2 class=\"wp-block-heading\">Neemias 2:20 <\/h2>\n\n\n\n<p>Eu lhes respondi: O Deus dos c\u00e9us far\u00e1 que sejamos bem-sucedidos. N\u00f3s, os seus servos, come\u00e7aremos a reconstru\u00e7\u00e3o, mas, no que lhes diz respeito, voc\u00eas n\u00e3o t\u00eam parte nem direito legal sobre Jerusal\u00e9m, e em sua hist\u00f3ria n\u00e3o h\u00e1 nada de memor\u00e1vel que favore\u00e7a voc\u00eas! (Ne 2:20).<\/p>\n\n\n\n<h2 class=\"wp-block-heading\">Salmos 1:1-3 <\/h2>\n\n\n\n<p>Como \u00e9 feliz aquele que n\u00e3o segue o conselho dos \u00edmpios, n\u00e3o imita a conduta dos pecadores, nem se assenta na roda dos zombadores! Ao contr\u00e1rio, sua satisfa\u00e7\u00e3o est\u00e1 na lei do Senhor, e nessa lei medita dia e noite. \u00c9 como \u00e1rvore plantada \u00e0 beira de \u00e1guas correntes: D\u00e1 fruto no tempo certo e suas folhas n\u00e3o murcham. Tudo o que ele faz prospera! (Sal1:1-3).<\/p>\n\n\n\n<h2 class=\"wp-block-heading\">Salmos 122:6 <\/h2>\n\n\n\n<p>Orai pela paz de Jerusal\u00e9m! Prosperar\u00e3o aqueles que te amam (Sal 122:6).<\/p>\n\n\n\n<h2 class=\"wp-block-heading\">Prov\u00e9rbios 1:32 <\/h2>\n\n\n\n<p>Porque o desvio dos simples os matar\u00e1, e a prosperidade dos loucos os destruir\u00e1.<\/p>\n\n\n\n<h2 class=\"wp-block-heading\">Prov\u00e9rbios 11:25 <\/h2>\n\n\n\n<p>O generoso prosperar\u00e1; quem d\u00e1 al\u00edvio aos outros, al\u00edvio receber\u00e1 (Pr 11:25).<\/p>\n\n\n\n<h2 class=\"wp-block-heading\">Prov\u00e9rbios 13:4 <\/h2>\n\n\n\n<p>O pregui\u00e7oso deseja e nada consegue, mas os desejos do diligente s\u00e3o amplamente satisfeitos (Pr 13:4).<\/p>\n\n\n\n<h2 class=\"wp-block-heading\">Prov\u00e9rbios 13:21 <\/h2>\n\n\n\n<p>O infort\u00fanio persegue o pecador, mas a prosperidade \u00e9 a recompensa do justo (Pr 13:21).<\/p>\n\n\n\n<h2 class=\"wp-block-heading\">Prov\u00e9rbios 28:13 <\/h2>\n\n\n\n<p>Quem esconde os seus pecados n\u00e3o prospera, mas quem os confessa e os abandona encontra miseric\u00f3rdia (Pr 28:13).<\/p>\n\n\n\n<h2 class=\"wp-block-heading\">Prov\u00e9rbios 28:25 <\/h2>\n\n\n\n<p>O ganancioso provoca brigas, mas quem confia no Senhor prosperar\u00e1 (Pr 28:25).<\/p>\n\n\n\n<h2 class=\"wp-block-heading\">Prov\u00e9rbios 30:8-9 <\/h2>\n\n\n\n<p>Mant\u00e9m longe de mim a falsidade e a mentira; n\u00e3o me d\u00eas nem pobreza nem riqueza; d\u00e1-me apenas o alimento necess\u00e1rio. Se n\u00e3o, tendo demais, eu te negaria e te deixaria, e diria: \u2018Quem \u00e9 o Senhor?\u2019 Se eu ficasse pobre, poderia vir a roubar, desonrando assim o nome do meu Deus (Pr 30:8-9).<\/p>\n\n\n\n<h2 class=\"wp-block-heading\">Isa\u00edas 54:17 <\/h2>\n\n\n\n<p>Toda ferramenta preparada contra ti n\u00e3o prosperar\u00e1; e toda l\u00edngua que se levantar contra ti em ju\u00edzo, tu a condenar\u00e1s; esta \u00e9 a heran\u00e7a dos servos do Senhor e a sua justi\u00e7a que vem de mim, diz o Senhor (Is 54:17).<\/p>\n\n\n\n<h2 class=\"wp-block-heading\">Jeremias 46:27 <\/h2>\n\n\n\n<p>N\u00e3o temas, pois, tu, servo meu, Jac\u00f3, nem te espantes, \u00f3 Israel; porque eis que te livrarei mesmo de longe e a tua semente da terra do seu cativeiro; e Jac\u00f3 voltar\u00e1, e descansar\u00e1, e sossegar\u00e1, e n\u00e3o haver\u00e1 quem o atemorize (Jr 46:27).<\/p>\n\n\n\n<h2 class=\"wp-block-heading\">3 Jo\u00e3o 2 <\/h2>\n\n\n\n<p>Amado, oro para que voc\u00ea tenha boa sa\u00fade e tudo lhe corra bem, assim como vai bem a sua alma (3 Jo\u00e3o 2).<\/p>\n\n\n\n<h2 class=\"wp-block-heading\">Lee Tambi\u00e9n:<\/h2>\n\n\n\n<ul class=\"wp-block-list\"><li><a href=\"https:\/\/thebibleverses.org\/pt\/\">Vers\u00edculos por T\u00f3picos<\/a><\/li><li><a href=\"https:\/\/thebibleverses.org\/pt\/amor\/\">Vers\u00edculos da B\u00edblia sobre o Amor<\/a><\/li><li><a href=\"https:\/\/thebibleverses.org\/pt\/forca\/\">Vers\u00edculos da B\u00edblia sobre For\u00e7a<\/a><\/li><li><a href=\"https:\/\/thebibleverses.org\/pt\/fe\/\">Vers\u00edculos B\u00edblicos sobre F\u00e9<\/a><\/li><li><a href=\"https:\/\/thebibleverses.org\/pt\/jovens\/\">Vers\u00edculos da B\u00edblia para Jovens<\/a><\/li><li><a href=\"https:\/\/thebibleverses.org\/pt\/amizade\/\">Vers\u00edculos da B\u00edblia sobre Amizade<\/a><\/li><li><a href=\"https:\/\/thebibleverses.org\/pt\/cura\/\">Vers\u00edculos da B\u00edblia sobre Cura<\/a><\/li><\/ul>\n","protected":false},"excerpt":{"rendered":"<p>G\u00eanesis 39:2-3 O Senhor estava com Jos\u00e9, de modo que este prosperou e passou a morar na casa do seu senhor eg\u00edpcio. Quando este percebeu que o Senhor estava com ele e que o fazia prosperar em tudo o que realizava (G\u00ea 39:2-3). \u00caxodo 1:21 Visto que as parteiras temeram a Deus, ele concedeu-lhes que [&hellip;]<\/p>\n","protected":false},"author":1,"featured_media":1651,"parent":0,"menu_order":0,"comment_status":"open","ping_status":"closed","template":"","meta":{"footnotes":""},"class_list":["post-347","page","type-page","status-publish","has-post-thumbnail","hentry","entry","fw-tab-6 fw-tabr-4"],"_links":{"self":[{"href":"https:\/\/thebibleverses.org\/pt\/wp-json\/wp\/v2\/pages\/347","targetHints":{"allow":["GET"]}}],"collection":[{"href":"https:\/\/thebibleverses.org\/pt\/wp-json\/wp\/v2\/pages"}],"about":[{"href":"https:\/\/thebibleverses.org\/pt\/wp-json\/wp\/v2\/types\/page"}],"author":[{"embeddable":true,"href":"https:\/\/thebibleverses.org\/pt\/wp-json\/wp\/v2\/users\/1"}],"replies":[{"embeddable":true,"href":"https:\/\/thebibleverses.org\/pt\/wp-json\/wp\/v2\/comments?post=347"}],"version-history":[{"count":0,"href":"https:\/\/thebibleverses.org\/pt\/wp-json\/wp\/v2\/pages\/347\/revisions"}],"wp:featuredmedia":[{"embeddable":true,"href":"https:\/\/thebibleverses.org\/pt\/wp-json\/wp\/v2\/media\/1651"}],"wp:attachment":[{"href":"https:\/\/thebibleverses.org\/pt\/wp-json\/wp\/v2\/media?parent=347"}],"curies":[{"name":"wp","href":"https:\/\/api.w.org\/{rel}","templated":true}]}}