{"id":337,"date":"2019-12-04T23:22:06","date_gmt":"2019-12-04T23:22:06","guid":{"rendered":"https:\/\/thebibleverses.org\/pt\/?page_id=337"},"modified":"2022-06-26T22:13:29","modified_gmt":"2022-06-26T22:13:29","slug":"preocupacao","status":"publish","type":"page","link":"https:\/\/thebibleverses.org\/pt\/preocupacao\/","title":{"rendered":"25 Vers\u00edculos da B\u00edblia sobre Preocupa\u00e7\u00e3o"},"content":{"rendered":"<div class=\"wp-block-image\">\n<figure class=\"aligncenter size-large\"><img decoding=\"async\" width=\"1024\" height=\"631\" data-src=\"https:\/\/thebibleverses.org\/pt\/wp-content\/uploads\/2022\/06\/Versiculos-da-Biblia-sobre-Preocupacao-1024x631.webp\" alt=\"Vers\u00edculos da B\u00edblia sobre Preocupa\u00e7\u00e3o\" class=\"wp-image-1645 lazyload\" data-srcset=\"https:\/\/thebibleverses.org\/pt\/wp-content\/uploads\/2022\/06\/Versiculos-da-Biblia-sobre-Preocupacao-1024x631.webp 1024w, https:\/\/thebibleverses.org\/pt\/wp-content\/uploads\/2022\/06\/Versiculos-da-Biblia-sobre-Preocupacao-300x185.webp 300w, https:\/\/thebibleverses.org\/pt\/wp-content\/uploads\/2022\/06\/Versiculos-da-Biblia-sobre-Preocupacao-768x474.webp 768w, https:\/\/thebibleverses.org\/pt\/wp-content\/uploads\/2022\/06\/Versiculos-da-Biblia-sobre-Preocupacao-320x197.webp 320w, https:\/\/thebibleverses.org\/pt\/wp-content\/uploads\/2022\/06\/Versiculos-da-Biblia-sobre-Preocupacao-450x278.webp 450w, https:\/\/thebibleverses.org\/pt\/wp-content\/uploads\/2022\/06\/Versiculos-da-Biblia-sobre-Preocupacao-720x444.webp 720w, https:\/\/thebibleverses.org\/pt\/wp-content\/uploads\/2022\/06\/Versiculos-da-Biblia-sobre-Preocupacao.webp 1200w\" data-sizes=\"(max-width: 1024px) 100vw, 1024px\" src=\"data:image\/svg+xml;base64,PHN2ZyB3aWR0aD0iMSIgaGVpZ2h0PSIxIiB4bWxucz0iaHR0cDovL3d3dy53My5vcmcvMjAwMC9zdmciPjwvc3ZnPg==\" style=\"--smush-placeholder-width: 1024px; --smush-placeholder-aspect-ratio: 1024\/631;\" \/><figcaption>Vers\u00edculos da B\u00edblia sobre Preocupa\u00e7\u00e3o.<\/figcaption><\/figure><\/div>\n\n\n<h2 class=\"wp-block-heading\">1 Samuel 30:6 <\/h2>\n\n\n\n<p>Davi ficou profundamente angustiado, pois os homens falavam em apedrej\u00e1-lo; todos estavam amargurados por causa de seus filhos e de suas filhas. Davi, por\u00e9m, fortaleceu-se no Senhor, o seu Deus (1 Sa 30:6).<\/p>\n\n\n\n<h2 class=\"wp-block-heading\">Salmos 37:5 <\/h2>\n\n\n\n<p>Entregue o seu caminho ao Senhor; confie nele, e ele agir\u00e1 (Sal 37:5).<\/p>\n\n\n\n<h2 class=\"wp-block-heading\">Salmos 55:22 <\/h2>\n\n\n\n<p>Entregue suas preocupa\u00e7\u00f5es ao Senhor, e ele o suster\u00e1; jamais permitir\u00e1 que o justo venha a cair (Sal 55:22).<\/p>\n\n\n\n<h2 class=\"wp-block-heading\">Salmos 56:3 <\/h2>\n\n\n\n<p>Mas eu, quando estiver com medo, confiarei em ti (Sal 56:3).<\/p>\n\n\n\n<h2 class=\"wp-block-heading\">Prov\u00e9rbios 12:25 <\/h2>\n\n\n\n<p>O cora\u00e7\u00e3o ansioso deprime o homem, mas uma palavra bondosa o anima (Pr 12:25).<\/p>\n\n\n\n<h2 class=\"wp-block-heading\">Prov\u00e9rbios 16:3 <\/h2>\n\n\n\n<p>Consagre ao Senhor tudo o que voc\u00ea faz, e os seus planos ser\u00e3o bem-sucedidos (Pr 16:3).<\/p>\n\n\n\n<h2 class=\"wp-block-heading\">Isa\u00edas 35:4 <\/h2>\n\n\n\n<p>Digam aos desanimados de cora\u00e7\u00e3o: \u201cSejam fortes, n\u00e3o temam! Seu Deus vir\u00e1, vir\u00e1 com vingan\u00e7a; com divina retribui\u00e7\u00e3o vir\u00e1 para salv\u00e1-los\u201d (Is 35:4).<\/p>\n\n\n\n<h2 class=\"wp-block-heading\">Isa\u00edas 40:31 <\/h2>\n\n\n\n<p>Mas aqueles que esperam no Senhor renovam as suas for\u00e7as. Voam alto como \u00e1guias; correm e n\u00e3o ficam exaustos, andam e n\u00e3o se cansam(Is 40:31).<\/p>\n\n\n\n<h2 class=\"wp-block-heading\">Isa\u00edas 41:10 <\/h2>\n\n\n\n<p>Por isso n\u00e3o tema, pois estou com voc\u00ea; n\u00e3o tenha medo, pois sou o seu Deus. Eu o fortalecerei e o ajudarei; eu o segurarei com a minha m\u00e3o direita vitoriosa (Is 41:10).<\/p>\n\n\n\n<h2 class=\"wp-block-heading\">Mateus 6:34 <\/h2>\n\n\n\n<p>Portanto, n\u00e3o se preocupem com o amanh\u00e3, pois o amanh\u00e3 trar\u00e1 as suas pr\u00f3prias preocupa\u00e7\u00f5es. Basta a cada dia o seu pr\u00f3prio mal (Mt 6:34).<\/p>\n\n\n\n<h2 class=\"wp-block-heading\">Mateus 10:19 <\/h2>\n\n\n\n<p>Mas quando os prenderem, n\u00e3o se preocupem quanto ao que dizer, ou como diz\u00ea-lo. Naquela hora lhes ser\u00e1 dado o que dizer (Mt 10:19).<\/p>\n\n\n\n<h2 class=\"wp-block-heading\">Mateus 11:28 <\/h2>\n\n\n\n<p>Venham a mim, todos os que est\u00e3o cansados e sobrecarregados, e eu lhes darei descanso (Mt 11:28).<\/p>\n\n\n\n<h2 class=\"wp-block-heading\">Mateus 11:29 <\/h2>\n\n\n\n<p>Tomem sobre voc\u00eas o meu jugo e aprendam de mim, pois sou manso e humilde de cora\u00e7\u00e3o, e voc\u00eas encontrar\u00e3o descanso para as suas almas (Mt 11:29).<\/p>\n\n\n\n<h2 class=\"wp-block-heading\">Mateus 13:22 <\/h2>\n\n\n\n<p>Quanto ao que foi semeado entre os espinhos, este \u00e9 aquele que ouve a palavra, mas a preocupa\u00e7\u00e3o desta vida e o engano das riquezas a sufocam, tornando-a infrut\u00edfera (Mt 13:22).<\/p>\n\n\n\n<h2 class=\"wp-block-heading\">Lucas 10:41-42 <\/h2>\n\n\n\n<p>Respondeu o Senhor: \u201cMarta! Marta! Voc\u00ea est\u00e1 preocupada e inquieta com muitas coisas; todavia apenas uma \u00e9 necess\u00e1ria. Maria escolheu a boa parte, e esta n\u00e3o lhe ser\u00e1 tirada\u201d (Lc 10:41-42).<\/p>\n\n\n\n<h2 class=\"wp-block-heading\">Lucas 12:22 <\/h2>\n\n\n\n<p>Dirigindo-se aos seus disc\u00edpulos, Jesus acrescentou: \u201cPortanto eu lhes digo: N\u00e3o se preocupem com sua pr\u00f3pria vida, quanto ao que comer; nem com seu pr\u00f3prio corpo, quanto ao que vestir (Lc 12:22).<\/p>\n\n\n\n<h2 class=\"wp-block-heading\">Lucas 12:29-30 <\/h2>\n\n\n\n<p>N\u00e3o busquem ansiosamente o que comer ou beber; n\u00e3o se preocupem com isso. 30 Pois o mundo pag\u00e3o \u00e9 que corre atr\u00e1s dessas coisas; mas o Pai sabe que voc\u00eas precisam delas (Lc 12:29-30).<\/p>\n\n\n\n<h2 class=\"wp-block-heading\">Jo\u00e3o 14:1 <\/h2>\n\n\n\n<p>N\u00e3o se perturbe o cora\u00e7\u00e3o de voc\u00eas. Creiam em Deus; creiam tamb\u00e9m em mim (Jo\u00e3o 14:1 ).<\/p>\n\n\n\n<h2 class=\"wp-block-heading\">Jo\u00e3o 14:27 <\/h2>\n\n\n\n<p>Deixo-lhes a paz; a minha paz lhes dou. N\u00e3o a dou como o mundo a d\u00e1. N\u00e3o se perturbe o seu cora\u00e7\u00e3o, nem tenham medo (Jo\u00e3o 14:27).<\/p>\n\n\n\n<h2 class=\"wp-block-heading\">Jo\u00e3o 16:33 <\/h2>\n\n\n\n<p>Eu lhes disse essas coisas para que em mim voc\u00eas tenham paz. Neste mundo voc\u00eas ter\u00e3o afli\u00e7\u00f5es; contudo, tenham \u00e2nimo! Eu venci o mundo (Jo\u00e3o 16:33).<\/p>\n\n\n\n<h2 class=\"wp-block-heading\">2 Cor\u00edntios 12:9-10 <\/h2>\n\n\n\n<p>Mas ele me disse: \u201cMinha gra\u00e7a \u00e9 suficiente para voc\u00ea, pois o meu poder se aperfei\u00e7oa na fraqueza\u201d. Portanto, eu me gloriarei ainda mais alegremente em minhas fraquezas, para que o poder de Cristo repouse em mim. Por isso, por amor de Cristo, regozijo-me nas fraquezas, nos insultos, nas necessidades, nas persegui\u00e7\u00f5es, nas ang\u00fastias. Pois, quando sou fraco \u00e9 que sou forte (2 Co 12:9-10).<\/p>\n\n\n\n<h2 class=\"wp-block-heading\">Filipenses 4:6-7 <\/h2>\n\n\n\n<p>N\u00e3o andem ansiosos por coisa alguma, mas em tudo, pela ora\u00e7\u00e3o e s\u00faplicas, e com a\u00e7\u00e3o de gra\u00e7as, apresentem seus pedidos a Deus. E a paz de Deus, que excede todo o entendimento, guardar\u00e1 o cora\u00e7\u00e3o e a mente de voc\u00eas em Cristo Jesus (Filip 4:6-7).<\/p>\n\n\n\n<h2 class=\"wp-block-heading\">Hebreus 13:6 <\/h2>\n\n\n\n<p>Podemos, pois, dizer com confian\u00e7a: \u201cO Senhor \u00e9 o meu ajudador, n\u00e3o temerei. O que me podem fazer os homens?\u201d (Heb 13:6).<\/p>\n\n\n\n<h2 class=\"wp-block-heading\">1 Pedro 5:7 <\/h2>\n\n\n\n<p>Lancem sobre ele toda a sua ansiedade, porque ele tem cuidado de voc\u00eas (1 Pe 5:7).<\/p>\n\n\n\n<h2 class=\"wp-block-heading\">Tiago 1:2-4 <\/h2>\n\n\n\n<p>Meus irm\u00e3os, considerem motivo de grande alegria o fato de passarem por diversas prova\u00e7\u00f5es, pois voc\u00eas sabem que a prova da sua f\u00e9 produz perseveran\u00e7a. E a perseveran\u00e7a deve ter a\u00e7\u00e3o completa, a fim de que voc\u00eas sejam maduros e \u00edntegros, sem lhes faltar coisa alguma (Tiago 1:2-4).<\/p>\n\n\n\n<h2 class=\"wp-block-heading\">Lee Tambi\u00e9n:<\/h2>\n\n\n\n<ul class=\"wp-block-list\"><li><a href=\"https:\/\/thebibleverses.org\/pt\/\">Vers\u00edculos por T\u00f3picos<\/a><\/li><li><a href=\"https:\/\/thebibleverses.org\/pt\/amor\/\">Vers\u00edculos da B\u00edblia sobre o Amor<\/a><\/li><li><a href=\"https:\/\/thebibleverses.org\/pt\/forca\/\">Vers\u00edculos da B\u00edblia sobre For\u00e7a<\/a><\/li><li><a href=\"https:\/\/thebibleverses.org\/pt\/fe\/\">Vers\u00edculos B\u00edblicos sobre F\u00e9<\/a><\/li><li><a href=\"https:\/\/thebibleverses.org\/pt\/jovens\/\">Vers\u00edculos da B\u00edblia para Jovens<\/a><\/li><li><a href=\"https:\/\/thebibleverses.org\/pt\/amizade\/\">Vers\u00edculos da B\u00edblia sobre Amizade<\/a><\/li><li><a href=\"https:\/\/thebibleverses.org\/pt\/cura\/\">Vers\u00edculos da B\u00edblia sobre Cura<\/a><\/li><\/ul>\n","protected":false},"excerpt":{"rendered":"<p>1 Samuel 30:6 Davi ficou profundamente angustiado, pois os homens falavam em apedrej\u00e1-lo; todos estavam amargurados por causa de seus filhos e de suas filhas. Davi, por\u00e9m, fortaleceu-se no Senhor, o seu Deus (1 Sa 30:6). Salmos 37:5 Entregue o seu caminho ao Senhor; confie nele, e ele agir\u00e1 (Sal 37:5). Salmos 55:22 Entregue suas [&hellip;]<\/p>\n","protected":false},"author":1,"featured_media":1645,"parent":0,"menu_order":0,"comment_status":"open","ping_status":"closed","template":"","meta":{"footnotes":""},"class_list":["post-337","page","type-page","status-publish","has-post-thumbnail","hentry","entry","fw-tab-6 fw-tabr-4"],"_links":{"self":[{"href":"https:\/\/thebibleverses.org\/pt\/wp-json\/wp\/v2\/pages\/337","targetHints":{"allow":["GET"]}}],"collection":[{"href":"https:\/\/thebibleverses.org\/pt\/wp-json\/wp\/v2\/pages"}],"about":[{"href":"https:\/\/thebibleverses.org\/pt\/wp-json\/wp\/v2\/types\/page"}],"author":[{"embeddable":true,"href":"https:\/\/thebibleverses.org\/pt\/wp-json\/wp\/v2\/users\/1"}],"replies":[{"embeddable":true,"href":"https:\/\/thebibleverses.org\/pt\/wp-json\/wp\/v2\/comments?post=337"}],"version-history":[{"count":0,"href":"https:\/\/thebibleverses.org\/pt\/wp-json\/wp\/v2\/pages\/337\/revisions"}],"wp:featuredmedia":[{"embeddable":true,"href":"https:\/\/thebibleverses.org\/pt\/wp-json\/wp\/v2\/media\/1645"}],"wp:attachment":[{"href":"https:\/\/thebibleverses.org\/pt\/wp-json\/wp\/v2\/media?parent=337"}],"curies":[{"name":"wp","href":"https:\/\/api.w.org\/{rel}","templated":true}]}}