{"id":316,"date":"2019-11-27T20:47:56","date_gmt":"2019-11-27T20:47:56","guid":{"rendered":"https:\/\/thebibleverses.org\/pt\/?page_id=316"},"modified":"2022-06-26T22:03:42","modified_gmt":"2022-06-26T22:03:42","slug":"perdao","status":"publish","type":"page","link":"https:\/\/thebibleverses.org\/pt\/perdao\/","title":{"rendered":"33 Vers\u00edculos da B\u00edblia sobre Perd\u00e3o"},"content":{"rendered":"<div class=\"wp-block-image\">\n<figure class=\"aligncenter size-large\"><img decoding=\"async\" width=\"1024\" height=\"631\" data-src=\"https:\/\/thebibleverses.org\/pt\/wp-content\/uploads\/2022\/06\/Versiculos-da-Biblia-sobre-Perdao-1024x631.webp\" alt=\"Vers\u00edculos da B\u00edblia sobre Perd\u00e3o\" class=\"wp-image-1641 lazyload\" data-srcset=\"https:\/\/thebibleverses.org\/pt\/wp-content\/uploads\/2022\/06\/Versiculos-da-Biblia-sobre-Perdao-1024x631.webp 1024w, https:\/\/thebibleverses.org\/pt\/wp-content\/uploads\/2022\/06\/Versiculos-da-Biblia-sobre-Perdao-300x185.webp 300w, https:\/\/thebibleverses.org\/pt\/wp-content\/uploads\/2022\/06\/Versiculos-da-Biblia-sobre-Perdao-768x474.webp 768w, https:\/\/thebibleverses.org\/pt\/wp-content\/uploads\/2022\/06\/Versiculos-da-Biblia-sobre-Perdao-320x197.webp 320w, https:\/\/thebibleverses.org\/pt\/wp-content\/uploads\/2022\/06\/Versiculos-da-Biblia-sobre-Perdao-450x278.webp 450w, https:\/\/thebibleverses.org\/pt\/wp-content\/uploads\/2022\/06\/Versiculos-da-Biblia-sobre-Perdao-720x444.webp 720w, https:\/\/thebibleverses.org\/pt\/wp-content\/uploads\/2022\/06\/Versiculos-da-Biblia-sobre-Perdao.webp 1200w\" data-sizes=\"(max-width: 1024px) 100vw, 1024px\" src=\"data:image\/svg+xml;base64,PHN2ZyB3aWR0aD0iMSIgaGVpZ2h0PSIxIiB4bWxucz0iaHR0cDovL3d3dy53My5vcmcvMjAwMC9zdmciPjwvc3ZnPg==\" style=\"--smush-placeholder-width: 1024px; --smush-placeholder-aspect-ratio: 1024\/631;\" \/><figcaption>Vers\u00edculos da B\u00edblia sobre Perd\u00e3o &#8211; Nova Vers\u00e3o Internacional (NVI-PT).<\/figcaption><\/figure><\/div>\n\n\n<h2 class=\"wp-block-heading\">Mateus 6:14-15 <\/h2>\n\n\n\n<p>Pois se perdoarem as ofensas uns dos outros, o Pai celestial tamb\u00e9m lhes perdoar\u00e1. Mas se n\u00e3o perdoarem uns aos outros, o Pai celestial n\u00e3o lhes perdoar\u00e1 as ofensas (Mt 6:14-15).<\/p>\n\n\n\n<h2 class=\"wp-block-heading\">Mateus 9:6 <\/h2>\n\n\n\n<p>Mas, para que voc\u00eas saibam que o Filho do homem tem na terra autoridade para perdoar pecados\u201d \u2014 disse ao paral\u00edtico: \u201cLevante-se, pegue a sua maca e v\u00e1 para casa\u201d (Mt 9:6).<\/p>\n\n\n\n<h2 class=\"wp-block-heading\">Mateus 12:31 <\/h2>\n\n\n\n<p>Por esse motivo eu lhes digo: Todo pecado e blasf\u00eamia ser\u00e3o perdoados aos homens, mas a blasf\u00eamia contra o Esp\u00edrito n\u00e3o ser\u00e1 perdoada (Mt 12:31).<\/p>\n\n\n\n<h2 class=\"wp-block-heading\">Mateus 12:32 <\/h2>\n\n\n\n<p>Todo aquele que disser uma palavra contra o Filho do homem ser\u00e1 perdoado, mas quem falar contra o Esp\u00edrito Santo n\u00e3o ser\u00e1 perdoado, nem nesta era nem na que h\u00e1 de vir (Mt 12:32).<\/p>\n\n\n\n<h2 class=\"wp-block-heading\">Mateus 18:21-22 <\/h2>\n\n\n\n<p>Ent\u00e3o Pedro aproximou-se de Jesus e perguntou: \u201cSenhor, quantas vezes deverei perdoar a meu irm\u00e3o quando ele pecar contra mim? At\u00e9 sete vezes?\u201d Jesus respondeu: Eu lhe digo: N\u00e3o at\u00e9 sete, mas at\u00e9 setenta vezes sete (Mt 18:21-22).<\/p>\n\n\n\n<h2 class=\"wp-block-heading\">Prov\u00e9rbios 17:9 <\/h2>\n\n\n\n<p>Aquele que cobre uma ofensa promove amor, mas quem a lan\u00e7a em rosto separa bons amigos (Pr 17:9).<\/p>\n\n\n\n<h2 class=\"wp-block-heading\">Marcos 11:25-26 <\/h2>\n\n\n\n<p>E quando estiverem orando, se tiverem alguma coisa contra algu\u00e9m, perdoem-no, para que tamb\u00e9m o Pai celestial lhes perdoe os seus pecados. Mas se voc\u00eas n\u00e3o perdoarem, tamb\u00e9m o seu Pai que est\u00e1 nos c\u00e9us n\u00e3o perdoar\u00e1 os seus pecados (Mr 11:25-26).<\/p>\n\n\n\n<h2 class=\"wp-block-heading\">Lucas 6:37 <\/h2>\n\n\n\n<p>N\u00e3o julguem, e voc\u00eas n\u00e3o ser\u00e3o julgados. N\u00e3o condenem, e n\u00e3o ser\u00e3o condenados. Perdoem, e ser\u00e3o perdoados (Lc 6:37).<\/p>\n\n\n\n<h2 class=\"wp-block-heading\">Lucas 17:3-4 <\/h2>\n\n\n\n<p>Se o seu irm\u00e3o pecar, repreenda-o e, se ele se arrepender, perdoe-lhe. Se pecar contra voc\u00ea sete vezes no dia, e sete vezes voltar a voc\u00ea e disser: \u2018Estou arrependido\u2019, perdoe-lhe (Lc 17:3-4).<\/p>\n\n\n\n<h2 class=\"wp-block-heading\">Lucas 23:34 <\/h2>\n\n\n\n<p>Jesus disse: \u201cPai, perdoa-lhes, pois n\u00e3o sabem o que est\u00e3o fazendo\u201d. Ent\u00e3o eles dividiram as roupas dele, tirando sortes (Lc 23:34).<\/p>\n\n\n\n<h2 class=\"wp-block-heading\">Ef\u00e9sios 4:32 <\/h2>\n\n\n\n<p>Sejam bondosos e compassivos uns para com os outros, perdoando-se mutuamente, assim como Deus os perdoou em Cristo (Ef 4:32).<\/p>\n\n\n\n<h2 class=\"wp-block-heading\">Colossenses 3:13 <\/h2>\n\n\n\n<p>Suportem-se uns aos outros e perdoem as queixas que tiverem uns contra os outros. Perdoem como o Senhor lhes perdoou (Col 3:13).<\/p>\n\n\n\n<h2 class=\"wp-block-heading\">1 Jo\u00e3o 1:9 <\/h2>\n\n\n\n<p>Se confessarmos os nossos pecados, ele \u00e9 fiel e justo para perdoar os nossos pecados e nos purificar de toda injusti\u00e7a (1 Jo\u00e3o 1:9).<\/p>\n\n\n\n<h2 class=\"wp-block-heading\">Salmos 25:11 <\/h2>\n\n\n\n<p>Por amor do teu nome, Senhor, perdoa o meu pecado, que \u00e9 t\u00e3o grande! (Sal 25:11).<\/p>\n\n\n\n<h2 class=\"wp-block-heading\">Salmos 32:1 <\/h2>\n\n\n\n<p>Como \u00e9 feliz aquele que tem suas transgress\u00f5es perdoadas e seus pecados apagados! (Sal 32:1).<\/p>\n\n\n\n<h2 class=\"wp-block-heading\">Salmos 32:5 <\/h2>\n\n\n\n<p>Ent\u00e3o reconheci diante de ti o meu pecado e n\u00e3o encobri as minhas culpas. Eu disse: Confessarei as minhas transgress\u00f5esao Senhor, e tu perdoaste a culpa do meu pecado (Sal 32:5).<\/p>\n\n\n\n<h2 class=\"wp-block-heading\">Salmos 79:9<\/h2>\n\n\n\n<p>Ajuda-nos, \u00f3 Deus, nosso Salvador, para a gl\u00f3ria do teu nome; livra-nos e perdoa os nossos pecados, por amor do teu nome (Sal 79:9).<\/p>\n\n\n\n<h2 class=\"wp-block-heading\">Salmos 85:2 <\/h2>\n\n\n\n<p>Perdoaste a culpa do teu povo e cobriste todos os seus pecados (Sal 85:2).<\/p>\n\n\n\n<h2 class=\"wp-block-heading\">Salmos 86:5 <\/h2>\n\n\n\n<p>Tu \u00e9s bondoso e perdoador, Senhor, rico em gra\u00e7a para com todos os que te invocam (Sal 86:5).<\/p>\n\n\n\n<h2 class=\"wp-block-heading\">Salmos 103:3 <\/h2>\n\n\n\n<p>\u00c9 ele que perdoa todos os seus pecados e cura todas as suas doen\u00e7as (Sal 103:3).<\/p>\n\n\n\n<h2 class=\"wp-block-heading\">Salmos 130:4 <\/h2>\n\n\n\n<p>Mas contigo est\u00e1 o perd\u00e3o para que sejas temido (Sal 130:4).<\/p>\n\n\n\n<h2 class=\"wp-block-heading\">Isa\u00edas 40:2 <\/h2>\n\n\n\n<p>Encoragem a Jerusal\u00e9m e anunciem que ela j\u00e1 cumpriu o trabalho que lhe foi imposto, pagou por sua iniq\u00fcidade, e recebeu da m\u00e3o do Senhor em dobro por todos os seus pecados (Is 40:2).<\/p>\n\n\n\n<h2 class=\"wp-block-heading\">Isa\u00edas 55:7 <\/h2>\n\n\n\n<p>Que o \u00edmpio abandone o seu caminho, e o homem mau, os seus pensamentos. Volte-se ele para o Senhor, que ter\u00e1 miseric\u00f3rdia dele; volte-se para o nosso Deus, pois ele d\u00e1 de bom grado o seu perd\u00e3o (Is 55:7).<\/p>\n\n\n\n<h2 class=\"wp-block-heading\">Jeremias 33:8 <\/h2>\n\n\n\n<p>Eu os purificarei de todo o pecado que cometeram contra mim e perdoarei todos os seus pecados de rebeli\u00e3o contra mim (Jr 33:8).<\/p>\n\n\n\n<h2 class=\"wp-block-heading\">Daniel 9:9 <\/h2>\n\n\n\n<p>O Senhor nosso Deus \u00e9 misericordioso e perdoador, apesar de termos sido rebeldes (Da 9:9).<\/p>\n\n\n\n<h2 class=\"wp-block-heading\">Daniel 9:19 <\/h2>\n\n\n\n<p>Senhor, ouve! Senhor, perdoa! Senhor, v\u00ea e age! Por amor de ti, meu Deus, n\u00e3o te demores, pois a tua cidade e o teu povo levam o teu nome (Daniel 9:19).<\/p>\n\n\n\n<h2 class=\"wp-block-heading\">Joel 2:17 <\/h2>\n\n\n\n<p>Que os sacerdotes, que ministram perante o Senhor, chorem entre o p\u00f3rtico do templo e o altar, orando: \u201cPoupa o teu povo, Senhor. N\u00e3o fa\u00e7as da tua heran\u00e7a objeto de zombaria e de chacota entre as na\u00e7\u00f5es. Por que se haveria de dizer entre os povos: \u2018Onde est\u00e1 o Deus deles?\u2019 (Joel 2:17).<\/p>\n\n\n\n<h2 class=\"wp-block-heading\">Miqu\u00e9ias 7:18 <\/h2>\n\n\n\n<p>Quem \u00e9 compar\u00e1vel a ti, \u00f3 Deus, que perdoas o pecado e esqueces a transgress\u00e3o do remanescente da sua heran\u00e7a? Tu, que n\u00e3o permaneces irado para sempre, mas tens prazer em mostrar amor (Miq 7:18).<\/p>\n\n\n\n<h2 class=\"wp-block-heading\">Malaquias 3:17 <\/h2>\n\n\n\n<p>\u201cNo dia em que eu agir\u201d, diz o Senhor dos Ex\u00e9rcitos, \u201celes ser\u00e3o o meu tesouro pessoal. Eu terei compaix\u00e3o deles como um pai tem compaix\u00e3o do filho que lhe obedece (Mal 3:17).<\/p>\n\n\n\n<h2 class=\"wp-block-heading\">Atos 2:38 <\/h2>\n\n\n\n<p>Pedro respondeu: \u201cArrependam-se, e cada um de voc\u00eas seja batizado em nome de Jesus Cristo para perd\u00e3o dos seus pecados, e receber\u00e3o o dom do Esp\u00edrito Santo (Atos 2:38).<\/p>\n\n\n\n<h2 class=\"wp-block-heading\">Atos 13:38 <\/h2>\n\n\n\n<p>Portanto, meus irm\u00e3os, quero que saibam que mediante Jesus lhes \u00e9 proclamado o perd\u00e3o dos pecados (Atos 13:38).<\/p>\n\n\n\n<h2 class=\"wp-block-heading\">Ef\u00e9sios 1:7 <\/h2>\n\n\n\n<p>Nele temos a reden\u00e7\u00e3o por meio de seu sangue, o perd\u00e3o dos pecados, de acordo com as riquezas da gra\u00e7a de Deus (Ef 1:7).<\/p>\n\n\n\n<h2 class=\"wp-block-heading\">Colossenses 2:13 <\/h2>\n\n\n\n<p>Quando voc\u00eas estavam mortos em pecados e na incircuncis\u00e3o da sua carne, Deus os vivificou com Cristo. Ele nos perdoou todas as transgress\u00f5es (Col 2:13).<\/p>\n\n\n\n<h2 class=\"wp-block-heading\">Lee Tambi\u00e9n:<\/h2>\n\n\n\n<ul class=\"wp-block-list\"><li><a href=\"https:\/\/thebibleverses.org\/pt\/\">Vers\u00edculos por T\u00f3picos<\/a><\/li><li><a href=\"https:\/\/thebibleverses.org\/pt\/amor\/\">Vers\u00edculos da B\u00edblia sobre o Amor<\/a><\/li><li><a href=\"https:\/\/thebibleverses.org\/pt\/forca\/\">Vers\u00edculos da B\u00edblia sobre For\u00e7a<\/a><\/li><li><a href=\"https:\/\/thebibleverses.org\/pt\/fe\/\">Vers\u00edculos B\u00edblicos sobre F\u00e9<\/a><\/li><li><a href=\"https:\/\/thebibleverses.org\/pt\/jovens\/\">Vers\u00edculos da B\u00edblia para Jovens<\/a><\/li><li><a href=\"https:\/\/thebibleverses.org\/pt\/amizade\/\">Vers\u00edculos da B\u00edblia sobre Amizade<\/a><\/li><li><a href=\"https:\/\/thebibleverses.org\/pt\/cura\/\">Vers\u00edculos da B\u00edblia sobre Cura<\/a><\/li><\/ul>\n","protected":false},"excerpt":{"rendered":"<p>Mateus 6:14-15 Pois se perdoarem as ofensas uns dos outros, o Pai celestial tamb\u00e9m lhes perdoar\u00e1. Mas se n\u00e3o perdoarem uns aos outros, o Pai celestial n\u00e3o lhes perdoar\u00e1 as ofensas (Mt 6:14-15). Mateus 9:6 Mas, para que voc\u00eas saibam que o Filho do homem tem na terra autoridade para perdoar pecados\u201d \u2014 disse ao [&hellip;]<\/p>\n","protected":false},"author":1,"featured_media":1641,"parent":0,"menu_order":0,"comment_status":"open","ping_status":"closed","template":"","meta":{"footnotes":""},"class_list":["post-316","page","type-page","status-publish","has-post-thumbnail","hentry","entry","fw-tab-6 fw-tabr-4"],"_links":{"self":[{"href":"https:\/\/thebibleverses.org\/pt\/wp-json\/wp\/v2\/pages\/316","targetHints":{"allow":["GET"]}}],"collection":[{"href":"https:\/\/thebibleverses.org\/pt\/wp-json\/wp\/v2\/pages"}],"about":[{"href":"https:\/\/thebibleverses.org\/pt\/wp-json\/wp\/v2\/types\/page"}],"author":[{"embeddable":true,"href":"https:\/\/thebibleverses.org\/pt\/wp-json\/wp\/v2\/users\/1"}],"replies":[{"embeddable":true,"href":"https:\/\/thebibleverses.org\/pt\/wp-json\/wp\/v2\/comments?post=316"}],"version-history":[{"count":0,"href":"https:\/\/thebibleverses.org\/pt\/wp-json\/wp\/v2\/pages\/316\/revisions"}],"wp:featuredmedia":[{"embeddable":true,"href":"https:\/\/thebibleverses.org\/pt\/wp-json\/wp\/v2\/media\/1641"}],"wp:attachment":[{"href":"https:\/\/thebibleverses.org\/pt\/wp-json\/wp\/v2\/media?parent=316"}],"curies":[{"name":"wp","href":"https:\/\/api.w.org\/{rel}","templated":true}]}}