{"id":306,"date":"2019-11-27T19:09:46","date_gmt":"2019-11-27T19:09:46","guid":{"rendered":"https:\/\/thebibleverses.org\/pt\/?page_id=306"},"modified":"2022-06-25T21:51:28","modified_gmt":"2022-06-25T21:51:28","slug":"paciencia","status":"publish","type":"page","link":"https:\/\/thebibleverses.org\/pt\/paciencia\/","title":{"rendered":"25 Vers\u00edculos da B\u00edblia sobre Paci\u00eancia"},"content":{"rendered":"<div class=\"wp-block-image\">\n<figure class=\"aligncenter size-large\"><img decoding=\"async\" width=\"1024\" height=\"631\" data-src=\"https:\/\/thebibleverses.org\/pt\/wp-content\/uploads\/2022\/06\/Versiculos-da-Biblia-sobre-Paciencia-1024x631.webp\" alt=\"Vers\u00edculos da B\u00edblia sobre Paci\u00eancia\" class=\"wp-image-1608 lazyload\" data-srcset=\"https:\/\/thebibleverses.org\/pt\/wp-content\/uploads\/2022\/06\/Versiculos-da-Biblia-sobre-Paciencia-1024x631.webp 1024w, https:\/\/thebibleverses.org\/pt\/wp-content\/uploads\/2022\/06\/Versiculos-da-Biblia-sobre-Paciencia-300x185.webp 300w, https:\/\/thebibleverses.org\/pt\/wp-content\/uploads\/2022\/06\/Versiculos-da-Biblia-sobre-Paciencia-768x474.webp 768w, https:\/\/thebibleverses.org\/pt\/wp-content\/uploads\/2022\/06\/Versiculos-da-Biblia-sobre-Paciencia-320x197.webp 320w, https:\/\/thebibleverses.org\/pt\/wp-content\/uploads\/2022\/06\/Versiculos-da-Biblia-sobre-Paciencia-450x278.webp 450w, https:\/\/thebibleverses.org\/pt\/wp-content\/uploads\/2022\/06\/Versiculos-da-Biblia-sobre-Paciencia-720x444.webp 720w, https:\/\/thebibleverses.org\/pt\/wp-content\/uploads\/2022\/06\/Versiculos-da-Biblia-sobre-Paciencia.webp 1200w\" data-sizes=\"(max-width: 1024px) 100vw, 1024px\" src=\"data:image\/svg+xml;base64,PHN2ZyB3aWR0aD0iMSIgaGVpZ2h0PSIxIiB4bWxucz0iaHR0cDovL3d3dy53My5vcmcvMjAwMC9zdmciPjwvc3ZnPg==\" style=\"--smush-placeholder-width: 1024px; --smush-placeholder-aspect-ratio: 1024\/631;\" \/><figcaption>Vers\u00edculos da B\u00edblia sobre Paci\u00eancia &#8211; Almeida Revista e Corrigida 2009 (ARC).<\/figcaption><\/figure><\/div>\n\n\n<h2 class=\"wp-block-heading\">Lucas 21:19 <\/h2>\n\n\n\n<p>Na vossa paci\u00eancia, possu\u00ed a vossa alma (Lc 21:19).<\/p>\n\n\n\n<h2 class=\"wp-block-heading\">Salmos 37:7 <\/h2>\n\n\n\n<p>Descansa no Senhor e espera nele; n\u00e3o te indignes por causa daquele que prospera em seu caminho, por causa do homem que executa astutos intentos (Sal 37:7).<\/p>\n\n\n\n<h2 class=\"wp-block-heading\">Salmos 40:1 <\/h2>\n\n\n\n<p>Esperei com paci\u00eancia no Senhor, e ele se inclinou para mim, e ouviu o meu clamor (Sal 40:1).<\/p>\n\n\n\n<h2 class=\"wp-block-heading\">Prov\u00e9rbios 14:29 <\/h2>\n\n\n\n<p>O long\u00e2nimo \u00e9 grande em entendimento, mas o de \u00e2nimo precipitado exalta a loucura (Pr 14:29).<\/p>\n\n\n\n<h2 class=\"wp-block-heading\">Prov\u00e9rbios 25:15 <\/h2>\n\n\n\n<p>Pela longanimidade se persuade o pr\u00edncipe, e a l\u00edngua branda quebranta os ossos (Pr 25:15).<\/p>\n\n\n\n<h2 class=\"wp-block-heading\">G\u00e1latas 5:22 <\/h2>\n\n\n\n<p>Mas o fruto do Esp\u00edrito \u00e9: amor, gozo, paz, longanimidade, benignidade, bondade, f\u00e9, mansid\u00e3o, temperan\u00e7a (G\u00e1l 5:22).<\/p>\n\n\n\n<h2 class=\"wp-block-heading\">Ef\u00e9sios 4:2 <\/h2>\n\n\n\n<p>Com toda a humildade e mansid\u00e3o, com longanimidade, suportando-vos uns aos outros em amor (Ef 4:2).<\/p>\n\n\n\n<h2 class=\"wp-block-heading\">Colossenses 1:11 <\/h2>\n\n\n\n<p>Corroborados em toda a fortaleza, segundo a for\u00e7a da sua gl\u00f3ria, em toda a paci\u00eancia e longanimidade, com gozo (Col 1:11).<\/p>\n\n\n\n<h2 class=\"wp-block-heading\">Colossenses 3:12 <\/h2>\n\n\n\n<p>Revesti-vos, pois, como eleitos de Deus, santos e amados, de entranhas de miseric\u00f3rdia, de benignidade, humildade, mansid\u00e3o, longanimidade (Col 3:129.<\/p>\n\n\n\n<h2 class=\"wp-block-heading\">Romanos 2:4 <\/h2>\n\n\n\n<p>Ou desprezas tu as riquezas da sua benignidade, e paci\u00eancia, e longanimidade, ignorando que a benignidade de Deus te leva ao arrependimento? (Ro 2:4).<\/p>\n\n\n\n<h2 class=\"wp-block-heading\">Romanos 3:25 <\/h2>\n\n\n\n<p>Ao qual Deus prop\u00f4s para propicia\u00e7\u00e3o pela f\u00e9 no seu sangue, para demonstrar a sua justi\u00e7a pela remiss\u00e3o dos pecados dantes cometidos, sob a paci\u00eancia de Deus (Ro 3:25).<\/p>\n\n\n\n<h2 class=\"wp-block-heading\">Romanos 5:3-4 <\/h2>\n\n\n\n<p>E n\u00e3o somente isto, mas tamb\u00e9m nos gloriamos nas tribula\u00e7\u00f5es, sabendo que a tribula\u00e7\u00e3o produz a paci\u00eancia; e a paci\u00eancia, a experi\u00eancia; e a experi\u00eancia, a esperan\u00e7a (Ro 5:3-4).<\/p>\n\n\n\n<h2 class=\"wp-block-heading\">Romanos 15:4 <\/h2>\n\n\n\n<p>Porque tudo que dantes foi escrito para nosso ensino foi escrito, para que, pela paci\u00eancia e consola\u00e7\u00e3o das Escrituras, tenhamos esperan\u00e7a (Ro 15:4).<\/p>\n\n\n\n<h2 class=\"wp-block-heading\">Romanos 15:5 <\/h2>\n\n\n\n<p>Ora, o Deus de paci\u00eancia e consola\u00e7\u00e3o vos conceda o mesmo sentimento uns para com os outros, segundo Cristo Jesus (Ro 15:5).<\/p>\n\n\n\n<h2 class=\"wp-block-heading\">1 Cor\u00edntios 13:4 <\/h2>\n\n\n\n<p>O amor \u00e9 sofredor, \u00e9 benigno; o amor n\u00e3o \u00e9 invejoso; o amor n\u00e3o trata com leviandade, n\u00e3o se ensoberbece (1 Co 13:4).<\/p>\n\n\n\n<h2 class=\"wp-block-heading\">2 Tessalonicenses 1:4 <\/h2>\n\n\n\n<p>De maneira que n\u00f3s mesmos nos gloriamos de v\u00f3s nas igrejas de Deus, por causa da vossa paci\u00eancia e f\u00e9, e em todas as vossas persegui\u00e7\u00f5es e afli\u00e7\u00f5es que suportais (2 Tess 1:4).<\/p>\n\n\n\n<h2 class=\"wp-block-heading\">2 Tessalonicenses 3:5 <\/h2>\n\n\n\n<p>Ora, o Senhor encaminhe o vosso cora\u00e7\u00e3o no amor de Deus e na paci\u00eancia de Cristo (2 Tess 3:5).<\/p>\n\n\n\n<h2 class=\"wp-block-heading\">2 Tim\u00f3teo 3:10 <\/h2>\n\n\n\n<p>Tu, por\u00e9m, tens seguido a minha doutrina, modo de viver, inten\u00e7\u00e3o, f\u00e9, longanimidade, amor, paci\u00eancia (2 Ti 3:10).<\/p>\n\n\n\n<h2 class=\"wp-block-heading\">Tito 2:2 <\/h2>\n\n\n\n<p>Os velhos que sejam s\u00f3brios, graves, prudentes, s\u00e3os na f\u00e9, no amor e na paci\u00eancia (Tit 2:2).<\/p>\n\n\n\n<h2 class=\"wp-block-heading\">Hebreus 10:36 <\/h2>\n\n\n\n<p>Porque necessitais de paci\u00eancia, para que, depois de haverdes feito a vontade de Deus, possais alcan\u00e7ar a promessa (Heb 10:36).<\/p>\n\n\n\n<h2 class=\"wp-block-heading\">Tiago 1:3-4 <\/h2>\n\n\n\n<p>Sabendo que a prova da vossa f\u00e9 produz a paci\u00eancia. Tenha, por\u00e9m, a paci\u00eancia a sua obra perfeita, para que sejais perfeitos e completos, sem faltar em coisa alguma. (Tiago 1:3-4).<\/p>\n\n\n\n<h2 class=\"wp-block-heading\">Tiago 5:7 <\/h2>\n\n\n\n<p>Sede, pois, irm\u00e3os, pacientes at\u00e9 a vinda do Senhor. Eis que o lavrador espera o precioso fruto da terra, aguardando-o com paci\u00eancia, at\u00e9 que receba a chuva tempor\u00e3 e ser\u00f4dia (Tiago 5:7).<\/p>\n\n\n\n<h2 class=\"wp-block-heading\">Tiago 5:10 <\/h2>\n\n\n\n<p>Meus irm\u00e3os, tomai por exemplo de afli\u00e7\u00e3o e paci\u00eancia os profetas que falaram em nome do Senhor (Tiago 5:10).<\/p>\n\n\n\n<h2 class=\"wp-block-heading\">Tiago 5:11 <\/h2>\n\n\n\n<p>Eis que temos por bem-aventurados os que sofreram. Ouvistes qual foi a paci\u00eancia de J\u00f3 e vistes o fim que o Senhor lhe deu; porque o Senhor \u00e9 muito misericordioso e piedoso (Tiago 5:11).<\/p>\n\n\n\n<h2 class=\"wp-block-heading\">\u00caxodo 14:14 <\/h2>\n\n\n\n<p>O Senhor pelejar\u00e1 por v\u00f3s, e vos calareis (\u00cax 14:14).<\/p>\n\n\n\n<h2 class=\"wp-block-heading\">Lee Tambi\u00e9n:<\/h2>\n\n\n\n<ul class=\"wp-block-list\"><li><a href=\"https:\/\/thebibleverses.org\/pt\/\">Vers\u00edculos por T\u00f3picos<\/a><\/li><li><a href=\"https:\/\/thebibleverses.org\/pt\/amor\/\">Vers\u00edculos da B\u00edblia sobre o Amor<\/a><\/li><li><a href=\"https:\/\/thebibleverses.org\/pt\/forca\/\">Vers\u00edculos da B\u00edblia sobre For\u00e7a<\/a><\/li><li><a href=\"https:\/\/thebibleverses.org\/pt\/fe\/\">Vers\u00edculos B\u00edblicos sobre F\u00e9<\/a><\/li><li><a href=\"https:\/\/thebibleverses.org\/pt\/jovens\/\">Vers\u00edculos da B\u00edblia para Jovens<\/a><\/li><li><a href=\"https:\/\/thebibleverses.org\/pt\/amizade\/\">Vers\u00edculos da B\u00edblia sobre Amizade<\/a><\/li><li><a href=\"https:\/\/thebibleverses.org\/pt\/cura\/\">Vers\u00edculos da B\u00edblia sobre Cura<\/a><\/li><\/ul>\n","protected":false},"excerpt":{"rendered":"<p>Lucas 21:19 Na vossa paci\u00eancia, possu\u00ed a vossa alma (Lc 21:19). Salmos 37:7 Descansa no Senhor e espera nele; n\u00e3o te indignes por causa daquele que prospera em seu caminho, por causa do homem que executa astutos intentos (Sal 37:7). Salmos 40:1 Esperei com paci\u00eancia no Senhor, e ele se inclinou para mim, e ouviu [&hellip;]<\/p>\n","protected":false},"author":1,"featured_media":1608,"parent":0,"menu_order":0,"comment_status":"open","ping_status":"closed","template":"","meta":{"footnotes":""},"class_list":["post-306","page","type-page","status-publish","has-post-thumbnail","hentry","entry","fw-tab-6 fw-tabr-4"],"_links":{"self":[{"href":"https:\/\/thebibleverses.org\/pt\/wp-json\/wp\/v2\/pages\/306","targetHints":{"allow":["GET"]}}],"collection":[{"href":"https:\/\/thebibleverses.org\/pt\/wp-json\/wp\/v2\/pages"}],"about":[{"href":"https:\/\/thebibleverses.org\/pt\/wp-json\/wp\/v2\/types\/page"}],"author":[{"embeddable":true,"href":"https:\/\/thebibleverses.org\/pt\/wp-json\/wp\/v2\/users\/1"}],"replies":[{"embeddable":true,"href":"https:\/\/thebibleverses.org\/pt\/wp-json\/wp\/v2\/comments?post=306"}],"version-history":[{"count":0,"href":"https:\/\/thebibleverses.org\/pt\/wp-json\/wp\/v2\/pages\/306\/revisions"}],"wp:featuredmedia":[{"embeddable":true,"href":"https:\/\/thebibleverses.org\/pt\/wp-json\/wp\/v2\/media\/1608"}],"wp:attachment":[{"href":"https:\/\/thebibleverses.org\/pt\/wp-json\/wp\/v2\/media?parent=306"}],"curies":[{"name":"wp","href":"https:\/\/api.w.org\/{rel}","templated":true}]}}