{"id":302,"date":"2019-11-27T18:57:31","date_gmt":"2019-11-27T18:57:31","guid":{"rendered":"https:\/\/thebibleverses.org\/pt\/?page_id=302"},"modified":"2022-06-25T21:51:12","modified_gmt":"2022-06-25T21:51:12","slug":"paz","status":"publish","type":"page","link":"https:\/\/thebibleverses.org\/pt\/paz\/","title":{"rendered":"35 Vers\u00edculos da B\u00edblia sobre Paz"},"content":{"rendered":"<div class=\"wp-block-image\">\n<figure class=\"aligncenter size-large\"><img decoding=\"async\" width=\"1024\" height=\"631\" data-src=\"https:\/\/thebibleverses.org\/pt\/wp-content\/uploads\/2022\/06\/Versiculos-da-Biblia-sobre-Paz-1024x631.webp\" alt=\"Vers\u00edculos da B\u00edblia sobre Paz\" class=\"wp-image-1611 lazyload\" data-srcset=\"https:\/\/thebibleverses.org\/pt\/wp-content\/uploads\/2022\/06\/Versiculos-da-Biblia-sobre-Paz-1024x631.webp 1024w, https:\/\/thebibleverses.org\/pt\/wp-content\/uploads\/2022\/06\/Versiculos-da-Biblia-sobre-Paz-300x185.webp 300w, https:\/\/thebibleverses.org\/pt\/wp-content\/uploads\/2022\/06\/Versiculos-da-Biblia-sobre-Paz-768x474.webp 768w, https:\/\/thebibleverses.org\/pt\/wp-content\/uploads\/2022\/06\/Versiculos-da-Biblia-sobre-Paz-320x197.webp 320w, https:\/\/thebibleverses.org\/pt\/wp-content\/uploads\/2022\/06\/Versiculos-da-Biblia-sobre-Paz-450x278.webp 450w, https:\/\/thebibleverses.org\/pt\/wp-content\/uploads\/2022\/06\/Versiculos-da-Biblia-sobre-Paz-720x444.webp 720w, https:\/\/thebibleverses.org\/pt\/wp-content\/uploads\/2022\/06\/Versiculos-da-Biblia-sobre-Paz.webp 1200w\" data-sizes=\"(max-width: 1024px) 100vw, 1024px\" src=\"data:image\/svg+xml;base64,PHN2ZyB3aWR0aD0iMSIgaGVpZ2h0PSIxIiB4bWxucz0iaHR0cDovL3d3dy53My5vcmcvMjAwMC9zdmciPjwvc3ZnPg==\" style=\"--smush-placeholder-width: 1024px; --smush-placeholder-aspect-ratio: 1024\/631;\" \/><figcaption>Vers\u00edculos da B\u00edblia sobre Paz &#8211; Almeida Revista e Corrigida 2009 (ARC).<\/figcaption><\/figure><\/div>\n\n\n<h2 class=\"wp-block-heading\">J\u00f3 25:2 <\/h2>\n\n\n\n<p>Com ele est\u00e3o dom\u00ednio e temor; ele faz paz nas suas alturas (J\u00f3 25:2).<\/p>\n\n\n\n<h2 class=\"wp-block-heading\">Salmos 4:8<\/h2>\n\n\n\n<p>Em paz tamb\u00e9m me deitarei e dormirei, porque s\u00f3 tu, Senhor, me fazes habitar em seguran\u00e7a (Sal 4:8).<\/p>\n\n\n\n<h2 class=\"wp-block-heading\">Salmos 29:11 <\/h2>\n\n\n\n<p>O Senhor dar\u00e1 for\u00e7a ao seu povo; o Senhor aben\u00e7oar\u00e1 o seu povo com paz (Sal 29:11).<\/p>\n\n\n\n<h2 class=\"wp-block-heading\">Salmos 34:14 <\/h2>\n\n\n\n<p>Aparta-te do mal e faze o bem; procura a paz e segue-a (Sal 34:14).<\/p>\n\n\n\n<h2 class=\"wp-block-heading\">Salmos 119:165 <\/h2>\n\n\n\n<p>Muita paz t\u00eam os que amam a tua lei, e para eles n\u00e3o h\u00e1 trope\u00e7o (Sal 119:165).<\/p>\n\n\n\n<h2 class=\"wp-block-heading\">Prov\u00e9rbios 3:17 <\/h2>\n\n\n\n<p>Os seus caminhos s\u00e3o caminhos de del\u00edcias, e todas as suas veredas, paz (Pr 3:17).<\/p>\n\n\n\n<h2 class=\"wp-block-heading\">Isa\u00edas 9:6 <\/h2>\n\n\n\n<p>Porque um menino nos nasceu, um filho se nos deu; e o principado est\u00e1 sobre os seus ombros; e o seu nome ser\u00e1 Maravilhoso Conselheiro, Deus Forte, Pai da Eternidade, Pr\u00edncipe da Paz (Is 9:6).<\/p>\n\n\n\n<h2 class=\"wp-block-heading\">Isa\u00edas 26:3 <\/h2>\n\n\n\n<p>Tu conservar\u00e1s em paz aquele cuja mente est\u00e1 firme em ti; porque ele confia em ti (Is 26:3).<\/p>\n\n\n\n<h2 class=\"wp-block-heading\">Isa\u00edas 48:18 <\/h2>\n\n\n\n<p>Ah! Se tivesses dado ouvidos aos meus mandamentos! Ent\u00e3o, seria a tua paz como o rio, e a tua justi\u00e7a, como as ondas do mar (Is 48:18).<\/p>\n\n\n\n<h2 class=\"wp-block-heading\">Isa\u00edas 53:5 <\/h2>\n\n\n\n<p>Mas ele foi ferido pelas nossas transgress\u00f5es e mo\u00eddo pelas nossas iniquidades; o castigo que nos traz a paz estava sobre ele, e, pelas suas pisaduras, fomos sarados (Is 53:5).<\/p>\n\n\n\n<h2 class=\"wp-block-heading\">Ezequiel 34:25 <\/h2>\n\n\n\n<p>E farei com elas um concerto de paz e acabarei com a besta ruim da terra; e habitar\u00e3o no deserto seguramente e dormir\u00e3o nos bosques (Ez 34:25)<\/p>\n\n\n\n<h2 class=\"wp-block-heading\">Mateus 5:9 <\/h2>\n\n\n\n<p>bem-aventurados os pacificadores, porque eles ser\u00e3o chamados filhos de Deus (Mt 5:9).<\/p>\n\n\n\n<h2 class=\"wp-block-heading\">Lucas 1:78-79 <\/h2>\n\n\n\n<p>Pelas entranhas da miseric\u00f3rdia do nosso Deus, com que o oriente do alto nos visitou, para alumiar os que est\u00e3o assentados em trevas e sombra de morte, a fim de dirigir os nossos p\u00e9s pelo caminho da paz (Lc 1:78-79).<\/p>\n\n\n\n<h2 class=\"wp-block-heading\">Lucas 2:13-14 <\/h2>\n\n\n\n<p>E, no mesmo instante, apareceu com o anjo uma multid\u00e3o dos ex\u00e9rcitos celestiais, louvando a Deus e dizendo: Gl\u00f3ria a Deus nas alturas, paz na terra, boa vontade para com os homens! (Lc 2:13-14).<\/p>\n\n\n\n<h2 class=\"wp-block-heading\">Jo\u00e3o 14:27 <\/h2>\n\n\n\n<p>Deixo-vos a paz, a minha paz vos dou; n\u00e3o vo-la dou como o mundo a d\u00e1. N\u00e3o se turbe o vosso cora\u00e7\u00e3o, nem se atemorize (Jo\u00e3o 14:27).<\/p>\n\n\n\n<h2 class=\"wp-block-heading\">Jo\u00e3o 16:33<\/h2>\n\n\n\n<p>Tenho-vos dito isso, para que em mim tenhais paz; no mundo tereis afli\u00e7\u00f5es, mas tende bom \u00e2nimo; eu venci o mundo (Jo\u00e3o 16:33).<\/p>\n\n\n\n<h2 class=\"wp-block-heading\">Atos 10:36 <\/h2>\n\n\n\n<p>A palavra que ele enviou aos filhos de Israel, anunciando a paz por Jesus Cristo (este \u00e9 o Senhor de todos (Atos 10:36).<\/p>\n\n\n\n<h2 class=\"wp-block-heading\">Romanos 5:1 <\/h2>\n\n\n\n<p>Sendo, pois, justificados pela f\u00e9, temos paz com Deus por nosso Senhor Jesus Cristo (Ro 5:1).<\/p>\n\n\n\n<h2 class=\"wp-block-heading\">Romanos 8:6 <\/h2>\n\n\n\n<p>Porque a inclina\u00e7\u00e3o da carne \u00e9 morte; mas a inclina\u00e7\u00e3o do Esp\u00edrito \u00e9 vida e paz (Ro 8:6).<\/p>\n\n\n\n<h2 class=\"wp-block-heading\">Romanos 12:18 <\/h2>\n\n\n\n<p>Se for poss\u00edvel, quanto estiver em v\u00f3s, tende paz com todos os homens (Ro 12:18).<\/p>\n\n\n\n<h2 class=\"wp-block-heading\">Romanos 14:17 <\/h2>\n\n\n\n<p>Porque o Reino de Deus n\u00e3o \u00e9 comida nem bebida, mas justi\u00e7a, e paz, e alegria no Esp\u00edrito Santo (Ro 14:17).<\/p>\n\n\n\n<h2 class=\"wp-block-heading\">Romanos 15:33 <\/h2>\n\n\n\n<p>E o Deus de paz seja com todos v\u00f3s. Am\u00e9m! (Ro 15:33).<\/p>\n\n\n\n<h2 class=\"wp-block-heading\">Romanos 16:20 <\/h2>\n\n\n\n<p>E o Deus de paz esmagar\u00e1 em breve Satan\u00e1s debaixo dos vossos p\u00e9s. A gra\u00e7a de nosso Senhor Jesus Cristo seja convosco. Am\u00e9m! (Ro 16:20).<\/p>\n\n\n\n<h2 class=\"wp-block-heading\">1 Cor\u00edntios 14:33 <\/h2>\n\n\n\n<p>Porque Deus n\u00e3o \u00e9 Deus de confus\u00e3o, sen\u00e3o de paz, como em todas as igrejas dos santos (1 Co 14:33).<\/p>\n\n\n\n<h2 class=\"wp-block-heading\">2 Cor\u00edntios 13:11 <\/h2>\n\n\n\n<p>Quanto ao mais, irm\u00e3os, regozijai-vos, sede perfeitos, sede consolados, sede de um mesmo parecer, vivei em paz; e o Deus de amor e de paz ser\u00e1 convosco (2 Co 13:11).<\/p>\n\n\n\n<h2 class=\"wp-block-heading\">G\u00e1latas 1:3 <\/h2>\n\n\n\n<p>Gra\u00e7a e paz, da parte de Deus Pai e da de nosso Senhor Jesus Cristo (G\u00e1l 1:3).<\/p>\n\n\n\n<h2 class=\"wp-block-heading\">G\u00e1latas 5:22 <\/h2>\n\n\n\n<p>Mas o fruto do Esp\u00edrito \u00e9: amor, gozo, paz, longanimidade, benignidade, bondade, f\u00e9, mansid\u00e3o, temperan\u00e7a (G\u00e1l 5:22).<\/p>\n\n\n\n<h2 class=\"wp-block-heading\">Ef\u00e9sios 2:14 <\/h2>\n\n\n\n<p>Porque ele \u00e9 a nossa paz, o qual de ambos os povos fez um; e, derribando a parede de separa\u00e7\u00e3o que estava no meio (Ef 2:14).<\/p>\n\n\n\n<h2 class=\"wp-block-heading\">Ef\u00e9sios 4:3 <\/h2>\n\n\n\n<p>Procurando guardar a unidade do Esp\u00edrito pelo v\u00ednculo da paz (Ef 4:3).<\/p>\n\n\n\n<h2 class=\"wp-block-heading\">Filipenses 4:7 <\/h2>\n\n\n\n<p>E a paz de Deus, que excede todo o entendimento, guardar\u00e1 os vossos cora\u00e7\u00f5es e os vossos sentimentos em Cristo Jesus (Filip 4:7).<\/p>\n\n\n\n<h2 class=\"wp-block-heading\">Colossenses 1:20 <\/h2>\n\n\n\n<p>E que, havendo por ele feito a paz pelo sangue da sua cruz, por meio dele reconciliasse consigo mesmo todas as coisas, tanto as que est\u00e3o na terra como as que est\u00e3o nos c\u00e9us (Col 1:20).<\/p>\n\n\n\n<h2 class=\"wp-block-heading\">Colossenses 3:15 <\/h2>\n\n\n\n<p>E a paz de Deus, para a qual tamb\u00e9m fostes chamados em um corpo, domine em vossos cora\u00e7\u00f5es; e sede agradecidos (Col 3:15).<\/p>\n\n\n\n<h2 class=\"wp-block-heading\">1 Tessalonicenses 5:13 <\/h2>\n\n\n\n<p>E que os tenhais em grande estima e amor, por causa da sua obra. Tende paz entre v\u00f3s (1 Tess 5:13).<\/p>\n\n\n\n<h2 class=\"wp-block-heading\">2 Tessalonicenses 3:16 <\/h2>\n\n\n\n<p>Ora, o mesmo Senhor da paz vos d\u00ea sempre paz de toda maneira. O Senhor seja com todos v\u00f3s (2 Tess 3:16).<\/p>\n\n\n\n<h2 class=\"wp-block-heading\">2 Tim\u00f3teo 2:22 <\/h2>\n\n\n\n<p>Foge, tamb\u00e9m, dos desejos da mocidade; e segue a justi\u00e7a, a f\u00e9, o amor e a paz com os que, com um cora\u00e7\u00e3o puro, invocam o Senhor.<\/p>\n\n\n\n<h2 class=\"wp-block-heading\">Lee Tambi\u00e9n:<\/h2>\n\n\n\n<ul class=\"wp-block-list\"><li><a href=\"https:\/\/thebibleverses.org\/pt\/\">Vers\u00edculos por T\u00f3picos<\/a><\/li><li><a href=\"https:\/\/thebibleverses.org\/pt\/amor\/\">Vers\u00edculos da B\u00edblia sobre o Amor<\/a><\/li><li><a href=\"https:\/\/thebibleverses.org\/pt\/forca\/\">Vers\u00edculos da B\u00edblia sobre For\u00e7a<\/a><\/li><li><a href=\"https:\/\/thebibleverses.org\/pt\/fe\/\">Vers\u00edculos B\u00edblicos sobre F\u00e9<\/a><\/li><li><a href=\"https:\/\/thebibleverses.org\/pt\/jovens\/\">Vers\u00edculos da B\u00edblia para Jovens<\/a><\/li><li><a href=\"https:\/\/thebibleverses.org\/pt\/amizade\/\">Vers\u00edculos da B\u00edblia sobre Amizade<\/a><\/li><li><a href=\"https:\/\/thebibleverses.org\/pt\/cura\/\">Vers\u00edculos da B\u00edblia sobre Cura<\/a><\/li><\/ul>\n","protected":false},"excerpt":{"rendered":"<p>J\u00f3 25:2 Com ele est\u00e3o dom\u00ednio e temor; ele faz paz nas suas alturas (J\u00f3 25:2). Salmos 4:8 Em paz tamb\u00e9m me deitarei e dormirei, porque s\u00f3 tu, Senhor, me fazes habitar em seguran\u00e7a (Sal 4:8). Salmos 29:11 O Senhor dar\u00e1 for\u00e7a ao seu povo; o Senhor aben\u00e7oar\u00e1 o seu povo com paz (Sal 29:11). [&hellip;]<\/p>\n","protected":false},"author":1,"featured_media":1611,"parent":0,"menu_order":0,"comment_status":"open","ping_status":"closed","template":"","meta":{"footnotes":""},"class_list":["post-302","page","type-page","status-publish","has-post-thumbnail","hentry","entry","fw-tab-6 fw-tabr-4"],"_links":{"self":[{"href":"https:\/\/thebibleverses.org\/pt\/wp-json\/wp\/v2\/pages\/302","targetHints":{"allow":["GET"]}}],"collection":[{"href":"https:\/\/thebibleverses.org\/pt\/wp-json\/wp\/v2\/pages"}],"about":[{"href":"https:\/\/thebibleverses.org\/pt\/wp-json\/wp\/v2\/types\/page"}],"author":[{"embeddable":true,"href":"https:\/\/thebibleverses.org\/pt\/wp-json\/wp\/v2\/users\/1"}],"replies":[{"embeddable":true,"href":"https:\/\/thebibleverses.org\/pt\/wp-json\/wp\/v2\/comments?post=302"}],"version-history":[{"count":0,"href":"https:\/\/thebibleverses.org\/pt\/wp-json\/wp\/v2\/pages\/302\/revisions"}],"wp:featuredmedia":[{"embeddable":true,"href":"https:\/\/thebibleverses.org\/pt\/wp-json\/wp\/v2\/media\/1611"}],"wp:attachment":[{"href":"https:\/\/thebibleverses.org\/pt\/wp-json\/wp\/v2\/media?parent=302"}],"curies":[{"name":"wp","href":"https:\/\/api.w.org\/{rel}","templated":true}]}}