{"id":293,"date":"2019-11-26T18:54:15","date_gmt":"2019-11-26T18:54:15","guid":{"rendered":"https:\/\/thebibleverses.org\/pt\/?page_id=293"},"modified":"2022-06-25T21:36:36","modified_gmt":"2022-06-25T21:36:36","slug":"misericordia","status":"publish","type":"page","link":"https:\/\/thebibleverses.org\/pt\/misericordia\/","title":{"rendered":"25 Vers\u00edculos da B\u00edblia sobre a Miseric\u00f3rdia"},"content":{"rendered":"<div class=\"wp-block-image\">\n<figure class=\"aligncenter size-large\"><img decoding=\"async\" width=\"1024\" height=\"631\" data-src=\"https:\/\/thebibleverses.org\/pt\/wp-content\/uploads\/2022\/06\/Versiculos-da-Biblia-sobre-Misericordia-1024x631.webp\" alt=\"Vers\u00edculos da B\u00edblia sobre Miseric\u00f3rdia\" class=\"wp-image-1594 lazyload\" data-srcset=\"https:\/\/thebibleverses.org\/pt\/wp-content\/uploads\/2022\/06\/Versiculos-da-Biblia-sobre-Misericordia-1024x631.webp 1024w, https:\/\/thebibleverses.org\/pt\/wp-content\/uploads\/2022\/06\/Versiculos-da-Biblia-sobre-Misericordia-300x185.webp 300w, https:\/\/thebibleverses.org\/pt\/wp-content\/uploads\/2022\/06\/Versiculos-da-Biblia-sobre-Misericordia-768x474.webp 768w, https:\/\/thebibleverses.org\/pt\/wp-content\/uploads\/2022\/06\/Versiculos-da-Biblia-sobre-Misericordia-320x197.webp 320w, https:\/\/thebibleverses.org\/pt\/wp-content\/uploads\/2022\/06\/Versiculos-da-Biblia-sobre-Misericordia-450x278.webp 450w, https:\/\/thebibleverses.org\/pt\/wp-content\/uploads\/2022\/06\/Versiculos-da-Biblia-sobre-Misericordia-720x444.webp 720w, https:\/\/thebibleverses.org\/pt\/wp-content\/uploads\/2022\/06\/Versiculos-da-Biblia-sobre-Misericordia.webp 1200w\" data-sizes=\"(max-width: 1024px) 100vw, 1024px\" src=\"data:image\/svg+xml;base64,PHN2ZyB3aWR0aD0iMSIgaGVpZ2h0PSIxIiB4bWxucz0iaHR0cDovL3d3dy53My5vcmcvMjAwMC9zdmciPjwvc3ZnPg==\" style=\"--smush-placeholder-width: 1024px; --smush-placeholder-aspect-ratio: 1024\/631;\" \/><figcaption>Vers\u00edculos da B\u00edblia sobre a Miseric\u00f3rdia e Compaix\u00e3o de Deus &#8211; Nova Vers\u00e3o Internacional (NVI-PT).<\/figcaption><\/figure><\/div>\n\n\n<h2 class=\"wp-block-heading\">Deuteron\u00f4mio 4:31 <\/h2>\n\n\n\n<p>Pois o Senhor, o seu Deus, \u00e9 Deus misericordioso; ele n\u00e3o os abandonar\u00e1, nem os destruir\u00e1, nem se esquecer\u00e1 da alian\u00e7a que com juramento fez com os seus antepassados (Dt 4:31).<\/p>\n\n\n\n<h2 class=\"wp-block-heading\">2 Samuel 24:14 <\/h2>\n\n\n\n<p>Davi respondeu: \u201c\u00c9 grande a minha ang\u00fastia! Prefiro cair nas m\u00e3os do Senhor, pois grande \u00e9 a sua miseric\u00f3rdia, a cair nas m\u00e3os dos homens\u201d (2 Sa 24:14).<\/p>\n\n\n\n<h2 class=\"wp-block-heading\">Salmos 51:1-2 <\/h2>\n\n\n\n<p>Tem miseric\u00f3rdia de mim, \u00f3 Deus, por teu amor; por tua grande compaix\u00e3o apaga as minhas transgress\u00f5es. Lava-me de toda a minha culpa e purifica-me do meu pecado (Sal 51:1-2).<\/p>\n\n\n\n<h2 class=\"wp-block-heading\">Salmos 86:5 <\/h2>\n\n\n\n<p>Tu \u00e9s bondoso e perdoador, Senhor, rico em gra\u00e7a para com todos os que te invocam (Sal 86:5).<\/p>\n\n\n\n<h2 class=\"wp-block-heading\">Salmos 103:17 <\/h2>\n\n\n\n<p>Mas o amor leal do Senhor, o seu amor eterno, est\u00e1 com os que o temem, e a sua justi\u00e7a com os filhos dos seus filhos (Sal 103:17).<\/p>\n\n\n\n<h2 class=\"wp-block-heading\">Prov\u00e9rbios 28:13 <\/h2>\n\n\n\n<p>Quem esconde os seus pecados n\u00e3o prospera, mas quem os confessa e os abandona encontra miseric\u00f3rdia (Pr 28:13).<\/p>\n\n\n\n<h2 class=\"wp-block-heading\">Lamenta\u00e7\u00f5es de Jeremias 3:22 <\/h2>\n\n\n\n<p>Gra\u00e7as ao grande amor do Senhor \u00e9 que n\u00e3o somos consumidos, pois as suas miseric\u00f3rdias s\u00e3o inesgot\u00e1veis (Lam 3:22).<\/p>\n\n\n\n<h2 class=\"wp-block-heading\">Joel 2:13 <\/h2>\n\n\n\n<p>Rasguem o cora\u00e7\u00e3o, e n\u00e3o as vestes. Voltem-se para o Senhor, o seu Deus, pois ele \u00e9 misericordioso e compassivo, muito paciente e cheio de amor; arrepende-se, e n\u00e3o envia a desgra\u00e7a (Joel 2:13).<\/p>\n\n\n\n<h2 class=\"wp-block-heading\">Miqu\u00e9ias 7:18 <\/h2>\n\n\n\n<p>Quem \u00e9 compar\u00e1vel a ti, \u00f3 Deus, que perdoas o pecado e esqueces a transgress\u00e3o do remanescente da sua heran\u00e7a? Tu, que n\u00e3o permaneces irado para sempre, mas tens prazer em mostrar amor (Miq 7:18).<\/p>\n\n\n\n<h2 class=\"wp-block-heading\">Mateus 5:7 <\/h2>\n\n\n\n<p>Bem-aventurados os misericordiosos, pois obter\u00e3o miseric\u00f3rdia (Mt 5:7).<\/p>\n\n\n\n<h2 class=\"wp-block-heading\">Mateus 9:13 <\/h2>\n\n\n\n<p>V\u00e3o aprender o que significa isto: \u2018Desejo miseric\u00f3rdia, n\u00e3o sacrif\u00edcios\u2019. Pois eu n\u00e3o vim chamar justos, mas pecadores (Mt 9:13).<\/p>\n\n\n\n<h2 class=\"wp-block-heading\">Lucas 1:49-50 <\/h2>\n\n\n\n<p>Pois o Poderoso fez grandes coisas em meu favor; santo \u00e9 o seu nome. A sua miseric\u00f3rdia estende-se aos que o temem, de gera\u00e7\u00e3o em gera\u00e7\u00e3o (Lc 1:49-50).<\/p>\n\n\n\n<h2 class=\"wp-block-heading\">Lucas 6:36 <\/h2>\n\n\n\n<p>Sejam misericordiosos, assim como o Pai de voc\u00eas \u00e9 misericordioso (Lc 6:36).<\/p>\n\n\n\n<h2 class=\"wp-block-heading\">Romanos 9:16 <\/h2>\n\n\n\n<p>Portanto, isso n\u00e3o depende do desejo ou do esfor\u00e7o humano, mas da miseric\u00f3rdia de Deus (Ro 9:16).<\/p>\n\n\n\n<h2 class=\"wp-block-heading\">Romanos 11:32 <\/h2>\n\n\n\n<p>Pois Deus colocou todos sob a desobedi\u00eancia, para exercer miseric\u00f3rdia para com todos (Ro 11:32).<\/p>\n\n\n\n<h2 class=\"wp-block-heading\">Ef\u00e9sios 2:4-5 <\/h2>\n\n\n\n<p>Todavia, Deus, que \u00e9 rico em miseric\u00f3rdia, pelo grande amor com que nos amou, deu-nos vida com Cristo, quando ainda est\u00e1vamos mortos em transgress\u00f5es \u2014 pela gra\u00e7a voc\u00eas s\u00e3o salvos (Ef 2:4-5).<\/p>\n\n\n\n<h2 class=\"wp-block-heading\">Colossenses 3:12 <\/h2>\n\n\n\n<p>Portanto, como povo escolhido de Deus, santo e amado, revistam-se de profunda compaix\u00e3o, bondade, humildade, mansid\u00e3o e paci\u00eancia (Col 3:12).<\/p>\n\n\n\n<h2 class=\"wp-block-heading\">Tito 3:5 <\/h2>\n\n\n\n<p>N\u00e3o por causa de atos de justi\u00e7a por n\u00f3s praticados, mas devido \u00e0 sua miseric\u00f3rdia, ele nos salvou pelo lavar regenerador e renovador do Esp\u00edrito Santo (Tit 3:5).<\/p>\n\n\n\n<h2 class=\"wp-block-heading\">Hebreus 4:16 <\/h2>\n\n\n\n<p>Assim, aproximemo-nos do trono da gra\u00e7a com toda a confian\u00e7a, a fim de recebermos miseric\u00f3rdia e encontrarmos gra\u00e7a que nos ajude no momento da necessidade (Heb 4:16).<\/p>\n\n\n\n<h2 class=\"wp-block-heading\">Tiago 2:13 <\/h2>\n\n\n\n<p>Porque ser\u00e1 exercido ju\u00edzo sem miseric\u00f3rdia sobre quem n\u00e3o foi misericordioso. A miseric\u00f3rdia triunfa sobre o ju\u00edzo! (Tiago 2:13).<\/p>\n\n\n\n<h2 class=\"wp-block-heading\">Tiago 3:17<\/h2>\n\n\n\n<p>Mas a sabedoria que vem do alto \u00e9 antes de tudo pura; depois, pac\u00edfica, am\u00e1vel, compreensiva, cheia de miseric\u00f3rdia e de bons frutos, imparcial e sincera (Tiago 3:17).<\/p>\n\n\n\n<h2 class=\"wp-block-heading\">1 Pedro 1:3 <\/h2>\n\n\n\n<p>Bendito seja o Deus e Pai de nosso Senhor Jesus Cristo! Conforme a sua grande miseric\u00f3rdia, ele nos regenerou para uma esperan\u00e7a viva, por meio da ressurrei\u00e7\u00e3o de Jesus Cristo dentre os mortos (1 Pe 1:3).<\/p>\n\n\n\n<h2 class=\"wp-block-heading\">1 Pedro 2:10 <\/h2>\n\n\n\n<p>Antes voc\u00eas nem sequer eram povo, mas agora s\u00e3o povo de Deus; n\u00e3o haviam recebido miseric\u00f3rdia, mas agora a receberam (1 Pe 2:10).<\/p>\n\n\n\n<h2 class=\"wp-block-heading\">1 Pedro 3:8 <\/h2>\n\n\n\n<p>Quanto ao mais, tenham todos o mesmo modo de pensar, sejam compassivos, amem-se fraternalmente, sejam misericordiosos e humildes (1 Pedro 3:8 <\/p>\n\n\n\n<h2 class=\"wp-block-heading\">Judas 1:21 <\/h2>\n\n\n\n<p>Mantenham-se no amor de Deus, enquanto esperam que a miseric\u00f3rdia de nosso Senhor Jesus Cristo os leve para a vida eterna (Jud 1:21).<\/p>\n\n\n\n<h2 class=\"wp-block-heading\">Lee Tambi\u00e9n:<\/h2>\n\n\n\n<ul class=\"wp-block-list\"><li><a href=\"https:\/\/thebibleverses.org\/pt\/\">Vers\u00edculos por T\u00f3picos<\/a><\/li><li><a href=\"https:\/\/thebibleverses.org\/pt\/amor\/\">Vers\u00edculos da B\u00edblia sobre o Amor<\/a><\/li><li><a href=\"https:\/\/thebibleverses.org\/pt\/forca\/\">Vers\u00edculos da B\u00edblia sobre For\u00e7a<\/a><\/li><li><a href=\"https:\/\/thebibleverses.org\/pt\/fe\/\">Vers\u00edculos B\u00edblicos sobre F\u00e9<\/a><\/li><li><a href=\"https:\/\/thebibleverses.org\/pt\/jovens\/\">Vers\u00edculos da B\u00edblia para Jovens<\/a><\/li><li><a href=\"https:\/\/thebibleverses.org\/pt\/amizade\/\">Vers\u00edculos da B\u00edblia sobre Amizade<\/a><\/li><li><a href=\"https:\/\/thebibleverses.org\/pt\/cura\/\">Vers\u00edculos da B\u00edblia sobre Cura<\/a><\/li><\/ul>\n","protected":false},"excerpt":{"rendered":"<p>Deuteron\u00f4mio 4:31 Pois o Senhor, o seu Deus, \u00e9 Deus misericordioso; ele n\u00e3o os abandonar\u00e1, nem os destruir\u00e1, nem se esquecer\u00e1 da alian\u00e7a que com juramento fez com os seus antepassados (Dt 4:31). 2 Samuel 24:14 Davi respondeu: \u201c\u00c9 grande a minha ang\u00fastia! Prefiro cair nas m\u00e3os do Senhor, pois grande \u00e9 a sua miseric\u00f3rdia, [&hellip;]<\/p>\n","protected":false},"author":1,"featured_media":1594,"parent":0,"menu_order":0,"comment_status":"open","ping_status":"closed","template":"","meta":{"footnotes":""},"class_list":["post-293","page","type-page","status-publish","has-post-thumbnail","hentry","entry","fw-tab-6 fw-tabr-4"],"_links":{"self":[{"href":"https:\/\/thebibleverses.org\/pt\/wp-json\/wp\/v2\/pages\/293","targetHints":{"allow":["GET"]}}],"collection":[{"href":"https:\/\/thebibleverses.org\/pt\/wp-json\/wp\/v2\/pages"}],"about":[{"href":"https:\/\/thebibleverses.org\/pt\/wp-json\/wp\/v2\/types\/page"}],"author":[{"embeddable":true,"href":"https:\/\/thebibleverses.org\/pt\/wp-json\/wp\/v2\/users\/1"}],"replies":[{"embeddable":true,"href":"https:\/\/thebibleverses.org\/pt\/wp-json\/wp\/v2\/comments?post=293"}],"version-history":[{"count":0,"href":"https:\/\/thebibleverses.org\/pt\/wp-json\/wp\/v2\/pages\/293\/revisions"}],"wp:featuredmedia":[{"embeddable":true,"href":"https:\/\/thebibleverses.org\/pt\/wp-json\/wp\/v2\/media\/1594"}],"wp:attachment":[{"href":"https:\/\/thebibleverses.org\/pt\/wp-json\/wp\/v2\/media?parent=293"}],"curies":[{"name":"wp","href":"https:\/\/api.w.org\/{rel}","templated":true}]}}