{"id":281,"date":"2019-11-25T23:36:57","date_gmt":"2019-11-25T23:36:57","guid":{"rendered":"https:\/\/thebibleverses.org\/pt\/?page_id=281"},"modified":"2022-06-25T21:34:47","modified_gmt":"2022-06-25T21:34:47","slug":"medo","status":"publish","type":"page","link":"https:\/\/thebibleverses.org\/pt\/medo\/","title":{"rendered":"30 Vers\u00edculos da B\u00edblia sobre Medo, Ansiedade e Inseguran\u00e7a"},"content":{"rendered":"<div class=\"wp-block-image\">\n<figure class=\"aligncenter size-large\"><img decoding=\"async\" width=\"1024\" height=\"631\" data-src=\"https:\/\/thebibleverses.org\/pt\/wp-content\/uploads\/2022\/06\/Versiculos-da-Biblia-sobre-Medo-1024x631.webp\" alt=\"Vers\u00edculos da B\u00edblia sobre o Medo, Ansiedade e Inseguran\u00e7a\" class=\"wp-image-1590 lazyload\" data-srcset=\"https:\/\/thebibleverses.org\/pt\/wp-content\/uploads\/2022\/06\/Versiculos-da-Biblia-sobre-Medo-1024x631.webp 1024w, https:\/\/thebibleverses.org\/pt\/wp-content\/uploads\/2022\/06\/Versiculos-da-Biblia-sobre-Medo-300x185.webp 300w, https:\/\/thebibleverses.org\/pt\/wp-content\/uploads\/2022\/06\/Versiculos-da-Biblia-sobre-Medo-768x474.webp 768w, https:\/\/thebibleverses.org\/pt\/wp-content\/uploads\/2022\/06\/Versiculos-da-Biblia-sobre-Medo-320x197.webp 320w, https:\/\/thebibleverses.org\/pt\/wp-content\/uploads\/2022\/06\/Versiculos-da-Biblia-sobre-Medo-450x278.webp 450w, https:\/\/thebibleverses.org\/pt\/wp-content\/uploads\/2022\/06\/Versiculos-da-Biblia-sobre-Medo-720x444.webp 720w, https:\/\/thebibleverses.org\/pt\/wp-content\/uploads\/2022\/06\/Versiculos-da-Biblia-sobre-Medo.webp 1200w\" data-sizes=\"(max-width: 1024px) 100vw, 1024px\" src=\"data:image\/svg+xml;base64,PHN2ZyB3aWR0aD0iMSIgaGVpZ2h0PSIxIiB4bWxucz0iaHR0cDovL3d3dy53My5vcmcvMjAwMC9zdmciPjwvc3ZnPg==\" style=\"--smush-placeholder-width: 1024px; --smush-placeholder-aspect-ratio: 1024\/631;\" \/><figcaption>Vers\u00edculos da B\u00edblia sobre o Medo, Ansiedade e Inseguran\u00e7a &#8211; Nova Vers\u00e3o Internacional (NVI-PT).<\/figcaption><\/figure><\/div>\n\n\n<h2 class=\"wp-block-heading\">G\u00eanesis 15:1 <\/h2>\n\n\n\n<p>Depois dessas coisas o Senhor falou a Abr\u00e3o numa vis\u00e3o: \u201cN\u00e3o tenha medo, Abr\u00e3o! Eu sou o seu escudo; grande ser\u00e1 a sua recompensa!\u201d (G\u00ea 15:1).<\/p>\n\n\n\n<h2 class=\"wp-block-heading\">G\u00eanesis 46:3 <\/h2>\n\n\n\n<p>Eu sou Deus, o Deus de seu pai, disse ele. N\u00e3o tenha medo de descer ao Egito, porque l\u00e1 farei de voc\u00ea uma grande na\u00e7\u00e3o (G\u00eanesis 46:3).<\/p>\n\n\n\n<h2 class=\"wp-block-heading\">\u00caxodo 14:13 <\/h2>\n\n\n\n<p>Mois\u00e9s respondeu ao povo: N\u00e3o tenham medo. Fiquem firmes e vejam o livramento que o Senhor lhes trar\u00e1 hoje, porque voc\u00eas nunca mais ver\u00e3o os eg\u00edpcios que hoje v\u00eaem (\u00cax 14:13).<\/p>\n\n\n\n<h2 class=\"wp-block-heading\">Deuteron\u00f4mio 1:29-30 <\/h2>\n\n\n\n<p>Ent\u00e3o eu lhes disse: N\u00e3o fiquem apavorados; n\u00e3o tenham medo deles. O Senhor, o seu Deus, que est\u00e1 indo \u00e0 frente de voc\u00eas, lutar\u00e1 por voc\u00eas, diante de seus pr\u00f3prios olhos, como fez no Egito (Dt 1:29-30).<\/p>\n\n\n\n<h2 class=\"wp-block-heading\">Deuteron\u00f4mio 3:22 <\/h2>\n\n\n\n<p>N\u00e3o tenham medo deles. O Senhor, o seu Deus, \u00e9 quem lutar\u00e1 por voc\u00eas (Dt 3:22).<\/p>\n\n\n\n<h2 class=\"wp-block-heading\">Deuteron\u00f4mio 20:1 <\/h2>\n\n\n\n<p>Quando voc\u00eas forem \u00e0 guerra contra os seus inimigos e virem cavalos e carros, e um ex\u00e9rcito maior do que o seu, n\u00e3o tenham medo, pois o Senhor, o seu Deus, que os tirou do Egito, estar\u00e1 com voc\u00eas (Dt 20:1).<\/p>\n\n\n\n<h2 class=\"wp-block-heading\">Deuteron\u00f4mio 31:6 <\/h2>\n\n\n\n<p>Sejam fortes e corajosos. N\u00e3o tenham medo nem fiquem apavorados por causa delas, pois o Senhor, o seu Deus, vai com voc\u00eas; nunca os deixar\u00e1, nunca os abandonar\u00e1 (Dt 31:6).<\/p>\n\n\n\n<h2 class=\"wp-block-heading\">Josu\u00e9 1:9 <\/h2>\n\n\n\n<p>N\u00e3o fui eu que lhe ordenei? Seja forte e corajoso! N\u00e3o se apavore, nem desanime, pois o Senhor, o seu Deus, estar\u00e1 com voc\u00ea por onde voc\u00ea andar (Jos 1:9).<\/p>\n\n\n\n<h2 class=\"wp-block-heading\">Josu\u00e9 10:8 <\/h2>\n\n\n\n<p>E disse o Senhor a Josu\u00e9: \u201cN\u00e3o tenha medo desses reis; eu os entreguei nas suas m\u00e3os. Nenhum deles conseguir\u00e1 resistir a voc\u00ea\u201d (Jos 10:8).<\/p>\n\n\n\n<h2 class=\"wp-block-heading\">Josu\u00e9 11:6 <\/h2>\n\n\n\n<p>E o Senhor disse a Josu\u00e9: \u201cN\u00e3o tenha medo deles, porque amanh\u00e3 a esta hora os entregarei todos mortos a Israel. A voc\u00ea cabe cortar os tend\u00f5es dos cavalos deles e queimar os seus carros\u201d (Jos 11:6).<\/p>\n\n\n\n<h2 class=\"wp-block-heading\">2 Cr\u00f4nicas 20:15 <\/h2>\n\n\n\n<p>Ele disse: Escutem, todos os que vivem em Jud\u00e1 e em Jerusal\u00e9m e o rei Josaf\u00e1! Assim lhes diz o Senhor: \u2018N\u00e3o tenham medo nem fiquem desanimados por causa desse ex\u00e9rcito enorme. Pois a batalha n\u00e3o \u00e9 de voc\u00eas, mas de Deus (2 Cr\u00f4 20:15).<\/p>\n\n\n\n<h2 class=\"wp-block-heading\">2 Cr\u00f4nicas 20:17 <\/h2>\n\n\n\n<p>Voc\u00eas n\u00e3o precisar\u00e3o lutar nessa batalha. Tomem suas posi\u00e7\u00f5es, permane\u00e7am firmes e vejam o livramento que o Senhor lhes dar\u00e1, \u00f3 Jud\u00e1, \u00f3 Jerusal\u00e9m. N\u00e3o tenham medo nem desanimem. Saiam para enfrent\u00e1-los amanh\u00e3, e o Senhor estar\u00e1 com voc\u00eas (2 Cr\u00f4 20:17).<\/p>\n\n\n\n<h2 class=\"wp-block-heading\">2 Cr\u00f4nicas 32:7 <\/h2>\n\n\n\n<p>Sejam fortes e corajosos. N\u00e3o tenham medo nem desanimem por causa do rei da Ass\u00edria e do seu enorme ex\u00e9rcito, pois conosco est\u00e1 um poder maior do que o que est\u00e1 com ele (2 Cr\u00f4 32:7).<\/p>\n\n\n\n<h2 class=\"wp-block-heading\">Salmos 23:4 <\/h2>\n\n\n\n<p>Mesmo quando eu andar por um vale de trevas e morte, n\u00e3o temerei perigo algum, pois tu est\u00e1s comigo; a tua vara e o teu cajado me protegem (Sal 23:4). <\/p>\n\n\n\n<h2 class=\"wp-block-heading\">Salmos 27:1 <\/h2>\n\n\n\n<p>O Senhor \u00e9 a minha luz e a minha salva\u00e7\u00e3o; de quem terei temor? O Senhor \u00e9 o meu forte ref\u00fagio; de quem terei medo? (Sal 27:1).<\/p>\n\n\n\n<h2 class=\"wp-block-heading\">Salmos 34:4 <\/h2>\n\n\n\n<p>Busquei o Senhor, e ele me respondeu; livrou-me de todos os meus temores (Sal 34:4).<\/p>\n\n\n\n<h2 class=\"wp-block-heading\">Salmos 56:3 <\/h2>\n\n\n\n<p> Mas eu, quando estiver com medo,&nbsp;confiarei em ti (Sal 56:3).<\/p>\n\n\n\n<h2 class=\"wp-block-heading\">Salmos 118:6 <\/h2>\n\n\n\n<p>O&nbsp;Senhor&nbsp;est\u00e1 comigo, n\u00e3o temerei. O que me podem fazer os homens? (Sal 118:6).<\/p>\n\n\n\n<h2 class=\"wp-block-heading\">Isa\u00edas 12:2 <\/h2>\n\n\n\n<p>Deus \u00e9 a minha salva\u00e7\u00e3o; terei confian\u00e7a e n\u00e3o temerei. O Senhor, sim, o Senhor \u00e9 a minha for\u00e7a e o meu c\u00e2ntico; ele \u00e9 a minha salva\u00e7\u00e3o! (Is 12:2).<\/p>\n\n\n\n<h2 class=\"wp-block-heading\">Isa\u00edas 35:4<\/h2>\n\n\n\n<p>Digam aos desanimados de cora\u00e7\u00e3o:&nbsp;\u201cSejam fortes, n\u00e3o temam! Seu Deus vir\u00e1, vir\u00e1 com vingan\u00e7a; com divina retribui\u00e7\u00e3o vir\u00e1 para salv\u00e1-los\u201d (Is 35:4).<\/p>\n\n\n\n<h2 class=\"wp-block-heading\">Isa\u00edas 41:10 <\/h2>\n\n\n\n<p>Por isso n\u00e3o tema, pois estou com voc\u00ea; n\u00e3o tenha medo, pois sou o seu Deus. Eu o fortalecerei e o ajudarei; eu o segurarei com a minha m\u00e3o direita vitoriosa (Is 41:10).<\/p>\n\n\n\n<h2 class=\"wp-block-heading\">Isa\u00edas 41:13 <\/h2>\n\n\n\n<p>Pois eu sou o Senhor, o seu Deus, que o segura pela m\u00e3o direita e lhe diz: N\u00e3o tema; eu o ajudarei (Is 41:13).<\/p>\n\n\n\n<h2 class=\"wp-block-heading\">Isa\u00edas 44:2 <\/h2>\n\n\n\n<p>Assim diz o Senhor, aquele que o fez, que o formou no ventre, e que o ajudar\u00e1: N\u00e3o tenha medo, \u00f3 Jac\u00f3, meu servo, Jesurum, a quem escolhi (Is 44:2).<\/p>\n\n\n\n<h2 class=\"wp-block-heading\">Isa\u00edas 51:12 <\/h2>\n\n\n\n<p>Eu, eu mesmo, sou quem a consola. Quem \u00e9 voc\u00ea para que tema homens mortais, os filhos de homens, que n\u00e3o passam de relva (Is 51:12).<\/p>\n\n\n\n<h2 class=\"wp-block-heading\">Daniel 10:12 <\/h2>\n\n\n\n<p>E ele prosseguiu: N\u00e3o tenha medo, Daniel. Desde o primeiro dia em que voc\u00ea decidiu buscar entendimento e humilhar-se diante do seu Deus, suas palavras foram ouvidas, e eu vim em resposta a elas (Da 10:12).<\/p>\n\n\n\n<h2 class=\"wp-block-heading\">Lucas 12:32 <\/h2>\n\n\n\n<p>N\u00e3o tenham medo, pequeno rebanho, pois foi do agrado do Pai dar-lhes o Reino (Lc 12:32).<\/p>\n\n\n\n<h2 class=\"wp-block-heading\">Ageu 2:5<\/h2>\n\n\n\n<p>Esta \u00e9 a alian\u00e7a que fiz com voc\u00eas quando voc\u00eas sa\u00edram do Egito: Meu esp\u00edrito est\u00e1 entre voc\u00eas. N\u00e3o tenham medo (Ageu 2:5).<\/p>\n\n\n\n<h2 class=\"wp-block-heading\">Romanos 8:15 <\/h2>\n\n\n\n<p>Pois voc\u00eas n\u00e3o receberam um esp\u00edrito que os escravize para novamente temerem, mas receberam o Esp\u00edrito que os adota como filhos, por meio do qual clamamos: \u201cAba, Pai\u201d (Ro 8:15).<\/p>\n\n\n\n<h2 class=\"wp-block-heading\">Romanos 8:31 <\/h2>\n\n\n\n<p>Que diremos, pois, diante dessas coisas? Se Deus \u00e9 por n\u00f3s, quem ser\u00e1 contra n\u00f3s? (Ro 8:31).<\/p>\n\n\n\n<h2 class=\"wp-block-heading\">2 Tim\u00f3teo 1:7 <\/h2>\n\n\n\n<p> Pois Deus n\u00e3o nos deu esp\u00edrito&nbsp;de covardia, mas de poder, de amor e de equil\u00edbrio (2 Ti 1:7).<\/p>\n\n\n\n<h2 class=\"wp-block-heading\">Lee Tambi\u00e9n:<\/h2>\n\n\n\n<ul class=\"wp-block-list\"><li><a href=\"https:\/\/thebibleverses.org\/pt\/\">Vers\u00edculos por T\u00f3picos<\/a><\/li><li><a href=\"https:\/\/thebibleverses.org\/pt\/amor\/\">Vers\u00edculos da B\u00edblia sobre o Amor<\/a><\/li><li><a href=\"https:\/\/thebibleverses.org\/pt\/forca\/\">Vers\u00edculos da B\u00edblia sobre For\u00e7a<\/a><\/li><li><a href=\"https:\/\/thebibleverses.org\/pt\/fe\/\">Vers\u00edculos B\u00edblicos sobre F\u00e9<\/a><\/li><li><a href=\"https:\/\/thebibleverses.org\/pt\/jovens\/\">Vers\u00edculos da B\u00edblia para Jovens<\/a><\/li><li><a href=\"https:\/\/thebibleverses.org\/pt\/amizade\/\">Vers\u00edculos da B\u00edblia sobre Amizade<\/a><\/li><li><a href=\"https:\/\/thebibleverses.org\/pt\/cura\/\">Vers\u00edculos da B\u00edblia sobre Cura<\/a><\/li><\/ul>\n","protected":false},"excerpt":{"rendered":"<p>G\u00eanesis 15:1 Depois dessas coisas o Senhor falou a Abr\u00e3o numa vis\u00e3o: \u201cN\u00e3o tenha medo, Abr\u00e3o! Eu sou o seu escudo; grande ser\u00e1 a sua recompensa!\u201d (G\u00ea 15:1). G\u00eanesis 46:3 Eu sou Deus, o Deus de seu pai, disse ele. N\u00e3o tenha medo de descer ao Egito, porque l\u00e1 farei de voc\u00ea uma grande na\u00e7\u00e3o [&hellip;]<\/p>\n","protected":false},"author":1,"featured_media":1590,"parent":0,"menu_order":0,"comment_status":"open","ping_status":"closed","template":"","meta":{"footnotes":""},"class_list":["post-281","page","type-page","status-publish","has-post-thumbnail","hentry","entry","fw-tab-6 fw-tabr-4"],"_links":{"self":[{"href":"https:\/\/thebibleverses.org\/pt\/wp-json\/wp\/v2\/pages\/281","targetHints":{"allow":["GET"]}}],"collection":[{"href":"https:\/\/thebibleverses.org\/pt\/wp-json\/wp\/v2\/pages"}],"about":[{"href":"https:\/\/thebibleverses.org\/pt\/wp-json\/wp\/v2\/types\/page"}],"author":[{"embeddable":true,"href":"https:\/\/thebibleverses.org\/pt\/wp-json\/wp\/v2\/users\/1"}],"replies":[{"embeddable":true,"href":"https:\/\/thebibleverses.org\/pt\/wp-json\/wp\/v2\/comments?post=281"}],"version-history":[{"count":0,"href":"https:\/\/thebibleverses.org\/pt\/wp-json\/wp\/v2\/pages\/281\/revisions"}],"wp:featuredmedia":[{"embeddable":true,"href":"https:\/\/thebibleverses.org\/pt\/wp-json\/wp\/v2\/media\/1590"}],"wp:attachment":[{"href":"https:\/\/thebibleverses.org\/pt\/wp-json\/wp\/v2\/media?parent=281"}],"curies":[{"name":"wp","href":"https:\/\/api.w.org\/{rel}","templated":true}]}}