{"id":276,"date":"2019-11-25T22:47:00","date_gmt":"2019-11-25T22:47:00","guid":{"rendered":"https:\/\/thebibleverses.org\/pt\/?page_id=276"},"modified":"2022-06-25T17:44:03","modified_gmt":"2022-06-25T17:44:03","slug":"casamento","status":"publish","type":"page","link":"https:\/\/thebibleverses.org\/pt\/casamento\/","title":{"rendered":"25 Vers\u00edculos da B\u00edblia sobre Casamento"},"content":{"rendered":"<div class=\"wp-block-image\">\n<figure class=\"aligncenter size-large\"><img decoding=\"async\" width=\"1024\" height=\"631\" data-src=\"https:\/\/thebibleverses.org\/pt\/wp-content\/uploads\/2022\/06\/Versiculos-da-Biblia-sobre-Casamento-1024x631.webp\" alt=\"Vers\u00edculos da B\u00edblia sobre Casamento\" class=\"wp-image-1519 lazyload\" data-srcset=\"https:\/\/thebibleverses.org\/pt\/wp-content\/uploads\/2022\/06\/Versiculos-da-Biblia-sobre-Casamento-1024x631.webp 1024w, https:\/\/thebibleverses.org\/pt\/wp-content\/uploads\/2022\/06\/Versiculos-da-Biblia-sobre-Casamento-300x185.webp 300w, https:\/\/thebibleverses.org\/pt\/wp-content\/uploads\/2022\/06\/Versiculos-da-Biblia-sobre-Casamento-768x474.webp 768w, https:\/\/thebibleverses.org\/pt\/wp-content\/uploads\/2022\/06\/Versiculos-da-Biblia-sobre-Casamento-320x197.webp 320w, https:\/\/thebibleverses.org\/pt\/wp-content\/uploads\/2022\/06\/Versiculos-da-Biblia-sobre-Casamento-450x278.webp 450w, https:\/\/thebibleverses.org\/pt\/wp-content\/uploads\/2022\/06\/Versiculos-da-Biblia-sobre-Casamento-720x444.webp 720w, https:\/\/thebibleverses.org\/pt\/wp-content\/uploads\/2022\/06\/Versiculos-da-Biblia-sobre-Casamento.webp 1200w\" data-sizes=\"(max-width: 1024px) 100vw, 1024px\" src=\"data:image\/svg+xml;base64,PHN2ZyB3aWR0aD0iMSIgaGVpZ2h0PSIxIiB4bWxucz0iaHR0cDovL3d3dy53My5vcmcvMjAwMC9zdmciPjwvc3ZnPg==\" style=\"--smush-placeholder-width: 1024px; --smush-placeholder-aspect-ratio: 1024\/631;\" \/><figcaption>Vers\u00edculos da B\u00edblia sobre Casamento &#8211; Nova Vers\u00e3o Internacional (NVI-PT).<\/figcaption><\/figure><\/div>\n\n\n<h2 class=\"wp-block-heading\">G\u00eanesis 2:18 <\/h2>\n\n\n\n<p>Ent\u00e3o o Senhor Deus declarou: \u201cN\u00e3o \u00e9 bom que o homem esteja s\u00f3; farei para ele algu\u00e9m que o auxilie e lhe corresponda\u201d (G\u00ea 2:18).<\/p>\n\n\n\n<h2 class=\"wp-block-heading\">G\u00eanesis 2:21-23 <\/h2>\n\n\n\n<p>Ent\u00e3o o Senhor Deus fez o homem cair em profundo sono e, enquanto este dormia, tirou-lhe uma das costelas[a], fechando o lugar com carne. Com a costela que havia tirado do homem, o Senhor Deus fez uma mulher e a levou at\u00e9 ele. Disse ent\u00e3o o homem: \u201cEsta, sim, \u00e9 osso dos meus ossos e carne da minha carne! Ela ser\u00e1 chamada mulher, porque do homem foi tirada\u201d (G\u00ea 2:21-23).<\/p>\n\n\n\n<h2 class=\"wp-block-heading\">G\u00eanesis 2:24 <\/h2>\n\n\n\n<p>Por essa raz\u00e3o, o homem deixar\u00e1 pai e m\u00e3e e se unir\u00e1 \u00e0 sua mulher, e eles se tornar\u00e3o uma s\u00f3 carne (G\u00ea 2:24).<\/p>\n\n\n\n<h2 class=\"wp-block-heading\">\u00caxodo 20:14 <\/h2>\n\n\n\n<p>N\u00e3o adulterar\u00e1s (\u00cax 20:14).<\/p>\n\n\n\n<h2 class=\"wp-block-heading\">Prov\u00e9rbios 5:15 <\/h2>\n\n\n\n<p>Beba das \u00e1guas da sua cisterna, das \u00e1guas que brotam do seu pr\u00f3prio po\u00e7o (Pr 5:15).<\/p>\n\n\n\n<h2 class=\"wp-block-heading\">Prov\u00e9rbios 5:18 <\/h2>\n\n\n\n<p>Seja bendita a sua fonte! Alegre-se com a esposa da sua juventude (Pr 5:18).<\/p>\n\n\n\n<h2 class=\"wp-block-heading\">Prov\u00e9rbios 18:22 <\/h2>\n\n\n\n<p>Quem encontra uma esposa encontra algo excelente; recebeu uma b\u00ean\u00e7\u00e3o do Senhor (Pr 18:22).<\/p>\n\n\n\n<h2 class=\"wp-block-heading\">Prov\u00e9rbios 31:10 <\/h2>\n\n\n\n<p>Uma esposa exemplar feliz quem a encontrar! \u00c9 muito mais valiosa que os rubis (Pr 31:10).<\/p>\n\n\n\n<h2 class=\"wp-block-heading\">Jeremias 29:6 <\/h2>\n\n\n\n<p>Casem-se e tenham filhos e filhas; escolham mulheres para casar-se com seus filhos e d\u00eaem as suas filhas em casamento, para que tamb\u00e9m tenham filhos e filhas. Multipliquem-se e n\u00e3o diminuam (Jr 29:6).<\/p>\n\n\n\n<h2 class=\"wp-block-heading\">Malaquias 2:15 <\/h2>\n\n\n\n<p>N\u00e3o foi o Senhor que os fez um s\u00f3? Em corpo e em esp\u00edrito eles lhe pertencem. E por que um s\u00f3? Porque ele desejava uma descend\u00eancia consagrada. Portanto, tenham cuidado: Ningu\u00e9m seja infiel \u00e0 mulher da sua mocidade (Mal 2:15).<\/p>\n\n\n\n<h2 class=\"wp-block-heading\">Marcos 10:9 <\/h2>\n\n\n\n<p>Portanto, o que Deus uniu, ningu\u00e9m o separe (Mr 10:9).<\/p>\n\n\n\n<h2 class=\"wp-block-heading\">Marcos 10:11 <\/h2>\n\n\n\n<p>Ele respondeu: Todo aquele que se divorciar de sua mulher e se casar com outra mulher, estar\u00e1 cometendo adult\u00e9rio contra ela (Mr 10:11).<\/p>\n\n\n\n<h2 class=\"wp-block-heading\">Romanos 7:2 <\/h2>\n\n\n\n<p>Por exemplo, pela lei a mulher casada est\u00e1 ligada a seu marido enquanto ele estiver vivo; mas, se o marido morrer, ela estar\u00e1 livre da lei do casamento (Ro 7:2).<\/p>\n\n\n\n<h2 class=\"wp-block-heading\">1 Cor\u00edntios 7:2 <\/h2>\n\n\n\n<p>Mas, por causa da imoralidade, cada um deve ter sua esposa, e cada mulher o seu pr\u00f3prio marido (1 Cor\u00edntios 7:2).<\/p>\n\n\n\n<h2 class=\"wp-block-heading\">1 Cor\u00edntios 7:10-11 <\/h2>\n\n\n\n<p>Aos casados dou este mandamento, n\u00e3o eu, mas o Senhor: Que a esposa n\u00e3o se separe do seu marido. Mas, se o fizer, que permane\u00e7a sem se casar ou, ent\u00e3o, reconcilie-se com o seu marido. E o marido n\u00e3o se divorcie da sua mulher (1 Co 7:10-11).<\/p>\n\n\n\n<h2 class=\"wp-block-heading\">1 Cor\u00edntios 7:39 <\/h2>\n\n\n\n<p>A mulher est\u00e1 ligada a seu marido enquanto ele viver. Mas, se o seu marido morrer, ela estar\u00e1 livre para se casar com quem quiser, contanto que ele perten\u00e7a ao Senhor (1 Co 7:39).<\/p>\n\n\n\n<h2 class=\"wp-block-heading\">Ef\u00e9sios 5:22 <\/h2>\n\n\n\n<p>Mulheres, sujeite-se cada uma a seu marido, como ao Senhor (Ef 5:22).<\/p>\n\n\n\n<h2 class=\"wp-block-heading\">Ef\u00e9sios 5:24 <\/h2>\n\n\n\n<p>Assim como a igreja est\u00e1 sujeita a Cristo, tamb\u00e9m as mulheres estejam em tudo sujeitas a seus maridos (Ef 5:24).<\/p>\n\n\n\n<h2 class=\"wp-block-heading\">Ef\u00e9sios 5:25 <\/h2>\n\n\n\n<p>Maridos, ame cada um a sua mulher, assim como Cristo amou a igreja e entregou-se por ela (Ef 5:25).<\/p>\n\n\n\n<h2 class=\"wp-block-heading\">Ef\u00e9sios 5:28-29 <\/h2>\n\n\n\n<p>Da mesma forma, os maridos devem amar cada um a sua mulher como a seu pr\u00f3prio corpo. Quem ama sua mulher, ama a si mesmo. Al\u00e9m do mais, ningu\u00e9m jamais odiou o seu pr\u00f3prio corpo, antes o alimenta e dele cuida, como tamb\u00e9m Cristo faz com a igreja (Ef 5:28-29).<\/p>\n\n\n\n<h2 class=\"wp-block-heading\">Ef\u00e9sios 5:33 <\/h2>\n\n\n\n<p>Portanto, cada um de voc\u00eas tamb\u00e9m ame a sua mulher como a si mesmo, e a mulher trate o marido com todo o respeito (Ef 5:33).<\/p>\n\n\n\n<h2 class=\"wp-block-heading\">Colossenses 3:18 <\/h2>\n\n\n\n<p>Mulheres, sujeite-se cada uma a seu marido, como conv\u00e9m a quem est\u00e1 no Senhor (Col 3:18).<\/p>\n\n\n\n<h2 class=\"wp-block-heading\">Colossenses 3:19 <\/h2>\n\n\n\n<p>Maridos, ame cada um a sua mulher e n\u00e3o a tratem com amargura (Col 3:19).<\/p>\n\n\n\n<h2 class=\"wp-block-heading\">1 Tim\u00f3teo 3:2<\/h2>\n\n\n\n<p>\u00c9 necess\u00e1rio, pois, que o bispo seja irrepreens\u00edvel, marido de uma s\u00f3 mulher, moderado, sensato, respeit\u00e1vel, hospitaleiro e apto para ensinar (1 Ti 3:2).<\/p>\n\n\n\n<h2 class=\"wp-block-heading\">1 Pedro 3:7 <\/h2>\n\n\n\n<p>Do mesmo modo voc\u00eas, maridos, sejam s\u00e1bios no conv\u00edvio com suas mulheres e tratem-nas com honra, como parte mais fr\u00e1gil e co-herdeiras do dom da gra\u00e7a da vida, de forma que n\u00e3o sejam interrompidas as suas ora\u00e7\u00f5es (1 Pe 3:7).<\/p>\n\n\n\n<h2 class=\"wp-block-heading\">Lee Tambi\u00e9n:<\/h2>\n\n\n\n<ul class=\"wp-block-list\"><li><a href=\"https:\/\/thebibleverses.org\/pt\/\">Vers\u00edculos por T\u00f3picos<\/a><\/li><li><a href=\"https:\/\/thebibleverses.org\/pt\/amor\/\">Vers\u00edculos da B\u00edblia sobre o Amor<\/a><\/li><li><a href=\"https:\/\/thebibleverses.org\/pt\/forca\/\">Vers\u00edculos da B\u00edblia sobre For\u00e7a<\/a><\/li><li><a href=\"https:\/\/thebibleverses.org\/pt\/fe\/\">Vers\u00edculos B\u00edblicos sobre F\u00e9<\/a><\/li><li><a href=\"https:\/\/thebibleverses.org\/pt\/jovens\/\">Vers\u00edculos da B\u00edblia para Jovens<\/a><\/li><li><a href=\"https:\/\/thebibleverses.org\/pt\/amizade\/\">Vers\u00edculos da B\u00edblia sobre Amizade<\/a><\/li><li><a href=\"https:\/\/thebibleverses.org\/pt\/cura\/\">Vers\u00edculos da B\u00edblia sobre Cura<\/a><\/li><\/ul>\n","protected":false},"excerpt":{"rendered":"<p>G\u00eanesis 2:18 Ent\u00e3o o Senhor Deus declarou: \u201cN\u00e3o \u00e9 bom que o homem esteja s\u00f3; farei para ele algu\u00e9m que o auxilie e lhe corresponda\u201d (G\u00ea 2:18). G\u00eanesis 2:21-23 Ent\u00e3o o Senhor Deus fez o homem cair em profundo sono e, enquanto este dormia, tirou-lhe uma das costelas[a], fechando o lugar com carne. Com a [&hellip;]<\/p>\n","protected":false},"author":1,"featured_media":1519,"parent":0,"menu_order":0,"comment_status":"open","ping_status":"closed","template":"","meta":{"footnotes":""},"class_list":["post-276","page","type-page","status-publish","has-post-thumbnail","hentry","entry","fw-tab-6 fw-tabr-4"],"_links":{"self":[{"href":"https:\/\/thebibleverses.org\/pt\/wp-json\/wp\/v2\/pages\/276","targetHints":{"allow":["GET"]}}],"collection":[{"href":"https:\/\/thebibleverses.org\/pt\/wp-json\/wp\/v2\/pages"}],"about":[{"href":"https:\/\/thebibleverses.org\/pt\/wp-json\/wp\/v2\/types\/page"}],"author":[{"embeddable":true,"href":"https:\/\/thebibleverses.org\/pt\/wp-json\/wp\/v2\/users\/1"}],"replies":[{"embeddable":true,"href":"https:\/\/thebibleverses.org\/pt\/wp-json\/wp\/v2\/comments?post=276"}],"version-history":[{"count":0,"href":"https:\/\/thebibleverses.org\/pt\/wp-json\/wp\/v2\/pages\/276\/revisions"}],"wp:featuredmedia":[{"embeddable":true,"href":"https:\/\/thebibleverses.org\/pt\/wp-json\/wp\/v2\/media\/1519"}],"wp:attachment":[{"href":"https:\/\/thebibleverses.org\/pt\/wp-json\/wp\/v2\/media?parent=276"}],"curies":[{"name":"wp","href":"https:\/\/api.w.org\/{rel}","templated":true}]}}