{"id":236,"date":"2019-11-21T20:13:07","date_gmt":"2019-11-21T20:13:07","guid":{"rendered":"https:\/\/thebibleverses.org\/pt\/?page_id=236"},"modified":"2022-06-25T21:15:20","modified_gmt":"2022-06-25T21:15:20","slug":"justificacao","status":"publish","type":"page","link":"https:\/\/thebibleverses.org\/pt\/justificacao\/","title":{"rendered":"15 Vers\u00edculos da B\u00edblia sobre Justifica\u00e7\u00e3o"},"content":{"rendered":"<div class=\"wp-block-image\">\n<figure class=\"aligncenter size-large\"><img decoding=\"async\" width=\"1024\" height=\"631\" data-src=\"https:\/\/thebibleverses.org\/pt\/wp-content\/uploads\/2022\/06\/Versiculos-da-Biblia-sobre-Justificacao-1024x631.webp\" alt=\"Vers\u00edculos da B\u00edblia sobre Justifica\u00e7\u00e3o\" class=\"wp-image-1584 lazyload\" data-srcset=\"https:\/\/thebibleverses.org\/pt\/wp-content\/uploads\/2022\/06\/Versiculos-da-Biblia-sobre-Justificacao-1024x631.webp 1024w, https:\/\/thebibleverses.org\/pt\/wp-content\/uploads\/2022\/06\/Versiculos-da-Biblia-sobre-Justificacao-300x185.webp 300w, https:\/\/thebibleverses.org\/pt\/wp-content\/uploads\/2022\/06\/Versiculos-da-Biblia-sobre-Justificacao-768x474.webp 768w, https:\/\/thebibleverses.org\/pt\/wp-content\/uploads\/2022\/06\/Versiculos-da-Biblia-sobre-Justificacao-320x197.webp 320w, https:\/\/thebibleverses.org\/pt\/wp-content\/uploads\/2022\/06\/Versiculos-da-Biblia-sobre-Justificacao-450x278.webp 450w, https:\/\/thebibleverses.org\/pt\/wp-content\/uploads\/2022\/06\/Versiculos-da-Biblia-sobre-Justificacao-720x444.webp 720w, https:\/\/thebibleverses.org\/pt\/wp-content\/uploads\/2022\/06\/Versiculos-da-Biblia-sobre-Justificacao.webp 1200w\" data-sizes=\"(max-width: 1024px) 100vw, 1024px\" src=\"data:image\/svg+xml;base64,PHN2ZyB3aWR0aD0iMSIgaGVpZ2h0PSIxIiB4bWxucz0iaHR0cDovL3d3dy53My5vcmcvMjAwMC9zdmciPjwvc3ZnPg==\" style=\"--smush-placeholder-width: 1024px; --smush-placeholder-aspect-ratio: 1024\/631;\" \/><figcaption>Vers\u00edculos da B\u00edblia sobre Justifica\u00e7\u00e3o &#8211; Nova Vers\u00e3o Internacional (NVI-PT).<\/figcaption><\/figure><\/div>\n\n\n<h2 class=\"wp-block-heading\">G\u00eanesis 15:6 <\/h2>\n\n\n\n<p>Abr\u00e3o creu no Senhor, e isso lhe foi creditado como justi\u00e7a (G\u00ea 15:6).<\/p>\n\n\n\n<h2 class=\"wp-block-heading\">Habacuque 2:4 <\/h2>\n\n\n\n<p>O \u00edmpio est\u00e1 envaidecido; seus desejos n\u00e3o s\u00e3o bons; mas o justo viver\u00e1 pela sua fidelidade (Hab 2:4).<\/p>\n\n\n\n<h2 class=\"wp-block-heading\">Atos 13:39 <\/h2>\n\n\n\n<p>Por meio dele, todo aquele que cr\u00ea \u00e9 justificado de todas as coisas das quais n\u00e3o podiam ser justificados pela Lei de Mois\u00e9s (Atos 13:39).<\/p>\n\n\n\n<h2 class=\"wp-block-heading\">Romanos 3:24-26 <\/h2>\n\n\n\n<p>Sendo justificados gratuitamente por sua gra\u00e7a, por meio da reden\u00e7\u00e3o que h\u00e1 em Cristo Jesus. Deus o ofereceu como sacrif\u00edcio para propicia\u00e7\u00e3o mediante a f\u00e9, pelo seu sangue, demonstrando a sua justi\u00e7a. Em sua toler\u00e2ncia, havia deixado impunes os pecados anteriormente cometidos; mas, no presente, demonstrou a sua justi\u00e7a, a fim de ser justo e justificador daquele que tem f\u00e9 em Jesus (Rom 3:24-26).<\/p>\n\n\n\n<h2 class=\"wp-block-heading\">Romanos 4:25 <\/h2>\n\n\n\n<p>Ele foi entregue \u00e0 morte por nossos pecados e ressuscitado para nossa justifica\u00e7\u00e3o (Ro 4:25).<\/p>\n\n\n\n<h2 class=\"wp-block-heading\">Romanos 5:1 <\/h2>\n\n\n\n<p>Tendo sido, pois, justificados pela f\u00e9, temos paz com Deus, por nosso Senhor Jesus Cristo (Ro 5:1).<\/p>\n\n\n\n<h2 class=\"wp-block-heading\">Romanos 5:9 <\/h2>\n\n\n\n<p>Como agora fomos justificados por seu sangue, muito mais ainda, por meio dele, seremos salvos da ira de Deus! (Ro 5:9).<\/p>\n\n\n\n<h2 class=\"wp-block-heading\">Romanos 5:16-18 <\/h2>\n\n\n\n<p>N\u00e3o se pode comparar a d\u00e1diva de Deus com a conseq\u00fc\u00eancia do pecado de um s\u00f3 homem: por um pecado veio o julgamento que trouxe condena\u00e7\u00e3o, mas a d\u00e1diva decorreu de muitas transgress\u00f5es e trouxe justifica\u00e7\u00e3o. Se pela transgress\u00e3o de um s\u00f3 a morte reinou por meio dele, muito mais aqueles que recebem de Deus a imensa provis\u00e3o da gra\u00e7a e a d\u00e1diva da justi\u00e7a reinar\u00e3o em vida por meio de um \u00fanico homem, Jesus Cristo. Conseq\u00fcentemente, assim como uma s\u00f3 transgress\u00e3o resultou na condena\u00e7\u00e3o de todos os homens, assim tamb\u00e9m um s\u00f3 ato de justi\u00e7a resultou na justifica\u00e7\u00e3o que traz vida a todos os homens (Ro 5:16-18).<\/p>\n\n\n\n<h2 class=\"wp-block-heading\">1 Cor\u00edntios 1:30 <\/h2>\n\n\n\n<p>\u00c9, por\u00e9m, por iniciativa dele que voc\u00eas est\u00e3o em Cristo Jesus, o qual se tornou sabedoria de Deus para n\u00f3s, isto \u00e9, justi\u00e7a, santidade e reden\u00e7\u00e3o (1 Co 1:30).<\/p>\n\n\n\n<h2 class=\"wp-block-heading\">1 Cor\u00edntios 6:11 <\/h2>\n\n\n\n<p>Assim foram alguns de voc\u00eas. Mas voc\u00eas foram lavados, foram santificados, foram justificados no nome do Senhor Jesus Cristo e no Esp\u00edrito de nosso Deus (1 Co 6:11).<\/p>\n\n\n\n<h2 class=\"wp-block-heading\">G\u00e1latas 3:6 <\/h2>\n\n\n\n<p> Considerem o exemplo de Abra\u00e3o: \u201cEle creu em Deus, e isso lhe foi creditado como justi\u00e7a\u201d (G\u00e1l 3:6).<\/p>\n\n\n\n<h2 class=\"wp-block-heading\">G\u00e1latas 3:8 <\/h2>\n\n\n\n<p>Prevendo a Escritura que Deus justificaria os gentios pela f\u00e9, anunciou primeiro as boas novas a Abra\u00e3o: \u201cPor meio de voc\u00ea todas as na\u00e7\u00f5es ser\u00e3o aben\u00e7oadas\u201d (G\u00e1l 3:8).<\/p>\n\n\n\n<h2 class=\"wp-block-heading\">G\u00e1latas 3:24 <\/h2>\n\n\n\n<p>Assim, a Lei foi o nosso tutor at\u00e9 Cristo, para que f\u00f4ssemos justificados pela f\u00e9 (G\u00e1l 3:24).<\/p>\n\n\n\n<h2 class=\"wp-block-heading\">Filipenses 3:9 <\/h2>\n\n\n\n<p>E ser encontrado nele, n\u00e3o tendo a minha pr\u00f3pria justi\u00e7a que procede da Lei, mas a que vem mediante a f\u00e9 em Cristo, a justi\u00e7a que procede de Deus e se baseia na f\u00e9 (Filip 3:9).<\/p>\n\n\n\n<h2 class=\"wp-block-heading\">Hebreus 11:4 <\/h2>\n\n\n\n<p>Pela f\u00e9 Abel ofereceu a Deus um sacrif\u00edcio superior ao de Caim. Pela f\u00e9 ele foi reconhecido como justo, quando Deus aprovou as suas ofertas. Embora esteja morto, por meio da f\u00e9 ainda fala (Heb 11:4).<\/p>\n\n\n\n<h2 class=\"wp-block-heading\">Lee Tambi\u00e9n:<\/h2>\n\n\n\n<ul class=\"wp-block-list\"><li><a href=\"https:\/\/thebibleverses.org\/pt\/\">Vers\u00edculos por T\u00f3picos<\/a><\/li><li><a href=\"https:\/\/thebibleverses.org\/pt\/amor\/\">Vers\u00edculos da B\u00edblia sobre o Amor<\/a><\/li><li><a href=\"https:\/\/thebibleverses.org\/pt\/forca\/\">Vers\u00edculos da B\u00edblia sobre For\u00e7a<\/a><\/li><li><a href=\"https:\/\/thebibleverses.org\/pt\/fe\/\">Vers\u00edculos B\u00edblicos sobre F\u00e9<\/a><\/li><li><a href=\"https:\/\/thebibleverses.org\/pt\/jovens\/\">Vers\u00edculos da B\u00edblia para Jovens<\/a><\/li><li><a href=\"https:\/\/thebibleverses.org\/pt\/amizade\/\">Vers\u00edculos da B\u00edblia sobre Amizade<\/a><\/li><li><a href=\"https:\/\/thebibleverses.org\/pt\/cura\/\">Vers\u00edculos da B\u00edblia sobre Cura<\/a><\/li><\/ul>\n","protected":false},"excerpt":{"rendered":"<p>G\u00eanesis 15:6 Abr\u00e3o creu no Senhor, e isso lhe foi creditado como justi\u00e7a (G\u00ea 15:6). Habacuque 2:4 O \u00edmpio est\u00e1 envaidecido; seus desejos n\u00e3o s\u00e3o bons; mas o justo viver\u00e1 pela sua fidelidade (Hab 2:4). Atos 13:39 Por meio dele, todo aquele que cr\u00ea \u00e9 justificado de todas as coisas das quais n\u00e3o podiam ser [&hellip;]<\/p>\n","protected":false},"author":1,"featured_media":1584,"parent":0,"menu_order":0,"comment_status":"open","ping_status":"closed","template":"","meta":{"footnotes":""},"class_list":["post-236","page","type-page","status-publish","has-post-thumbnail","hentry","entry","fw-tab-6 fw-tabr-4"],"_links":{"self":[{"href":"https:\/\/thebibleverses.org\/pt\/wp-json\/wp\/v2\/pages\/236","targetHints":{"allow":["GET"]}}],"collection":[{"href":"https:\/\/thebibleverses.org\/pt\/wp-json\/wp\/v2\/pages"}],"about":[{"href":"https:\/\/thebibleverses.org\/pt\/wp-json\/wp\/v2\/types\/page"}],"author":[{"embeddable":true,"href":"https:\/\/thebibleverses.org\/pt\/wp-json\/wp\/v2\/users\/1"}],"replies":[{"embeddable":true,"href":"https:\/\/thebibleverses.org\/pt\/wp-json\/wp\/v2\/comments?post=236"}],"version-history":[{"count":0,"href":"https:\/\/thebibleverses.org\/pt\/wp-json\/wp\/v2\/pages\/236\/revisions"}],"wp:featuredmedia":[{"embeddable":true,"href":"https:\/\/thebibleverses.org\/pt\/wp-json\/wp\/v2\/media\/1584"}],"wp:attachment":[{"href":"https:\/\/thebibleverses.org\/pt\/wp-json\/wp\/v2\/media?parent=236"}],"curies":[{"name":"wp","href":"https:\/\/api.w.org\/{rel}","templated":true}]}}