{"id":2337,"date":"2023-09-23T23:17:48","date_gmt":"2023-09-23T23:17:48","guid":{"rendered":"https:\/\/thebibleverses.org\/pt\/?page_id=2337"},"modified":"2023-09-23T23:17:52","modified_gmt":"2023-09-23T23:17:52","slug":"salmos-de-prosperidade","status":"publish","type":"page","link":"https:\/\/thebibleverses.org\/pt\/salmos-de-prosperidade\/","title":{"rendered":"30 Salmos de Prosperidade"},"content":{"rendered":"<div class=\"wp-block-image\">\n<figure class=\"aligncenter size-large is-resized\"><img decoding=\"async\" data-src=\"https:\/\/thebibleverses.org\/pt\/wp-content\/uploads\/2023\/09\/Salmos-de-Prosperidade-1024x631.jpg\" alt=\"Salmos de Prosperidade\" class=\"wp-image-2338 lazyload\" style=\"--smush-placeholder-width: 792px; --smush-placeholder-aspect-ratio: 792\/488;width:792px;height:488px\" width=\"792\" height=\"488\" data-srcset=\"https:\/\/thebibleverses.org\/pt\/wp-content\/uploads\/2023\/09\/Salmos-de-Prosperidade-1024x631.jpg 1024w, https:\/\/thebibleverses.org\/pt\/wp-content\/uploads\/2023\/09\/Salmos-de-Prosperidade-300x185.jpg 300w, https:\/\/thebibleverses.org\/pt\/wp-content\/uploads\/2023\/09\/Salmos-de-Prosperidade-768x474.jpg 768w, https:\/\/thebibleverses.org\/pt\/wp-content\/uploads\/2023\/09\/Salmos-de-Prosperidade-320x197.jpg 320w, https:\/\/thebibleverses.org\/pt\/wp-content\/uploads\/2023\/09\/Salmos-de-Prosperidade-450x278.jpg 450w, https:\/\/thebibleverses.org\/pt\/wp-content\/uploads\/2023\/09\/Salmos-de-Prosperidade-720x444.jpg 720w, https:\/\/thebibleverses.org\/pt\/wp-content\/uploads\/2023\/09\/Salmos-de-Prosperidade.jpg 1200w\" data-sizes=\"(max-width: 792px) 100vw, 792px\" src=\"data:image\/svg+xml;base64,PHN2ZyB3aWR0aD0iMSIgaGVpZ2h0PSIxIiB4bWxucz0iaHR0cDovL3d3dy53My5vcmcvMjAwMC9zdmciPjwvc3ZnPg==\" \/><figcaption class=\"wp-element-caption\">Salmos de Prosperidade &#8211; Nova Vers\u00e3o Internacional (NVI-PT).<\/figcaption><\/figure><\/div>\n\n\n<h2 class=\"wp-block-heading\">Salmos B\u00edblicos de Prosperidade e Abund\u00e2ncia<\/h2>\n\n\n\n<p>Explore os Salmos que celebram a prosperidade e a abund\u00e2ncia. Esses vers\u00edculos atemporais s\u00e3o uma fonte de inspira\u00e7\u00e3o e gratid\u00e3o, recordando-nos da generosidade divina. Explore as palavras que enriquecem a alma e descubra como a prosperidade pode ser uma ben\u00e7\u00e3o atrav\u00e9s da presen\u00e7a divina.<\/p>\n\n\n\n<h3 class=\"wp-block-heading\">Salmos 1:3<\/h3>\n\n\n\n<p>\u00c9 como \u00e1rvore plantada \u00e0 beira de \u00e1guas correntes: D\u00e1 fruto no tempo certo e suas folhas n\u00e3o murcham. Tudo o que ele faz prospera!<\/p>\n\n\n\n<h3 class=\"wp-block-heading\">Salmos 23:1<\/h3>\n\n\n\n<p>O Senhor \u00e9 o meu pastor; de nada terei falta.<\/p>\n\n\n\n<h3 class=\"wp-block-heading\">Salmos 34:10<\/h3>\n\n\n\n<p>Os le\u00f5es podem passar necessidade e fome, mas os que buscam o Senhor de nada t\u00eam falta.<\/p>\n\n\n\n<h3 class=\"wp-block-heading\">Salmos 35:27<\/h3>\n\n\n\n<p>Cantem de alegria e regozijo todos os que desejam ver provada a minha inoc\u00eancia, e sempre repitam: \u201cO Senhor seja engrandecido! Ele tem prazer no bem-estar do seu servo\u201d.<\/p>\n\n\n\n<h3 class=\"wp-block-heading\">Salmos 37:3<\/h3>\n\n\n\n<p>Confie no Senhor e fa\u00e7a o bem; assim voc\u00ea habitar\u00e1 na terra e desfrutar\u00e1 seguran\u00e7a.<\/p>\n\n\n\n<h3 class=\"wp-block-heading\">Salmos 37:4<\/h3>\n\n\n\n<p>Deleite-se no Senhor, e ele atender\u00e1 aos desejos do seu cora\u00e7\u00e3o.<\/p>\n\n\n\n<h3 class=\"wp-block-heading\">Salmos 37:11<\/h3>\n\n\n\n<p>Mas os humildes receber\u00e3o a terra por heran\u00e7a e desfrutar\u00e3o pleno bem-estar.<\/p>\n\n\n\n<h3 class=\"wp-block-heading\">Salmos 37:18<\/h3>\n\n\n\n<p>O Senhor cuida da vida dos \u00edntegros, e a heran\u00e7a deles permanecer\u00e1 para sempre.<\/p>\n\n\n\n<h3 class=\"wp-block-heading\">Salmos 37:19<\/h3>\n\n\n\n<p>Em tempos de adversidade n\u00e3o ficar\u00e3o decepcionados; em dias de fome desfrutar\u00e3o fartura.<\/p>\n\n\n\n<h3 class=\"wp-block-heading\">Salmos 37:25<\/h3>\n\n\n\n<p>J\u00e1 fui jovem e agora sou velho, mas nunca vi o justo desamparado, nem seus filhos mendigando o p\u00e3o.<\/p>\n\n\n\n<h3 class=\"wp-block-heading\">Salmos 68:6<\/h3>\n\n\n\n<p>Deus d\u00e1 um lar aos solit\u00e1rios, liberta os presos para a prosperidade, mas os rebeldes vivem em terra \u00e1rida.<\/p>\n\n\n\n<h3 class=\"wp-block-heading\">Salmos 84:11<\/h3>\n\n\n\n<p>O Senhor Deus \u00e9 sol e escudo; o Senhor concede favor e honra; n\u00e3o recusa nenhum bem aos que vivem com integridade.<\/p>\n\n\n\n<h3 class=\"wp-block-heading\">Salmos 85:12<\/h3>\n\n\n\n<p>O Senhor nos trar\u00e1 b\u00ean\u00e7\u00e3os, e a nossa terra dar\u00e1 a sua colheita.<\/p>\n\n\n\n<h3 class=\"wp-block-heading\">Salmos 107:38<\/h3>\n\n\n\n<p>Ele os aben\u00e7oa, e eles se multiplicam; e n\u00e3o deixa que os seus rebanhos diminuam.<\/p>\n\n\n\n<h3 class=\"wp-block-heading\">Salmos 112:3<\/h3>\n\n\n\n<p>Grande riqueza h\u00e1 em sua casa, e a sua justi\u00e7a dura para sempre.<\/p>\n\n\n\n<h3 class=\"wp-block-heading\">Salmos 112:5<\/h3>\n\n\n\n<p>Feliz \u00e9 o homem que empresta com generosidade e que com honestidade conduz os seus neg\u00f3cios.<\/p>\n\n\n\n<h3 class=\"wp-block-heading\">Salmos 115:14<\/h3>\n\n\n\n<p>Que o Senhor os multiplique, voc\u00eas e os seus filhos.<\/p>\n\n\n\n<h3 class=\"wp-block-heading\">Salmos 118:25<\/h3>\n\n\n\n<p>Salva-nos, Senhor! N\u00f3s imploramos. Faze-nos prosperar, Senhor! N\u00f3s suplicamos.<\/p>\n\n\n\n<h3 class=\"wp-block-heading\">Salmos 128:1-2<\/h3>\n\n\n\n<p>Como \u00e9 feliz quem teme o Senhor, quem anda em seus caminhos! Voc\u00ea comer\u00e1 do fruto do seu trabalho, e ser\u00e1 feliz e pr\u00f3spero.<\/p>\n\n\n\n<h3 class=\"wp-block-heading\">Salmos 128:5<\/h3>\n\n\n\n<p>Que o Senhor o aben\u00e7oe desde Si\u00e3o, para que voc\u00ea veja a prosperidade de Jerusal\u00e9m todos os dias da sua vida,<\/p>\n\n\n\n<h3 class=\"wp-block-heading\">Salmos 144:12<\/h3>\n\n\n\n<p>Ent\u00e3o, na juventude, os nossos filhos ser\u00e3o como plantas vi\u00e7osas, e as nossas filhas, como colunas esculpidas para ornar um pal\u00e1cio.<\/p>\n\n\n\n<h3 class=\"wp-block-heading\">Salmos 146:5<\/h3>\n\n\n\n<p>Como \u00e9 feliz aquele cujo aux\u00edlio \u00e9 o Deus de Jac\u00f3, cuja esperan\u00e7a est\u00e1 no Senhor, no seu Deus,<\/p>\n\n\n\n<h3 class=\"wp-block-heading\">Salmos 147:13<\/h3>\n\n\n\n<p>Pois ele refor\u00e7ou as trancas de suas portas e aben\u00e7oou o seu povo, que l\u00e1 habita.<\/p>\n\n\n\n<h3 class=\"wp-block-heading\">Salmos 149:4<\/h3>\n\n\n\n<p>O Senhor agrada-se do seu povo; ele coroa de vit\u00f3ria os oprimidos.<\/p>\n\n\n\n<h3 class=\"wp-block-heading\">Salmos 144:15<\/h3>\n\n\n\n<p>Como \u00e9 feliz o povo assim aben\u00e7oado! Como \u00e9 feliz o povo cujo Deus \u00e9 o Senhor!<\/p>\n\n\n\n<h3 class=\"wp-block-heading\">Salmos 128:6<\/h3>\n\n\n\n<p>E veja os filhos dos seus filhos. Haja paz em Israel!<\/p>\n\n\n\n<h3 class=\"wp-block-heading\">Salmos 65:11<\/h3>\n\n\n\n<p>Coroas o ano com a tua bondade, e por onde passas emana fartura.<\/p>\n\n\n\n<h3 class=\"wp-block-heading\">Salmos 112:9<\/h3>\n\n\n\n<p>Reparte generosamente com os pobres; a sua justi\u00e7a dura para sempre; seu poder ser\u00e1 exaltado em honra.<\/p>\n\n\n\n<h3 class=\"wp-block-heading\">Salmos 68:19<\/h3>\n\n\n\n<p>Bendito seja o Senhor, Deus, nosso Salvador, que cada dia suporta as nossas cargas.<\/p>\n\n\n\n<h3 class=\"wp-block-heading\">Salmos 115:15<\/h3>\n\n\n\n<p>Sejam voc\u00eas aben\u00e7oados pelo Senhor, que fez os c\u00e9us e a terra.<\/p>\n\n\n\n<h2 class=\"wp-block-heading\">Lee Tambi\u00e9n:<\/h2>\n\n\n\n<ul class=\"wp-block-list\">\n<li><a href=\"https:\/\/thebibleverses.org\/pt\/\">Vers\u00edculos por T\u00f3picos<\/a><\/li>\n\n\n\n<li><a href=\"https:\/\/thebibleverses.org\/pt\/amor\/\">Vers\u00edculos da B\u00edblia sobre o Amor<\/a><\/li>\n\n\n\n<li><a href=\"https:\/\/thebibleverses.org\/pt\/forca\/\">Vers\u00edculos da B\u00edblia sobre For\u00e7a<\/a><\/li>\n\n\n\n<li><a href=\"https:\/\/thebibleverses.org\/pt\/fe\/\">Vers\u00edculos B\u00edblicos sobre F\u00e9<\/a><\/li>\n\n\n\n<li><a href=\"https:\/\/thebibleverses.org\/pt\/jovens\/\">Vers\u00edculos da B\u00edblia para Jovens<\/a><\/li>\n\n\n\n<li><a href=\"https:\/\/thebibleverses.org\/pt\/amizade\/\">Vers\u00edculos da B\u00edblia sobre Amizade<\/a><\/li>\n\n\n\n<li><a href=\"https:\/\/thebibleverses.org\/pt\/cura\/\">Vers\u00edculos da B\u00edblia sobre Cura<\/a><\/li>\n<\/ul>\n","protected":false},"excerpt":{"rendered":"<p>Salmos B\u00edblicos de Prosperidade e Abund\u00e2ncia Explore os Salmos que celebram a prosperidade e a abund\u00e2ncia. Esses vers\u00edculos atemporais s\u00e3o uma fonte de inspira\u00e7\u00e3o e gratid\u00e3o, recordando-nos da generosidade divina. Explore as palavras que enriquecem a alma e descubra como a prosperidade pode ser uma ben\u00e7\u00e3o atrav\u00e9s da presen\u00e7a divina. Salmos 1:3 \u00c9 como \u00e1rvore [&hellip;]<\/p>\n","protected":false},"author":1,"featured_media":2338,"parent":0,"menu_order":0,"comment_status":"closed","ping_status":"closed","template":"","meta":{"footnotes":""},"class_list":["post-2337","page","type-page","status-publish","has-post-thumbnail","hentry","entry","fw-tab-6 fw-tabr-4"],"_links":{"self":[{"href":"https:\/\/thebibleverses.org\/pt\/wp-json\/wp\/v2\/pages\/2337","targetHints":{"allow":["GET"]}}],"collection":[{"href":"https:\/\/thebibleverses.org\/pt\/wp-json\/wp\/v2\/pages"}],"about":[{"href":"https:\/\/thebibleverses.org\/pt\/wp-json\/wp\/v2\/types\/page"}],"author":[{"embeddable":true,"href":"https:\/\/thebibleverses.org\/pt\/wp-json\/wp\/v2\/users\/1"}],"replies":[{"embeddable":true,"href":"https:\/\/thebibleverses.org\/pt\/wp-json\/wp\/v2\/comments?post=2337"}],"version-history":[{"count":1,"href":"https:\/\/thebibleverses.org\/pt\/wp-json\/wp\/v2\/pages\/2337\/revisions"}],"predecessor-version":[{"id":2339,"href":"https:\/\/thebibleverses.org\/pt\/wp-json\/wp\/v2\/pages\/2337\/revisions\/2339"}],"wp:featuredmedia":[{"embeddable":true,"href":"https:\/\/thebibleverses.org\/pt\/wp-json\/wp\/v2\/media\/2338"}],"wp:attachment":[{"href":"https:\/\/thebibleverses.org\/pt\/wp-json\/wp\/v2\/media?parent=2337"}],"curies":[{"name":"wp","href":"https:\/\/api.w.org\/{rel}","templated":true}]}}