{"id":2334,"date":"2023-09-23T22:45:59","date_gmt":"2023-09-23T22:45:59","guid":{"rendered":"https:\/\/thebibleverses.org\/pt\/?page_id=2334"},"modified":"2023-09-23T22:46:01","modified_gmt":"2023-09-23T22:46:01","slug":"salmos-de-perseveranca","status":"publish","type":"page","link":"https:\/\/thebibleverses.org\/pt\/salmos-de-perseveranca\/","title":{"rendered":"30 Salmos de Perseveran\u00e7a"},"content":{"rendered":"<div class=\"wp-block-image\">\n<figure class=\"aligncenter size-large\"><img decoding=\"async\" width=\"1024\" height=\"631\" data-src=\"https:\/\/thebibleverses.org\/pt\/wp-content\/uploads\/2023\/09\/Salmos-de-Perseveranca-1024x631.jpg\" alt=\"Salmos de Perseveran\u00e7a\" class=\"wp-image-2335 lazyload\" data-srcset=\"https:\/\/thebibleverses.org\/pt\/wp-content\/uploads\/2023\/09\/Salmos-de-Perseveranca-1024x631.jpg 1024w, https:\/\/thebibleverses.org\/pt\/wp-content\/uploads\/2023\/09\/Salmos-de-Perseveranca-300x185.jpg 300w, https:\/\/thebibleverses.org\/pt\/wp-content\/uploads\/2023\/09\/Salmos-de-Perseveranca-768x474.jpg 768w, https:\/\/thebibleverses.org\/pt\/wp-content\/uploads\/2023\/09\/Salmos-de-Perseveranca-320x197.jpg 320w, https:\/\/thebibleverses.org\/pt\/wp-content\/uploads\/2023\/09\/Salmos-de-Perseveranca-450x278.jpg 450w, https:\/\/thebibleverses.org\/pt\/wp-content\/uploads\/2023\/09\/Salmos-de-Perseveranca-720x444.jpg 720w, https:\/\/thebibleverses.org\/pt\/wp-content\/uploads\/2023\/09\/Salmos-de-Perseveranca.jpg 1200w\" data-sizes=\"(max-width: 1024px) 100vw, 1024px\" src=\"data:image\/svg+xml;base64,PHN2ZyB3aWR0aD0iMSIgaGVpZ2h0PSIxIiB4bWxucz0iaHR0cDovL3d3dy53My5vcmcvMjAwMC9zdmciPjwvc3ZnPg==\" style=\"--smush-placeholder-width: 1024px; --smush-placeholder-aspect-ratio: 1024\/631;\" \/><figcaption class=\"wp-element-caption\">Salmos de Perseveran\u00e7a &#8211; Nova Vers\u00e3o Internacional (NVI-PT).<\/figcaption><\/figure><\/div>\n\n\n<h2 class=\"wp-block-heading\">Salmos B\u00edblicos de Perseveran\u00e7a na Adversidade<\/h2>\n\n\n\n<p>Encontre for\u00e7a e perseveran\u00e7a nos Salmos. Esses vers\u00edculos atemporais s\u00e3o fontes de inspira\u00e7\u00e3o e coragem, orientando-nos nas lutas da vida. Explore palavras que alimentam a alma e descubra como a perseveran\u00e7a pode ser fortalecida pela presen\u00e7a divina. <\/p>\n\n\n\n<h3 class=\"wp-block-heading\">Salmos 27:14<\/h3>\n\n\n\n<p>Espere no Senhor. Seja forte! Coragem! Espere no Senhor.<\/p>\n\n\n\n<h3 class=\"wp-block-heading\">Salmos 31:24<\/h3>\n\n\n\n<p>Sejam fortes e corajosos, todos voc\u00eas que esperam no Senhor!<\/p>\n\n\n\n<h3 class=\"wp-block-heading\">Salmos 37:24<\/h3>\n\n\n\n<p>Ainda que tropece, n\u00e3o cair\u00e1, pois o Senhor o toma pela m\u00e3o.<\/p>\n\n\n\n<h3 class=\"wp-block-heading\">Salmos 42:11<\/h3>\n\n\n\n<p>Por que voc\u00ea est\u00e1 assim t\u00e3o triste, \u00f3 minha alma?Por que est\u00e1 assim t\u00e3o perturbada dentro de mim? Ponha a sua esperan\u00e7a em Deus! Pois ainda o louvarei; ele \u00e9 o meu Salvador e o meu Deus.<\/p>\n\n\n\n<h3 class=\"wp-block-heading\">Salmos 62:5<\/h3>\n\n\n\n<p>Descanse somente em Deus, \u00f3 minha alma; dele vem a minha esperan\u00e7a.<\/p>\n\n\n\n<h3 class=\"wp-block-heading\">Salmos 66:9<\/h3>\n\n\n\n<p>Foi ele quem preservou a nossa vida impedindo que os nossos p\u00e9s escorregassem.<\/p>\n\n\n\n<h3 class=\"wp-block-heading\">Salmos 71:14<\/h3>\n\n\n\n<p>Mas eu sempre terei esperan\u00e7a e te louvarei cada vez mais.<\/p>\n\n\n\n<h3 class=\"wp-block-heading\">Salmos 119:33<\/h3>\n\n\n\n<p>Ensina-me, Senhor, o caminho dos teus decretos, e a eles obedecerei at\u00e9 o fim.<\/p>\n\n\n\n<h3 class=\"wp-block-heading\">Salmos 119:44<\/h3>\n\n\n\n<p>|Obedecerei constantemente \u00e0 tua lei, para todo o sempre.<\/p>\n\n\n\n<h3 class=\"wp-block-heading\">Salmos 119:116<\/h3>\n\n\n\n<p>Sustenta-me, segundo a tua promessa, e eu viverei; n\u00e3o permitas que se frustrem as minhas esperan\u00e7as.<\/p>\n\n\n\n<h3 class=\"wp-block-heading\">Salmos 119:166<\/h3>\n\n\n\n<p>Aguardo a tua salva\u00e7\u00e3o, Senhor, e pratico os teus mandamentos.<\/p>\n\n\n\n<h3 class=\"wp-block-heading\">Salmos 130:5<\/h3>\n\n\n\n<p>Espero no Senhor com todo o meu ser, e na sua palavra ponho a minha esperan\u00e7a.<\/p>\n\n\n\n<h3 class=\"wp-block-heading\">Salmos 138:3<\/h3>\n\n\n\n<p>Quando clamei, tu me respondeste; deste-me for\u00e7a e coragem.<\/p>\n\n\n\n<h3 class=\"wp-block-heading\">Salmos 141:8<\/h3>\n\n\n\n<p>Mas os meus olhos est\u00e3o fixos em ti, \u00f3 Soberano Senhor; em ti me refugio; n\u00e3o me entregues \u00e0 morte.<\/p>\n\n\n\n<h3 class=\"wp-block-heading\">Salmos 145:14<\/h3>\n\n\n\n<p>O Senhor ampara todos os que caem e levanta todos os que est\u00e3o prostrados.<\/p>\n\n\n\n<h3 class=\"wp-block-heading\">Salmos 147:10-11<\/h3>\n\n\n\n<p>N\u00e3o \u00e9 a for\u00e7a do cavalo que lhe d\u00e1 satisfa\u00e7\u00e3o, nem \u00e9 a agilidade do homem que lhe agrada; o Senhor se agrada dos que o temem, dos que colocam sua esperan\u00e7a no seu amor leal.<\/p>\n\n\n\n<h3 class=\"wp-block-heading\">Salmos 130:6<\/h3>\n\n\n\n<p>Espero pelo Senhor mais do que as sentinelas pela manh\u00e3; sim, mais do que as sentinelas esperam pela manh\u00e3!<\/p>\n\n\n\n<h3 class=\"wp-block-heading\">Salmos 138:7<\/h3>\n\n\n\n<p>Ainda que eu passe por ang\u00fastias, tu me preservas a vida da ira dos meus inimigos; estendes a tua m\u00e3o direita e me livras.<\/p>\n\n\n\n<h3 class=\"wp-block-heading\">Salmos 140:12<\/h3>\n\n\n\n<p>Sei que o Senhor defender\u00e1 a causa do necessitado e far\u00e1 justi\u00e7a aos pobres.<\/p>\n\n\n\n<h3 class=\"wp-block-heading\">Salmos 37:3<\/h3>\n\n\n\n<p>Confie no Senhor e fa\u00e7a o bem; assim voc\u00ea habitar\u00e1 na terra e desfrutar\u00e1 seguran\u00e7a.<\/p>\n\n\n\n<h3 class=\"wp-block-heading\">Salmos 37:34<\/h3>\n\n\n\n<p>Espere no Senhor e siga a sua vontade. Ele o exaltar\u00e1, dando-lhe a terra por heran\u00e7a; quando os \u00edmpios forem eliminados, voc\u00ea o ver\u00e1.<\/p>\n\n\n\n<h3 class=\"wp-block-heading\">Salmos 42:5<\/h3>\n\n\n\n<p>Por que voc\u00ea est\u00e1 assim t\u00e3o triste, \u00f3 minha alma? Por que est\u00e1 assim t\u00e3o perturbada dentro de mim? Ponha a sua esperan\u00e7a em Deus! Pois ainda o louvarei; ele \u00e9 o meu Salvador.<\/p>\n\n\n\n<h3 class=\"wp-block-heading\">Salmos 43:5<\/h3>\n\n\n\n<p>Por que voc\u00ea est\u00e1 assim t\u00e3o triste, \u00f3 minha alma? Por que est\u00e1 assim t\u00e3o perturbada dentro de mim? Ponha a sua esperan\u00e7a em Deus! Pois ainda o louvarei; ele \u00e9 o meu Salvador e o meu Deus.<\/p>\n\n\n\n<h3 class=\"wp-block-heading\">Salmos 71:5<\/h3>\n\n\n\n<p>Pois tu \u00e9s a minha esperan\u00e7a, \u00f3 Soberano Senhor, em ti est\u00e1 a minha confian\u00e7a desde a juventude.<\/p>\n\n\n\n<h3 class=\"wp-block-heading\">Salmos 119:81<\/h3>\n\n\n\n<p>Estou quase desfalecido, aguardando a tua salva\u00e7\u00e3o, mas na tua palavra coloquei a minha esperan\u00e7a.<\/p>\n\n\n\n<h3 class=\"wp-block-heading\">Salmos 119:174<\/h3>\n\n\n\n<p>Anseio pela tua salva\u00e7\u00e3o, Senhor, e a tua lei \u00e9 o meu prazer.<\/p>\n\n\n\n<h3 class=\"wp-block-heading\">Salmos 130:5<\/h3>\n\n\n\n<p>Espero no Senhor com todo o meu ser, e na sua palavra ponho a minha esperan\u00e7a.<\/p>\n\n\n\n<h3 class=\"wp-block-heading\">Salmos 130:7<\/h3>\n\n\n\n<p>Ponha a sua esperan\u00e7a no Senhor, \u00f3 Israel, pois no Senhor h\u00e1 amor leal e plena reden\u00e7\u00e3o.<\/p>\n\n\n\n<h3 class=\"wp-block-heading\">Salmos 145:15<\/h3>\n\n\n\n<p>Os olhos de todos est\u00e3o voltados para ti, e tu lhes d\u00e1s o alimento no devido tempo.<\/p>\n\n\n\n<h3 class=\"wp-block-heading\">Salmos 146:5<\/h3>\n\n\n\n<p>Como \u00e9 feliz aquele cujo aux\u00edlio \u00e9 o Deus de Jac\u00f3, cuja esperan\u00e7a est\u00e1 no Senhor, no seu Deus.<\/p>\n\n\n\n<h2 class=\"wp-block-heading\">Lee Tambi\u00e9n:<\/h2>\n\n\n\n<ul class=\"wp-block-list\">\n<li><a href=\"https:\/\/thebibleverses.org\/pt\/\">Vers\u00edculos por T\u00f3picos<\/a><\/li>\n\n\n\n<li><a href=\"https:\/\/thebibleverses.org\/pt\/amor\/\">Vers\u00edculos da B\u00edblia sobre o Amor<\/a><\/li>\n\n\n\n<li><a href=\"https:\/\/thebibleverses.org\/pt\/forca\/\">Vers\u00edculos da B\u00edblia sobre For\u00e7a<\/a><\/li>\n\n\n\n<li><a href=\"https:\/\/thebibleverses.org\/pt\/fe\/\">Vers\u00edculos B\u00edblicos sobre F\u00e9<\/a><\/li>\n\n\n\n<li><a href=\"https:\/\/thebibleverses.org\/pt\/jovens\/\">Vers\u00edculos da B\u00edblia para Jovens<\/a><\/li>\n\n\n\n<li><a href=\"https:\/\/thebibleverses.org\/pt\/amizade\/\">Vers\u00edculos da B\u00edblia sobre Amizade<\/a><\/li>\n\n\n\n<li><a href=\"https:\/\/thebibleverses.org\/pt\/cura\/\">Vers\u00edculos da B\u00edblia sobre Cura<\/a><\/li>\n<\/ul>\n","protected":false},"excerpt":{"rendered":"<p>Salmos B\u00edblicos de Perseveran\u00e7a na Adversidade Encontre for\u00e7a e perseveran\u00e7a nos Salmos. Esses vers\u00edculos atemporais s\u00e3o fontes de inspira\u00e7\u00e3o e coragem, orientando-nos nas lutas da vida. Explore palavras que alimentam a alma e descubra como a perseveran\u00e7a pode ser fortalecida pela presen\u00e7a divina. Salmos 27:14 Espere no Senhor. Seja forte! Coragem! Espere no Senhor. Salmos [&hellip;]<\/p>\n","protected":false},"author":1,"featured_media":2335,"parent":0,"menu_order":0,"comment_status":"closed","ping_status":"closed","template":"","meta":{"footnotes":""},"class_list":["post-2334","page","type-page","status-publish","has-post-thumbnail","hentry","entry","fw-tab-6 fw-tabr-4"],"_links":{"self":[{"href":"https:\/\/thebibleverses.org\/pt\/wp-json\/wp\/v2\/pages\/2334","targetHints":{"allow":["GET"]}}],"collection":[{"href":"https:\/\/thebibleverses.org\/pt\/wp-json\/wp\/v2\/pages"}],"about":[{"href":"https:\/\/thebibleverses.org\/pt\/wp-json\/wp\/v2\/types\/page"}],"author":[{"embeddable":true,"href":"https:\/\/thebibleverses.org\/pt\/wp-json\/wp\/v2\/users\/1"}],"replies":[{"embeddable":true,"href":"https:\/\/thebibleverses.org\/pt\/wp-json\/wp\/v2\/comments?post=2334"}],"version-history":[{"count":1,"href":"https:\/\/thebibleverses.org\/pt\/wp-json\/wp\/v2\/pages\/2334\/revisions"}],"predecessor-version":[{"id":2336,"href":"https:\/\/thebibleverses.org\/pt\/wp-json\/wp\/v2\/pages\/2334\/revisions\/2336"}],"wp:featuredmedia":[{"embeddable":true,"href":"https:\/\/thebibleverses.org\/pt\/wp-json\/wp\/v2\/media\/2335"}],"wp:attachment":[{"href":"https:\/\/thebibleverses.org\/pt\/wp-json\/wp\/v2\/media?parent=2334"}],"curies":[{"name":"wp","href":"https:\/\/api.w.org\/{rel}","templated":true}]}}