{"id":2331,"date":"2023-09-23T22:12:36","date_gmt":"2023-09-23T22:12:36","guid":{"rendered":"https:\/\/thebibleverses.org\/pt\/?page_id=2331"},"modified":"2023-09-23T22:12:39","modified_gmt":"2023-09-23T22:12:39","slug":"salmos-de-paz","status":"publish","type":"page","link":"https:\/\/thebibleverses.org\/pt\/salmos-de-paz\/","title":{"rendered":"30 Salmos de Paz"},"content":{"rendered":"<div class=\"wp-block-image\">\n<figure class=\"aligncenter size-large\"><img decoding=\"async\" width=\"1024\" height=\"631\" data-src=\"https:\/\/thebibleverses.org\/pt\/wp-content\/uploads\/2023\/09\/Salmos-de-Paz-1-1024x631.jpg\" alt=\"Salmos de Paz \" class=\"wp-image-2332 lazyload\" data-srcset=\"https:\/\/thebibleverses.org\/pt\/wp-content\/uploads\/2023\/09\/Salmos-de-Paz-1-1024x631.jpg 1024w, https:\/\/thebibleverses.org\/pt\/wp-content\/uploads\/2023\/09\/Salmos-de-Paz-1-300x185.jpg 300w, https:\/\/thebibleverses.org\/pt\/wp-content\/uploads\/2023\/09\/Salmos-de-Paz-1-768x474.jpg 768w, https:\/\/thebibleverses.org\/pt\/wp-content\/uploads\/2023\/09\/Salmos-de-Paz-1-320x197.jpg 320w, https:\/\/thebibleverses.org\/pt\/wp-content\/uploads\/2023\/09\/Salmos-de-Paz-1-450x278.jpg 450w, https:\/\/thebibleverses.org\/pt\/wp-content\/uploads\/2023\/09\/Salmos-de-Paz-1-720x444.jpg 720w, https:\/\/thebibleverses.org\/pt\/wp-content\/uploads\/2023\/09\/Salmos-de-Paz-1.jpg 1200w\" data-sizes=\"(max-width: 1024px) 100vw, 1024px\" src=\"data:image\/svg+xml;base64,PHN2ZyB3aWR0aD0iMSIgaGVpZ2h0PSIxIiB4bWxucz0iaHR0cDovL3d3dy53My5vcmcvMjAwMC9zdmciPjwvc3ZnPg==\" style=\"--smush-placeholder-width: 1024px; --smush-placeholder-aspect-ratio: 1024\/631;\" \/><figcaption class=\"wp-element-caption\">Salmos de Paz &#8211; Nova Vers\u00e3o Internacional (NVI-PT).<\/figcaption><\/figure><\/div>\n\n\n<h2 class=\"wp-block-heading\">Salmos B\u00edblicos sobre a Paz de Deus<\/h2>\n\n\n\n<p>Descubra a profunda paz de Deus atrav\u00e9s dos Salmos. Esses vers\u00edculos atemporais s\u00e3o fontes de serenidade e inspira\u00e7\u00e3o, guiando-nos em momentos de tumulto. Explore as palavras que acalmam a alma e encontre ref\u00fagio na presen\u00e7a divina. Cultive uma paz duradoura em sua vida atrav\u00e9s dos Salmos.<\/p>\n\n\n\n<h3 class=\"wp-block-heading\">Salmos 4:8<\/h3>\n\n\n\n<p>Em paz me deito e logo adorme\u00e7o, pois s\u00f3 tu, Senhor, me fazes viver em seguran\u00e7a.<\/p>\n\n\n\n<h3 class=\"wp-block-heading\">Salmos 29:11<\/h3>\n\n\n\n<p>O Senhor d\u00e1 for\u00e7a ao seu povo; o Senhor d\u00e1 a seu povo a b\u00ean\u00e7\u00e3o da paz.<\/p>\n\n\n\n<h3 class=\"wp-block-heading\">Salmos 34:14<\/h3>\n\n\n\n<p>Afaste-se do mal e fa\u00e7a o bem; busque a paz com perseveran\u00e7a.<\/p>\n\n\n\n<h3 class=\"wp-block-heading\">Salmos 37:11<\/h3>\n\n\n\n<p>Mas os humildes receber\u00e3o a terra por heran\u00e7a e desfrutar\u00e3o pleno bem-estar.<\/p>\n\n\n\n<h3 class=\"wp-block-heading\">Salmos 37:37<\/h3>\n\n\n\n<p>Considere o \u00edntegro, observe o justo; h\u00e1 futuro para o homem de paz.<\/p>\n\n\n\n<h3 class=\"wp-block-heading\">Salmos 85:8<\/h3>\n\n\n\n<p>Eu ouvirei o que Deus, o Senhor, disse; ele promete paz ao seu povo, aos seus fi\u00e9is! N\u00e3o voltem eles \u00e0 insensatez!<\/p>\n\n\n\n<h3 class=\"wp-block-heading\">Salmos 119:165<\/h3>\n\n\n\n<p>Os que amam a tua lei desfrutam paz, e nada h\u00e1 que os fa\u00e7a trope\u00e7ar.<\/p>\n\n\n\n<h3 class=\"wp-block-heading\">Salmos 120:6-7<\/h3>\n\n\n\n<p>Tenho vivido tempo demais entre os que odeiam a paz. Sou um homem de paz; mas, ainda que eu fale de paz, eles s\u00f3 falam de guerra.<\/p>\n\n\n\n<h3 class=\"wp-block-heading\">Salmos 122:6-7<\/h3>\n\n\n\n<p>Orem pela paz de Jerusal\u00e9m: \u201cVivam em seguran\u00e7a aqueles que te amam! Haja paz dentro dos teus muros e seguran\u00e7a nas tuas cidadelas!\u201d<\/p>\n\n\n\n<h3 class=\"wp-block-heading\">Salmos 147:14<\/h3>\n\n\n\n<p>\u00c9 ele que mant\u00e9m as suas fronteiras em seguran\u00e7a e que a supre do melhor do trigo.<\/p>\n\n\n\n<h3 class=\"wp-block-heading\">Salmos 119:165<\/h3>\n\n\n\n<p>Os que amam a tua lei desfrutam paz, e nada h\u00e1 que os fa\u00e7a trope\u00e7ar.<\/p>\n\n\n\n<h3 class=\"wp-block-heading\">Salmos 133:1<\/h3>\n\n\n\n<p>Como \u00e9 bom e agrad\u00e1vel quando os irm\u00e3os convivem em uni\u00e3o!<\/p>\n\n\n\n<h3 class=\"wp-block-heading\">Salmos 76:2<\/h3>\n\n\n\n<p>Sua tenda est\u00e1 em Sal\u00e9m; o lugar da sua habita\u00e7\u00e3o est\u00e1 em Si\u00e3o.<\/p>\n\n\n\n<h3 class=\"wp-block-heading\">Salmos 37:40<\/h3>\n\n\n\n<p>O Senhor os ajuda e os livra; ele os livra dos \u00edmpios e os salva, porque nele se refugiam.<\/p>\n\n\n\n<h3 class=\"wp-block-heading\">Salmos 29:11<\/h3>\n\n\n\n<p>O Senhor d\u00e1 for\u00e7a ao seu povo; o Senhor d\u00e1 a seu povo a b\u00ean\u00e7\u00e3o da paz.<\/p>\n\n\n\n<h3 class=\"wp-block-heading\">Salmos 85:10<\/h3>\n\n\n\n<p>O amor e a fidelidade se encontrar\u00e3o; a justi\u00e7a e a paz se beijar\u00e3o.<\/p>\n\n\n\n<h3 class=\"wp-block-heading\">Salmos 120:6<\/h3>\n\n\n\n<p>Tenho vivido tempo demais entre os que odeiam a paz.<\/p>\n\n\n\n<h3 class=\"wp-block-heading\">Salmos 122:8<\/h3>\n\n\n\n<p>Em favor de meus irm\u00e3os e amigos, direi: Paz seja com voc\u00ea!<\/p>\n\n\n\n<h3 class=\"wp-block-heading\">Salmos 128:6<\/h3>\n\n\n\n<p>E veja os filhos dos seus filhos. Haja paz em Israel!<\/p>\n\n\n\n<h3 class=\"wp-block-heading\">Salmos 147:14<\/h3>\n\n\n\n<p>\u00c9 ele que mant\u00e9m as suas fronteiras em seguran\u00e7a e que a supre do melhor do trigo.<\/p>\n\n\n\n<h3 class=\"wp-block-heading\">Salmos 37:37<\/h3>\n\n\n\n<p>Considere o \u00edntegro, observe o justo; h\u00e1 futuro para o homem de paz.<\/p>\n\n\n\n<h3 class=\"wp-block-heading\">Salmos 85:8<\/h3>\n\n\n\n<p>Eu ouvirei o que Deus, o Senhor, disse; ele promete paz ao seu povo, aos seus fi\u00e9is! N\u00e3o voltem eles \u00e0 insensatez!<\/p>\n\n\n\n<h3 class=\"wp-block-heading\">Salmos 122:7<\/h3>\n\n\n\n<p>Haja paz dentro dos teus muros e seguran\u00e7a nas tuas cidadelas!\u201d<\/p>\n\n\n\n<h3 class=\"wp-block-heading\">Salmos 119:165<\/h3>\n\n\n\n<p>Os que amam a tua lei desfrutam paz, e nada h\u00e1 que os fa\u00e7a trope\u00e7ar.<\/p>\n\n\n\n<h3 class=\"wp-block-heading\">Salmos 133:1<\/h3>\n\n\n\n<p>Como \u00e9 bom e agrad\u00e1vel quando os irm\u00e3os convivem em uni\u00e3o!<\/p>\n\n\n\n<h3 class=\"wp-block-heading\">Salmos 76:2<\/h3>\n\n\n\n<p>Sua tenda est\u00e1 em Sal\u00e9m; o lugar da sua habita\u00e7\u00e3o est\u00e1 em Si\u00e3o.<\/p>\n\n\n\n<h3 class=\"wp-block-heading\">Salmos 37:40<\/h3>\n\n\n\n<p>O Senhor os ajuda e os livra; ele os livra dos \u00edmpios e os salva, porque nele se refugiam.<\/p>\n\n\n\n<h3 class=\"wp-block-heading\">Salmos 29:11<\/h3>\n\n\n\n<p>O Senhor d\u00e1 for\u00e7a ao seu povo; o Senhor d\u00e1 a seu povo a b\u00ean\u00e7\u00e3o da paz.<\/p>\n\n\n\n<h3 class=\"wp-block-heading\">Salmos 85:10<\/h3>\n\n\n\n<p>O amor e a fidelidade se encontrar\u00e3o; a justi\u00e7a e a paz se beijar\u00e3o.<\/p>\n\n\n\n<h3 class=\"wp-block-heading\">Salmos 128:6<\/h3>\n\n\n\n<p>E veja os filhos dos seus filhos. Haja paz em Israel!<\/p>\n\n\n\n<h2 class=\"wp-block-heading\">Lee Tambi\u00e9n:<\/h2>\n\n\n\n<ul class=\"wp-block-list\">\n<li><a href=\"https:\/\/thebibleverses.org\/pt\/\">Vers\u00edculos por T\u00f3picos<\/a><\/li>\n\n\n\n<li><a href=\"https:\/\/thebibleverses.org\/pt\/amor\/\">Vers\u00edculos da B\u00edblia sobre o Amor<\/a><\/li>\n\n\n\n<li><a href=\"https:\/\/thebibleverses.org\/pt\/forca\/\">Vers\u00edculos da B\u00edblia sobre For\u00e7a<\/a><\/li>\n\n\n\n<li><a href=\"https:\/\/thebibleverses.org\/pt\/fe\/\">Vers\u00edculos B\u00edblicos sobre F\u00e9<\/a><\/li>\n\n\n\n<li><a href=\"https:\/\/thebibleverses.org\/pt\/jovens\/\">Vers\u00edculos da B\u00edblia para Jovens<\/a><\/li>\n\n\n\n<li><a href=\"https:\/\/thebibleverses.org\/pt\/amizade\/\">Vers\u00edculos da B\u00edblia sobre Amizade<\/a><\/li>\n\n\n\n<li><a href=\"https:\/\/thebibleverses.org\/pt\/cura\/\">Vers\u00edculos da B\u00edblia sobre Cura<\/a><\/li>\n<\/ul>\n","protected":false},"excerpt":{"rendered":"<p>Salmos B\u00edblicos sobre a Paz de Deus Descubra a profunda paz de Deus atrav\u00e9s dos Salmos. Esses vers\u00edculos atemporais s\u00e3o fontes de serenidade e inspira\u00e7\u00e3o, guiando-nos em momentos de tumulto. Explore as palavras que acalmam a alma e encontre ref\u00fagio na presen\u00e7a divina. Cultive uma paz duradoura em sua vida atrav\u00e9s dos Salmos. Salmos 4:8 [&hellip;]<\/p>\n","protected":false},"author":1,"featured_media":2332,"parent":0,"menu_order":0,"comment_status":"closed","ping_status":"closed","template":"","meta":{"footnotes":""},"class_list":["post-2331","page","type-page","status-publish","has-post-thumbnail","hentry","entry","fw-tab-6 fw-tabr-4"],"_links":{"self":[{"href":"https:\/\/thebibleverses.org\/pt\/wp-json\/wp\/v2\/pages\/2331","targetHints":{"allow":["GET"]}}],"collection":[{"href":"https:\/\/thebibleverses.org\/pt\/wp-json\/wp\/v2\/pages"}],"about":[{"href":"https:\/\/thebibleverses.org\/pt\/wp-json\/wp\/v2\/types\/page"}],"author":[{"embeddable":true,"href":"https:\/\/thebibleverses.org\/pt\/wp-json\/wp\/v2\/users\/1"}],"replies":[{"embeddable":true,"href":"https:\/\/thebibleverses.org\/pt\/wp-json\/wp\/v2\/comments?post=2331"}],"version-history":[{"count":1,"href":"https:\/\/thebibleverses.org\/pt\/wp-json\/wp\/v2\/pages\/2331\/revisions"}],"predecessor-version":[{"id":2333,"href":"https:\/\/thebibleverses.org\/pt\/wp-json\/wp\/v2\/pages\/2331\/revisions\/2333"}],"wp:featuredmedia":[{"embeddable":true,"href":"https:\/\/thebibleverses.org\/pt\/wp-json\/wp\/v2\/media\/2332"}],"wp:attachment":[{"href":"https:\/\/thebibleverses.org\/pt\/wp-json\/wp\/v2\/media?parent=2331"}],"curies":[{"name":"wp","href":"https:\/\/api.w.org\/{rel}","templated":true}]}}