{"id":233,"date":"2019-11-21T20:12:23","date_gmt":"2019-11-21T20:12:23","guid":{"rendered":"https:\/\/thebibleverses.org\/pt\/?page_id=233"},"modified":"2022-06-25T21:09:32","modified_gmt":"2022-06-25T21:09:32","slug":"jovens","status":"publish","type":"page","link":"https:\/\/thebibleverses.org\/pt\/jovens\/","title":{"rendered":"20 Vers\u00edculos da B\u00edblia para Jovens"},"content":{"rendered":"<div class=\"wp-block-image\">\n<figure class=\"aligncenter size-large\"><img decoding=\"async\" width=\"1024\" height=\"631\" data-src=\"https:\/\/thebibleverses.org\/pt\/wp-content\/uploads\/2022\/06\/Versiculos-da-Biblia-para-Jovens-1024x631.webp\" alt=\"Vers\u00edculos da B\u00edblia para Jovens\" class=\"wp-image-1581 lazyload\" data-srcset=\"https:\/\/thebibleverses.org\/pt\/wp-content\/uploads\/2022\/06\/Versiculos-da-Biblia-para-Jovens-1024x631.webp 1024w, https:\/\/thebibleverses.org\/pt\/wp-content\/uploads\/2022\/06\/Versiculos-da-Biblia-para-Jovens-300x185.webp 300w, https:\/\/thebibleverses.org\/pt\/wp-content\/uploads\/2022\/06\/Versiculos-da-Biblia-para-Jovens-768x474.webp 768w, https:\/\/thebibleverses.org\/pt\/wp-content\/uploads\/2022\/06\/Versiculos-da-Biblia-para-Jovens-320x197.webp 320w, https:\/\/thebibleverses.org\/pt\/wp-content\/uploads\/2022\/06\/Versiculos-da-Biblia-para-Jovens-450x278.webp 450w, https:\/\/thebibleverses.org\/pt\/wp-content\/uploads\/2022\/06\/Versiculos-da-Biblia-para-Jovens-720x444.webp 720w, https:\/\/thebibleverses.org\/pt\/wp-content\/uploads\/2022\/06\/Versiculos-da-Biblia-para-Jovens.webp 1200w\" data-sizes=\"(max-width: 1024px) 100vw, 1024px\" src=\"data:image\/svg+xml;base64,PHN2ZyB3aWR0aD0iMSIgaGVpZ2h0PSIxIiB4bWxucz0iaHR0cDovL3d3dy53My5vcmcvMjAwMC9zdmciPjwvc3ZnPg==\" style=\"--smush-placeholder-width: 1024px; --smush-placeholder-aspect-ratio: 1024\/631;\" \/><figcaption>Vers\u00edculos da B\u00edblia para Jovens &#8211; Nova Vers\u00e3o Internacional (NVI-PT).<\/figcaption><\/figure><\/div>\n\n\n<h2 class=\"wp-block-heading\">\u00caxodo 20:12 <\/h2>\n\n\n\n<p>Honra teu pai e tua m\u00e3e, a fim de que tenhas vida longa na terra que o Senhor, o teu Deus, te d\u00e1 (\u00cax 20:12).<\/p>\n\n\n\n<h2 class=\"wp-block-heading\">Lev\u00edtico 19:3 <\/h2>\n\n\n\n<p>Respeite cada um de voc\u00eas a sua m\u00e3e e o seu pai, e guarde os meus s\u00e1bados. Eu sou o Senhor, o Deus de voc\u00eas (Lev 19:3).<\/p>\n\n\n\n<h2 class=\"wp-block-heading\">Deuteron\u00f4mio 27:16 <\/h2>\n\n\n\n<p>Maldito quem desonrar o seu pai ou a sua m\u00e3e\u2019. Todo o povo dir\u00e1: \u2018Am\u00e9m!\u2019 (Dt 27:16).<\/p>\n\n\n\n<h2 class=\"wp-block-heading\">Salmos 25:7 <\/h2>\n\n\n\n<p>N\u00e3o te lembres dos pecados e transgress\u00f5es da minha juventude; conforme a tua miseric\u00f3rdia, lembra-te de mim, pois tu, Senhor, \u00e9s bom (Sal 25:7).<\/p>\n\n\n\n<h2 class=\"wp-block-heading\">Salmos 71:5 <\/h2>\n\n\n\n<p>Pois tu \u00e9s a minha esperan\u00e7a, \u00f3 Soberano Senhor, em ti est\u00e1 a minha confian\u00e7a desde a juventude (Sal 71:5).<\/p>\n\n\n\n<h2 class=\"wp-block-heading\">Salmos 71:17 <\/h2>\n\n\n\n<p>Desde a minha juventude, \u00f3 Deus, tens me ensinado, e at\u00e9 hoje eu anuncio as tuas maravilhas (Sal 71:17).<\/p>\n\n\n\n<h2 class=\"wp-block-heading\">Salmos 103:5 <\/h2>\n\n\n\n<p>Que enche de bens a sua exist\u00eancia, de modo que a sua juventude se renova como a \u00e1guia (Sal 103:5). <\/p>\n\n\n\n<h2 class=\"wp-block-heading\">Salmos 119:9 <\/h2>\n\n\n\n<p>Como pode o jovem manter pura a sua conduta? Vivendo de acordo com a tua palavra (Sal 119:9).<\/p>\n\n\n\n<h2 class=\"wp-block-heading\">Prov\u00e9rbios 20:29 <\/h2>\n\n\n\n<p>A beleza dos jovens est\u00e1 na sua for\u00e7a; a gl\u00f3ria dos idosos, nos seus cabelos brancos (Pr 20:29).<\/p>\n\n\n\n<h2 class=\"wp-block-heading\">Prov\u00e9rbios 30:17 <\/h2>\n\n\n\n<p>Os olhos de quem zomba do pai, e, zombando, nega obedi\u00eancia \u00e0 m\u00e3e, ser\u00e3o arrancados pelos corvos do vale, e ser\u00e3o devorados pelos filhotes do abutre (Pr 30:17).<\/p>\n\n\n\n<h2 class=\"wp-block-heading\">Eclesiastes 11:9 <\/h2>\n\n\n\n<p>Alegre-se, jovem, na sua mocidade! Seja feliz o seu cora\u00e7\u00e3o nos dias da sua juventude! Siga por onde seu cora\u00e7\u00e3o mandar, at\u00e9 onde a sua vista alcan\u00e7ar; mas saiba que por todas essas coisas Deus o trar\u00e1 a julgamento (Ecl 11:9). <\/p>\n\n\n\n<h2 class=\"wp-block-heading\">Jeremias 1:7-8 <\/h2>\n\n\n\n<p>O Senhor, por\u00e9m, me disse: \u201cN\u00e3o diga que \u00e9 muito jovem. A todos a quem eu o enviar, voc\u00ea ir\u00e1 e dir\u00e1 tudo o que eu lhe ordenar. N\u00e3o tenha medo deles, pois eu estou com voc\u00ea para proteg\u00ea-lo\u201d, diz o Senhor (Jr 1:7-8).<\/p>\n\n\n\n<h2 class=\"wp-block-heading\">Lamenta\u00e7\u00f5es de Jeremias 3:27 <\/h2>\n\n\n\n<p> \u00c9 bom que o homem suporte o jugo&nbsp;enquanto \u00e9 jovem (Lam 3:27).<\/p>\n\n\n\n<h2 class=\"wp-block-heading\">Mateus 15:4 <\/h2>\n\n\n\n<p>Pois Deus disse: \u2018Honra teu pai e tua m\u00e3e\u2019 e \u2018Quem amaldi\u00e7oar seu pai ou sua m\u00e3e ter\u00e1 que ser executado\u2019 (Mt 15:4).<\/p>\n\n\n\n<h2 class=\"wp-block-heading\">1 Cor\u00edntios 6:18 <\/h2>\n\n\n\n<p>Fujam da imoralidade sexual. Todos os outros pecados que algu\u00e9m comete, fora do corpo os comete; mas quem peca sexualmente, peca contra o seu pr\u00f3prio corpo (1 Co 6:18).<\/p>\n\n\n\n<h2 class=\"wp-block-heading\">1 Cor\u00edntios 10:23 <\/h2>\n\n\n\n<p>\u201cTudo \u00e9 permitido\u201d, mas nem tudo conv\u00e9m. \u201cTudo \u00e9 permitido\u201d, mas nem tudo edifica (1 Cor 10:23).<\/p>\n\n\n\n<h2 class=\"wp-block-heading\">1 Tim\u00f3teo 4:12 <\/h2>\n\n\n\n<p>Ningu\u00e9m o despreze pelo fato de voc\u00ea ser jovem, mas seja um exemplo para os fi\u00e9is na palavra, no procedimento, no amor, na f\u00e9 e na pureza (1 Tim 4:12)<\/p>\n\n\n\n<h2 class=\"wp-block-heading\">2 Tim\u00f3teo 2:22 <\/h2>\n\n\n\n<p> Fuja dos desejos malignos da juventude e siga a justi\u00e7a, a f\u00e9, o amor e a paz, com aqueles que, de cora\u00e7\u00e3o puro, invocam o Senhor (2 Tim 2:22).<\/p>\n\n\n\n<h2 class=\"wp-block-heading\">Tito 2:6-8 <\/h2>\n\n\n\n<p>Da mesma maneira, encoraje os jovens a serem prudentes. Em tudo seja voc\u00ea mesmo um exemplo para eles, fazendo boas obras. Em seu ensino, mostre integridade e seriedade; use linguagem sadia, contra a qual nada se possa dizer, para que aqueles que se op\u00f5em a voc\u00ea fiquem envergonhados por n\u00e3o poderem falar mal de n\u00f3s (Tit 2:6-8).<\/p>\n\n\n\n<h2 class=\"wp-block-heading\">1 Pedro 1:16 <\/h2>\n\n\n\n<p>Pois est\u00e1 escrito: \u201cSejam santos, porque eu sou santo\u201d (1 Pe 1:16).<\/p>\n\n\n\n<h2 class=\"wp-block-heading\">Lee Tambi\u00e9n:<\/h2>\n\n\n\n<ul class=\"wp-block-list\"><li><a href=\"https:\/\/thebibleverses.org\/pt\/\">Vers\u00edculos por T\u00f3picos<\/a><\/li><li><a href=\"https:\/\/thebibleverses.org\/pt\/amor\/\">Vers\u00edculos da B\u00edblia sobre o Amor<\/a><\/li><li><a href=\"https:\/\/thebibleverses.org\/pt\/forca\/\">Vers\u00edculos da B\u00edblia sobre For\u00e7a<\/a><\/li><li><a href=\"https:\/\/thebibleverses.org\/pt\/fe\/\">Vers\u00edculos B\u00edblicos sobre F\u00e9<\/a><\/li><li><a href=\"https:\/\/thebibleverses.org\/pt\/jovens\/\">Vers\u00edculos da B\u00edblia para Jovens<\/a><\/li><li><a href=\"https:\/\/thebibleverses.org\/pt\/amizade\/\">Vers\u00edculos da B\u00edblia sobre Amizade<\/a><\/li><li><a href=\"https:\/\/thebibleverses.org\/pt\/cura\/\">Vers\u00edculos da B\u00edblia sobre Cura<\/a><\/li><\/ul>\n","protected":false},"excerpt":{"rendered":"<p>\u00caxodo 20:12 Honra teu pai e tua m\u00e3e, a fim de que tenhas vida longa na terra que o Senhor, o teu Deus, te d\u00e1 (\u00cax 20:12). Lev\u00edtico 19:3 Respeite cada um de voc\u00eas a sua m\u00e3e e o seu pai, e guarde os meus s\u00e1bados. Eu sou o Senhor, o Deus de voc\u00eas (Lev [&hellip;]<\/p>\n","protected":false},"author":1,"featured_media":1581,"parent":0,"menu_order":0,"comment_status":"open","ping_status":"closed","template":"","meta":{"footnotes":""},"class_list":["post-233","page","type-page","status-publish","has-post-thumbnail","hentry","entry","fw-tab-6 fw-tabr-4"],"_links":{"self":[{"href":"https:\/\/thebibleverses.org\/pt\/wp-json\/wp\/v2\/pages\/233","targetHints":{"allow":["GET"]}}],"collection":[{"href":"https:\/\/thebibleverses.org\/pt\/wp-json\/wp\/v2\/pages"}],"about":[{"href":"https:\/\/thebibleverses.org\/pt\/wp-json\/wp\/v2\/types\/page"}],"author":[{"embeddable":true,"href":"https:\/\/thebibleverses.org\/pt\/wp-json\/wp\/v2\/users\/1"}],"replies":[{"embeddable":true,"href":"https:\/\/thebibleverses.org\/pt\/wp-json\/wp\/v2\/comments?post=233"}],"version-history":[{"count":0,"href":"https:\/\/thebibleverses.org\/pt\/wp-json\/wp\/v2\/pages\/233\/revisions"}],"wp:featuredmedia":[{"embeddable":true,"href":"https:\/\/thebibleverses.org\/pt\/wp-json\/wp\/v2\/media\/1581"}],"wp:attachment":[{"href":"https:\/\/thebibleverses.org\/pt\/wp-json\/wp\/v2\/media?parent=233"}],"curies":[{"name":"wp","href":"https:\/\/api.w.org\/{rel}","templated":true}]}}