{"id":2327,"date":"2023-09-23T21:51:27","date_gmt":"2023-09-23T21:51:27","guid":{"rendered":"https:\/\/thebibleverses.org\/pt\/?page_id=2327"},"modified":"2023-09-23T21:51:30","modified_gmt":"2023-09-23T21:51:30","slug":"salmos-para-orar","status":"publish","type":"page","link":"https:\/\/thebibleverses.org\/pt\/salmos-para-orar\/","title":{"rendered":"30 Salmos para Orar"},"content":{"rendered":"<div class=\"wp-block-image\">\n<figure class=\"aligncenter size-large\"><img decoding=\"async\" width=\"1024\" height=\"631\" data-src=\"https:\/\/thebibleverses.org\/pt\/wp-content\/uploads\/2023\/09\/Salmos-para-Orar-1-1024x631.jpg\" alt=\"Salmos para Orar\" class=\"wp-image-2328 lazyload\" data-srcset=\"https:\/\/thebibleverses.org\/pt\/wp-content\/uploads\/2023\/09\/Salmos-para-Orar-1-1024x631.jpg 1024w, https:\/\/thebibleverses.org\/pt\/wp-content\/uploads\/2023\/09\/Salmos-para-Orar-1-300x185.jpg 300w, https:\/\/thebibleverses.org\/pt\/wp-content\/uploads\/2023\/09\/Salmos-para-Orar-1-768x474.jpg 768w, https:\/\/thebibleverses.org\/pt\/wp-content\/uploads\/2023\/09\/Salmos-para-Orar-1-320x197.jpg 320w, https:\/\/thebibleverses.org\/pt\/wp-content\/uploads\/2023\/09\/Salmos-para-Orar-1-450x278.jpg 450w, https:\/\/thebibleverses.org\/pt\/wp-content\/uploads\/2023\/09\/Salmos-para-Orar-1-720x444.jpg 720w, https:\/\/thebibleverses.org\/pt\/wp-content\/uploads\/2023\/09\/Salmos-para-Orar-1.jpg 1200w\" data-sizes=\"(max-width: 1024px) 100vw, 1024px\" src=\"data:image\/svg+xml;base64,PHN2ZyB3aWR0aD0iMSIgaGVpZ2h0PSIxIiB4bWxucz0iaHR0cDovL3d3dy53My5vcmcvMjAwMC9zdmciPjwvc3ZnPg==\" style=\"--smush-placeholder-width: 1024px; --smush-placeholder-aspect-ratio: 1024\/631;\" \/><figcaption class=\"wp-element-caption\">Salmos para Orar &#8211; Nova Vers\u00e3o Internacional (NVI-PT).<\/figcaption><\/figure><\/div>\n\n\n<h2 class=\"wp-block-heading\">Salmos para Orar \u2013 Exemplos de Ora\u00e7\u00e3o a Deus<\/h2>\n\n\n\n<p>Enrique\u00e7a sua vida de ora\u00e7\u00e3o com Salmos inspiradores. Estes vers\u00edculos atemporais oferecem palavras que tocam a alma, fortalecem a conex\u00e3o espiritual e elevam suas preces. Explore a riqueza espiritual dos Salmos e encontre inspira\u00e7\u00e3o para suas ora\u00e7\u00f5es di\u00e1rias.<\/p>\n\n\n\n<h3 class=\"wp-block-heading\">Salmos 5:3<\/h3>\n\n\n\n<p>De manh\u00e3 ouves, Senhor, o meu clamor; de manh\u00e3 te apresento a minha ora\u00e7\u00e3o e aguardo com esperan\u00e7a.<\/p>\n\n\n\n<h3 class=\"wp-block-heading\">Salmos 17:6<\/h3>\n\n\n\n<p>Eu clamo a ti, \u00f3 Deus, pois tu me respondes; inclina para mim os teus ouvidos e ouve a minha ora\u00e7\u00e3o.<\/p>\n\n\n\n<h3 class=\"wp-block-heading\">Salmos 25:4<\/h3>\n\n\n\n<p>Mostra-me, Senhor, os teus caminhos, ensina-me as tuas veredas.<\/p>\n\n\n\n<h3 class=\"wp-block-heading\">Salmos 27:7<\/h3>\n\n\n\n<p>Ouve a minha voz quando clamo, \u00f3 Senhor; tem miseric\u00f3rdia de mim e responde-me.<\/p>\n\n\n\n<h3 class=\"wp-block-heading\">Salmos 28:2<\/h3>\n\n\n\n<p>Ouve as minhas s\u00faplicas quando clamo a ti por socorro, quando ergo as m\u00e3os para o teu Lugar Sant\u00edssimo.<\/p>\n\n\n\n<h3 class=\"wp-block-heading\">Salmos 31:2<\/h3>\n\n\n\n<p>Inclina os teus ouvidos para mim, vem livrar-me depressa! S\u00ea minha rocha de ref\u00fagio, uma fortaleza poderosa para me salvar.<\/p>\n\n\n\n<h3 class=\"wp-block-heading\">Salmos 42:8<\/h3>\n\n\n\n<p>Conceda-me o Senhor o seu fiel amor de dia; de noite esteja comigo a sua can\u00e7\u00e3o. \u00c9 a minha ora\u00e7\u00e3o ao Deus que me d\u00e1 vida.<\/p>\n\n\n\n<h3 class=\"wp-block-heading\">Salmos 51:1<\/h3>\n\n\n\n<p>Tem miseric\u00f3rdia de mim, \u00f3 Deus, por teu amor; por tua grande compaix\u00e3o apaga as minhas transgress\u00f5es.<\/p>\n\n\n\n<h3 class=\"wp-block-heading\">Salmos 55:17<\/h3>\n\n\n\n<p>\u00c0 tarde, pela manh\u00e3 e ao meio-dia choro angustiado, e ele ouve a minha voz.<\/p>\n\n\n\n<h3 class=\"wp-block-heading\">Salmos 86:1<\/h3>\n\n\n\n<p>Inclina os teus ouvidos, \u00f3 Senhor, e responde-me, pois sou pobre e necessitado.<\/p>\n\n\n\n<h3 class=\"wp-block-heading\">Salmos 88:13<\/h3>\n\n\n\n<p>Mas eu, Senhor, a ti clamo por socorro; j\u00e1 de manh\u00e3 a minha ora\u00e7\u00e3o chega \u00e0 tua presen\u00e7a.<\/p>\n\n\n\n<h3 class=\"wp-block-heading\">Salmos 102:1<\/h3>\n\n\n\n<p>Ouve a minha ora\u00e7\u00e3o, Senhor! Chegue a ti o meu grito de socorro!<\/p>\n\n\n\n<h3 class=\"wp-block-heading\">Salmos 119:108<\/h3>\n\n\n\n<p>Aceita, Senhor, a oferta de louvor dos meus l\u00e1bios, e ensina-me as tuas ordenan\u00e7as.<\/p>\n\n\n\n<h3 class=\"wp-block-heading\">Salmos 143:1<\/h3>\n\n\n\n<p>Ouve, Senhor, a minha ora\u00e7\u00e3o, d\u00e1 ouvidos \u00e0 minha s\u00faplica; responde-me por tua fidelidade e por tua justi\u00e7a.<\/p>\n\n\n\n<h3 class=\"wp-block-heading\">Salmos 145:18<\/h3>\n\n\n\n<p>O Senhor est\u00e1 perto de todos os que o invocam, de todos os que o invocam com sinceridade.<\/p>\n\n\n\n<h3 class=\"wp-block-heading\">Salmos 4:1<\/h3>\n\n\n\n<p>Responde-me quando clamo, \u00f3 Deus que me fazes justi\u00e7a! D\u00e1-me al\u00edvio da minha ang\u00fastia; tem miseric\u00f3rdia de mim e ouve a minha ora\u00e7\u00e3o.<\/p>\n\n\n\n<h3 class=\"wp-block-heading\">Salmos 6:9<\/h3>\n\n\n\n<p>O Senhor ouviu a minha s\u00faplica; o Senhor aceitou a minha ora\u00e7\u00e3o.<\/p>\n\n\n\n<h3 class=\"wp-block-heading\">Salmos 17:1<\/h3>\n\n\n\n<p>Ouve, Senhor, a minha justa queixa; atenta para o meu clamor. D\u00e1 ouvidos \u00e0 minha ora\u00e7\u00e3o, que n\u00e3o vem de l\u00e1bios falsos.<\/p>\n\n\n\n<h3 class=\"wp-block-heading\">Salmos 27:8<\/h3>\n\n\n\n<p>A teu respeito diz o meu cora\u00e7\u00e3o: Busque a minha face! A tua face, Senhor, buscarei.<\/p>\n\n\n\n<h3 class=\"wp-block-heading\">Salmos 55:16<\/h3>\n\n\n\n<p>Eu, por\u00e9m, clamo a Deus, e o Senhor me salvar\u00e1.<\/p>\n\n\n\n<h3 class=\"wp-block-heading\">Salmos 66:20<\/h3>\n\n\n\n<p>Louvado seja Deus, que n\u00e3o rejeitou a minha ora\u00e7\u00e3o nem afastou de mim o seu amor!<\/p>\n\n\n\n<h3 class=\"wp-block-heading\">Salmos 69:13<\/h3>\n\n\n\n<p>Mas eu, Senhor, no tempo oportuno, elevo a ti minha ora\u00e7\u00e3o; responde-me, por teu grande amor, \u00f3 Deus, com a tua salva\u00e7\u00e3o infal\u00edvel!<\/p>\n\n\n\n<h3 class=\"wp-block-heading\">Salmos 86:6<\/h3>\n\n\n\n<p>Escuta a minha ora\u00e7\u00e3o, Senhor; atenta para a minha s\u00faplica!<\/p>\n\n\n\n<h3 class=\"wp-block-heading\">Salmos 102:17<\/h3>\n\n\n\n<p>Responder\u00e1 \u00e0 ora\u00e7\u00e3o dos desamparados; as suas s\u00faplicas n\u00e3o desprezar\u00e1.<\/p>\n\n\n\n<h3 class=\"wp-block-heading\">Salmos 130:2<\/h3>\n\n\n\n<p>Ouve, Senhor, a minha voz! Estejam atentos os teus ouvidos \u00e0s minhas s\u00faplicas!<\/p>\n\n\n\n<h3 class=\"wp-block-heading\">Salmos 143:7<\/h3>\n\n\n\n<p>Apressa-te em responder-me, Senhor! O meu esp\u00edrito se abate. N\u00e3o escondas de mim o teu rosto, ou serei como os que descem \u00e0 cova.<\/p>\n\n\n\n<h3 class=\"wp-block-heading\">Salmos 17:6<\/h3>\n\n\n\n<p>Eu clamo a ti, \u00f3 Deus, pois tu me respondes; inclina para mim os teus ouvidos e ouve a minha ora\u00e7\u00e3o.<\/p>\n\n\n\n<h3 class=\"wp-block-heading\">Salmos 6:9<\/h3>\n\n\n\n<p>O Senhor ouviu a minha s\u00faplica; o Senhor aceitou a minha ora\u00e7\u00e3o.<\/p>\n\n\n\n<h3 class=\"wp-block-heading\">Salmos 55:17<\/h3>\n\n\n\n<p>\u00c0 tarde, pela manh\u00e3 e ao meio-dia choro angustiado, e ele ouve a minha voz.<\/p>\n\n\n\n<h3 class=\"wp-block-heading\">Salmos 5:3<\/h3>\n\n\n\n<p>De manh\u00e3 ouves, Senhor, o meu clamor; de manh\u00e3 te apresento a minha ora\u00e7\u00e3o e aguardo com esperan\u00e7a.<\/p>\n\n\n\n<h2 class=\"wp-block-heading\">Lee Tambi\u00e9n:<\/h2>\n\n\n\n<ul class=\"wp-block-list\">\n<li><a href=\"https:\/\/thebibleverses.org\/pt\/\">Vers\u00edculos por T\u00f3picos<\/a><\/li>\n\n\n\n<li><a href=\"https:\/\/thebibleverses.org\/pt\/amor\/\">Vers\u00edculos da B\u00edblia sobre o Amor<\/a><\/li>\n\n\n\n<li><a href=\"https:\/\/thebibleverses.org\/pt\/forca\/\">Vers\u00edculos da B\u00edblia sobre For\u00e7a<\/a><\/li>\n\n\n\n<li><a href=\"https:\/\/thebibleverses.org\/pt\/fe\/\">Vers\u00edculos B\u00edblicos sobre F\u00e9<\/a><\/li>\n\n\n\n<li><a href=\"https:\/\/thebibleverses.org\/pt\/jovens\/\">Vers\u00edculos da B\u00edblia para Jovens<\/a><\/li>\n\n\n\n<li><a href=\"https:\/\/thebibleverses.org\/pt\/amizade\/\">Vers\u00edculos da B\u00edblia sobre Amizade<\/a><\/li>\n\n\n\n<li><a href=\"https:\/\/thebibleverses.org\/pt\/cura\/\">Vers\u00edculos da B\u00edblia sobre Cura<\/a><\/li>\n<\/ul>\n","protected":false},"excerpt":{"rendered":"<p>Salmos para Orar \u2013 Exemplos de Ora\u00e7\u00e3o a Deus Enrique\u00e7a sua vida de ora\u00e7\u00e3o com Salmos inspiradores. Estes vers\u00edculos atemporais oferecem palavras que tocam a alma, fortalecem a conex\u00e3o espiritual e elevam suas preces. Explore a riqueza espiritual dos Salmos e encontre inspira\u00e7\u00e3o para suas ora\u00e7\u00f5es di\u00e1rias. Salmos 5:3 De manh\u00e3 ouves, Senhor, o meu [&hellip;]<\/p>\n","protected":false},"author":1,"featured_media":2328,"parent":0,"menu_order":0,"comment_status":"closed","ping_status":"closed","template":"","meta":{"footnotes":""},"class_list":["post-2327","page","type-page","status-publish","has-post-thumbnail","hentry","entry","fw-tab-6 fw-tabr-4"],"_links":{"self":[{"href":"https:\/\/thebibleverses.org\/pt\/wp-json\/wp\/v2\/pages\/2327","targetHints":{"allow":["GET"]}}],"collection":[{"href":"https:\/\/thebibleverses.org\/pt\/wp-json\/wp\/v2\/pages"}],"about":[{"href":"https:\/\/thebibleverses.org\/pt\/wp-json\/wp\/v2\/types\/page"}],"author":[{"embeddable":true,"href":"https:\/\/thebibleverses.org\/pt\/wp-json\/wp\/v2\/users\/1"}],"replies":[{"embeddable":true,"href":"https:\/\/thebibleverses.org\/pt\/wp-json\/wp\/v2\/comments?post=2327"}],"version-history":[{"count":1,"href":"https:\/\/thebibleverses.org\/pt\/wp-json\/wp\/v2\/pages\/2327\/revisions"}],"predecessor-version":[{"id":2329,"href":"https:\/\/thebibleverses.org\/pt\/wp-json\/wp\/v2\/pages\/2327\/revisions\/2329"}],"wp:featuredmedia":[{"embeddable":true,"href":"https:\/\/thebibleverses.org\/pt\/wp-json\/wp\/v2\/media\/2328"}],"wp:attachment":[{"href":"https:\/\/thebibleverses.org\/pt\/wp-json\/wp\/v2\/media?parent=2327"}],"curies":[{"name":"wp","href":"https:\/\/api.w.org\/{rel}","templated":true}]}}