{"id":2324,"date":"2023-09-23T01:53:56","date_gmt":"2023-09-23T01:53:56","guid":{"rendered":"https:\/\/thebibleverses.org\/pt\/?page_id=2324"},"modified":"2023-09-23T01:53:58","modified_gmt":"2023-09-23T01:53:58","slug":"salmos-de-motivacao","status":"publish","type":"page","link":"https:\/\/thebibleverses.org\/pt\/salmos-de-motivacao\/","title":{"rendered":"30 Salmos de Motiva\u00e7\u00e3o"},"content":{"rendered":"<div class=\"wp-block-image\">\n<figure class=\"aligncenter size-large is-resized\"><img decoding=\"async\" data-src=\"https:\/\/thebibleverses.org\/pt\/wp-content\/uploads\/2023\/09\/Salmos-de-Motivacao-1024x631.jpg\" alt=\"Salmos de Motiva\u00e7\u00e3o\" class=\"wp-image-2325 lazyload\" style=\"--smush-placeholder-width: 792px; --smush-placeholder-aspect-ratio: 792\/488;width:792px;height:488px\" width=\"792\" height=\"488\" data-srcset=\"https:\/\/thebibleverses.org\/pt\/wp-content\/uploads\/2023\/09\/Salmos-de-Motivacao-1024x631.jpg 1024w, https:\/\/thebibleverses.org\/pt\/wp-content\/uploads\/2023\/09\/Salmos-de-Motivacao-300x185.jpg 300w, https:\/\/thebibleverses.org\/pt\/wp-content\/uploads\/2023\/09\/Salmos-de-Motivacao-768x474.jpg 768w, https:\/\/thebibleverses.org\/pt\/wp-content\/uploads\/2023\/09\/Salmos-de-Motivacao-320x197.jpg 320w, https:\/\/thebibleverses.org\/pt\/wp-content\/uploads\/2023\/09\/Salmos-de-Motivacao-450x278.jpg 450w, https:\/\/thebibleverses.org\/pt\/wp-content\/uploads\/2023\/09\/Salmos-de-Motivacao-720x444.jpg 720w, https:\/\/thebibleverses.org\/pt\/wp-content\/uploads\/2023\/09\/Salmos-de-Motivacao.jpg 1200w\" data-sizes=\"(max-width: 792px) 100vw, 792px\" src=\"data:image\/svg+xml;base64,PHN2ZyB3aWR0aD0iMSIgaGVpZ2h0PSIxIiB4bWxucz0iaHR0cDovL3d3dy53My5vcmcvMjAwMC9zdmciPjwvc3ZnPg==\" \/><figcaption class=\"wp-element-caption\">Salmos de Motiva\u00e7\u00e3o &#8211; Nova Vers\u00e3o Internacional (NVI-PT).<\/figcaption><\/figure><\/div>\n\n\n<h2 class=\"wp-block-heading\">Salmos B\u00edblicos de Motiva\u00e7\u00e3o Curtos<\/h2>\n\n\n\n<p>Alcance a motiva\u00e7\u00e3o divina com Salmos inspiradores. Esses vers\u00edculos atemporais servem como far\u00f3is de inspira\u00e7\u00e3o espiritual, fortalecendo sua determina\u00e7\u00e3o e esperan\u00e7a. Explore palavras que revigoram a alma e descubra uma fonte de motiva\u00e7\u00e3o duradoura na presen\u00e7a divina.<\/p>\n\n\n\n<h3 class=\"wp-block-heading\">Salmos 18:29<\/h3>\n\n\n\n<p>Com o teu aux\u00edlio posso atacar uma tropa; com o meu Deus posso transpor muralhas.<\/p>\n\n\n\n<h3 class=\"wp-block-heading\">Salmos 18:32<\/h3>\n\n\n\n<p>Ele \u00e9 o Deus que me reveste de for\u00e7a e torna perfeito o meu caminho.<\/p>\n\n\n\n<h3 class=\"wp-block-heading\">Salmos 23:4<\/h3>\n\n\n\n<p>Mesmo quando eu andar por um vale de trevas e morte, n\u00e3o temerei perigo algum, pois tu est\u00e1s comigo; a tua vara e o teu cajado me protegem.<\/p>\n\n\n\n<h3 class=\"wp-block-heading\">Salmos 27:1<\/h3>\n\n\n\n<p>O Senhor \u00e9 a minha luz e a minha salva\u00e7\u00e3o; de quem terei temor? O Senhor \u00e9 o meu forte ref\u00fagio; de quem terei medo?<\/p>\n\n\n\n<h3 class=\"wp-block-heading\">Salmos 27:14<\/h3>\n\n\n\n<p>Espere no Senhor. Seja forte! Coragem! Espere no Senhor.<\/p>\n\n\n\n<h3 class=\"wp-block-heading\">Salmos 30:5<\/h3>\n\n\n\n<p>Pois a sua ira s\u00f3 dura um instante, mas o seu favor dura a vida toda; o choro pode persistir uma noite, mas de manh\u00e3 irrompe a alegria.<\/p>\n\n\n\n<h3 class=\"wp-block-heading\">Salmos 34:4<\/h3>\n\n\n\n<p>Busquei o Senhor, e ele me respondeu; livrou-me de todos os meus temores.<\/p>\n\n\n\n<h3 class=\"wp-block-heading\">Salmos 34:17<\/h3>\n\n\n\n<p>Os justos clamam, o Senhor os ouve e os livra de todas as suas tribula\u00e7\u00f5es.<\/p>\n\n\n\n<h3 class=\"wp-block-heading\">Salmos 34:19<\/h3>\n\n\n\n<p>O justo passa por muitas adversidades, mas o Senhor o livra de todas.<\/p>\n\n\n\n<h3 class=\"wp-block-heading\">Salmos 37:4<\/h3>\n\n\n\n<p>Deleite-se no Senhor, e ele atender\u00e1 aos desejos do seu cora\u00e7\u00e3o.<\/p>\n\n\n\n<h3 class=\"wp-block-heading\">Salmos 40:1<\/h3>\n\n\n\n<p>Coloquei toda minha esperan\u00e7a no Senhor; ele se inclinou para mim e ouviu o meu grito de socorro.<\/p>\n\n\n\n<h3 class=\"wp-block-heading\">Salmos 42:11<\/h3>\n\n\n\n<p>Por que voc\u00ea est\u00e1 assim t\u00e3o triste, \u00f3 minha alma? Por que est\u00e1 assim t\u00e3o perturbada dentro de mim? Ponha a sua esperan\u00e7a em Deus! Pois ainda o louvarei; ele \u00e9 o meu Salvador e o meu Deus.<\/p>\n\n\n\n<h3 class=\"wp-block-heading\">Salmos 46:1<\/h3>\n\n\n\n<p>Deus \u00e9 o nosso ref\u00fagio e a nossa fortaleza, aux\u00edlio sempre presente na adversidade.<\/p>\n\n\n\n<h3 class=\"wp-block-heading\">Salmos 55:22<\/h3>\n\n\n\n<p>Entregue suas preocupa\u00e7\u00f5es ao Senhor, e ele o suster\u00e1; jamais permitir\u00e1 que o justo venha a cair.<\/p>\n\n\n\n<h3 class=\"wp-block-heading\">Salmos 56:3<\/h3>\n\n\n\n<p>Mas eu, quando estiver com medo, confiarei em ti.<\/p>\n\n\n\n<h3 class=\"wp-block-heading\">Salmos 57:7<\/h3>\n\n\n\n<p>Meu cora\u00e7\u00e3o est\u00e1 firme, \u00f3 Deus, meu cora\u00e7\u00e3o est\u00e1 firme; cantarei ao som de instrumentos!<\/p>\n\n\n\n<h3 class=\"wp-block-heading\">Salmos 62:5<\/h3>\n\n\n\n<p>Descanse somente em Deus, \u00f3 minha alma; dele vem a minha esperan\u00e7a.<\/p>\n\n\n\n<h3 class=\"wp-block-heading\">Salmos 73:26<\/h3>\n\n\n\n<p>O meu corpo e o meu cora\u00e7\u00e3o poder\u00e3o fraquejar, mas Deus \u00e9 a for\u00e7a do meu cora\u00e7\u00e3o e a minha heran\u00e7a para sempre.<\/p>\n\n\n\n<h3 class=\"wp-block-heading\">Salmos 84:11<\/h3>\n\n\n\n<p>O Senhor Deus \u00e9 sol e escudo; o Senhor concede favor e honra; n\u00e3o recusa nenhum bem aos que vivem com integridade.<\/p>\n\n\n\n<h3 class=\"wp-block-heading\">Salmos 92:12<\/h3>\n\n\n\n<p>Os justos florescer\u00e3o como a palmeira, crescer\u00e3o como o cedro do L\u00edbano.<\/p>\n\n\n\n<h3 class=\"wp-block-heading\">Salmos 118:24<\/h3>\n\n\n\n<p>Este \u00e9 o dia em que o Senhor agiu; alegremo-nos e exultemos neste dia.<\/p>\n\n\n\n<h3 class=\"wp-block-heading\">Salmos 121:1-2<\/h3>\n\n\n\n<p>Levanto os meus olhos para os montes e pergunto: De onde me vem o socorro? O meu socorro vem do Senhor, que fez os c\u00e9us e a terra.<\/p>\n\n\n\n<h3 class=\"wp-block-heading\">Salmos 138:3<\/h3>\n\n\n\n<p>Quando clamei, tu me respondeste; deste-me for\u00e7a e coragem.<\/p>\n\n\n\n<h3 class=\"wp-block-heading\">Salmos 144:1<\/h3>\n\n\n\n<p>Bendito seja o Senhor, a minha Rocha, que treina as minhas m\u00e3os para a guerra e os meus dedos para a batalha.<\/p>\n\n\n\n<h3 class=\"wp-block-heading\">Salmos 145:13<\/h3>\n\n\n\n<p>O teu reino \u00e9 reino eterno, e o teu dom\u00ednio permanece de gera\u00e7\u00e3o em gera\u00e7\u00e3o. O Senhor \u00e9 fiel em todas as suas promessas e \u00e9 bondoso em tudo o que faz.<\/p>\n\n\n\n<h3 class=\"wp-block-heading\">Salmos 147:3<\/h3>\n\n\n\n<p>S\u00f3 ele cura os de cora\u00e7\u00e3o quebrantado e cuida das suas feridas.<\/p>\n\n\n\n<h3 class=\"wp-block-heading\">Salmos 149:4<\/h3>\n\n\n\n<p>O Senhor agrada-se do seu povo; ele coroa de vit\u00f3ria os oprimidos.<\/p>\n\n\n\n<h3 class=\"wp-block-heading\">Salmos 150:6<\/h3>\n\n\n\n<p>Tudo o que tem vida louve o Senhor! Aleluia!<\/p>\n\n\n\n<h3 class=\"wp-block-heading\">Salmos 119:32<\/h3>\n\n\n\n<p>Corro pelo caminho que os teus mandamentos apontam, pois me deste maior entendimento.<\/p>\n\n\n\n<h3 class=\"wp-block-heading\">Salmos 119:45<\/h3>\n\n\n\n<p>Andarei em verdadeira liberdade, pois tenho buscado os teus preceitos.<\/p>\n\n\n\n<h2 class=\"wp-block-heading\">Lee Tambi\u00e9n:<\/h2>\n\n\n\n<ul class=\"wp-block-list\">\n<li><a href=\"https:\/\/thebibleverses.org\/pt\/\">Vers\u00edculos por T\u00f3picos<\/a><\/li>\n\n\n\n<li><a href=\"https:\/\/thebibleverses.org\/pt\/amor\/\">Vers\u00edculos da B\u00edblia sobre o Amor<\/a><\/li>\n\n\n\n<li><a href=\"https:\/\/thebibleverses.org\/pt\/forca\/\">Vers\u00edculos da B\u00edblia sobre For\u00e7a<\/a><\/li>\n\n\n\n<li><a href=\"https:\/\/thebibleverses.org\/pt\/fe\/\">Vers\u00edculos B\u00edblicos sobre F\u00e9<\/a><\/li>\n\n\n\n<li><a href=\"https:\/\/thebibleverses.org\/pt\/jovens\/\">Vers\u00edculos da B\u00edblia para Jovens<\/a><\/li>\n\n\n\n<li><a href=\"https:\/\/thebibleverses.org\/pt\/amizade\/\">Vers\u00edculos da B\u00edblia sobre Amizade<\/a><\/li>\n\n\n\n<li><a href=\"https:\/\/thebibleverses.org\/pt\/cura\/\">Vers\u00edculos da B\u00edblia sobre Cura<\/a><\/li>\n<\/ul>\n","protected":false},"excerpt":{"rendered":"<p>Salmos B\u00edblicos de Motiva\u00e7\u00e3o Curtos Alcance a motiva\u00e7\u00e3o divina com Salmos inspiradores. Esses vers\u00edculos atemporais servem como far\u00f3is de inspira\u00e7\u00e3o espiritual, fortalecendo sua determina\u00e7\u00e3o e esperan\u00e7a. Explore palavras que revigoram a alma e descubra uma fonte de motiva\u00e7\u00e3o duradoura na presen\u00e7a divina. Salmos 18:29 Com o teu aux\u00edlio posso atacar uma tropa; com o meu [&hellip;]<\/p>\n","protected":false},"author":1,"featured_media":2325,"parent":0,"menu_order":0,"comment_status":"closed","ping_status":"closed","template":"","meta":{"footnotes":""},"class_list":["post-2324","page","type-page","status-publish","has-post-thumbnail","hentry","entry","fw-tab-6 fw-tabr-4"],"_links":{"self":[{"href":"https:\/\/thebibleverses.org\/pt\/wp-json\/wp\/v2\/pages\/2324","targetHints":{"allow":["GET"]}}],"collection":[{"href":"https:\/\/thebibleverses.org\/pt\/wp-json\/wp\/v2\/pages"}],"about":[{"href":"https:\/\/thebibleverses.org\/pt\/wp-json\/wp\/v2\/types\/page"}],"author":[{"embeddable":true,"href":"https:\/\/thebibleverses.org\/pt\/wp-json\/wp\/v2\/users\/1"}],"replies":[{"embeddable":true,"href":"https:\/\/thebibleverses.org\/pt\/wp-json\/wp\/v2\/comments?post=2324"}],"version-history":[{"count":1,"href":"https:\/\/thebibleverses.org\/pt\/wp-json\/wp\/v2\/pages\/2324\/revisions"}],"predecessor-version":[{"id":2326,"href":"https:\/\/thebibleverses.org\/pt\/wp-json\/wp\/v2\/pages\/2324\/revisions\/2326"}],"wp:featuredmedia":[{"embeddable":true,"href":"https:\/\/thebibleverses.org\/pt\/wp-json\/wp\/v2\/media\/2325"}],"wp:attachment":[{"href":"https:\/\/thebibleverses.org\/pt\/wp-json\/wp\/v2\/media?parent=2324"}],"curies":[{"name":"wp","href":"https:\/\/api.w.org\/{rel}","templated":true}]}}