{"id":2321,"date":"2023-09-23T01:34:41","date_gmt":"2023-09-23T01:34:41","guid":{"rendered":"https:\/\/thebibleverses.org\/pt\/?page_id=2321"},"modified":"2023-09-23T01:34:43","modified_gmt":"2023-09-23T01:34:43","slug":"salmos-para-memorizar","status":"publish","type":"page","link":"https:\/\/thebibleverses.org\/pt\/salmos-para-memorizar\/","title":{"rendered":"30 Salmos para Memorizar"},"content":{"rendered":"<div class=\"wp-block-image\">\n<figure class=\"aligncenter size-large\"><img decoding=\"async\" width=\"1024\" height=\"631\" data-src=\"https:\/\/thebibleverses.org\/pt\/wp-content\/uploads\/2023\/09\/Salmos-para-Memorizar-1-1024x631.jpg\" alt=\"Salmos para Memorizar\" class=\"wp-image-2322 lazyload\" data-srcset=\"https:\/\/thebibleverses.org\/pt\/wp-content\/uploads\/2023\/09\/Salmos-para-Memorizar-1-1024x631.jpg 1024w, https:\/\/thebibleverses.org\/pt\/wp-content\/uploads\/2023\/09\/Salmos-para-Memorizar-1-300x185.jpg 300w, https:\/\/thebibleverses.org\/pt\/wp-content\/uploads\/2023\/09\/Salmos-para-Memorizar-1-768x474.jpg 768w, https:\/\/thebibleverses.org\/pt\/wp-content\/uploads\/2023\/09\/Salmos-para-Memorizar-1-320x197.jpg 320w, https:\/\/thebibleverses.org\/pt\/wp-content\/uploads\/2023\/09\/Salmos-para-Memorizar-1-450x278.jpg 450w, https:\/\/thebibleverses.org\/pt\/wp-content\/uploads\/2023\/09\/Salmos-para-Memorizar-1-720x444.jpg 720w, https:\/\/thebibleverses.org\/pt\/wp-content\/uploads\/2023\/09\/Salmos-para-Memorizar-1.jpg 1200w\" data-sizes=\"(max-width: 1024px) 100vw, 1024px\" src=\"data:image\/svg+xml;base64,PHN2ZyB3aWR0aD0iMSIgaGVpZ2h0PSIxIiB4bWxucz0iaHR0cDovL3d3dy53My5vcmcvMjAwMC9zdmciPjwvc3ZnPg==\" style=\"--smush-placeholder-width: 1024px; --smush-placeholder-aspect-ratio: 1024\/631;\" \/><figcaption class=\"wp-element-caption\">Salmos para Memorizar &#8211; Nova Vers\u00e3o Internacional (NVI-PT).<\/figcaption><\/figure><\/div>\n\n\n<h2 class=\"wp-block-heading\">Salmos para Memorizar e Meditar na Palavra de Deus<\/h2>\n\n\n\n<p>Desperte sua mente e espiritualidade com Salmos para memorizar. Esses vers\u00edculos atemporais s\u00e3o p\u00e9rolas de sabedoria e inspira\u00e7\u00e3o. Explore a riqueza destes Salmos, enriquecendo sua conex\u00e3o com a f\u00e9 e criando um tesouro de ensinamentos espirituais para levar consigo. <\/p>\n\n\n\n<h3 class=\"wp-block-heading\">Salmos 1:1<\/h3>\n\n\n\n<p>Como \u00e9 feliz aquele que n\u00e3o segue o conselho dos \u00edmpios, n\u00e3o imita a conduta dos pecadores, nem se assenta na roda dos zombadores!<\/p>\n\n\n\n<h3 class=\"wp-block-heading\">Salmos 16:8<\/h3>\n\n\n\n<p>Sempre tenho o Senhor diante de mim. Com ele \u00e0 minha direita, n\u00e3o serei abalado.<\/p>\n\n\n\n<h3 class=\"wp-block-heading\">Salmos 23:1<\/h3>\n\n\n\n<p>O Senhor \u00e9 o meu pastor; de nada terei falta.<\/p>\n\n\n\n<h3 class=\"wp-block-heading\">Salmos 27:1<\/h3>\n\n\n\n<p>O Senhor \u00e9 a minha luz e a minha salva\u00e7\u00e3o; de quem terei temor? O Senhor \u00e9 o meu forte ref\u00fagio; de quem terei medo?<\/p>\n\n\n\n<h3 class=\"wp-block-heading\">Salmos 34:8<\/h3>\n\n\n\n<p>Provem, e vejam como o Senhor \u00e9 bom. Como \u00e9 feliz o homem que nele se refugia!<\/p>\n\n\n\n<h3 class=\"wp-block-heading\">Salmos 37:4<\/h3>\n\n\n\n<p>Deleite-se no Senhor, e ele atender\u00e1 aos desejos do seu cora\u00e7\u00e3o.<\/p>\n\n\n\n<h3 class=\"wp-block-heading\">Salmos 46:1<\/h3>\n\n\n\n<p>Deus \u00e9 o nosso ref\u00fagio e a nossa fortaleza, aux\u00edlio sempre presente na adversidade.<\/p>\n\n\n\n<h3 class=\"wp-block-heading\">Salmos 51:10<\/h3>\n\n\n\n<p>Cria em mim um cora\u00e7\u00e3o puro, \u00f3 Deus, e renova dentro de mim um esp\u00edrito est\u00e1vel.<\/p>\n\n\n\n<h3 class=\"wp-block-heading\">Salmos 73:26<\/h3>\n\n\n\n<p>O meu corpo e o meu cora\u00e7\u00e3o poder\u00e3o fraquejar, mas Deus \u00e9 a for\u00e7a do meu cora\u00e7\u00e3o e a minha heran\u00e7a para sempre.<\/p>\n\n\n\n<h3 class=\"wp-block-heading\">Salmos 91:1<\/h3>\n\n\n\n<p>Aquele que habita no abrigo do Alt\u00edssimo e descansa \u00e0 sombra do Todo-poderoso<\/p>\n\n\n\n<h3 class=\"wp-block-heading\">Salmos 103:2<\/h3>\n\n\n\n<p>Bendiga o Senhor a minha alma! N\u00e3o esque\u00e7a nenhuma de suas b\u00ean\u00e7\u00e3os!<\/p>\n\n\n\n<h3 class=\"wp-block-heading\">Salmos 119:11<\/h3>\n\n\n\n<p>Guardei no cora\u00e7\u00e3o a tua palavra para n\u00e3o pecar contra ti.<\/p>\n\n\n\n<h3 class=\"wp-block-heading\">Salmos 119:105<\/h3>\n\n\n\n<p>A tua palavra \u00e9 l\u00e2mpada que ilumina os meus passos e luz que clareia o meu caminho.<\/p>\n\n\n\n<h3 class=\"wp-block-heading\">Salmos 119:165<\/h3>\n\n\n\n<p>Os que amam a tua lei desfrutam paz, e nada h\u00e1 que os fa\u00e7a trope\u00e7ar.<\/p>\n\n\n\n<h3 class=\"wp-block-heading\">Salmos 121:1-2<\/h3>\n\n\n\n<p>Levanto os meus olhos para os montes e pergunto: De onde me vem o socorro? O meu socorro vem do Senhor, que fez os c\u00e9us e a terra.<\/p>\n\n\n\n<h3 class=\"wp-block-heading\">Salmos 139:14<\/h3>\n\n\n\n<p>Eu te louvo porque me fizeste de modo especial e admir\u00e1vel. Tuas obras s\u00e3o maravilhosas! Digo isso com convic\u00e7\u00e3o.<\/p>\n\n\n\n<h3 class=\"wp-block-heading\">Salmos 143:10<\/h3>\n\n\n\n<p>Ensina-me a fazer a tua vontade, pois tu \u00e9s o meu Deus; que o teu bondoso Esp\u00edrito me conduza por terreno plano.<\/p>\n\n\n\n<h3 class=\"wp-block-heading\">Salmos 145:9<\/h3>\n\n\n\n<p>O Senhor \u00e9 bom para todos; a sua compaix\u00e3o alcan\u00e7a todas as suas criaturas.<\/p>\n\n\n\n<h3 class=\"wp-block-heading\">Salmos 147:3<\/h3>\n\n\n\n<p>S\u00f3 ele cura os de cora\u00e7\u00e3o quebrantado e cuida das suas feridas.<\/p>\n\n\n\n<h3 class=\"wp-block-heading\">Salmos 147:11<\/h3>\n\n\n\n<p>O Senhor se agrada dos que o temem, dos que colocam sua esperan\u00e7a no seu amor leal.<\/p>\n\n\n\n<h3 class=\"wp-block-heading\">Salmos 148:13<\/h3>\n\n\n\n<p>Louvem todos o nome do Senhor, pois somente o seu nome \u00e9 exaltado; a sua majestade est\u00e1 acima da terra e dos c\u00e9us.<\/p>\n\n\n\n<h3 class=\"wp-block-heading\">Salmos 150:6<\/h3>\n\n\n\n<p>Tudo o que tem vida louve o Senhor! Aleluia!<\/p>\n\n\n\n<h3 class=\"wp-block-heading\">Salmos 119:114<\/h3>\n\n\n\n<p>Tu \u00e9s o meu abrigo e o meu escudo; e na tua palavra coloquei minha esperan\u00e7a.<\/p>\n\n\n\n<h3 class=\"wp-block-heading\">Salmos 139:23<\/h3>\n\n\n\n<p>Sonda-me, \u00f3 Deus, e conhece o meu cora\u00e7\u00e3o; prova-me, e conhece as minhas inquieta\u00e7\u00f5es.<\/p>\n\n\n\n<h3 class=\"wp-block-heading\">Salmos 34:18<\/h3>\n\n\n\n<p>O Senhor est\u00e1 perto dos que t\u00eam o cora\u00e7\u00e3o quebrantado e salva os de esp\u00edrito abatido.<\/p>\n\n\n\n<h3 class=\"wp-block-heading\">Salmos 139:1<\/h3>\n\n\n\n<p>Senhor, tu me sondas e me conheces.<\/p>\n\n\n\n<h3 class=\"wp-block-heading\">Salmos 25:4<\/h3>\n\n\n\n<p>Mostra-me, Senhor, os teus caminhos, ensina-me as tuas veredas.<\/p>\n\n\n\n<h3 class=\"wp-block-heading\">Salmos 37:5<\/h3>\n\n\n\n<p>Entregue o seu caminho ao Senhor; confie nele, e ele agir\u00e1:<\/p>\n\n\n\n<h3 class=\"wp-block-heading\">Salmos 91:4<\/h3>\n\n\n\n<p>Ele o cobrir\u00e1 com as suas penas, e sob as suas asas voc\u00ea encontrar\u00e1 ref\u00fagio; a fidelidade dele ser\u00e1 o seu escudo protetor.<\/p>\n\n\n\n<h3 class=\"wp-block-heading\">Salmos 103:13<\/h3>\n\n\n\n<p>Como um pai tem compaix\u00e3o de seus filhos, assim o Senhor tem compaix\u00e3o dos que o temem.<\/p>\n\n\n\n<h2 class=\"wp-block-heading\">Lee Tambi\u00e9n:<\/h2>\n\n\n\n<ul class=\"wp-block-list\">\n<li><a href=\"https:\/\/thebibleverses.org\/pt\/\">Vers\u00edculos por T\u00f3picos<\/a><\/li>\n\n\n\n<li><a href=\"https:\/\/thebibleverses.org\/pt\/amor\/\">Vers\u00edculos da B\u00edblia sobre o Amor<\/a><\/li>\n\n\n\n<li><a href=\"https:\/\/thebibleverses.org\/pt\/forca\/\">Vers\u00edculos da B\u00edblia sobre For\u00e7a<\/a><\/li>\n\n\n\n<li><a href=\"https:\/\/thebibleverses.org\/pt\/fe\/\">Vers\u00edculos B\u00edblicos sobre F\u00e9<\/a><\/li>\n\n\n\n<li><a href=\"https:\/\/thebibleverses.org\/pt\/jovens\/\">Vers\u00edculos da B\u00edblia para Jovens<\/a><\/li>\n\n\n\n<li><a href=\"https:\/\/thebibleverses.org\/pt\/amizade\/\">Vers\u00edculos da B\u00edblia sobre Amizade<\/a><\/li>\n\n\n\n<li><a href=\"https:\/\/thebibleverses.org\/pt\/cura\/\">Vers\u00edculos da B\u00edblia sobre Cura<\/a><\/li>\n<\/ul>\n","protected":false},"excerpt":{"rendered":"<p>Salmos para Memorizar e Meditar na Palavra de Deus Desperte sua mente e espiritualidade com Salmos para memorizar. Esses vers\u00edculos atemporais s\u00e3o p\u00e9rolas de sabedoria e inspira\u00e7\u00e3o. Explore a riqueza destes Salmos, enriquecendo sua conex\u00e3o com a f\u00e9 e criando um tesouro de ensinamentos espirituais para levar consigo. Salmos 1:1 Como \u00e9 feliz aquele que [&hellip;]<\/p>\n","protected":false},"author":1,"featured_media":2322,"parent":0,"menu_order":0,"comment_status":"closed","ping_status":"closed","template":"","meta":{"footnotes":""},"class_list":["post-2321","page","type-page","status-publish","has-post-thumbnail","hentry","entry","fw-tab-6 fw-tabr-4"],"_links":{"self":[{"href":"https:\/\/thebibleverses.org\/pt\/wp-json\/wp\/v2\/pages\/2321","targetHints":{"allow":["GET"]}}],"collection":[{"href":"https:\/\/thebibleverses.org\/pt\/wp-json\/wp\/v2\/pages"}],"about":[{"href":"https:\/\/thebibleverses.org\/pt\/wp-json\/wp\/v2\/types\/page"}],"author":[{"embeddable":true,"href":"https:\/\/thebibleverses.org\/pt\/wp-json\/wp\/v2\/users\/1"}],"replies":[{"embeddable":true,"href":"https:\/\/thebibleverses.org\/pt\/wp-json\/wp\/v2\/comments?post=2321"}],"version-history":[{"count":1,"href":"https:\/\/thebibleverses.org\/pt\/wp-json\/wp\/v2\/pages\/2321\/revisions"}],"predecessor-version":[{"id":2323,"href":"https:\/\/thebibleverses.org\/pt\/wp-json\/wp\/v2\/pages\/2321\/revisions\/2323"}],"wp:featuredmedia":[{"embeddable":true,"href":"https:\/\/thebibleverses.org\/pt\/wp-json\/wp\/v2\/media\/2322"}],"wp:attachment":[{"href":"https:\/\/thebibleverses.org\/pt\/wp-json\/wp\/v2\/media?parent=2321"}],"curies":[{"name":"wp","href":"https:\/\/api.w.org\/{rel}","templated":true}]}}