{"id":2318,"date":"2023-09-23T01:22:11","date_gmt":"2023-09-23T01:22:11","guid":{"rendered":"https:\/\/thebibleverses.org\/pt\/?page_id=2318"},"modified":"2023-09-23T01:22:14","modified_gmt":"2023-09-23T01:22:14","slug":"salmos-para-jovens","status":"publish","type":"page","link":"https:\/\/thebibleverses.org\/pt\/salmos-para-jovens\/","title":{"rendered":"30 Salmos para Jovens"},"content":{"rendered":"<div class=\"wp-block-image\">\n<figure class=\"aligncenter size-large\"><img decoding=\"async\" width=\"1024\" height=\"631\" data-src=\"https:\/\/thebibleverses.org\/pt\/wp-content\/uploads\/2023\/09\/Salmos-para-Jovens-1024x631.jpg\" alt=\"Salmos para Jovens\" class=\"wp-image-2319 lazyload\" data-srcset=\"https:\/\/thebibleverses.org\/pt\/wp-content\/uploads\/2023\/09\/Salmos-para-Jovens-1024x631.jpg 1024w, https:\/\/thebibleverses.org\/pt\/wp-content\/uploads\/2023\/09\/Salmos-para-Jovens-300x185.jpg 300w, https:\/\/thebibleverses.org\/pt\/wp-content\/uploads\/2023\/09\/Salmos-para-Jovens-768x474.jpg 768w, https:\/\/thebibleverses.org\/pt\/wp-content\/uploads\/2023\/09\/Salmos-para-Jovens-320x197.jpg 320w, https:\/\/thebibleverses.org\/pt\/wp-content\/uploads\/2023\/09\/Salmos-para-Jovens-450x278.jpg 450w, https:\/\/thebibleverses.org\/pt\/wp-content\/uploads\/2023\/09\/Salmos-para-Jovens-720x444.jpg 720w, https:\/\/thebibleverses.org\/pt\/wp-content\/uploads\/2023\/09\/Salmos-para-Jovens.jpg 1200w\" data-sizes=\"(max-width: 1024px) 100vw, 1024px\" src=\"data:image\/svg+xml;base64,PHN2ZyB3aWR0aD0iMSIgaGVpZ2h0PSIxIiB4bWxucz0iaHR0cDovL3d3dy53My5vcmcvMjAwMC9zdmciPjwvc3ZnPg==\" style=\"--smush-placeholder-width: 1024px; --smush-placeholder-aspect-ratio: 1024\/631;\" \/><figcaption class=\"wp-element-caption\">Salmos para Jovens &#8211; Nova Vers\u00e3o Internacional (NVI-PT).<\/figcaption><\/figure><\/div>\n\n\n<h2 class=\"wp-block-heading\">Salmos com Conselhos para Jovens Crist\u00e3os<\/h2>\n\n\n\n<p>Enrique\u00e7a a juventude com Salmos dedicados \u00e0 nova gera\u00e7\u00e3o. Esses vers\u00edculos atemporais fornecem orienta\u00e7\u00e3o, inspira\u00e7\u00e3o e sabedoria espiritual para a juventude de hoje. Explore a relev\u00e2ncia destes Salmos no mundo moderno, promovendo espiritualidade e crescimento pessoal na nova gera\u00e7\u00e3o.<\/p>\n\n\n\n<h3 class=\"wp-block-heading\">Salmos 25:7<\/h3>\n\n\n\n<p>N\u00e3o te lembres dos pecados e transgress\u00f5es da minha juventude; conforme a tua miseric\u00f3rdia, lembra-te de mim, pois tu, Senhor, \u00e9s bom.<\/p>\n\n\n\n<h3 class=\"wp-block-heading\">Salmos 71:5<\/h3>\n\n\n\n<p>Pois tu \u00e9s a minha esperan\u00e7a, \u00f3 Soberano Senhor, em ti est\u00e1 a minha confian\u00e7a desde a juventude.<\/p>\n\n\n\n<h3 class=\"wp-block-heading\">Salmos 119:9<\/h3>\n\n\n\n<p>Como pode o jovem manter pura a sua conduta? Vivendo de acordo com a tua palavra.<\/p>\n\n\n\n<h3 class=\"wp-block-heading\">Salmos 119:11<\/h3>\n\n\n\n<p>Guardei no cora\u00e7\u00e3o a tua palavra para n\u00e3o pecar contra ti.<\/p>\n\n\n\n<h3 class=\"wp-block-heading\">Salmos 119:105<\/h3>\n\n\n\n<p>A tua palavra \u00e9 l\u00e2mpada que ilumina os meus passos e luz que clareia o meu caminho.<\/p>\n\n\n\n<h3 class=\"wp-block-heading\">Salmos 119:130<\/h3>\n\n\n\n<p>A explica\u00e7\u00e3o das tuas palavras ilumina e d\u00e1 discernimento aos inexperientes.<\/p>\n\n\n\n<h3 class=\"wp-block-heading\">Salmos 139:13-14<\/h3>\n\n\n\n<p>Tu criaste o \u00edntimo do meu ser e me teceste no ventre de minha m\u00e3e. Eu te louvo porque me fizeste de modo especial e admir\u00e1vel. Tuas obras s\u00e3o maravilhosas! Digo isso com convic\u00e7\u00e3o.<\/p>\n\n\n\n<h3 class=\"wp-block-heading\">Salmos 144:12<\/h3>\n\n\n\n<p>Ent\u00e3o, na juventude, os nossos filhos ser\u00e3o como plantas vi\u00e7osas, e as nossas filhas, como colunas esculpidas para ornar um pal\u00e1cio.<\/p>\n\n\n\n<h3 class=\"wp-block-heading\">Salmos 146:5<\/h3>\n\n\n\n<p>Como \u00e9 feliz aquele cujo aux\u00edlio \u00e9 o Deus de Jac\u00f3, cuja esperan\u00e7a est\u00e1 no Senhor, no seu Deus.<\/p>\n\n\n\n<h3 class=\"wp-block-heading\">Salmos 148:12-13<\/h3>\n\n\n\n<p>Mo\u00e7os e mo\u00e7as, velhos e crian\u00e7as. Louvem todos o nome do Senhor, pois somente o seu nome \u00e9 exaltado; a sua majestade est\u00e1 acima da terra e dos c\u00e9us.<\/p>\n\n\n\n<h3 class=\"wp-block-heading\">Salmos 119:133<\/h3>\n\n\n\n<p>Dirige os meus passos, conforme a tua palavra; n\u00e3o permitas que nenhum pecado me domine.<\/p>\n\n\n\n<h3 class=\"wp-block-heading\">Salmos 37:4<\/h3>\n\n\n\n<p>Deleite-se no Senhor, e ele atender\u00e1 aos desejos do seu cora\u00e7\u00e3o.<\/p>\n\n\n\n<h3 class=\"wp-block-heading\">Salmos 37:23-24<\/h3>\n\n\n\n<p>O Senhor firma os passos de um homem, quando a conduta deste o agrada; ainda que tropece, n\u00e3o cair\u00e1, pois o Senhor o toma pela m\u00e3o.<\/p>\n\n\n\n<h3 class=\"wp-block-heading\">Salmos 119:34<\/h3>\n\n\n\n<p>D\u00e1-me entendimento, para que eu guarde a tua lei e a ela obede\u00e7a de todo o cora\u00e7\u00e3o.<\/p>\n\n\n\n<h3 class=\"wp-block-heading\">Salmos 119:133<\/h3>\n\n\n\n<p>Dirige os meus passos, conforme a tua palavra; n\u00e3o permitas que nenhum pecado me domine.<\/p>\n\n\n\n<h3 class=\"wp-block-heading\">Salmos 119:165<\/h3>\n\n\n\n<p>Os que amam a tua lei desfrutam paz, e nada h\u00e1 que os fa\u00e7a trope\u00e7ar.<\/p>\n\n\n\n<h3 class=\"wp-block-heading\">Salmos 144:12<\/h3>\n\n\n\n<p>Ent\u00e3o, na juventude, os nossos filhos ser\u00e3o como plantas vi\u00e7osas, e as nossas filhas, como colunas esculpidas para ornar um pal\u00e1cio.<\/p>\n\n\n\n<h3 class=\"wp-block-heading\">Salmos 127:3<\/h3>\n\n\n\n<p>Os filhos s\u00e3o heran\u00e7a do Senhor, uma recompensa que ele d\u00e1.<\/p>\n\n\n\n<h3 class=\"wp-block-heading\">Salmos 139:14<\/h3>\n\n\n\n<p>Eu te louvo porque me fizeste de modo especial e admir\u00e1vel. Tuas obras s\u00e3o maravilhosas! Digo isso com convic\u00e7\u00e3o.<\/p>\n\n\n\n<h3 class=\"wp-block-heading\">Salmos 16:11<\/h3>\n\n\n\n<p>Tu me far\u00e1s conhecer a vereda da vida, a alegria plena da tua presen\u00e7a, eterno prazer \u00e0 tua direita.<\/p>\n\n\n\n<h3 class=\"wp-block-heading\">Salmos 119:1<\/h3>\n\n\n\n<p>Como s\u00e3o felizes os que andam em caminhos irrepreens\u00edveis, que vivem conforme a lei do Senhor!<\/p>\n\n\n\n<h3 class=\"wp-block-heading\">Salmos 119:14<\/h3>\n\n\n\n<p>Regozijo-me em seguir os teus testemunhos como o que se regozija com grandes riquezas.<\/p>\n\n\n\n<h3 class=\"wp-block-heading\">Salmos 139:23<\/h3>\n\n\n\n<p>Sonda-me, \u00f3 Deus, e conhece o meu cora\u00e7\u00e3o; prova-me, e conhece as minhas inquieta\u00e7\u00f5es.<\/p>\n\n\n\n<h3 class=\"wp-block-heading\">Salmos 119:99<\/h3>\n\n\n\n<p>Tenho mais discernimento que todos os meus mestres, pois medito nos teus testemunhos.<\/p>\n\n\n\n<h3 class=\"wp-block-heading\">Salmos 37:5<\/h3>\n\n\n\n<p>Entregue o seu caminho ao Senhor; confie nele, e ele agir\u00e1:<\/p>\n\n\n\n<h3 class=\"wp-block-heading\">Salmos 37:7<\/h3>\n\n\n\n<p>Descanse no Senhor e aguarde por ele com paci\u00eancia; n\u00e3o se aborre\u00e7a com o sucesso dos outros, nem com aqueles que maquinam o mal.<\/p>\n\n\n\n<h3 class=\"wp-block-heading\">Salmos 37:23<\/h3>\n\n\n\n<p>O Senhor firma os passos de um homem, quando a conduta deste o agrada.<\/p>\n\n\n\n<h3 class=\"wp-block-heading\">Salmos 119:2<\/h3>\n\n\n\n<p>Como s\u00e3o felizes os que obedecem aos seus estatutos e de todo o cora\u00e7\u00e3o o buscam!<\/p>\n\n\n\n<h3 class=\"wp-block-heading\">Salmos 119:45<\/h3>\n\n\n\n<p>Andarei em verdadeira liberdade, pois tenho buscado os teus preceitos.<\/p>\n\n\n\n<h3 class=\"wp-block-heading\">Salmos 119:105<\/h3>\n\n\n\n<p>A tua palavra \u00e9 l\u00e2mpada que ilumina os meus passos e luz que clareia o meu caminho.<\/p>\n\n\n\n<h2 class=\"wp-block-heading\">Lee Tambi\u00e9n:<\/h2>\n\n\n\n<ul class=\"wp-block-list\">\n<li><a href=\"https:\/\/thebibleverses.org\/pt\/\">Vers\u00edculos por T\u00f3picos<\/a><\/li>\n\n\n\n<li><a href=\"https:\/\/thebibleverses.org\/pt\/amor\/\">Vers\u00edculos da B\u00edblia sobre o Amor<\/a><\/li>\n\n\n\n<li><a href=\"https:\/\/thebibleverses.org\/pt\/forca\/\">Vers\u00edculos da B\u00edblia sobre For\u00e7a<\/a><\/li>\n\n\n\n<li><a href=\"https:\/\/thebibleverses.org\/pt\/fe\/\">Vers\u00edculos B\u00edblicos sobre F\u00e9<\/a><\/li>\n\n\n\n<li><a href=\"https:\/\/thebibleverses.org\/pt\/jovens\/\">Vers\u00edculos da B\u00edblia para Jovens<\/a><\/li>\n\n\n\n<li><a href=\"https:\/\/thebibleverses.org\/pt\/amizade\/\">Vers\u00edculos da B\u00edblia sobre Amizade<\/a><\/li>\n\n\n\n<li><a href=\"https:\/\/thebibleverses.org\/pt\/cura\/\">Vers\u00edculos da B\u00edblia sobre Cura<\/a><\/li>\n<\/ul>\n","protected":false},"excerpt":{"rendered":"<p>Salmos com Conselhos para Jovens Crist\u00e3os Enrique\u00e7a a juventude com Salmos dedicados \u00e0 nova gera\u00e7\u00e3o. Esses vers\u00edculos atemporais fornecem orienta\u00e7\u00e3o, inspira\u00e7\u00e3o e sabedoria espiritual para a juventude de hoje. Explore a relev\u00e2ncia destes Salmos no mundo moderno, promovendo espiritualidade e crescimento pessoal na nova gera\u00e7\u00e3o. Salmos 25:7 N\u00e3o te lembres dos pecados e transgress\u00f5es da [&hellip;]<\/p>\n","protected":false},"author":1,"featured_media":2319,"parent":0,"menu_order":0,"comment_status":"closed","ping_status":"closed","template":"","meta":{"footnotes":""},"class_list":["post-2318","page","type-page","status-publish","has-post-thumbnail","hentry","entry","fw-tab-6 fw-tabr-4"],"_links":{"self":[{"href":"https:\/\/thebibleverses.org\/pt\/wp-json\/wp\/v2\/pages\/2318","targetHints":{"allow":["GET"]}}],"collection":[{"href":"https:\/\/thebibleverses.org\/pt\/wp-json\/wp\/v2\/pages"}],"about":[{"href":"https:\/\/thebibleverses.org\/pt\/wp-json\/wp\/v2\/types\/page"}],"author":[{"embeddable":true,"href":"https:\/\/thebibleverses.org\/pt\/wp-json\/wp\/v2\/users\/1"}],"replies":[{"embeddable":true,"href":"https:\/\/thebibleverses.org\/pt\/wp-json\/wp\/v2\/comments?post=2318"}],"version-history":[{"count":1,"href":"https:\/\/thebibleverses.org\/pt\/wp-json\/wp\/v2\/pages\/2318\/revisions"}],"predecessor-version":[{"id":2320,"href":"https:\/\/thebibleverses.org\/pt\/wp-json\/wp\/v2\/pages\/2318\/revisions\/2320"}],"wp:featuredmedia":[{"embeddable":true,"href":"https:\/\/thebibleverses.org\/pt\/wp-json\/wp\/v2\/media\/2319"}],"wp:attachment":[{"href":"https:\/\/thebibleverses.org\/pt\/wp-json\/wp\/v2\/media?parent=2318"}],"curies":[{"name":"wp","href":"https:\/\/api.w.org\/{rel}","templated":true}]}}