{"id":2315,"date":"2023-09-23T01:02:14","date_gmt":"2023-09-23T01:02:14","guid":{"rendered":"https:\/\/thebibleverses.org\/pt\/?page_id=2315"},"modified":"2023-09-23T01:02:19","modified_gmt":"2023-09-23T01:02:19","slug":"salmos-graca-de-deus","status":"publish","type":"page","link":"https:\/\/thebibleverses.org\/pt\/salmos-graca-de-deus\/","title":{"rendered":"25 Salmos sobre a Gra\u00e7a de Deus"},"content":{"rendered":"<div class=\"wp-block-image\">\n<figure class=\"aligncenter size-large\"><img decoding=\"async\" width=\"1024\" height=\"631\" data-src=\"https:\/\/thebibleverses.org\/pt\/wp-content\/uploads\/2023\/09\/Salmos-sobre-a-Graca-de-Deus-1024x631.jpg\" alt=\"Salmos sobre a Gra\u00e7a de Deus\" class=\"wp-image-2316 lazyload\" data-srcset=\"https:\/\/thebibleverses.org\/pt\/wp-content\/uploads\/2023\/09\/Salmos-sobre-a-Graca-de-Deus-1024x631.jpg 1024w, https:\/\/thebibleverses.org\/pt\/wp-content\/uploads\/2023\/09\/Salmos-sobre-a-Graca-de-Deus-300x185.jpg 300w, https:\/\/thebibleverses.org\/pt\/wp-content\/uploads\/2023\/09\/Salmos-sobre-a-Graca-de-Deus-768x474.jpg 768w, https:\/\/thebibleverses.org\/pt\/wp-content\/uploads\/2023\/09\/Salmos-sobre-a-Graca-de-Deus-320x197.jpg 320w, https:\/\/thebibleverses.org\/pt\/wp-content\/uploads\/2023\/09\/Salmos-sobre-a-Graca-de-Deus-450x278.jpg 450w, https:\/\/thebibleverses.org\/pt\/wp-content\/uploads\/2023\/09\/Salmos-sobre-a-Graca-de-Deus-720x444.jpg 720w, https:\/\/thebibleverses.org\/pt\/wp-content\/uploads\/2023\/09\/Salmos-sobre-a-Graca-de-Deus.jpg 1200w\" data-sizes=\"(max-width: 1024px) 100vw, 1024px\" src=\"data:image\/svg+xml;base64,PHN2ZyB3aWR0aD0iMSIgaGVpZ2h0PSIxIiB4bWxucz0iaHR0cDovL3d3dy53My5vcmcvMjAwMC9zdmciPjwvc3ZnPg==\" style=\"--smush-placeholder-width: 1024px; --smush-placeholder-aspect-ratio: 1024\/631;\" \/><figcaption class=\"wp-element-caption\">Salmos sobre a Gra\u00e7a de Deus &#8211; Nova Vers\u00e3o Internacional (NVI-PT).<\/figcaption><\/figure><\/div>\n\n\n<h2 class=\"wp-block-heading\">Salmos sobre a Gra\u00e7a de Deus na Biblia<\/h2>\n\n\n\n<p>Experimente a gra\u00e7a abundante de Deus atrav\u00e9s dos Salmos. Esses vers\u00edculos atemporais iluminam a profundidade do favor divino, oferecendo inspira\u00e7\u00e3o, humildade e gratid\u00e3o. Explore a gra\u00e7a profunda de Deus dentro desses Salmos e descubra como o Seu amor incondicional transforma vidas.<\/p>\n\n\n\n<h3 class=\"wp-block-heading\">Salmos 23:6<\/h3>\n\n\n\n<p>Sei que a bondade e a fidelidade me acompanhar\u00e3o todos os dias da minha vida, e voltarei \u00e0 casa do Senhor enquanto eu viver.<\/p>\n\n\n\n<h3 class=\"wp-block-heading\">Salmos 30:5<\/h3>\n\n\n\n<p>Pois a sua ira s\u00f3 dura um instante, mas o seu favor dura a vida toda; o choro pode persistir uma noite, mas de manh\u00e3 irrompe a alegria.<\/p>\n\n\n\n<h3 class=\"wp-block-heading\">Salmos 33:5<\/h3>\n\n\n\n<p>Ele ama a justi\u00e7a e a retid\u00e3o; a terra est\u00e1 cheia da bondade do Senhor.<\/p>\n\n\n\n<h3 class=\"wp-block-heading\">Salmos 84:11<\/h3>\n\n\n\n<p>O Senhor Deus \u00e9 sol e escudo; o Senhor concede favor e honra; n\u00e3o recusa nenhum bem aos que vivem com integridade.<\/p>\n\n\n\n<h3 class=\"wp-block-heading\">Salmos 86:15<\/h3>\n\n\n\n<p>Mas tu, Senhor, \u00e9s Deus compassivo e misericordioso, muito paciente, rico em amor e em fidelidade.<\/p>\n\n\n\n<h3 class=\"wp-block-heading\">Salmos 103:8<\/h3>\n\n\n\n<p>O Senhor \u00e9 compassivo e misericordioso, mui paciente e cheio de amor.<\/p>\n\n\n\n<h3 class=\"wp-block-heading\">Salmos 103:10<\/h3>\n\n\n\n<p>N\u00e3o nos trata conforme os nossos pecados nem nos retribui conforme as nossas iniq\u00fcidades.<\/p>\n\n\n\n<h3 class=\"wp-block-heading\">Salmos 103:17<\/h3>\n\n\n\n<p>Mas o amor leal do Senhor, o seu amor eterno, est\u00e1 com os que o temem, e a sua justi\u00e7a com os filhos dos seus filhos,<\/p>\n\n\n\n<h3 class=\"wp-block-heading\">Salmos 111:4<\/h3>\n\n\n\n<p>Ele fez proclamar as suas maravilhas; o Senhor \u00e9 misericordioso e compassivo.<\/p>\n\n\n\n<h3 class=\"wp-block-heading\">Salmos 112:4<\/h3>\n\n\n\n<p>A luz raia nas trevas para o \u00edntegro, para quem \u00e9 misericordioso, compassivo e justo.<\/p>\n\n\n\n<h3 class=\"wp-block-heading\">Salmos 116:5<\/h3>\n\n\n\n<p>O Senhor \u00e9 misericordioso e justo; o nosso Deus \u00e9 compassivo.<\/p>\n\n\n\n<h3 class=\"wp-block-heading\">Salmos 117:2<\/h3>\n\n\n\n<p>Porque imenso \u00e9 o seu amor leal por n\u00f3s, e a fidelidade do Senhor dura para sempre.<\/p>\n\n\n\n<h3 class=\"wp-block-heading\">Salmos 119:29<\/h3>\n\n\n\n<p>Desvia-me dos caminhos enganosos; por tua gra\u00e7a, ensina-me a tua lei.<\/p>\n\n\n\n<h3 class=\"wp-block-heading\">Salmos 119:58<\/h3>\n\n\n\n<p>De todo o cora\u00e7\u00e3o suplico a tua gra\u00e7a; tem miseric\u00f3rdia de mim, conforme a tua promessa.<\/p>\n\n\n\n<h3 class=\"wp-block-heading\">Salmos 119:132<\/h3>\n\n\n\n<p>Volta-te para mim e tem miseric\u00f3rdia de mim, como sempre fazes aos que amam o teu nome.<\/p>\n\n\n\n<h3 class=\"wp-block-heading\">Salmos 130:3<\/h3>\n\n\n\n<p>Se tu, Soberano Senhor, registrasses os pecados, quem escaparia?<\/p>\n\n\n\n<h3 class=\"wp-block-heading\">Salmos 130:7<\/h3>\n\n\n\n<p>Ponha a sua esperan\u00e7a no Senhor, \u00f3 Israel, pois no Senhor h\u00e1 amor leal e plena reden\u00e7\u00e3o.<\/p>\n\n\n\n<h3 class=\"wp-block-heading\">Salmos 136:26<\/h3>\n\n\n\n<p>D\u00eaem gra\u00e7as ao Deus dos c\u00e9us. O seu amor dura para sempre!<\/p>\n\n\n\n<h3 class=\"wp-block-heading\">Salmos 145:8<\/h3>\n\n\n\n<p>O Senhor \u00e9 misericordioso e compassivo, paciente e transbordante de amor.<\/p>\n\n\n\n<h3 class=\"wp-block-heading\">Salmos 145:9<\/h3>\n\n\n\n<p>O Senhor \u00e9 bom para todos; a sua compaix\u00e3o alcan\u00e7a todas as suas criaturas.<\/p>\n\n\n\n<h3 class=\"wp-block-heading\">Salmos 146:5<\/h3>\n\n\n\n<p>Como \u00e9 feliz aquele cujo aux\u00edlio \u00e9 o Deus de Jac\u00f3, cuja esperan\u00e7a est\u00e1 no Senhor, no seu Deus,<\/p>\n\n\n\n<h3 class=\"wp-block-heading\">Salmos 146:8<\/h3>\n\n\n\n<p>O Senhor d\u00e1 vista aos cegos, o Senhor levanta os abatidos, o Senhor ama os justos.<\/p>\n\n\n\n<h3 class=\"wp-block-heading\">Salmos 147:11<\/h3>\n\n\n\n<p>O Senhor se agrada dos que o temem, dos que colocam sua esperan\u00e7a no seu amor leal.<\/p>\n\n\n\n<h3 class=\"wp-block-heading\">Salmos 147:13<\/h3>\n\n\n\n<p>Pois ele refor\u00e7ou as trancas de suas portas e aben\u00e7oou o seu povo, que l\u00e1 habita.<\/p>\n\n\n\n<h3 class=\"wp-block-heading\">Salmos 149:4<\/h3>\n\n\n\n<p>O Senhor agrada-se do seu povo; ele coroa de vit\u00f3ria os oprimidos.<\/p>\n\n\n\n<h2 class=\"wp-block-heading\">Lee Tambi\u00e9n:<\/h2>\n\n\n\n<ul class=\"wp-block-list\">\n<li><a href=\"https:\/\/thebibleverses.org\/pt\/\">Vers\u00edculos por T\u00f3picos<\/a><\/li>\n\n\n\n<li><a href=\"https:\/\/thebibleverses.org\/pt\/amor\/\">Vers\u00edculos da B\u00edblia sobre o Amor<\/a><\/li>\n\n\n\n<li><a href=\"https:\/\/thebibleverses.org\/pt\/forca\/\">Vers\u00edculos da B\u00edblia sobre For\u00e7a<\/a><\/li>\n\n\n\n<li><a href=\"https:\/\/thebibleverses.org\/pt\/fe\/\">Vers\u00edculos B\u00edblicos sobre F\u00e9<\/a><\/li>\n\n\n\n<li><a href=\"https:\/\/thebibleverses.org\/pt\/jovens\/\">Vers\u00edculos da B\u00edblia para Jovens<\/a><\/li>\n\n\n\n<li><a href=\"https:\/\/thebibleverses.org\/pt\/amizade\/\">Vers\u00edculos da B\u00edblia sobre Amizade<\/a><\/li>\n\n\n\n<li><a href=\"https:\/\/thebibleverses.org\/pt\/cura\/\">Vers\u00edculos da B\u00edblia sobre Cura<\/a><\/li>\n<\/ul>\n","protected":false},"excerpt":{"rendered":"<p>Salmos sobre a Gra\u00e7a de Deus na Biblia Experimente a gra\u00e7a abundante de Deus atrav\u00e9s dos Salmos. Esses vers\u00edculos atemporais iluminam a profundidade do favor divino, oferecendo inspira\u00e7\u00e3o, humildade e gratid\u00e3o. Explore a gra\u00e7a profunda de Deus dentro desses Salmos e descubra como o Seu amor incondicional transforma vidas. Salmos 23:6 Sei que a bondade [&hellip;]<\/p>\n","protected":false},"author":1,"featured_media":2316,"parent":0,"menu_order":0,"comment_status":"closed","ping_status":"closed","template":"","meta":{"footnotes":""},"class_list":["post-2315","page","type-page","status-publish","has-post-thumbnail","hentry","entry","fw-tab-6 fw-tabr-4"],"_links":{"self":[{"href":"https:\/\/thebibleverses.org\/pt\/wp-json\/wp\/v2\/pages\/2315","targetHints":{"allow":["GET"]}}],"collection":[{"href":"https:\/\/thebibleverses.org\/pt\/wp-json\/wp\/v2\/pages"}],"about":[{"href":"https:\/\/thebibleverses.org\/pt\/wp-json\/wp\/v2\/types\/page"}],"author":[{"embeddable":true,"href":"https:\/\/thebibleverses.org\/pt\/wp-json\/wp\/v2\/users\/1"}],"replies":[{"embeddable":true,"href":"https:\/\/thebibleverses.org\/pt\/wp-json\/wp\/v2\/comments?post=2315"}],"version-history":[{"count":1,"href":"https:\/\/thebibleverses.org\/pt\/wp-json\/wp\/v2\/pages\/2315\/revisions"}],"predecessor-version":[{"id":2317,"href":"https:\/\/thebibleverses.org\/pt\/wp-json\/wp\/v2\/pages\/2315\/revisions\/2317"}],"wp:featuredmedia":[{"embeddable":true,"href":"https:\/\/thebibleverses.org\/pt\/wp-json\/wp\/v2\/media\/2316"}],"wp:attachment":[{"href":"https:\/\/thebibleverses.org\/pt\/wp-json\/wp\/v2\/media?parent=2315"}],"curies":[{"name":"wp","href":"https:\/\/api.w.org\/{rel}","templated":true}]}}