{"id":2312,"date":"2023-09-21T23:15:37","date_gmt":"2023-09-21T23:15:37","guid":{"rendered":"https:\/\/thebibleverses.org\/pt\/?page_id=2312"},"modified":"2023-09-21T23:15:39","modified_gmt":"2023-09-21T23:15:39","slug":"salmos-de-fe","status":"publish","type":"page","link":"https:\/\/thebibleverses.org\/pt\/salmos-de-fe\/","title":{"rendered":"30 Salmos de F\u00e9 em Deus"},"content":{"rendered":"<div class=\"wp-block-image\">\n<figure class=\"aligncenter size-large\"><img decoding=\"async\" width=\"1024\" height=\"631\" data-src=\"https:\/\/thebibleverses.org\/pt\/wp-content\/uploads\/2023\/09\/Salmos-de-Fe-em-Deus-1024x631.jpg\" alt=\"Salmos de F\u00e9 em Deus\" class=\"wp-image-2313 lazyload\" data-srcset=\"https:\/\/thebibleverses.org\/pt\/wp-content\/uploads\/2023\/09\/Salmos-de-Fe-em-Deus-1024x631.jpg 1024w, https:\/\/thebibleverses.org\/pt\/wp-content\/uploads\/2023\/09\/Salmos-de-Fe-em-Deus-300x185.jpg 300w, https:\/\/thebibleverses.org\/pt\/wp-content\/uploads\/2023\/09\/Salmos-de-Fe-em-Deus-768x474.jpg 768w, https:\/\/thebibleverses.org\/pt\/wp-content\/uploads\/2023\/09\/Salmos-de-Fe-em-Deus-320x197.jpg 320w, https:\/\/thebibleverses.org\/pt\/wp-content\/uploads\/2023\/09\/Salmos-de-Fe-em-Deus-450x278.jpg 450w, https:\/\/thebibleverses.org\/pt\/wp-content\/uploads\/2023\/09\/Salmos-de-Fe-em-Deus-720x444.jpg 720w, https:\/\/thebibleverses.org\/pt\/wp-content\/uploads\/2023\/09\/Salmos-de-Fe-em-Deus.jpg 1200w\" data-sizes=\"(max-width: 1024px) 100vw, 1024px\" src=\"data:image\/svg+xml;base64,PHN2ZyB3aWR0aD0iMSIgaGVpZ2h0PSIxIiB4bWxucz0iaHR0cDovL3d3dy53My5vcmcvMjAwMC9zdmciPjwvc3ZnPg==\" style=\"--smush-placeholder-width: 1024px; --smush-placeholder-aspect-ratio: 1024\/631;\" \/><figcaption class=\"wp-element-caption\">Salmos de F\u00e9 em Deus &#8211; Nova Vers\u00e3o Internacional (NVI-PT).<\/figcaption><\/figure><\/div>\n\n\n<h2 class=\"wp-block-heading\">Salmos da B\u00edblia F\u00e9 em Deus &#8211; Esperan\u00e7a Divina<\/h2>\n\n\n\n<p>Explore a f\u00e9 inabal\u00e1vel em Deus atrav\u00e9s da nossa cole\u00e7\u00e3o de Salmos. Esses vers\u00edculos atemporais inspiram e fortalecem a cren\u00e7a em tempos de d\u00favida. Aprofunde-se na profundidade da f\u00e9 divina dentro dos Salmos e encontre a seguran\u00e7a espiritual para enfrentar os desafios da vida com confian\u00e7a e convic\u00e7\u00e3o.<\/p>\n\n\n\n<h3 class=\"wp-block-heading\">Salmos 9:10<\/h3>\n\n\n\n<p>Os que conhecem o teu nome confiam em ti, pois tu, Senhor, jamais abandonas os que te buscam.<\/p>\n\n\n\n<h3 class=\"wp-block-heading\">Salmos 20:7<\/h3>\n\n\n\n<p>Alguns confiam em carros e outros em cavalos, mas n\u00f3s confiamos no nome do Senhor, o nosso Deus.<\/p>\n\n\n\n<h3 class=\"wp-block-heading\">Salmos 22:4<\/h3>\n\n\n\n<p>Em ti os nossos antepassados puseram a sua confian\u00e7a; confiaram, e os livraste.<\/p>\n\n\n\n<h3 class=\"wp-block-heading\">Salmos 27:3<\/h3>\n\n\n\n<p>Ainda que um ex\u00e9rcito se acampe contra mim, meu cora\u00e7\u00e3o n\u00e3o temer\u00e1; ainda que se declare guerra contra mim, mesmo assim estarei confiante.<\/p>\n\n\n\n<h3 class=\"wp-block-heading\">Salmos 27:14<\/h3>\n\n\n\n<p>Espere no Senhor. Seja forte! Coragem! Espere no Senhor.<\/p>\n\n\n\n<h3 class=\"wp-block-heading\">Salmos 28:7<\/h3>\n\n\n\n<p>O Senhor \u00e9 a minha for\u00e7a e o meu escudo; nele o meu cora\u00e7\u00e3o confia, e dele recebo ajuda. Meu cora\u00e7\u00e3o exulta de alegria, e com o meu c\u00e2ntico lhe darei gra\u00e7as.<\/p>\n\n\n\n<h3 class=\"wp-block-heading\">Salmos 31:14<\/h3>\n\n\n\n<p>Mas eu confio em ti, Senhor, e digo: Tu \u00e9s o meu Deus.<\/p>\n\n\n\n<h3 class=\"wp-block-heading\">Salmos 37:3<\/h3>\n\n\n\n<p>Confie no Senhor e fa\u00e7a o bem; assim voc\u00ea habitar\u00e1 na terra e desfrutar\u00e1 seguran\u00e7a.<\/p>\n\n\n\n<h3 class=\"wp-block-heading\">Salmos 37:5<\/h3>\n\n\n\n<p>Entregue o seu caminho ao Senhor; confie nele, e ele agir\u00e1:<\/p>\n\n\n\n<h3 class=\"wp-block-heading\">Salmos 37:7<\/h3>\n\n\n\n<p>Descanse no Senhor e aguarde por ele com paci\u00eancia; n\u00e3o se aborre\u00e7a com o sucesso dos outros, nem com aqueles que maquinam o mal.<\/p>\n\n\n\n<h3 class=\"wp-block-heading\">Salmos 40:4<\/h3>\n\n\n\n<p>Como \u00e9 feliz o homem que p\u00f5e no Senhor a sua confian\u00e7a, e n\u00e3o vai atr\u00e1s dos orgulhosos, dos que se afastam para seguir deuses falsos[b]!<\/p>\n\n\n\n<h3 class=\"wp-block-heading\">Salmos 46:1-2<\/h3>\n\n\n\n<p>Deus \u00e9 o nosso ref\u00fagio e a nossa fortaleza, aux\u00edlio sempre presente na adversidade. Por isso n\u00e3o temeremos, ainda que a terra trema e os montes afundem no cora\u00e7\u00e3o do mar.<\/p>\n\n\n\n<h3 class=\"wp-block-heading\">Salmos 62:8<\/h3>\n\n\n\n<p>Confie nele em todos os momentos, \u00f3 povo; derrame diante dele o cora\u00e7\u00e3o, pois ele \u00e9 o nosso ref\u00fagio.<\/p>\n\n\n\n<h3 class=\"wp-block-heading\">Salmos 71:5<\/h3>\n\n\n\n<p>Pois tu \u00e9s a minha esperan\u00e7a, \u00f3 Soberano Senhor, em ti est\u00e1 a minha confian\u00e7a desde a juventude.<\/p>\n\n\n\n<h3 class=\"wp-block-heading\">Salmos 73:28<\/h3>\n\n\n\n<p>Mas, para mim, bom \u00e9 estar perto de Deus; fiz do Soberano Senhor o meu ref\u00fagio; proclamarei todos os teus feitos.<\/p>\n\n\n\n<h3 class=\"wp-block-heading\">Salmos 84:12<\/h3>\n\n\n\n<p>\u00d3 Senhor dos Ex\u00e9rcitos, como \u00e9 feliz aquele que em ti confia!<\/p>\n\n\n\n<h3 class=\"wp-block-heading\">Salmos 115:11<\/h3>\n\n\n\n<p>Voc\u00eas que temem o Senhor, confiem no Senhor! Ele \u00e9 o seu socorro e o seu escudo.<\/p>\n\n\n\n<h3 class=\"wp-block-heading\">Salmos 118:8<\/h3>\n\n\n\n<p>\u00c9 melhor buscar ref\u00fagio no Senhor do que confiar nos homens.<\/p>\n\n\n\n<h3 class=\"wp-block-heading\">Salmos 125:1<\/h3>\n\n\n\n<p>Os que confiam no Senhor s\u00e3o como o monte Si\u00e3o, que n\u00e3o se pode abalar, mas permanece para sempre.<\/p>\n\n\n\n<h3 class=\"wp-block-heading\">Salmos 146:5<\/h3>\n\n\n\n<p>Como \u00e9 feliz aquele cujo aux\u00edlio \u00e9 o Deus de Jac\u00f3, cuja esperan\u00e7a est\u00e1 no Senhor, no seu Deus.<\/p>\n\n\n\n<h3 class=\"wp-block-heading\">Salmos 146:3<\/h3>\n\n\n\n<p>N\u00e3o confiem em pr\u00edncipes, em meros mortais, incapazes de salvar.<\/p>\n\n\n\n<h3 class=\"wp-block-heading\">Salmos 146:6<\/h3>\n\n\n\n<p>Que fez os c\u00e9us e a terra, o mar e tudo o que neles h\u00e1, e que mant\u00e9m a sua fidelidade para sempre!<\/p>\n\n\n\n<h3 class=\"wp-block-heading\">Salmos 147:11<\/h3>\n\n\n\n<p>O Senhor se agrada dos que o temem, dos que colocam sua esperan\u00e7a no seu amor leal.<\/p>\n\n\n\n<h3 class=\"wp-block-heading\">Salmos 147:13<\/h3>\n\n\n\n<p>Pois ele refor\u00e7ou as trancas de suas portas e aben\u00e7oou o seu povo, que l\u00e1 habita.<\/p>\n\n\n\n<h3 class=\"wp-block-heading\">Salmos 146:8<\/h3>\n\n\n\n<p>O Senhor d\u00e1 vista aos cegos, o Senhor levanta os abatidos, o Senhor ama os justos.<\/p>\n\n\n\n<h3 class=\"wp-block-heading\">Salmos 118:9<\/h3>\n\n\n\n<p>\u00c9 melhor buscar ref\u00fagio no Senhor do que confiar em pr\u00edncipes.<\/p>\n\n\n\n<h3 class=\"wp-block-heading\">Salmos 62:10<\/h3>\n\n\n\n<p>N\u00e3o confiem na extors\u00e3o, nem ponham a esperan\u00e7a em bens roubados; se as suas riquezas aumentam, n\u00e3o ponham nelas o cora\u00e7\u00e3o.<\/p>\n\n\n\n<h3 class=\"wp-block-heading\">Salmos 62:5<\/h3>\n\n\n\n<p>Descanse somente em Deus, \u00f3 minha alma; dele vem a minha esperan\u00e7a.<\/p>\n\n\n\n<h3 class=\"wp-block-heading\">Salmos 9:18<\/h3>\n\n\n\n<p>Mas os pobres nunca ser\u00e3o esquecidos, nem se frustrar\u00e1 a esperan\u00e7a dos necessitados.<\/p>\n\n\n\n<h3 class=\"wp-block-heading\">Salmos 130:5<\/h3>\n\n\n\n<p>Espero no Senhor com todo o meu ser, e na sua palavra ponho a minha esperan\u00e7a.<\/p>\n\n\n\n<h2 class=\"wp-block-heading\">Lee Tambi\u00e9n:<\/h2>\n\n\n\n<ul class=\"wp-block-list\">\n<li><a href=\"https:\/\/thebibleverses.org\/pt\/\">Vers\u00edculos por T\u00f3picos<\/a><\/li>\n\n\n\n<li><a href=\"https:\/\/thebibleverses.org\/pt\/amor\/\">Vers\u00edculos da B\u00edblia sobre o Amor<\/a><\/li>\n\n\n\n<li><a href=\"https:\/\/thebibleverses.org\/pt\/forca\/\">Vers\u00edculos da B\u00edblia sobre For\u00e7a<\/a><\/li>\n\n\n\n<li><a href=\"https:\/\/thebibleverses.org\/pt\/fe\/\">Vers\u00edculos B\u00edblicos sobre F\u00e9<\/a><\/li>\n\n\n\n<li><a href=\"https:\/\/thebibleverses.org\/pt\/jovens\/\">Vers\u00edculos da B\u00edblia para Jovens<\/a><\/li>\n\n\n\n<li><a href=\"https:\/\/thebibleverses.org\/pt\/amizade\/\">Vers\u00edculos da B\u00edblia sobre Amizade<\/a><\/li>\n\n\n\n<li><a href=\"https:\/\/thebibleverses.org\/pt\/cura\/\">Vers\u00edculos da B\u00edblia sobre Cura<\/a><\/li>\n<\/ul>\n","protected":false},"excerpt":{"rendered":"<p>Salmos da B\u00edblia F\u00e9 em Deus &#8211; Esperan\u00e7a Divina Explore a f\u00e9 inabal\u00e1vel em Deus atrav\u00e9s da nossa cole\u00e7\u00e3o de Salmos. Esses vers\u00edculos atemporais inspiram e fortalecem a cren\u00e7a em tempos de d\u00favida. Aprofunde-se na profundidade da f\u00e9 divina dentro dos Salmos e encontre a seguran\u00e7a espiritual para enfrentar os desafios da vida com confian\u00e7a [&hellip;]<\/p>\n","protected":false},"author":1,"featured_media":2313,"parent":0,"menu_order":0,"comment_status":"closed","ping_status":"closed","template":"","meta":{"footnotes":""},"class_list":["post-2312","page","type-page","status-publish","has-post-thumbnail","hentry","entry","fw-tab-6 fw-tabr-4"],"_links":{"self":[{"href":"https:\/\/thebibleverses.org\/pt\/wp-json\/wp\/v2\/pages\/2312","targetHints":{"allow":["GET"]}}],"collection":[{"href":"https:\/\/thebibleverses.org\/pt\/wp-json\/wp\/v2\/pages"}],"about":[{"href":"https:\/\/thebibleverses.org\/pt\/wp-json\/wp\/v2\/types\/page"}],"author":[{"embeddable":true,"href":"https:\/\/thebibleverses.org\/pt\/wp-json\/wp\/v2\/users\/1"}],"replies":[{"embeddable":true,"href":"https:\/\/thebibleverses.org\/pt\/wp-json\/wp\/v2\/comments?post=2312"}],"version-history":[{"count":1,"href":"https:\/\/thebibleverses.org\/pt\/wp-json\/wp\/v2\/pages\/2312\/revisions"}],"predecessor-version":[{"id":2314,"href":"https:\/\/thebibleverses.org\/pt\/wp-json\/wp\/v2\/pages\/2312\/revisions\/2314"}],"wp:featuredmedia":[{"embeddable":true,"href":"https:\/\/thebibleverses.org\/pt\/wp-json\/wp\/v2\/media\/2313"}],"wp:attachment":[{"href":"https:\/\/thebibleverses.org\/pt\/wp-json\/wp\/v2\/media?parent=2312"}],"curies":[{"name":"wp","href":"https:\/\/api.w.org\/{rel}","templated":true}]}}