{"id":2309,"date":"2023-09-21T23:02:27","date_gmt":"2023-09-21T23:02:27","guid":{"rendered":"https:\/\/thebibleverses.org\/pt\/?page_id=2309"},"modified":"2023-09-21T23:02:50","modified_gmt":"2023-09-21T23:02:50","slug":"salmos-de-conforto","status":"publish","type":"page","link":"https:\/\/thebibleverses.org\/pt\/salmos-de-conforto\/","title":{"rendered":"30 Salmos de Conforto em Deus"},"content":{"rendered":"<div class=\"wp-block-image\">\n<figure class=\"aligncenter size-large\"><img decoding=\"async\" width=\"1024\" height=\"631\" data-src=\"https:\/\/thebibleverses.org\/pt\/wp-content\/uploads\/2023\/09\/Salmos-de-Conforto-em-Deus-1024x631.jpg\" alt=\"Salmos de Conforto em Deus\" class=\"wp-image-2310 lazyload\" data-srcset=\"https:\/\/thebibleverses.org\/pt\/wp-content\/uploads\/2023\/09\/Salmos-de-Conforto-em-Deus-1024x631.jpg 1024w, https:\/\/thebibleverses.org\/pt\/wp-content\/uploads\/2023\/09\/Salmos-de-Conforto-em-Deus-300x185.jpg 300w, https:\/\/thebibleverses.org\/pt\/wp-content\/uploads\/2023\/09\/Salmos-de-Conforto-em-Deus-768x474.jpg 768w, https:\/\/thebibleverses.org\/pt\/wp-content\/uploads\/2023\/09\/Salmos-de-Conforto-em-Deus-320x197.jpg 320w, https:\/\/thebibleverses.org\/pt\/wp-content\/uploads\/2023\/09\/Salmos-de-Conforto-em-Deus-450x278.jpg 450w, https:\/\/thebibleverses.org\/pt\/wp-content\/uploads\/2023\/09\/Salmos-de-Conforto-em-Deus-720x444.jpg 720w, https:\/\/thebibleverses.org\/pt\/wp-content\/uploads\/2023\/09\/Salmos-de-Conforto-em-Deus.jpg 1200w\" data-sizes=\"(max-width: 1024px) 100vw, 1024px\" src=\"data:image\/svg+xml;base64,PHN2ZyB3aWR0aD0iMSIgaGVpZ2h0PSIxIiB4bWxucz0iaHR0cDovL3d3dy53My5vcmcvMjAwMC9zdmciPjwvc3ZnPg==\" style=\"--smush-placeholder-width: 1024px; --smush-placeholder-aspect-ratio: 1024\/631;\" \/><figcaption class=\"wp-element-caption\">Salmos de Conforto em Deus &#8211; Nova Vers\u00e3o Internacional (NVI-PT).<\/figcaption><\/figure><\/div>\n\n\n<h2 class=\"wp-block-heading\">Salmos de Conforto em Deus em Tempos Dif\u00edceis<\/h2>\n\n\n\n<p>Encontre consolo em Deus atrav\u00e9s dos nossos Salmos de conforto. Esses vers\u00edculos atemporais oferecem paz e fortaleza em momentos de tribula\u00e7\u00e3o. Explore palavras que acalmam a alma e descubra ref\u00fagio na presen\u00e7a divina. Direcione seu cora\u00e7\u00e3o para a tranquilidade e esperan\u00e7a com nossa cole\u00e7\u00e3o de Salmos reconfortantes.<\/p>\n\n\n\n<h3 class=\"wp-block-heading\">Salmos 23:4<\/h3>\n\n\n\n<p>Mesmo quando eu andar por um vale de trevas e morte, n\u00e3o temerei perigo algum, pois tu est\u00e1s comigo; a tua vara e o teu cajado me protegem.<\/p>\n\n\n\n<h3 class=\"wp-block-heading\">Salmos 30:5<\/h3>\n\n\n\n<p>Pois a sua ira s\u00f3 dura um instante, mas o seu favor dura a vida toda; o choro pode persistir uma noite, mas de manh\u00e3 irrompe a alegria.<\/p>\n\n\n\n<h3 class=\"wp-block-heading\">Salmos 34:17<\/h3>\n\n\n\n<p>Os justos clamam, o Senhor os ouve e os livra de todas as suas tribula\u00e7\u00f5es.<\/p>\n\n\n\n<h3 class=\"wp-block-heading\">Salmos 34:18<\/h3>\n\n\n\n<p>O Senhor est\u00e1 perto dos que t\u00eam o cora\u00e7\u00e3o quebrantado e salva os de esp\u00edrito abatido.<\/p>\n\n\n\n<h3 class=\"wp-block-heading\">Salmos 42:11<\/h3>\n\n\n\n<p>Por que voc\u00ea est\u00e1 assim t\u00e3o triste, \u00f3 minha alma? Por que est\u00e1 assim t\u00e3o perturbada dentro de mim? Ponha a sua esperan\u00e7a em Deus! Pois ainda o louvarei; ele \u00e9 o meu Salvador e o meu Deus.<\/p>\n\n\n\n<h3 class=\"wp-block-heading\">Salmos 46:1<\/h3>\n\n\n\n<p>Deus \u00e9 o nosso ref\u00fagio e a nossa fortaleza, aux\u00edlio sempre presente na adversidade.<\/p>\n\n\n\n<h3 class=\"wp-block-heading\">Salmos 55:22<\/h3>\n\n\n\n<p>Entregue suas preocupa\u00e7\u00f5es ao Senhor, e ele o suster\u00e1; jamais permitir\u00e1 que o justo venha a cair.<\/p>\n\n\n\n<h3 class=\"wp-block-heading\">Salmos 56:8<\/h3>\n\n\n\n<p>Registra, tu mesmo, o meu lamento; recolhe as minhas l\u00e1grimas em teu odre; acaso n\u00e3o est\u00e3o anotadas em teu livro?<\/p>\n\n\n\n<h3 class=\"wp-block-heading\">Salmos 71:21<\/h3>\n\n\n\n<p>Tu me far\u00e1s mais honrado e mais uma vez me consolar\u00e1s.<\/p>\n\n\n\n<h3 class=\"wp-block-heading\">Salmos 86:17<\/h3>\n\n\n\n<p>D\u00e1-me um sinal da tua bondade, para que os meus inimigos vejam e sejam humilhados, pois tu, Senhor, me ajudaste e me consolaste.<\/p>\n\n\n\n<h3 class=\"wp-block-heading\">Salmos 94:19<\/h3>\n\n\n\n<p>Quando a ansiedade j\u00e1 me dominava no \u00edntimo, o teu consolo trouxe al\u00edvio \u00e0 minha alma.<\/p>\n\n\n\n<h3 class=\"wp-block-heading\">Salmos 107:19-20<\/h3>\n\n\n\n<p>Na sua afli\u00e7\u00e3o, clamaram ao Senhor, e ele os salvou da tribula\u00e7\u00e3o em que se encontravam. Ele enviou a sua palavra e os curou, e os livrou da morte.<\/p>\n\n\n\n<h3 class=\"wp-block-heading\">Salmos 119:50<\/h3>\n\n\n\n<p>Este \u00e9 o meu consolo no meu sofrimento: A tua promessa d\u00e1-me vida.<\/p>\n\n\n\n<h3 class=\"wp-block-heading\">Salmos 119:52<\/h3>\n\n\n\n<p>Lembro-me, Senhor, das tuas ordenan\u00e7as do passado e nelas acho consolo.<\/p>\n\n\n\n<h3 class=\"wp-block-heading\">Salmos 119:76<\/h3>\n\n\n\n<p>Seja o teu amor o meu consolo, conforme a tua promessa ao teu servo.<\/p>\n\n\n\n<h3 class=\"wp-block-heading\">Salmos 119:82<\/h3>\n\n\n\n<p>Os meus olhos fraquejam de tanto esperar pela tua promessa, e pergunto: Quando me consolar\u00e1s?<\/p>\n\n\n\n<h3 class=\"wp-block-heading\">Salmos 119:103<\/h3>\n\n\n\n<p>Como s\u00e3o doces para o meu paladar as tuas palavras! Mais que o mel para a minha boca!<\/p>\n\n\n\n<h3 class=\"wp-block-heading\">Salmos 119:165<\/h3>\n\n\n\n<p>Os que amam a tua lei desfrutam paz, e nada h\u00e1 que os fa\u00e7a trope\u00e7ar.<\/p>\n\n\n\n<h3 class=\"wp-block-heading\">Salmos 121:1-2<\/h3>\n\n\n\n<p>Levanto os meus olhos para os montes e pergunto: De onde me vem o socorro? O meu socorro vem do Senhor, que fez os c\u00e9us e a terra.<\/p>\n\n\n\n<h3 class=\"wp-block-heading\">Salmos 126:5<\/h3>\n\n\n\n<p>Aqueles que semeiam com l\u00e1grimas, com cantos de alegria colher\u00e3o.<\/p>\n\n\n\n<h3 class=\"wp-block-heading\">Salmos 130:5<\/h3>\n\n\n\n<p>Espero no Senhor com todo o meu ser, e na sua palavra ponho a minha esperan\u00e7a.<\/p>\n\n\n\n<h3 class=\"wp-block-heading\">Salmos 138:7<\/h3>\n\n\n\n<p>Ainda que eu passe por ang\u00fastias, tu me preservas a vida da ira dos meus inimigos; estendes a tua m\u00e3o direita e me livras.<\/p>\n\n\n\n<h3 class=\"wp-block-heading\">Salmos 147:3<\/h3>\n\n\n\n<p>S\u00f3 ele cura os de cora\u00e7\u00e3o quebrantado e cuida das suas feridas.<\/p>\n\n\n\n<h3 class=\"wp-block-heading\">Salmos 149:4<\/h3>\n\n\n\n<p>O Senhor agrada-se do seu povo; ele coroa de vit\u00f3ria os oprimidos.<\/p>\n\n\n\n<h3 class=\"wp-block-heading\">Salmos 147:13<\/h3>\n\n\n\n<p>Pois ele refor\u00e7ou as trancas de suas portas e aben\u00e7oou o seu povo, que l\u00e1 habita.<\/p>\n\n\n\n<h3 class=\"wp-block-heading\">Salmos 143:8<\/h3>\n\n\n\n<p>Faze-me ouvir do teu amor leal pela manh\u00e3, pois em ti confio. Mostra-me o caminho que devo seguir, pois a ti elevo a minha alma.<\/p>\n\n\n\n<h3 class=\"wp-block-heading\">Salmos 145:14<\/h3>\n\n\n\n<p>O Senhor ampara todos os que caem e levanta todos os que est\u00e3o prostrados.<\/p>\n\n\n\n<h3 class=\"wp-block-heading\">Salmos 145:18<\/h3>\n\n\n\n<p>O Senhor est\u00e1 perto de todos os que o invocam, de todos os que o invocam com sinceridade.<\/p>\n\n\n\n<h3 class=\"wp-block-heading\">Salmos 147:6<\/h3>\n\n\n\n<p>O Senhor sust\u00e9m o oprimido, mas lan\u00e7a por terra o \u00edmpio.<\/p>\n\n\n\n<h3 class=\"wp-block-heading\">Salmos 34:6<\/h3>\n\n\n\n<p>Este pobre homem clamou, e o Senhor o ouviu; e o libertou de todas as suas tribula\u00e7\u00f5es.<\/p>\n\n\n\n<h2 class=\"wp-block-heading\">Lee Tambi\u00e9n:<\/h2>\n\n\n\n<ul class=\"wp-block-list\">\n<li><a href=\"https:\/\/thebibleverses.org\/pt\/\">Vers\u00edculos por T\u00f3picos<\/a><\/li>\n\n\n\n<li><a href=\"https:\/\/thebibleverses.org\/pt\/amor\/\">Vers\u00edculos da B\u00edblia sobre o Amor<\/a><\/li>\n\n\n\n<li><a href=\"https:\/\/thebibleverses.org\/pt\/forca\/\">Vers\u00edculos da B\u00edblia sobre For\u00e7a<\/a><\/li>\n\n\n\n<li><a href=\"https:\/\/thebibleverses.org\/pt\/fe\/\">Vers\u00edculos B\u00edblicos sobre F\u00e9<\/a><\/li>\n\n\n\n<li><a href=\"https:\/\/thebibleverses.org\/pt\/jovens\/\">Vers\u00edculos da B\u00edblia para Jovens<\/a><\/li>\n\n\n\n<li><a href=\"https:\/\/thebibleverses.org\/pt\/amizade\/\">Vers\u00edculos da B\u00edblia sobre Amizade<\/a><\/li>\n\n\n\n<li><a href=\"https:\/\/thebibleverses.org\/pt\/cura\/\">Vers\u00edculos da B\u00edblia sobre Cura<\/a><\/li>\n<\/ul>\n","protected":false},"excerpt":{"rendered":"<p>Salmos de Conforto em Deus em Tempos Dif\u00edceis Encontre consolo em Deus atrav\u00e9s dos nossos Salmos de conforto. Esses vers\u00edculos atemporais oferecem paz e fortaleza em momentos de tribula\u00e7\u00e3o. Explore palavras que acalmam a alma e descubra ref\u00fagio na presen\u00e7a divina. Direcione seu cora\u00e7\u00e3o para a tranquilidade e esperan\u00e7a com nossa cole\u00e7\u00e3o de Salmos reconfortantes. [&hellip;]<\/p>\n","protected":false},"author":1,"featured_media":2310,"parent":0,"menu_order":0,"comment_status":"closed","ping_status":"closed","template":"","meta":{"footnotes":""},"class_list":["post-2309","page","type-page","status-publish","has-post-thumbnail","hentry","entry","fw-tab-6 fw-tabr-4"],"_links":{"self":[{"href":"https:\/\/thebibleverses.org\/pt\/wp-json\/wp\/v2\/pages\/2309","targetHints":{"allow":["GET"]}}],"collection":[{"href":"https:\/\/thebibleverses.org\/pt\/wp-json\/wp\/v2\/pages"}],"about":[{"href":"https:\/\/thebibleverses.org\/pt\/wp-json\/wp\/v2\/types\/page"}],"author":[{"embeddable":true,"href":"https:\/\/thebibleverses.org\/pt\/wp-json\/wp\/v2\/users\/1"}],"replies":[{"embeddable":true,"href":"https:\/\/thebibleverses.org\/pt\/wp-json\/wp\/v2\/comments?post=2309"}],"version-history":[{"count":1,"href":"https:\/\/thebibleverses.org\/pt\/wp-json\/wp\/v2\/pages\/2309\/revisions"}],"predecessor-version":[{"id":2311,"href":"https:\/\/thebibleverses.org\/pt\/wp-json\/wp\/v2\/pages\/2309\/revisions\/2311"}],"wp:featuredmedia":[{"embeddable":true,"href":"https:\/\/thebibleverses.org\/pt\/wp-json\/wp\/v2\/media\/2310"}],"wp:attachment":[{"href":"https:\/\/thebibleverses.org\/pt\/wp-json\/wp\/v2\/media?parent=2309"}],"curies":[{"name":"wp","href":"https:\/\/api.w.org\/{rel}","templated":true}]}}