{"id":2306,"date":"2023-09-21T22:52:02","date_gmt":"2023-09-21T22:52:02","guid":{"rendered":"https:\/\/thebibleverses.org\/pt\/?page_id=2306"},"modified":"2023-09-21T22:52:04","modified_gmt":"2023-09-21T22:52:04","slug":"salmos-de-confianca-em-deus","status":"publish","type":"page","link":"https:\/\/thebibleverses.org\/pt\/salmos-de-confianca-em-deus\/","title":{"rendered":"30 Salmos de Confian\u00e7a em Deus"},"content":{"rendered":"<div class=\"wp-block-image\">\n<figure class=\"aligncenter size-large\"><img decoding=\"async\" width=\"1024\" height=\"631\" data-src=\"https:\/\/thebibleverses.org\/pt\/wp-content\/uploads\/2023\/09\/Salmos-de-Confianca-em-Deus-1024x631.jpg\" alt=\"Salmos de Confian\u00e7a em Deus\" class=\"wp-image-2307 lazyload\" data-srcset=\"https:\/\/thebibleverses.org\/pt\/wp-content\/uploads\/2023\/09\/Salmos-de-Confianca-em-Deus-1024x631.jpg 1024w, https:\/\/thebibleverses.org\/pt\/wp-content\/uploads\/2023\/09\/Salmos-de-Confianca-em-Deus-300x185.jpg 300w, https:\/\/thebibleverses.org\/pt\/wp-content\/uploads\/2023\/09\/Salmos-de-Confianca-em-Deus-768x474.jpg 768w, https:\/\/thebibleverses.org\/pt\/wp-content\/uploads\/2023\/09\/Salmos-de-Confianca-em-Deus-320x197.jpg 320w, https:\/\/thebibleverses.org\/pt\/wp-content\/uploads\/2023\/09\/Salmos-de-Confianca-em-Deus-450x278.jpg 450w, https:\/\/thebibleverses.org\/pt\/wp-content\/uploads\/2023\/09\/Salmos-de-Confianca-em-Deus-720x444.jpg 720w, https:\/\/thebibleverses.org\/pt\/wp-content\/uploads\/2023\/09\/Salmos-de-Confianca-em-Deus.jpg 1200w\" data-sizes=\"(max-width: 1024px) 100vw, 1024px\" src=\"data:image\/svg+xml;base64,PHN2ZyB3aWR0aD0iMSIgaGVpZ2h0PSIxIiB4bWxucz0iaHR0cDovL3d3dy53My5vcmcvMjAwMC9zdmciPjwvc3ZnPg==\" style=\"--smush-placeholder-width: 1024px; --smush-placeholder-aspect-ratio: 1024\/631;\" \/><figcaption class=\"wp-element-caption\">Salmos de Confian\u00e7a em Deus &#8211; Nova Vers\u00e3o Internacional (NVI-PT).<\/figcaption><\/figure><\/div>\n\n\n<h2 class=\"wp-block-heading\">Salmos de Confian\u00e7a em Deus para Fortalecer sua F\u00e9<\/h2>\n\n\n\n<p>Descubra uma confian\u00e7a inabal\u00e1vel em Deus atrav\u00e9s de nossa cole\u00e7\u00e3o de Salmos. Esses vers\u00edculos atemporais fortalecem a f\u00e9 e oferecem conforto em tempos de incerteza. Aprofunde-se na confian\u00e7a divina presente nos Salmos e encontre a fortaleza espiritual para enfrentar a vida com confian\u00e7a e esperan\u00e7a.<\/p>\n\n\n\n<h3 class=\"wp-block-heading\">Salmos 4:5<\/h3>\n\n\n\n<p>Ofere\u00e7am sacrif\u00edcios como Deus exige e confiem no Senhor.<\/p>\n\n\n\n<h3 class=\"wp-block-heading\">Salmos 9:10<\/h3>\n\n\n\n<p>Os que conhecem o teu nome confiam em ti, pois tu, Senhor, jamais abandonas os que te buscam.<\/p>\n\n\n\n<h3 class=\"wp-block-heading\">Salmos 13:5<\/h3>\n\n\n\n<p>Eu, por\u00e9m, confio em teu amor; o meu cora\u00e7\u00e3o exulta em tua salva\u00e7\u00e3o.<\/p>\n\n\n\n<h3 class=\"wp-block-heading\">Salmos 16:1<\/h3>\n\n\n\n<p>Protege-me, \u00f3 Deus, pois em ti me refugio.<\/p>\n\n\n\n<h3 class=\"wp-block-heading\">Salmos 20:7<\/h3>\n\n\n\n<p>Alguns confiam em carros e outros em cavalos, mas n\u00f3s confiamos no nome do Senhor, o nosso Deus.<\/p>\n\n\n\n<h3 class=\"wp-block-heading\">Salmos 22:4<\/h3>\n\n\n\n<p>Em ti os nossos antepassados puseram a sua confian\u00e7a; confiaram, e os livraste.<\/p>\n\n\n\n<h3 class=\"wp-block-heading\">Salmos 25:2<\/h3>\n\n\n\n<p>Em ti confio, \u00f3 meu Deus. N\u00e3o deixes que eu seja humilhado, nem que os meus inimigos triunfem sobre mim!<\/p>\n\n\n\n<h3 class=\"wp-block-heading\">Salmos 27:1<\/h3>\n\n\n\n<p>O Senhor \u00e9 a minha luz e a minha salva\u00e7\u00e3o; de quem terei temor? O Senhor \u00e9 o meu forte ref\u00fagio; de quem terei medo?<\/p>\n\n\n\n<h3 class=\"wp-block-heading\">Salmos 28:7<\/h3>\n\n\n\n<p>O Senhor \u00e9 a minha for\u00e7a e o meu escudo; nele o meu cora\u00e7\u00e3o confia, e dele recebo ajuda. Meu cora\u00e7\u00e3o exulta de alegria, e com o meu c\u00e2ntico lhe darei gra\u00e7as.<\/p>\n\n\n\n<h3 class=\"wp-block-heading\">Salmos 31:6<\/h3>\n\n\n\n<p>Odeio aqueles que se apegam a \u00eddolos in\u00fateis; eu, por\u00e9m, confio no Senhor.<\/p>\n\n\n\n<h3 class=\"wp-block-heading\">Salmos 31:14<\/h3>\n\n\n\n<p>Mas eu confio em ti, Senhor, e digo: Tu \u00e9s o meu Deus.<\/p>\n\n\n\n<h3 class=\"wp-block-heading\">Salmos 32:10<\/h3>\n\n\n\n<p>Muitas s\u00e3o as dores dos \u00edmpios, mas a bondade do Senhor protege quem nele confia.<\/p>\n\n\n\n<h3 class=\"wp-block-heading\">Salmos 33:21<\/h3>\n\n\n\n<p>Nele se alegra o nosso cora\u00e7\u00e3o, pois confiamos no seu santo nome.<\/p>\n\n\n\n<h3 class=\"wp-block-heading\">Salmos 34:8<\/h3>\n\n\n\n<p>Provem, e vejam como o Senhor \u00e9 bom. Como \u00e9 feliz o homem que nele se refugia!<\/p>\n\n\n\n<h3 class=\"wp-block-heading\">Salmos 36:7<\/h3>\n\n\n\n<p>Como \u00e9 precioso o teu amor, \u00f3 Deus! Os homens encontram ref\u00fagio \u00e0 sombra das tuas asas.<\/p>\n\n\n\n<h3 class=\"wp-block-heading\">Salmos 37:3<\/h3>\n\n\n\n<p>Confie no Senhor e fa\u00e7a o bem; assim voc\u00ea habitar\u00e1 na terra e desfrutar\u00e1 seguran\u00e7a.<\/p>\n\n\n\n<h3 class=\"wp-block-heading\">Salmos 37:5<\/h3>\n\n\n\n<p>Entregue o seu caminho ao Senhor; confie nele, e ele agir\u00e1:<\/p>\n\n\n\n<h3 class=\"wp-block-heading\">Salmos 40:3<\/h3>\n\n\n\n<p>P\u00f4s um novo c\u00e2ntico na minha boca, um hino de louvor ao nosso Deus. Muitos ver\u00e3o isso e temer\u00e3o, e confiar\u00e3o no Senhor.<\/p>\n\n\n\n<h3 class=\"wp-block-heading\">Salmos 42:11<\/h3>\n\n\n\n<p>Por que voc\u00ea est\u00e1 assim t\u00e3o triste, \u00f3 minha alma? Por que est\u00e1 assim t\u00e3o perturbada dentro de mim? Ponha a sua esperan\u00e7a em Deus! Pois ainda o louvarei; ele \u00e9 o meu Salvador e o meu Deus.<\/p>\n\n\n\n<h3 class=\"wp-block-heading\">Salmos 56:3<\/h3>\n\n\n\n<p>Mas eu, quando estiver com medo, confiarei em ti.<\/p>\n\n\n\n<h3 class=\"wp-block-heading\">Salmos 62:8<\/h3>\n\n\n\n<p>Confie nele em todos os momentos, \u00f3 povo; derrame diante dele o cora\u00e7\u00e3o, pois ele \u00e9 o nosso ref\u00fagio.<\/p>\n\n\n\n<h3 class=\"wp-block-heading\">Salmos 64:10<\/h3>\n\n\n\n<p>Alegrem-se os justos no Senhor e nele busquem ref\u00fagio; congratulem-se todos os retos de cora\u00e7\u00e3o!<\/p>\n\n\n\n<h3 class=\"wp-block-heading\">Salmos 91:2<\/h3>\n\n\n\n<p>Pode dizer ao Senhor: \u201cTu \u00e9s o meu ref\u00fagio e a minha fortaleza, o meu Deus, em quem confio\u201d.<\/p>\n\n\n\n<h3 class=\"wp-block-heading\">Salmos 115:9<\/h3>\n\n\n\n<p>Confie no Senhor, \u00f3 Israel! Ele \u00e9 o seu socorro e o seu escudo.<\/p>\n\n\n\n<h3 class=\"wp-block-heading\">Salmos 118:8<\/h3>\n\n\n\n<p>\u00c9 melhor buscar ref\u00fagio no Senhor do que confiar nos homens.<\/p>\n\n\n\n<h3 class=\"wp-block-heading\">Salmos 125:1<\/h3>\n\n\n\n<p>Os que confiam no Senhor s\u00e3o como o monte Si\u00e3o, que n\u00e3o se pode abalar, mas permanece para sempre.<\/p>\n\n\n\n<h3 class=\"wp-block-heading\">Salmos 146:3<\/h3>\n\n\n\n<p>N\u00e3o confiem em pr\u00edncipes, em meros mortais, incapazes de salvar.<\/p>\n\n\n\n<h3 class=\"wp-block-heading\">Salmos 146:5<\/h3>\n\n\n\n<p>Como \u00e9 feliz aquele cujo aux\u00edlio \u00e9 o Deus de Jac\u00f3, cuja esperan\u00e7a est\u00e1 no Senhor, no seu Deus,<\/p>\n\n\n\n<h3 class=\"wp-block-heading\">Salmos 147:11<\/h3>\n\n\n\n<p>O Senhor se agrada dos que o temem, dos que colocam sua esperan\u00e7a no seu amor leal.<\/p>\n\n\n\n<h3 class=\"wp-block-heading\">Salmos 146:6<\/h3>\n\n\n\n<p>Que fez os c\u00e9us e a terra, o mar e tudo o que neles h\u00e1, e que mant\u00e9m a sua fidelidade para sempre!<\/p>\n\n\n\n<h2 class=\"wp-block-heading\">Lee Tambi\u00e9n:<\/h2>\n\n\n\n<ul class=\"wp-block-list\">\n<li><a href=\"https:\/\/thebibleverses.org\/pt\/\">Vers\u00edculos por T\u00f3picos<\/a><\/li>\n\n\n\n<li><a href=\"https:\/\/thebibleverses.org\/pt\/amor\/\">Vers\u00edculos da B\u00edblia sobre o Amor<\/a><\/li>\n\n\n\n<li><a href=\"https:\/\/thebibleverses.org\/pt\/forca\/\">Vers\u00edculos da B\u00edblia sobre For\u00e7a<\/a><\/li>\n\n\n\n<li><a href=\"https:\/\/thebibleverses.org\/pt\/fe\/\">Vers\u00edculos B\u00edblicos sobre F\u00e9<\/a><\/li>\n\n\n\n<li><a href=\"https:\/\/thebibleverses.org\/pt\/jovens\/\">Vers\u00edculos da B\u00edblia para Jovens<\/a><\/li>\n\n\n\n<li><a href=\"https:\/\/thebibleverses.org\/pt\/amizade\/\">Vers\u00edculos da B\u00edblia sobre Amizade<\/a><\/li>\n\n\n\n<li><a href=\"https:\/\/thebibleverses.org\/pt\/cura\/\">Vers\u00edculos da B\u00edblia sobre Cura<\/a><\/li>\n<\/ul>\n","protected":false},"excerpt":{"rendered":"<p>Salmos de Confian\u00e7a em Deus para Fortalecer sua F\u00e9 Descubra uma confian\u00e7a inabal\u00e1vel em Deus atrav\u00e9s de nossa cole\u00e7\u00e3o de Salmos. Esses vers\u00edculos atemporais fortalecem a f\u00e9 e oferecem conforto em tempos de incerteza. Aprofunde-se na confian\u00e7a divina presente nos Salmos e encontre a fortaleza espiritual para enfrentar a vida com confian\u00e7a e esperan\u00e7a. Salmos [&hellip;]<\/p>\n","protected":false},"author":1,"featured_media":2307,"parent":0,"menu_order":0,"comment_status":"closed","ping_status":"closed","template":"","meta":{"footnotes":""},"class_list":["post-2306","page","type-page","status-publish","has-post-thumbnail","hentry","entry","fw-tab-6 fw-tabr-4"],"_links":{"self":[{"href":"https:\/\/thebibleverses.org\/pt\/wp-json\/wp\/v2\/pages\/2306","targetHints":{"allow":["GET"]}}],"collection":[{"href":"https:\/\/thebibleverses.org\/pt\/wp-json\/wp\/v2\/pages"}],"about":[{"href":"https:\/\/thebibleverses.org\/pt\/wp-json\/wp\/v2\/types\/page"}],"author":[{"embeddable":true,"href":"https:\/\/thebibleverses.org\/pt\/wp-json\/wp\/v2\/users\/1"}],"replies":[{"embeddable":true,"href":"https:\/\/thebibleverses.org\/pt\/wp-json\/wp\/v2\/comments?post=2306"}],"version-history":[{"count":1,"href":"https:\/\/thebibleverses.org\/pt\/wp-json\/wp\/v2\/pages\/2306\/revisions"}],"predecessor-version":[{"id":2308,"href":"https:\/\/thebibleverses.org\/pt\/wp-json\/wp\/v2\/pages\/2306\/revisions\/2308"}],"wp:featuredmedia":[{"embeddable":true,"href":"https:\/\/thebibleverses.org\/pt\/wp-json\/wp\/v2\/media\/2307"}],"wp:attachment":[{"href":"https:\/\/thebibleverses.org\/pt\/wp-json\/wp\/v2\/media?parent=2306"}],"curies":[{"name":"wp","href":"https:\/\/api.w.org\/{rel}","templated":true}]}}