{"id":2303,"date":"2023-09-21T22:41:21","date_gmt":"2023-09-21T22:41:21","guid":{"rendered":"https:\/\/thebibleverses.org\/pt\/?page_id=2303"},"modified":"2023-09-21T22:41:22","modified_gmt":"2023-09-21T22:41:22","slug":"salmos-buscar-a-deus","status":"publish","type":"page","link":"https:\/\/thebibleverses.org\/pt\/salmos-buscar-a-deus\/","title":{"rendered":"25 Salmos sobre Buscar a Deus"},"content":{"rendered":"<div class=\"wp-block-image\">\n<figure class=\"aligncenter size-large\"><img decoding=\"async\" width=\"1024\" height=\"631\" data-src=\"https:\/\/thebibleverses.org\/pt\/wp-content\/uploads\/2023\/09\/Salmos-sobre-Buscar-a-Deus-1024x631.jpg\" alt=\"Salmos sobre Buscar a Deus\" class=\"wp-image-2304 lazyload\" data-srcset=\"https:\/\/thebibleverses.org\/pt\/wp-content\/uploads\/2023\/09\/Salmos-sobre-Buscar-a-Deus-1024x631.jpg 1024w, https:\/\/thebibleverses.org\/pt\/wp-content\/uploads\/2023\/09\/Salmos-sobre-Buscar-a-Deus-300x185.jpg 300w, https:\/\/thebibleverses.org\/pt\/wp-content\/uploads\/2023\/09\/Salmos-sobre-Buscar-a-Deus-768x474.jpg 768w, https:\/\/thebibleverses.org\/pt\/wp-content\/uploads\/2023\/09\/Salmos-sobre-Buscar-a-Deus-320x197.jpg 320w, https:\/\/thebibleverses.org\/pt\/wp-content\/uploads\/2023\/09\/Salmos-sobre-Buscar-a-Deus-450x278.jpg 450w, https:\/\/thebibleverses.org\/pt\/wp-content\/uploads\/2023\/09\/Salmos-sobre-Buscar-a-Deus-720x444.jpg 720w, https:\/\/thebibleverses.org\/pt\/wp-content\/uploads\/2023\/09\/Salmos-sobre-Buscar-a-Deus.jpg 1200w\" data-sizes=\"(max-width: 1024px) 100vw, 1024px\" src=\"data:image\/svg+xml;base64,PHN2ZyB3aWR0aD0iMSIgaGVpZ2h0PSIxIiB4bWxucz0iaHR0cDovL3d3dy53My5vcmcvMjAwMC9zdmciPjwvc3ZnPg==\" style=\"--smush-placeholder-width: 1024px; --smush-placeholder-aspect-ratio: 1024\/631;\" \/><figcaption class=\"wp-element-caption\">Salmos sobre Buscar a Deus &#8211; Nova Vers\u00e3o Internacional (NVI-PT).<\/figcaption><\/figure><\/div>\n\n\n<h2 class=\"wp-block-heading\">Salmos da B\u00edblia sobre Buscar a Deus<\/h2>\n\n\n\n<p>Explore os Salmos que nos inspiram a buscar a Deus. Estes vers\u00edculos atemporais servem como guia espiritual, iluminando nosso caminho na busca pelo Criador. Encontre inspira\u00e7\u00e3o, dire\u00e7\u00e3o e conforto nestes Salmos que aprofundam nossa conex\u00e3o com o divino.<\/p>\n\n\n\n<h3 class=\"wp-block-heading\">Salmos 9:10<\/h3>\n\n\n\n<p>Os que conhecem o teu nome confiam em ti, pois tu, Senhor, jamais abandonas os que te buscam.<\/p>\n\n\n\n<h3 class=\"wp-block-heading\">Salmos 14:2<\/h3>\n\n\n\n<p>O Senhor olha dos c\u00e9us para os filhos dos homens, para ver se h\u00e1 algu\u00e9m que tenha entendimento, algu\u00e9m que busque a Deus.<\/p>\n\n\n\n<h3 class=\"wp-block-heading\">Salmos 24:6<\/h3>\n\n\n\n<p>S\u00e3o assim aqueles que o buscam, que buscam a tua face, \u00f3 Deus de Jac\u00f3[a].Pausa<\/p>\n\n\n\n<h3 class=\"wp-block-heading\">Salmos 27:4<\/h3>\n\n\n\n<p>Uma coisa pedi ao Senhor; \u00e9 o que procuro: que eu possa viver na casa do Senhor todos os dias da minha vida, para contemplar a bondade do Senhor e buscar sua orienta\u00e7\u00e3o no seu templo.<\/p>\n\n\n\n<h3 class=\"wp-block-heading\">Salmos 27:8<\/h3>\n\n\n\n<p>A teu respeito diz o meu cora\u00e7\u00e3o: Busque a minha face! A tua face, Senhor, buscarei.<\/p>\n\n\n\n<h3 class=\"wp-block-heading\">Salmos 34:4<\/h3>\n\n\n\n<p>Busquei o Senhor, e ele me respondeu; livrou-me de todos os meus temores.<\/p>\n\n\n\n<h3 class=\"wp-block-heading\">Salmos 40:16<\/h3>\n\n\n\n<p>Mas regozijem-se e alegrem-se em ti todos os que te buscam; digam sempre aqueles que amam a tua salva\u00e7\u00e3o: \u201cGrande \u00e9 o Senhor!\u201d<\/p>\n\n\n\n<h3 class=\"wp-block-heading\">Salmos 53:2<\/h3>\n\n\n\n<p>Deus olha l\u00e1 dos c\u00e9us para os filhos dos homens, para ver se h\u00e1 algu\u00e9m que tenha entendimento, algu\u00e9m que busque a Deus.<\/p>\n\n\n\n<h3 class=\"wp-block-heading\">Salmos 63:1<\/h3>\n\n\n\n<p>\u00d3 Deus, tu \u00e9s o meu Deus, eu te busco intensamente; a minha alma tem sede de ti! Todo o meu ser anseia por ti, numa terra seca, exausta e sem \u00e1gua.<\/p>\n\n\n\n<h3 class=\"wp-block-heading\">Salmos 69:32<\/h3>\n\n\n\n<p>Os necessitados o ver\u00e3o e se alegrar\u00e3o; a voc\u00eas que buscam a Deus, vida ao seu cora\u00e7\u00e3o!<\/p>\n\n\n\n<h3 class=\"wp-block-heading\">Salmos 70:4<\/h3>\n\n\n\n<p>Mas regozijem-se e alegrem-se em ti todos os que te buscam; digam sempre os que amam a tua salva\u00e7\u00e3o: \u201cComo Deus \u00e9 grande!\u201d<\/p>\n\n\n\n<h3 class=\"wp-block-heading\">Salmos 77:2<\/h3>\n\n\n\n<p>Quando estou angustiado, busco o Senhor; de noite estendo as m\u00e3os sem cessar; a minha alma est\u00e1 inconsol\u00e1vel!<\/p>\n\n\n\n<h3 class=\"wp-block-heading\">Salmos 84:2<\/h3>\n\n\n\n<p>A minha alma anela, e at\u00e9 desfalece, pelos \u00e1trios do Senhor; o meu cora\u00e7\u00e3o e o meu corpo cantam de alegria ao Deus vivo.<\/p>\n\n\n\n<h3 class=\"wp-block-heading\">Salmos 105:3<\/h3>\n\n\n\n<p>Gloriem-se no seu santo nome; alegre-se o cora\u00e7\u00e3o dos que buscam o Senhor.<\/p>\n\n\n\n<h3 class=\"wp-block-heading\">Salmos 119:2<\/h3>\n\n\n\n<p>Como s\u00e3o felizes os que obedecem aos seus estatutos e de todo o cora\u00e7\u00e3o o buscam!<\/p>\n\n\n\n<h3 class=\"wp-block-heading\">Salmos 119:10<\/h3>\n\n\n\n<p>Eu te busco de todo o cora\u00e7\u00e3o; n\u00e3o permitas que eu me desvie dos teus mandamentos.<\/p>\n\n\n\n<h3 class=\"wp-block-heading\">Salmos 119:45<\/h3>\n\n\n\n<p>Andarei em verdadeira liberdade, pois tenho buscado os teus preceitos.<\/p>\n\n\n\n<h3 class=\"wp-block-heading\">Salmos 119:94<\/h3>\n\n\n\n<p>Salva-me, pois a ti perten\u00e7o e busco os teus preceitos!<\/p>\n\n\n\n<h3 class=\"wp-block-heading\">Salmos 119:155<\/h3>\n\n\n\n<p>A salva\u00e7\u00e3o est\u00e1 longe dos \u00edmpios, pois eles n\u00e3o buscam os teus decretos.<\/p>\n\n\n\n<h3 class=\"wp-block-heading\">Salmos 119:176<\/h3>\n\n\n\n<p>Andei vagando como ovelha perdida; vem em busca do teu servo, pois n\u00e3o me esqueci dos teus mandamentos.<\/p>\n\n\n\n<h3 class=\"wp-block-heading\">Salmos 138:3<\/h3>\n\n\n\n<p>Quando clamei, tu me respondeste; deste-me for\u00e7a e coragem.<\/p>\n\n\n\n<h3 class=\"wp-block-heading\">Salmos 138:3<\/h3>\n\n\n\n<p>Quando clamei, tu me respondeste; deste-me for\u00e7a e coragem.<\/p>\n\n\n\n<h3 class=\"wp-block-heading\">Salmos 145:18<\/h3>\n\n\n\n<p>O Senhor est\u00e1 perto de todos os que o invocam, de todos os que o invocam com sinceridade.<\/p>\n\n\n\n<h3 class=\"wp-block-heading\">Salmos 147:11<\/h3>\n\n\n\n<p>O Senhor se agrada dos que o temem, dos que colocam sua esperan\u00e7a no seu amor leal.<\/p>\n\n\n\n<h3 class=\"wp-block-heading\">Salmos 148:14<\/h3>\n\n\n\n<p>Ele concedeu poder ao seu povo, e recebeu louvor de todos os seus fi\u00e9is, dos israelitas, povo a quem ele tanto ama. Aleluia!<\/p>\n\n\n\n<h2 class=\"wp-block-heading\">Lee Tambi\u00e9n:<\/h2>\n\n\n\n<ul class=\"wp-block-list\">\n<li><a href=\"https:\/\/thebibleverses.org\/pt\/\">Vers\u00edculos por T\u00f3picos<\/a><\/li>\n\n\n\n<li><a href=\"https:\/\/thebibleverses.org\/pt\/amor\/\">Vers\u00edculos da B\u00edblia sobre o Amor<\/a><\/li>\n\n\n\n<li><a href=\"https:\/\/thebibleverses.org\/pt\/forca\/\">Vers\u00edculos da B\u00edblia sobre For\u00e7a<\/a><\/li>\n\n\n\n<li><a href=\"https:\/\/thebibleverses.org\/pt\/fe\/\">Vers\u00edculos B\u00edblicos sobre F\u00e9<\/a><\/li>\n\n\n\n<li><a href=\"https:\/\/thebibleverses.org\/pt\/jovens\/\">Vers\u00edculos da B\u00edblia para Jovens<\/a><\/li>\n\n\n\n<li><a href=\"https:\/\/thebibleverses.org\/pt\/amizade\/\">Vers\u00edculos da B\u00edblia sobre Amizade<\/a><\/li>\n\n\n\n<li><a href=\"https:\/\/thebibleverses.org\/pt\/cura\/\">Vers\u00edculos da B\u00edblia sobre Cura<\/a><\/li>\n<\/ul>\n","protected":false},"excerpt":{"rendered":"<p>Salmos da B\u00edblia sobre Buscar a Deus Explore os Salmos que nos inspiram a buscar a Deus. Estes vers\u00edculos atemporais servem como guia espiritual, iluminando nosso caminho na busca pelo Criador. Encontre inspira\u00e7\u00e3o, dire\u00e7\u00e3o e conforto nestes Salmos que aprofundam nossa conex\u00e3o com o divino. Salmos 9:10 Os que conhecem o teu nome confiam em [&hellip;]<\/p>\n","protected":false},"author":1,"featured_media":2304,"parent":0,"menu_order":0,"comment_status":"closed","ping_status":"closed","template":"","meta":{"footnotes":""},"class_list":["post-2303","page","type-page","status-publish","has-post-thumbnail","hentry","entry","fw-tab-6 fw-tabr-4"],"_links":{"self":[{"href":"https:\/\/thebibleverses.org\/pt\/wp-json\/wp\/v2\/pages\/2303","targetHints":{"allow":["GET"]}}],"collection":[{"href":"https:\/\/thebibleverses.org\/pt\/wp-json\/wp\/v2\/pages"}],"about":[{"href":"https:\/\/thebibleverses.org\/pt\/wp-json\/wp\/v2\/types\/page"}],"author":[{"embeddable":true,"href":"https:\/\/thebibleverses.org\/pt\/wp-json\/wp\/v2\/users\/1"}],"replies":[{"embeddable":true,"href":"https:\/\/thebibleverses.org\/pt\/wp-json\/wp\/v2\/comments?post=2303"}],"version-history":[{"count":1,"href":"https:\/\/thebibleverses.org\/pt\/wp-json\/wp\/v2\/pages\/2303\/revisions"}],"predecessor-version":[{"id":2305,"href":"https:\/\/thebibleverses.org\/pt\/wp-json\/wp\/v2\/pages\/2303\/revisions\/2305"}],"wp:featuredmedia":[{"embeddable":true,"href":"https:\/\/thebibleverses.org\/pt\/wp-json\/wp\/v2\/media\/2304"}],"wp:attachment":[{"href":"https:\/\/thebibleverses.org\/pt\/wp-json\/wp\/v2\/media?parent=2303"}],"curies":[{"name":"wp","href":"https:\/\/api.w.org\/{rel}","templated":true}]}}