{"id":23,"date":"2019-07-16T03:27:13","date_gmt":"2019-07-16T03:27:13","guid":{"rendered":"https:\/\/thebibleverses.org\/pt\/?page_id=23"},"modified":"2019-07-16T03:27:14","modified_gmt":"2019-07-16T03:27:14","slug":"politica-de-privacidade","status":"publish","type":"page","link":"https:\/\/thebibleverses.org\/pt\/politica-de-privacidade\/","title":{"rendered":"Pol\u00edtica de Privacidade"},"content":{"rendered":"\n<p>Esta Pol\u00edtica de Privacidade estabelece os termos nos quais a THEBIBLEVERSES.COM usa e protege as informa\u00e7\u00f5es fornecidas por seus usu\u00e1rios ao usar seu site. Esta empresa est\u00e1 comprometida com a seguran\u00e7a dos dados de seus usu\u00e1rios. Quando pedimos que voc\u00ea preencha os campos de informa\u00e7\u00f5es pessoais com os quais voc\u00ea pode ser identificado, fazemos isso garantindo que eles sejam usados \u200b\u200bapenas de acordo com os termos deste documento. No entanto, esta Pol\u00edtica de Privacidade pode mudar ao longo do tempo ou ser atualizada para o que recomendamos e n\u00f3s encorajamos voc\u00ea a rever continuamente esta p\u00e1gina para garantir que voc\u00ea concorda com essas mudan\u00e7as.<\/p>\n\n\n\n<h2 class=\"wp-block-heading\">Informa\u00e7\u00f5es coletadas<\/h2>\n\n\n\n<p>Nosso site pode coletar informa\u00e7\u00f5es pessoais, por exemplo: Nome, informa\u00e7\u00f5es de contato, como seu endere\u00e7o de e-mail e informa\u00e7\u00f5es demogr\u00e1ficas.&nbsp;Al\u00e9m disso, quando necess\u00e1rio, informa\u00e7\u00f5es espec\u00edficas podem ser necess\u00e1rias para processar um pedido ou fazer uma entrega ou um faturamento.<\/p>\n\n\n\n<h2 class=\"wp-block-heading\">Uso das informa\u00e7\u00f5es coletadas<\/h2>\n\n\n\n<p>Nosso site usa as informa\u00e7\u00f5es para fornecer o melhor servi\u00e7o poss\u00edvel, especialmente para manter um registro de usu\u00e1rios, pedidos, se aplic\u00e1vel, e melhorar nossos produtos e servi\u00e7os.&nbsp;Voc\u00ea pode ser enviado e-mails periodicamente atrav\u00e9s do nosso site com ofertas especiais, novos produtos e outras informa\u00e7\u00f5es consideradas relevantes para voc\u00ea ou podem fornecer algum benef\u00edcio, esses e-mails ser\u00e3o enviados para o endere\u00e7o fornecido, e pode ser cancelada em qualquer momento.<\/p>\n\n\n\n<p>A THEBIBLEVERSES.ORG est\u00e1 altamente comprometida em cumprir o compromisso de manter suas informa\u00e7\u00f5es seguras.\u00a0Usamos os sistemas mais avan\u00e7ados e os atualizamos constantemente para garantir que n\u00e3o haja acesso n\u00e3o autorizado.<\/p>\n\n\n\n<h2 class=\"wp-block-heading\">Cookies<\/h2>\n\n\n\n<p>Um cookie \u00e9 um arquivo que \u00e9 enviado para solicitar permiss\u00e3o para ser armazenado no seu computador, ao aceitar o arquivo \u00e9 criado e o cookie \u00e9 ent\u00e3o usado para obter informa\u00e7\u00f5es sobre o tr\u00e1fego na web, e tamb\u00e9m facilita futuras visitas a um web recorrente&nbsp;Outra fun\u00e7\u00e3o que os cookies t\u00eam \u00e9 que, com eles, a web pode reconhec\u00ea-lo individualmente e, portanto, fornecer o melhor servi\u00e7o personalizado em seu site.<\/p>\n\n\n\n<p>Nosso site usa cookies para identificar as p\u00e1ginas visitadas e sua frequ\u00eancia.&nbsp;Esta informa\u00e7\u00e3o \u00e9 usada apenas para an\u00e1lise estat\u00edstica e, em seguida, a informa\u00e7\u00e3o \u00e9 permanentemente exclu\u00edda.&nbsp;Voc\u00ea pode excluir cookies a qualquer momento do seu computador.&nbsp;No entanto, os cookies ajudam a fornecer um melhor servi\u00e7o para sites, voc\u00ea n\u00e3o d\u00e1 acesso a informa\u00e7\u00f5es em seu computador ou a voc\u00ea, a menos que voc\u00ea queira e forne\u00e7a diretamente.&nbsp;Voc\u00ea pode aceitar ou negar o uso de cookies, no entanto, a maioria dos navegadores aceita cookies automaticamente, pois serve para ter um servi\u00e7o da web melhor.&nbsp;Voc\u00ea tamb\u00e9m pode alterar a configura\u00e7\u00e3o do seu computador para recusar os cookies.&nbsp;Se voc\u00ea recusar, talvez n\u00e3o consiga usar alguns de nossos servi\u00e7os.<\/p>\n\n\n\n<h2 class=\"wp-block-heading\">Links para Terceiros<\/h2>\n\n\n\n<p>Este site pode conter links para outros sites que podem ser do seu interesse.&nbsp;Uma vez que voc\u00ea clicar nesses links e deixar o nosso site e n\u00e3o tem controle sobre o site que \u00e9 redirecionada e, portanto, n\u00e3o s\u00e3o respons\u00e1veis \u200b\u200bpor os termos ou privacidade ou prote\u00e7\u00e3o de seus dados em outros sites terceiros.&nbsp;Esses sites est\u00e3o sujeitos \u00e0s suas pr\u00f3prias pol\u00edticas de privacidade, por isso, \u00e9 recomend\u00e1vel consult\u00e1-los para confirmar se voc\u00ea concorda com eles.<\/p>\n\n\n\n<h2 class=\"wp-block-heading\">Controle de suas informa\u00e7\u00f5es pessoais<\/h2>\n\n\n\n<p>A qualquer momento, voc\u00ea pode restringir a coleta ou uso de informa\u00e7\u00f5es pessoais fornecidas ao nosso site.&nbsp;Cada vez que voc\u00ea \u00e9 solicitado a preencher um formul\u00e1rio, como o formul\u00e1rio de registro do usu\u00e1rio, voc\u00ea pode marcar ou desmarcar a op\u00e7\u00e3o de receber informa\u00e7\u00f5es por e-mail.&nbsp;Caso tenha marcado a op\u00e7\u00e3o de receber nossa newsletter ou publicidade, voc\u00ea pode cancel\u00e1-la a qualquer momento.<\/p>\n\n\n\n<p>Esta empresa n\u00e3o ir\u00e1 vender, atribuir ou distribuir informa\u00e7\u00f5es pessoais que s\u00e3o coletadas sem o seu consentimento, a menos que exigido por um juiz com uma ordem judicial.<\/p>\n\n\n\n<p>A THEBIBLEVERSES.ORG reserva-se o direito de alterar os termos desta Pol\u00edtica de Privacidade a qualquer momento.<\/p>\n","protected":false},"excerpt":{"rendered":"<p>Esta Pol\u00edtica de Privacidade estabelece os termos nos quais a THEBIBLEVERSES.COM usa e protege as informa\u00e7\u00f5es fornecidas por seus usu\u00e1rios ao usar seu site. Esta empresa est\u00e1 comprometida com a seguran\u00e7a dos dados de seus usu\u00e1rios. Quando pedimos que voc\u00ea preencha os campos de informa\u00e7\u00f5es pessoais com os quais voc\u00ea pode ser identificado, fazemos isso [&hellip;]<\/p>\n","protected":false},"author":1,"featured_media":0,"parent":0,"menu_order":0,"comment_status":"closed","ping_status":"closed","template":"","meta":{"footnotes":""},"class_list":["post-23","page","type-page","status-publish","hentry","entry","fw-tab-6 fw-tabr-4"],"_links":{"self":[{"href":"https:\/\/thebibleverses.org\/pt\/wp-json\/wp\/v2\/pages\/23","targetHints":{"allow":["GET"]}}],"collection":[{"href":"https:\/\/thebibleverses.org\/pt\/wp-json\/wp\/v2\/pages"}],"about":[{"href":"https:\/\/thebibleverses.org\/pt\/wp-json\/wp\/v2\/types\/page"}],"author":[{"embeddable":true,"href":"https:\/\/thebibleverses.org\/pt\/wp-json\/wp\/v2\/users\/1"}],"replies":[{"embeddable":true,"href":"https:\/\/thebibleverses.org\/pt\/wp-json\/wp\/v2\/comments?post=23"}],"version-history":[{"count":0,"href":"https:\/\/thebibleverses.org\/pt\/wp-json\/wp\/v2\/pages\/23\/revisions"}],"wp:attachment":[{"href":"https:\/\/thebibleverses.org\/pt\/wp-json\/wp\/v2\/media?parent=23"}],"curies":[{"name":"wp","href":"https:\/\/api.w.org\/{rel}","templated":true}]}}