{"id":2297,"date":"2023-09-09T17:22:03","date_gmt":"2023-09-09T17:22:03","guid":{"rendered":"https:\/\/thebibleverses.org\/pt\/?page_id=2297"},"modified":"2023-09-09T17:22:05","modified_gmt":"2023-09-09T17:22:05","slug":"salmos-fidelidade-de-deus","status":"publish","type":"page","link":"https:\/\/thebibleverses.org\/pt\/salmos-fidelidade-de-deus\/","title":{"rendered":"30 Salmos sobre a Fidelidade de Deus"},"content":{"rendered":"<div class=\"wp-block-image\">\n<figure class=\"aligncenter size-large\"><img decoding=\"async\" width=\"1024\" height=\"631\" data-src=\"https:\/\/thebibleverses.org\/pt\/wp-content\/uploads\/2023\/09\/salmos-sobre-a-fidelidade-de-deus-1024x631.webp\" alt=\"Salmos sobre a fidelidade de Deus\" class=\"wp-image-2298 lazyload\" data-srcset=\"https:\/\/thebibleverses.org\/pt\/wp-content\/uploads\/2023\/09\/salmos-sobre-a-fidelidade-de-deus-1024x631.webp 1024w, https:\/\/thebibleverses.org\/pt\/wp-content\/uploads\/2023\/09\/salmos-sobre-a-fidelidade-de-deus-300x185.webp 300w, https:\/\/thebibleverses.org\/pt\/wp-content\/uploads\/2023\/09\/salmos-sobre-a-fidelidade-de-deus-768x474.webp 768w, https:\/\/thebibleverses.org\/pt\/wp-content\/uploads\/2023\/09\/salmos-sobre-a-fidelidade-de-deus-320x197.webp 320w, https:\/\/thebibleverses.org\/pt\/wp-content\/uploads\/2023\/09\/salmos-sobre-a-fidelidade-de-deus-450x278.webp 450w, https:\/\/thebibleverses.org\/pt\/wp-content\/uploads\/2023\/09\/salmos-sobre-a-fidelidade-de-deus-720x444.webp 720w, https:\/\/thebibleverses.org\/pt\/wp-content\/uploads\/2023\/09\/salmos-sobre-a-fidelidade-de-deus.webp 1200w\" data-sizes=\"(max-width: 1024px) 100vw, 1024px\" src=\"data:image\/svg+xml;base64,PHN2ZyB3aWR0aD0iMSIgaGVpZ2h0PSIxIiB4bWxucz0iaHR0cDovL3d3dy53My5vcmcvMjAwMC9zdmciPjwvc3ZnPg==\" style=\"--smush-placeholder-width: 1024px; --smush-placeholder-aspect-ratio: 1024\/631;\" \/><figcaption class=\"wp-element-caption\">Salmos sobre a fidelidade de Deus &#8211; Nova Vers\u00e3o Internacional (NVI-PT).<\/figcaption><\/figure><\/div>\n\n\n<h2 class=\"wp-block-heading\">Salmos B\u00edblicos sobre a Fidelidade de Deus<\/h2>\n\n\n\n<p>Explore os Salmos que celebram a fidelidade de Deus, um testemunho de Seu compromisso inabal\u00e1vel e confiabilidade. Esses vers\u00edculos iluminam o caminho para uma vida enraizada em Seu amor constante. Mergulhe na profundidade da fidelidade divina presente nos Salmos e embarque em uma jornada de f\u00e9 inquebrant\u00e1vel.<\/p>\n\n\n\n<h3 class=\"wp-block-heading\">Salmos 13:5<\/h3>\n\n\n\n<p>Eu, por\u00e9m, confio em teu amor; o meu cora\u00e7\u00e3o exulta em tua salva\u00e7\u00e3o.<\/p>\n\n\n\n<h3 class=\"wp-block-heading\">Salmos 18:25<\/h3>\n\n\n\n<p>Ao fiel te revelas fiel, ao irrepreens\u00edvel te revelas irrepreens\u00edvel,<\/p>\n\n\n\n<h3 class=\"wp-block-heading\">Salmos 23:1<\/h3>\n\n\n\n<p>O Senhor \u00e9 o meu pastor; de nada terei falta.<\/p>\n\n\n\n<h3 class=\"wp-block-heading\">Salmos 25:10<\/h3>\n\n\n\n<p>Todos os caminhos do Senhor s\u00e3o amor e fidelidade para com os que cumprem os preceitos da sua alian\u00e7a.<\/p>\n\n\n\n<h3 class=\"wp-block-heading\">Salmos 31:5<\/h3>\n\n\n\n<p>Nas tuas m\u00e3os entrego o meu esp\u00edrito; resgata-me, Senhor, Deus da verdade.<\/p>\n\n\n\n<h3 class=\"wp-block-heading\">Salmos 33:4<\/h3>\n\n\n\n<p>Pois a palavra do Senhor \u00e9 verdadeira; ele \u00e9 fiel em tudo o que faz.<\/p>\n\n\n\n<h3 class=\"wp-block-heading\">Salmos 36:5<\/h3>\n\n\n\n<p>O teu amor, Senhor, chega at\u00e9 os c\u00e9us; a tua fidelidade at\u00e9 as nuvens.<\/p>\n\n\n\n<h3 class=\"wp-block-heading\">Salmos 40:10<\/h3>\n\n\n\n<p>N\u00e3o oculto no cora\u00e7\u00e3o a tua justi\u00e7a; falo da tua fidelidade e da tua salva\u00e7\u00e3o. N\u00e3o escondo da grande assembl\u00e9ia a tua fidelidade e a tua verdade.<\/p>\n\n\n\n<h3 class=\"wp-block-heading\">Salmos 57:10<\/h3>\n\n\n\n<p>Pois o teu amor \u00e9 t\u00e3o grande que alcan\u00e7a os c\u00e9us; a tua fidelidade vai at\u00e9 as nuvens.<\/p>\n\n\n\n<h3 class=\"wp-block-heading\">Salmos 71:22<\/h3>\n\n\n\n<p>E eu te louvarei com a lira por tua fidelidade, \u00f3 meu Deus; cantarei louvores a ti com a harpa, \u00f3 Santo de Israel.<\/p>\n\n\n\n<h3 class=\"wp-block-heading\">Salmos 86:15<\/h3>\n\n\n\n<p>Mas tu, Senhor, \u00e9s Deus compassivo e misericordioso, muito paciente, rico em amor e em fidelidade.<\/p>\n\n\n\n<h3 class=\"wp-block-heading\">Salmos 89:1<\/h3>\n\n\n\n<p>Cantarei para sempre o amor do Senhor; com minha boca anunciarei a tua fidelidade por todas as gera\u00e7\u00f5es.<\/p>\n\n\n\n<h3 class=\"wp-block-heading\">Salmos 89:8<\/h3>\n\n\n\n<p>\u00d3 Senhor, Deus dos Ex\u00e9rcitos, quem \u00e9 semelhante a ti? \u00c9s poderoso, Senhor, envolto em tua fidelidade.<\/p>\n\n\n\n<h3 class=\"wp-block-heading\">Salmos 89:24<\/h3>\n\n\n\n<p>A minha fidelidade e o meu amor o acompanhar\u00e3o, e pelo meu nome aumentar\u00e1 o seu poder.<\/p>\n\n\n\n<h3 class=\"wp-block-heading\">Salmos 92:2<\/h3>\n\n\n\n<p>Anunciar de manh\u00e3 o teu amor leal e de noite a tua fidelidade,<\/p>\n\n\n\n<h3 class=\"wp-block-heading\">Salmos 96:13<\/h3>\n\n\n\n<p>Cantem diante do Senhor, porque ele vem, vem julgar a terra; julgar\u00e1 o mundo com justi\u00e7a e os povos, com a sua fidelidade!<\/p>\n\n\n\n<h3 class=\"wp-block-heading\">Salmos 98:3<\/h3>\n\n\n\n<p>Ele se lembrou do seu amor leal e da sua fidelidade para com a casa de Israel; todos os confins da terra viram a vit\u00f3ria do nosso Deus.<\/p>\n\n\n\n<h3 class=\"wp-block-heading\">Salmos 100:5<\/h3>\n\n\n\n<p>Pois o Senhor \u00e9 bom e o seu amor leal \u00e9 eterno; a sua fidelidade permanece por todas as gera\u00e7\u00f5es.<\/p>\n\n\n\n<h3 class=\"wp-block-heading\">Salmos 108:4<\/h3>\n\n\n\n<p>Porque o teu amor leal se eleva muito acima dos c\u00e9us; a tua fidelidade alcan\u00e7a as nuvens!<\/p>\n\n\n\n<h3 class=\"wp-block-heading\">Salmos 115:1<\/h3>\n\n\n\n<p>N\u00e3o a n\u00f3s, Senhor, nenhuma gl\u00f3ria para n\u00f3s, mas sim ao teu nome, por teu amor e por tua fidelidade!<\/p>\n\n\n\n<h3 class=\"wp-block-heading\">Salmos 117:2<\/h3>\n\n\n\n<p>Porque imenso \u00e9 o seu amor leal por n\u00f3s, e a fidelidade do Senhor dura para sempre. Aleluia!<\/p>\n\n\n\n<h3 class=\"wp-block-heading\">Salmos 119:138<\/h3>\n\n\n\n<p>Ordenaste os teus testemunhos com justi\u00e7a; dignos s\u00e3o de inteira confian\u00e7a!<\/p>\n\n\n\n<h3 class=\"wp-block-heading\">Salmos 119:142<\/h3>\n\n\n\n<p>A tua justi\u00e7a \u00e9 eterna, e a tua lei \u00e9 a verdade.<\/p>\n\n\n\n<h3 class=\"wp-block-heading\">Salmos 136:1<\/h3>\n\n\n\n<p>D\u00eaem gra\u00e7as ao Senhor, porque ele \u00e9 bom. O seu amor dura para sempre!<\/p>\n\n\n\n<h3 class=\"wp-block-heading\">Salmos 138:2<\/h3>\n\n\n\n<p>Voltado para o teu santo templo eu me prostrarei e renderei gra\u00e7as ao teu nome, por causa do teu amor e da tua fidelidade; pois exaltaste acima de todas as coisas o teu nome e a tua palavra.<\/p>\n\n\n\n<h3 class=\"wp-block-heading\">Salmos 143:1<\/h3>\n\n\n\n<p>Ouve, Senhor, a minha ora\u00e7\u00e3o, d\u00e1 ouvidos \u00e0 minha s\u00faplica; responde-me por tua fidelidade e por tua justi\u00e7a.<\/p>\n\n\n\n<h3 class=\"wp-block-heading\">Salmos 145:13<\/h3>\n\n\n\n<p>O teu reino \u00e9 reino eterno, e o teu dom\u00ednio permanece de gera\u00e7\u00e3o em gera\u00e7\u00e3o. O Senhor \u00e9 fiel em todas as suas promessas e \u00e9 bondoso em tudo o que faz.<\/p>\n\n\n\n<h3 class=\"wp-block-heading\">Salmos 146:6<\/h3>\n\n\n\n<p>Que fez os c\u00e9us e a terra, o mar e tudo o que neles h\u00e1, e que mant\u00e9m a sua fidelidade para sempre!<\/p>\n\n\n\n<h3 class=\"wp-block-heading\">Salmos 146:7<\/h3>\n\n\n\n<p>Ele defende a causa dos oprimidos e d\u00e1 alimento aos famintos. O Senhor liberta os presos,<\/p>\n\n\n\n<h3 class=\"wp-block-heading\">Salmos 146:8<\/h3>\n\n\n\n<p>O Senhor d\u00e1 vista aos cegos, o Senhor levanta os abatidos, o Senhor ama os justos.<\/p>\n\n\n\n<h2 class=\"wp-block-heading\">Lee Tambi\u00e9n:<\/h2>\n\n\n\n<ul class=\"wp-block-list\">\n<li><a href=\"https:\/\/thebibleverses.org\/pt\/\">Vers\u00edculos por T\u00f3picos<\/a><\/li>\n\n\n\n<li><a href=\"https:\/\/thebibleverses.org\/pt\/amor\/\">Vers\u00edculos da B\u00edblia sobre o Amor<\/a><\/li>\n\n\n\n<li><a href=\"https:\/\/thebibleverses.org\/pt\/forca\/\">Vers\u00edculos da B\u00edblia sobre For\u00e7a<\/a><\/li>\n\n\n\n<li><a href=\"https:\/\/thebibleverses.org\/pt\/fe\/\">Vers\u00edculos B\u00edblicos sobre F\u00e9<\/a><\/li>\n\n\n\n<li><a href=\"https:\/\/thebibleverses.org\/pt\/jovens\/\">Vers\u00edculos da B\u00edblia para Jovens<\/a><\/li>\n\n\n\n<li><a href=\"https:\/\/thebibleverses.org\/pt\/amizade\/\">Vers\u00edculos da B\u00edblia sobre Amizade<\/a><\/li>\n\n\n\n<li><a href=\"https:\/\/thebibleverses.org\/pt\/cura\/\">Vers\u00edculos da B\u00edblia sobre Cura<\/a><\/li>\n<\/ul>\n","protected":false},"excerpt":{"rendered":"<p>Salmos B\u00edblicos sobre a Fidelidade de Deus Explore os Salmos que celebram a fidelidade de Deus, um testemunho de Seu compromisso inabal\u00e1vel e confiabilidade. Esses vers\u00edculos iluminam o caminho para uma vida enraizada em Seu amor constante. Mergulhe na profundidade da fidelidade divina presente nos Salmos e embarque em uma jornada de f\u00e9 inquebrant\u00e1vel. Salmos [&hellip;]<\/p>\n","protected":false},"author":1,"featured_media":2298,"parent":0,"menu_order":0,"comment_status":"closed","ping_status":"closed","template":"","meta":{"footnotes":""},"class_list":["post-2297","page","type-page","status-publish","has-post-thumbnail","hentry","entry","fw-tab-6 fw-tabr-4"],"_links":{"self":[{"href":"https:\/\/thebibleverses.org\/pt\/wp-json\/wp\/v2\/pages\/2297","targetHints":{"allow":["GET"]}}],"collection":[{"href":"https:\/\/thebibleverses.org\/pt\/wp-json\/wp\/v2\/pages"}],"about":[{"href":"https:\/\/thebibleverses.org\/pt\/wp-json\/wp\/v2\/types\/page"}],"author":[{"embeddable":true,"href":"https:\/\/thebibleverses.org\/pt\/wp-json\/wp\/v2\/users\/1"}],"replies":[{"embeddable":true,"href":"https:\/\/thebibleverses.org\/pt\/wp-json\/wp\/v2\/comments?post=2297"}],"version-history":[{"count":1,"href":"https:\/\/thebibleverses.org\/pt\/wp-json\/wp\/v2\/pages\/2297\/revisions"}],"predecessor-version":[{"id":2299,"href":"https:\/\/thebibleverses.org\/pt\/wp-json\/wp\/v2\/pages\/2297\/revisions\/2299"}],"wp:featuredmedia":[{"embeddable":true,"href":"https:\/\/thebibleverses.org\/pt\/wp-json\/wp\/v2\/media\/2298"}],"wp:attachment":[{"href":"https:\/\/thebibleverses.org\/pt\/wp-json\/wp\/v2\/media?parent=2297"}],"curies":[{"name":"wp","href":"https:\/\/api.w.org\/{rel}","templated":true}]}}