{"id":2293,"date":"2023-09-09T16:56:57","date_gmt":"2023-09-09T16:56:57","guid":{"rendered":"https:\/\/thebibleverses.org\/pt\/?page_id=2293"},"modified":"2023-09-09T17:00:08","modified_gmt":"2023-09-09T17:00:08","slug":"salmos-de-forca","status":"publish","type":"page","link":"https:\/\/thebibleverses.org\/pt\/salmos-de-forca\/","title":{"rendered":"40 Salmos de For\u00e7a"},"content":{"rendered":"<div class=\"wp-block-image\">\n<figure class=\"aligncenter size-large\"><img decoding=\"async\" width=\"1024\" height=\"631\" data-src=\"https:\/\/thebibleverses.org\/pt\/wp-content\/uploads\/2023\/09\/Salmos-de-Forca-1024x631.jpg\" alt=\"Salmos de For\u00e7a\" class=\"wp-image-2294 lazyload\" data-srcset=\"https:\/\/thebibleverses.org\/pt\/wp-content\/uploads\/2023\/09\/Salmos-de-Forca-1024x631.jpg 1024w, https:\/\/thebibleverses.org\/pt\/wp-content\/uploads\/2023\/09\/Salmos-de-Forca-300x185.jpg 300w, https:\/\/thebibleverses.org\/pt\/wp-content\/uploads\/2023\/09\/Salmos-de-Forca-768x474.jpg 768w, https:\/\/thebibleverses.org\/pt\/wp-content\/uploads\/2023\/09\/Salmos-de-Forca-320x197.jpg 320w, https:\/\/thebibleverses.org\/pt\/wp-content\/uploads\/2023\/09\/Salmos-de-Forca-450x278.jpg 450w, https:\/\/thebibleverses.org\/pt\/wp-content\/uploads\/2023\/09\/Salmos-de-Forca-720x444.jpg 720w, https:\/\/thebibleverses.org\/pt\/wp-content\/uploads\/2023\/09\/Salmos-de-Forca.jpg 1200w\" data-sizes=\"(max-width: 1024px) 100vw, 1024px\" src=\"data:image\/svg+xml;base64,PHN2ZyB3aWR0aD0iMSIgaGVpZ2h0PSIxIiB4bWxucz0iaHR0cDovL3d3dy53My5vcmcvMjAwMC9zdmciPjwvc3ZnPg==\" style=\"--smush-placeholder-width: 1024px; --smush-placeholder-aspect-ratio: 1024\/631;\" \/><figcaption class=\"wp-element-caption\">Salmos de For\u00e7a &#8211; Nova Vers\u00e3o Internacional (NVI-PT).<\/figcaption><\/figure><\/div>\n\n\n<h2 class=\"wp-block-heading\">Salmos de For\u00e7a em Deus em Tempos Dif\u00edceis<\/h2>\n\n\n\n<p>Fortale\u00e7a sua alma com os Salmos de For\u00e7a. Esses vers\u00edculos atemporais s\u00e3o uma fonte de inspira\u00e7\u00e3o, resili\u00eancia e coragem em meio aos desafios da vida. Explore mensagens que elevam o esp\u00edrito e descubra uma fonte de for\u00e7a interior inquebrant\u00e1vel. <\/p>\n\n\n\n<h3 class=\"wp-block-heading\">Salmos 18:1<\/h3>\n\n\n\n<p>Eu te amo, \u00f3 Senhor, minha for\u00e7a.<\/p>\n\n\n\n<h3 class=\"wp-block-heading\">Salmos 18:2<\/h3>\n\n\n\n<p>O Senhor \u00e9 a minha rocha, a minha fortaleza e o meu libertador; o meu Deus \u00e9 o meu rochedo, em quem me refugio. Ele \u00e9 o meu escudo e o poder que me salva, a minha torre alta.<\/p>\n\n\n\n<h3 class=\"wp-block-heading\">Salmos 18:32<\/h3>\n\n\n\n<p>Ele \u00e9 o Deus que me reveste de for\u00e7a e torna perfeito o meu caminho.<\/p>\n\n\n\n<h3 class=\"wp-block-heading\">Salmos 18:39<\/h3>\n\n\n\n<p>Deste-me for\u00e7a para o combate; subjugaste os que se rebelaram contra mim.<\/p>\n\n\n\n<h3 class=\"wp-block-heading\">Salmos 22:19<\/h3>\n\n\n\n<p>Tu, por\u00e9m, Senhor, n\u00e3o fiques distante! \u00d3 minha for\u00e7a, vem logo em meu socorro!<\/p>\n\n\n\n<h3 class=\"wp-block-heading\">Salmos 27:1<\/h3>\n\n\n\n<p>O Senhor \u00e9 a minha luz e a minha salva\u00e7\u00e3o; de quem terei temor? O Senhor \u00e9 o meu forte ref\u00fagio; de quem terei medo?<\/p>\n\n\n\n<h3 class=\"wp-block-heading\">Salmos 28:7<\/h3>\n\n\n\n<p>O Senhor \u00e9 a minha for\u00e7a e o meu escudo; nele o meu cora\u00e7\u00e3o confia, e dele recebo ajuda. Meu cora\u00e7\u00e3o exulta de alegria, e com o meu c\u00e2ntico lhe darei gra\u00e7as.<\/p>\n\n\n\n<h3 class=\"wp-block-heading\">Salmos 29:11<\/h3>\n\n\n\n<p>O Senhor d\u00e1 for\u00e7a ao seu povo; o Senhor d\u00e1 a seu povo a b\u00ean\u00e7\u00e3o da paz.<\/p>\n\n\n\n<h3 class=\"wp-block-heading\">Salmos 31:2<\/h3>\n\n\n\n<p>Inclina os teus ouvidos para mim, vem livrar-me depressa! S\u00ea minha rocha de ref\u00fagio, uma fortaleza poderosa para me salvar.<\/p>\n\n\n\n<h3 class=\"wp-block-heading\">Salmos 31:3<\/h3>\n\n\n\n<p>Sim, tu \u00e9s a minha rocha e a minha fortaleza; por amor do teu nome, conduze-me e guia-me.<\/p>\n\n\n\n<h3 class=\"wp-block-heading\">Salmos 31:4<\/h3>\n\n\n\n<p>Tira-me da armadilha que me prepararam, pois tu \u00e9s o meu ref\u00fagio.<\/p>\n\n\n\n<h3 class=\"wp-block-heading\">Salmos 37:39<\/h3>\n\n\n\n<p>Do Senhor vem a salva\u00e7\u00e3o dos justos; ele \u00e9 a sua fortaleza na hora da adversidade.<\/p>\n\n\n\n<h3 class=\"wp-block-heading\">Salmos 46:1<\/h3>\n\n\n\n<p>Deus \u00e9 o nosso ref\u00fagio e a nossa fortaleza, aux\u00edlio sempre presente na adversidade.<\/p>\n\n\n\n<h3 class=\"wp-block-heading\">Salmos 59:9<\/h3>\n\n\n\n<p>\u00d3 tu, minha for\u00e7a, por ti vou aguardar; tu, \u00f3 Deus, \u00e9s o meu alto ref\u00fagio.<\/p>\n\n\n\n<h3 class=\"wp-block-heading\">Salmos 59:17<\/h3>\n\n\n\n<p>\u00d3 minha for\u00e7a, canto louvores a ti; tu \u00e9s, \u00f3 Deus, o meu alto ref\u00fagio, o Deus que me ama.<\/p>\n\n\n\n<h3 class=\"wp-block-heading\">Salmos 61:3<\/h3>\n\n\n\n<p>Pois tu tens sido o meu ref\u00fagio, uma torre forte contra o inimigo.<\/p>\n\n\n\n<h3 class=\"wp-block-heading\">Salmos 62:7<\/h3>\n\n\n\n<p>A minha salva\u00e7\u00e3o e a minha honra de Deus dependem; ele \u00e9 a minha rocha firme, o meu ref\u00fagio.<\/p>\n\n\n\n<h3 class=\"wp-block-heading\">Salmos 71:3<\/h3>\n\n\n\n<p>Pe\u00e7o-te que sejas a minha rocha de ref\u00fagio, para onde eu sempre possa ir; d\u00e1 ordem para que me libertem, pois \u00e9s a minha rocha e a minha fortaleza.<\/p>\n\n\n\n<h3 class=\"wp-block-heading\">Salmos 71:7<\/h3>\n\n\n\n<p>Tornei-me um exemplo para muitos, porque tu \u00e9s o meu ref\u00fagio seguro.<\/p>\n\n\n\n<h3 class=\"wp-block-heading\">Salmos 73:26<\/h3>\n\n\n\n<p>O meu corpo e o meu cora\u00e7\u00e3o poder\u00e3o fraquejar, mas Deus \u00e9 a for\u00e7a do meu cora\u00e7\u00e3o e a minha heran\u00e7a para sempre.<\/p>\n\n\n\n<h3 class=\"wp-block-heading\">Salmos 81:1<\/h3>\n\n\n\n<p>Cantem de alegria a Deus, nossa for\u00e7a; aclamem o Deus de Jac\u00f3!<\/p>\n\n\n\n<h3 class=\"wp-block-heading\">Salmos 84:5<\/h3>\n\n\n\n<p>Como s\u00e3o felizes os que em ti encontram sua for\u00e7a, e os que s\u00e3o peregrinos de cora\u00e7\u00e3o!<\/p>\n\n\n\n<h3 class=\"wp-block-heading\">Salmos 84:7<\/h3>\n\n\n\n<p>Prosseguem o caminho de for\u00e7a em for\u00e7a, at\u00e9 que cada um se apresente a Deus em Si\u00e3o.<\/p>\n\n\n\n<h3 class=\"wp-block-heading\">Salmos 89:21<\/h3>\n\n\n\n<p>A minha m\u00e3o o suster\u00e1, e o meu bra\u00e7o o far\u00e1 forte.<\/p>\n\n\n\n<h3 class=\"wp-block-heading\">Salmos 89:26<\/h3>\n\n\n\n<p>Ele me dir\u00e1: \u2018Tu \u00e9s o meu Pai, o meu Deus, a Rocha que me salva\u2019.<\/p>\n\n\n\n<h3 class=\"wp-block-heading\">Salmos 89:40<\/h3>\n\n\n\n<p>Derrubaste todos os seus muros e reduziste a ru\u00ednas as suas fortalezas.<\/p>\n\n\n\n<h3 class=\"wp-block-heading\">Salmos 91:2<\/h3>\n\n\n\n<p>Pode dizer ao Senhor: \u201cTu \u00e9s o meu ref\u00fagio e a minha fortaleza, o meu Deus, em quem confio\u201d.<\/p>\n\n\n\n<h3 class=\"wp-block-heading\">Salmos 94:22<\/h3>\n\n\n\n<p>Mas o Senhor \u00e9 a minha torre segura; o meu Deus \u00e9 a rocha em que encontro ref\u00fagio.<\/p>\n\n\n\n<h3 class=\"wp-block-heading\">Salmos 95:1<\/h3>\n\n\n\n<p>Venham! Cantemos ao Senhor com alegria! Aclamemos a Rocha da nossa salva\u00e7\u00e3o.<\/p>\n\n\n\n<h3 class=\"wp-block-heading\">Salmos 96:6<\/h3>\n\n\n\n<p>Majestade e esplendor est\u00e3o diante dele, poder e dignidade, no seu santu\u00e1rio.<\/p>\n\n\n\n<h3 class=\"wp-block-heading\">Salmos 105:4<\/h3>\n\n\n\n<p>Recorram ao Senhor e ao seu poder; busquem sempre a sua presen\u00e7a.<\/p>\n\n\n\n<h3 class=\"wp-block-heading\">Salmos 118:14<\/h3>\n\n\n\n<p>O Senhor \u00e9 a minha for\u00e7a e o meu c\u00e2ntico; ele \u00e9 a minha salva\u00e7\u00e3o.<\/p>\n\n\n\n<h3 class=\"wp-block-heading\">Salmos 118:19<\/h3>\n\n\n\n<p>Abram as portas da justi\u00e7a para mim, pois quero entrar para dar gra\u00e7as ao Senhor.<\/p>\n\n\n\n<h3 class=\"wp-block-heading\">Salmos 118:22<\/h3>\n\n\n\n<p>A pedra que os construtores rejeitaram tornou-se a pedra angular.<\/p>\n\n\n\n<h3 class=\"wp-block-heading\">Salmos 118:27<\/h3>\n\n\n\n<p>O Senhor \u00e9 Deus, e ele fez resplandecer sobre n\u00f3s a sua luz. Juntem-se ao cortejo festivo, levando ramos at\u00e9 as pontas do altar.<\/p>\n\n\n\n<h3 class=\"wp-block-heading\">Salmos 119:28<\/h3>\n\n\n\n<p>A minha alma se consome de tristeza; fortalece-me conforme a tua promessa.<\/p>\n\n\n\n<h3 class=\"wp-block-heading\">Salmos 144:1<\/h3>\n\n\n\n<p>Bendito seja o Senhor, a minha Rocha, que treina as minhas m\u00e3os para a guerra e os meus dedos para a batalha.<\/p>\n\n\n\n<h3 class=\"wp-block-heading\">Salmos 144:2<\/h3>\n\n\n\n<p>Ele \u00e9 o meu aliado fiel, a minha fortaleza, a minha torre de prote\u00e7\u00e3o e o meu libertador, \u00e9 o meu escudo, aquele em quem me refugio. Ele subjuga a mim os povos.<\/p>\n\n\n\n<h3 class=\"wp-block-heading\">Salmos 144:10<\/h3>\n\n\n\n<p>Para aquele que d\u00e1 vit\u00f3ria aos reis, que livra o seu servo Davi da espada mortal.<\/p>\n\n\n\n<h3 class=\"wp-block-heading\">Salmos 147:13<\/h3>\n\n\n\n<p>Pois ele refor\u00e7ou as trancas de suas portas e aben\u00e7oou o seu povo, que l\u00e1 habita.<\/p>\n\n\n\n<h2 class=\"wp-block-heading\">Lee Tambi\u00e9n:<\/h2>\n\n\n\n<ul class=\"wp-block-list\">\n<li><a href=\"https:\/\/thebibleverses.org\/pt\/\">Vers\u00edculos por T\u00f3picos<\/a><\/li>\n\n\n\n<li><a href=\"https:\/\/thebibleverses.org\/pt\/amor\/\">Vers\u00edculos da B\u00edblia sobre o Amor<\/a><\/li>\n\n\n\n<li><a href=\"https:\/\/thebibleverses.org\/pt\/forca\/\">Vers\u00edculos da B\u00edblia sobre For\u00e7a<\/a><\/li>\n\n\n\n<li><a href=\"https:\/\/thebibleverses.org\/pt\/fe\/\">Vers\u00edculos B\u00edblicos sobre F\u00e9<\/a><\/li>\n\n\n\n<li><a href=\"https:\/\/thebibleverses.org\/pt\/jovens\/\">Vers\u00edculos da B\u00edblia para Jovens<\/a><\/li>\n\n\n\n<li><a href=\"https:\/\/thebibleverses.org\/pt\/amizade\/\">Vers\u00edculos da B\u00edblia sobre Amizade<\/a><\/li>\n\n\n\n<li><a href=\"https:\/\/thebibleverses.org\/pt\/cura\/\">Vers\u00edculos da B\u00edblia sobre Cura<\/a><\/li>\n<\/ul>\n","protected":false},"excerpt":{"rendered":"<p>Salmos de For\u00e7a em Deus em Tempos Dif\u00edceis Fortale\u00e7a sua alma com os Salmos de For\u00e7a. Esses vers\u00edculos atemporais s\u00e3o uma fonte de inspira\u00e7\u00e3o, resili\u00eancia e coragem em meio aos desafios da vida. Explore mensagens que elevam o esp\u00edrito e descubra uma fonte de for\u00e7a interior inquebrant\u00e1vel. Salmos 18:1 Eu te amo, \u00f3 Senhor, minha [&hellip;]<\/p>\n","protected":false},"author":1,"featured_media":2294,"parent":0,"menu_order":0,"comment_status":"closed","ping_status":"closed","template":"","meta":{"footnotes":""},"class_list":["post-2293","page","type-page","status-publish","has-post-thumbnail","hentry","entry","fw-tab-6 fw-tabr-4"],"_links":{"self":[{"href":"https:\/\/thebibleverses.org\/pt\/wp-json\/wp\/v2\/pages\/2293","targetHints":{"allow":["GET"]}}],"collection":[{"href":"https:\/\/thebibleverses.org\/pt\/wp-json\/wp\/v2\/pages"}],"about":[{"href":"https:\/\/thebibleverses.org\/pt\/wp-json\/wp\/v2\/types\/page"}],"author":[{"embeddable":true,"href":"https:\/\/thebibleverses.org\/pt\/wp-json\/wp\/v2\/users\/1"}],"replies":[{"embeddable":true,"href":"https:\/\/thebibleverses.org\/pt\/wp-json\/wp\/v2\/comments?post=2293"}],"version-history":[{"count":2,"href":"https:\/\/thebibleverses.org\/pt\/wp-json\/wp\/v2\/pages\/2293\/revisions"}],"predecessor-version":[{"id":2296,"href":"https:\/\/thebibleverses.org\/pt\/wp-json\/wp\/v2\/pages\/2293\/revisions\/2296"}],"wp:featuredmedia":[{"embeddable":true,"href":"https:\/\/thebibleverses.org\/pt\/wp-json\/wp\/v2\/media\/2294"}],"wp:attachment":[{"href":"https:\/\/thebibleverses.org\/pt\/wp-json\/wp\/v2\/media?parent=2293"}],"curies":[{"name":"wp","href":"https:\/\/api.w.org\/{rel}","templated":true}]}}