{"id":2290,"date":"2023-09-08T23:23:31","date_gmt":"2023-09-08T23:23:31","guid":{"rendered":"https:\/\/thebibleverses.org\/pt\/?page_id=2290"},"modified":"2023-09-08T23:23:33","modified_gmt":"2023-09-08T23:23:33","slug":"salmos-bondade-de-deus","status":"publish","type":"page","link":"https:\/\/thebibleverses.org\/pt\/salmos-bondade-de-deus\/","title":{"rendered":"45 Salmos sobre a Bondade de Deus"},"content":{"rendered":"<div class=\"wp-block-image\">\n<figure class=\"aligncenter size-large\"><img decoding=\"async\" width=\"1024\" height=\"631\" data-src=\"https:\/\/thebibleverses.org\/pt\/wp-content\/uploads\/2023\/09\/Salmos-sobre-a-Bondade-de-Deus-1024x631.jpg\" alt=\"Salmos sobre a Bondade de Deus\" class=\"wp-image-2291 lazyload\" data-srcset=\"https:\/\/thebibleverses.org\/pt\/wp-content\/uploads\/2023\/09\/Salmos-sobre-a-Bondade-de-Deus-1024x631.jpg 1024w, https:\/\/thebibleverses.org\/pt\/wp-content\/uploads\/2023\/09\/Salmos-sobre-a-Bondade-de-Deus-300x185.jpg 300w, https:\/\/thebibleverses.org\/pt\/wp-content\/uploads\/2023\/09\/Salmos-sobre-a-Bondade-de-Deus-768x474.jpg 768w, https:\/\/thebibleverses.org\/pt\/wp-content\/uploads\/2023\/09\/Salmos-sobre-a-Bondade-de-Deus-320x197.jpg 320w, https:\/\/thebibleverses.org\/pt\/wp-content\/uploads\/2023\/09\/Salmos-sobre-a-Bondade-de-Deus-450x278.jpg 450w, https:\/\/thebibleverses.org\/pt\/wp-content\/uploads\/2023\/09\/Salmos-sobre-a-Bondade-de-Deus-720x444.jpg 720w, https:\/\/thebibleverses.org\/pt\/wp-content\/uploads\/2023\/09\/Salmos-sobre-a-Bondade-de-Deus.jpg 1200w\" data-sizes=\"(max-width: 1024px) 100vw, 1024px\" src=\"data:image\/svg+xml;base64,PHN2ZyB3aWR0aD0iMSIgaGVpZ2h0PSIxIiB4bWxucz0iaHR0cDovL3d3dy53My5vcmcvMjAwMC9zdmciPjwvc3ZnPg==\" style=\"--smush-placeholder-width: 1024px; --smush-placeholder-aspect-ratio: 1024\/631;\" \/><figcaption class=\"wp-element-caption\">Salmos sobre a Bondade de Deus &#8211; Nova Vers\u00e3o Internacional (NVI-PT).<\/figcaption><\/figure><\/div>\n\n\n<h2 class=\"wp-block-heading\">Salmos sobre a Bondade de Deus na B\u00edblia<\/h2>\n\n\n\n<p>Explore a profunda bondade de Deus por meio dos Salmos. Esses vers\u00edculos sinceros revelam a imensid\u00e3o do Seu amor e compaix\u00e3o, oferecendo conforto nos momentos de necessidade. Mergulhe na riqueza da bondade divina presente nos Salmos e embarque em uma jornada de f\u00e9 inabal\u00e1vel.<\/p>\n\n\n\n<h3 class=\"wp-block-heading\">Salmos 25:8<\/h3>\n\n\n\n<p>Bom e justo \u00e9 o Senhor; por isso mostra o caminho aos pecadores.<\/p>\n\n\n\n<h3 class=\"wp-block-heading\">Salmos 31:19<\/h3>\n\n\n\n<p>Como \u00e9 grande a tua bondade, que reservaste para aqueles que te temem, e que, \u00e0 vista dos homens, concedes \u00e0queles que se refugiam em ti!<\/p>\n\n\n\n<h3 class=\"wp-block-heading\">Salmos 33:5<\/h3>\n\n\n\n<p>Ele ama a justi\u00e7a e a retid\u00e3o; a terra est\u00e1 cheia da bondade do Senhor.<\/p>\n\n\n\n<h3 class=\"wp-block-heading\">Salmos 34:8<\/h3>\n\n\n\n<p>Provem, e vejam como o Senhor \u00e9 bom. Como \u00e9 feliz o homem que nele se refugia!<\/p>\n\n\n\n<h3 class=\"wp-block-heading\">Salmos 36:7<\/h3>\n\n\n\n<p>Como \u00e9 precioso o teu amor, \u00f3 Deus! Os homens encontram ref\u00fagio \u00e0 sombra das tuas asas.<\/p>\n\n\n\n<h3 class=\"wp-block-heading\">Salmos 52:1<\/h3>\n\n\n\n<p>Por que voc\u00ea se vangloria do mal e de ultrajar a Deus continuamente?, \u00f3 homem poderoso!<\/p>\n\n\n\n<h3 class=\"wp-block-heading\">Salmos 69:16<\/h3>\n\n\n\n<p>Responde-me, Senhor, pela bondade do teu amor; por tua grande miseric\u00f3rdia, volta-te para mim.<\/p>\n\n\n\n<h3 class=\"wp-block-heading\">Salmos 86:5<\/h3>\n\n\n\n<p>Tu \u00e9s bondoso e perdoador, Senhor, rico em gra\u00e7a para com todos os que te invocam.<\/p>\n\n\n\n<h3 class=\"wp-block-heading\">Salmos 89:1<\/h3>\n\n\n\n<p>Cantarei para sempre o amor do Senhor; com minha boca anunciarei a tua fidelidade por todas as gera\u00e7\u00f5es.<\/p>\n\n\n\n<h3 class=\"wp-block-heading\">Salmos 100:5<\/h3>\n\n\n\n<p>Pois o Senhor \u00e9 bom e o seu amor leal \u00e9 eterno; a sua fidelidade permanece por todas as gera\u00e7\u00f5es.<\/p>\n\n\n\n<h3 class=\"wp-block-heading\">Salmos 103:4<\/h3>\n\n\n\n<p>Que resgata a sua vida da sepultura e o coroa de bondade e compaix\u00e3o,<\/p>\n\n\n\n<h3 class=\"wp-block-heading\">Salmos 106:1<\/h3>\n\n\n\n<p>Aleluia! D\u00eaem gra\u00e7as ao Senhor porque ele \u00e9 bom; o seu amor dura para sempre.<\/p>\n\n\n\n<h3 class=\"wp-block-heading\">Salmos 107:1<\/h3>\n\n\n\n<p>D\u00eaem gra\u00e7as ao Senhor porque ele \u00e9 bom; o seu amor dura para sempre.<\/p>\n\n\n\n<h3 class=\"wp-block-heading\">Salmos 116:5<\/h3>\n\n\n\n<p>O Senhor \u00e9 misericordioso e justo; o nosso Deus \u00e9 compassivo.<\/p>\n\n\n\n<h3 class=\"wp-block-heading\">Salmos 117:2<\/h3>\n\n\n\n<p>Porque imenso \u00e9 o seu amor leal por n\u00f3s, e a fidelidade do Senhor dura para sempre. Aleluia!<\/p>\n\n\n\n<h3 class=\"wp-block-heading\">Salmos 118:1<\/h3>\n\n\n\n<p>D\u00eaem gra\u00e7as ao Senhor porque ele \u00e9 bom; o seu amor dura para sempre.<\/p>\n\n\n\n<h3 class=\"wp-block-heading\">Salmos 136:1<\/h3>\n\n\n\n<p>D\u00eaem gra\u00e7as ao Senhor, porque ele \u00e9 bom. O seu amor dura para sempre!<\/p>\n\n\n\n<h3 class=\"wp-block-heading\">Salmos 145:8<\/h3>\n\n\n\n<p>O Senhor \u00e9 misericordioso e compassivo, paciente e transbordante de amor.<\/p>\n\n\n\n<h3 class=\"wp-block-heading\">Salmos 145:9<\/h3>\n\n\n\n<p>O Senhor \u00e9 bom para todos; a sua compaix\u00e3o alcan\u00e7a todas as suas criaturas.<\/p>\n\n\n\n<h3 class=\"wp-block-heading\">Salmos 147:5<\/h3>\n\n\n\n<p>Grande \u00e9 o nosso Soberano e tremendo \u00e9 o seu poder; \u00e9 imposs\u00edvel medir o seu entendimento.<\/p>\n\n\n\n<h3 class=\"wp-block-heading\">Salmos 147:8<\/h3>\n\n\n\n<p>Ele cobre o c\u00e9u de nuvens, concede chuvas \u00e0 terra e faz crescer a relva nas colinas.<\/p>\n\n\n\n<h3 class=\"wp-block-heading\">Salmos 147:11<\/h3>\n\n\n\n<p>O Senhor se agrada dos que o temem, dos que colocam sua esperan\u00e7a no seu amor leal.<\/p>\n\n\n\n<h3 class=\"wp-block-heading\">Salmos 145:15<\/h3>\n\n\n\n<p>Os olhos de todos est\u00e3o voltados para ti, e tu lhes d\u00e1s o alimento no devido tempo.<\/p>\n\n\n\n<h3 class=\"wp-block-heading\">Salmos 145:16<\/h3>\n\n\n\n<p>Abres a tua m\u00e3o e satisfazes os desejos de todos os seres vivos.<\/p>\n\n\n\n<h3 class=\"wp-block-heading\">Salmos 145:20<\/h3>\n\n\n\n<p>O Senhor cuida de todos os que o amam, mas a todos os \u00edmpios destruir\u00e1.<\/p>\n\n\n\n<h3 class=\"wp-block-heading\">Salmos 146:7<\/h3>\n\n\n\n<p>Ele defende a causa dos oprimidos e d\u00e1 alimento aos famintos. O Senhor liberta os presos,<\/p>\n\n\n\n<h3 class=\"wp-block-heading\">Salmos 147:14<\/h3>\n\n\n\n<p>\u00c9 ele que mant\u00e9m as suas fronteiras em seguran\u00e7a e que a supre do melhor do trigo.<\/p>\n\n\n\n<h3 class=\"wp-block-heading\">Salmos 31:21<\/h3>\n\n\n\n<p>Bendito seja o Senhor, pois mostrou o seu maravilhoso amor para comigo quando eu estava numa cidade cercada.<\/p>\n\n\n\n<h3 class=\"wp-block-heading\">Salmos 36:10<\/h3>\n\n\n\n<p>Estende o teu amor aos que te conhecem, a tua justi\u00e7a aos que s\u00e3o retos de cora\u00e7\u00e3o.<\/p>\n\n\n\n<h3 class=\"wp-block-heading\">Salmos 107:8<\/h3>\n\n\n\n<p>Que eles d\u00eaem gra\u00e7as ao Senhor por seu amor leal e por suas maravilhas em favor dos homens,<\/p>\n\n\n\n<h3 class=\"wp-block-heading\">Salmos 3:8<\/h3>\n\n\n\n<p>Do Senhor vem o livramento. A tua b\u00ean\u00e7\u00e3o est\u00e1 sobre o teu povo.<\/p>\n\n\n\n<h3 class=\"wp-block-heading\">Salmos 20:4<\/h3>\n\n\n\n<p>Conceda-te o desejo do teu cora\u00e7\u00e3o e leve a efeito todos os teus planos.<\/p>\n\n\n\n<h3 class=\"wp-block-heading\">Salmos 29:11<\/h3>\n\n\n\n<p>O Senhor d\u00e1 for\u00e7a ao seu povo; o Senhor d\u00e1 a seu povo a b\u00ean\u00e7\u00e3o da paz.<\/p>\n\n\n\n<h3 class=\"wp-block-heading\">Salmos 41:1<\/h3>\n\n\n\n<p>Como \u00e9 feliz aquele que se interessa pelo pobre! O Senhor o livra em tempos de adversidade.<\/p>\n\n\n\n<h3 class=\"wp-block-heading\">Salmos 65:4<\/h3>\n\n\n\n<p>Como s\u00e3o felizes aqueles que escolhes e trazes a ti, para viverem nos teus \u00e1trios! Transbordamos de b\u00ean\u00e7\u00e3os da tua casa, do teu santo templo!<\/p>\n\n\n\n<h3 class=\"wp-block-heading\">Salmos 84:12<\/h3>\n\n\n\n<p>\u00d3 Senhor dos Ex\u00e9rcitos, como \u00e9 feliz aquele que em ti confia!<\/p>\n\n\n\n<h3 class=\"wp-block-heading\">Salmos 89:52<\/h3>\n\n\n\n<p>Bendito seja o Senhor para sempre! Am\u00e9m e am\u00e9m.<\/p>\n\n\n\n<h3 class=\"wp-block-heading\">Salmos 106:48<\/h3>\n\n\n\n<p>Bendito seja o Senhor, o Deus de Israel, por toda a eternidade. Que todo o povo diga: \u201cAm\u00e9m!\u201d Aleluia!<\/p>\n\n\n\n<h3 class=\"wp-block-heading\">Salmos 115:15<\/h3>\n\n\n\n<p>Sejam voc\u00eas aben\u00e7oados pelo Senhor, que fez os c\u00e9us e a terra.<\/p>\n\n\n\n<h3 class=\"wp-block-heading\">Salmos 127:3-5<\/h3>\n\n\n\n<p>Os filhos s\u00e3o heran\u00e7a do Senhor, uma recompensa que ele d\u00e1. Como flechas nas m\u00e3os do guerreiro s\u00e3o os filhos nascidos na juventude. Como \u00e9 feliz o homem que tem a sua aljava cheia deles! N\u00e3o ser\u00e1 humilhado quando enfrentar seus inimigos no tribunal.<\/p>\n\n\n\n<h3 class=\"wp-block-heading\">Salmos 128:1-2<\/h3>\n\n\n\n<p>Como \u00e9 feliz quem teme o Senhor, quem anda em seus caminhos! Voc\u00ea comer\u00e1 do fruto do seu trabalho, e ser\u00e1 feliz e pr\u00f3spero.<\/p>\n\n\n\n<h3 class=\"wp-block-heading\">Salmos 144:15<\/h3>\n\n\n\n<p>Como \u00e9 feliz o povo assim aben\u00e7oado! Como \u00e9 feliz o povo cujo Deus \u00e9 o Senhor!<\/p>\n\n\n\n<h3 class=\"wp-block-heading\">Salmos 146:5<\/h3>\n\n\n\n<p>Como \u00e9 feliz aquele cujo aux\u00edlio \u00e9 o Deus de Jac\u00f3, cuja esperan\u00e7a est\u00e1 no Senhor, no seu Deus.<\/p>\n\n\n\n<h3 class=\"wp-block-heading\">Salmos 1:1<\/h3>\n\n\n\n<p>Como \u00e9 feliz aquele que n\u00e3o segue o conselho dos \u00edmpios, n\u00e3o imita a conduta dos pecadores, nem se assenta na roda dos zombadores!<\/p>\n\n\n\n<h3 class=\"wp-block-heading\">Salmos 65:4<\/h3>\n\n\n\n<p>Como s\u00e3o felizes aqueles que escolhes e trazes a ti, para viverem nos teus \u00e1trios! Transbordamos de b\u00ean\u00e7\u00e3os da tua casa, do teu santo templo!<\/p>\n\n\n\n<h2 class=\"wp-block-heading\">Lee Tambi\u00e9n:<\/h2>\n\n\n\n<ul class=\"wp-block-list\">\n<li><a href=\"https:\/\/thebibleverses.org\/pt\/\">Vers\u00edculos por T\u00f3picos<\/a><\/li>\n\n\n\n<li><a href=\"https:\/\/thebibleverses.org\/pt\/amor\/\">Vers\u00edculos da B\u00edblia sobre o Amor<\/a><\/li>\n\n\n\n<li><a href=\"https:\/\/thebibleverses.org\/pt\/forca\/\">Vers\u00edculos da B\u00edblia sobre For\u00e7a<\/a><\/li>\n\n\n\n<li><a href=\"https:\/\/thebibleverses.org\/pt\/fe\/\">Vers\u00edculos B\u00edblicos sobre F\u00e9<\/a><\/li>\n\n\n\n<li><a href=\"https:\/\/thebibleverses.org\/pt\/jovens\/\">Vers\u00edculos da B\u00edblia para Jovens<\/a><\/li>\n\n\n\n<li><a href=\"https:\/\/thebibleverses.org\/pt\/amizade\/\">Vers\u00edculos da B\u00edblia sobre Amizade<\/a><\/li>\n\n\n\n<li><a href=\"https:\/\/thebibleverses.org\/pt\/cura\/\">Vers\u00edculos da B\u00edblia sobre Cura<\/a><\/li>\n<\/ul>\n","protected":false},"excerpt":{"rendered":"<p>Salmos sobre a Bondade de Deus na B\u00edblia Explore a profunda bondade de Deus por meio dos Salmos. Esses vers\u00edculos sinceros revelam a imensid\u00e3o do Seu amor e compaix\u00e3o, oferecendo conforto nos momentos de necessidade. Mergulhe na riqueza da bondade divina presente nos Salmos e embarque em uma jornada de f\u00e9 inabal\u00e1vel. Salmos 25:8 Bom [&hellip;]<\/p>\n","protected":false},"author":1,"featured_media":2291,"parent":0,"menu_order":0,"comment_status":"closed","ping_status":"closed","template":"","meta":{"footnotes":""},"class_list":["post-2290","page","type-page","status-publish","has-post-thumbnail","hentry","entry","fw-tab-6 fw-tabr-4"],"_links":{"self":[{"href":"https:\/\/thebibleverses.org\/pt\/wp-json\/wp\/v2\/pages\/2290","targetHints":{"allow":["GET"]}}],"collection":[{"href":"https:\/\/thebibleverses.org\/pt\/wp-json\/wp\/v2\/pages"}],"about":[{"href":"https:\/\/thebibleverses.org\/pt\/wp-json\/wp\/v2\/types\/page"}],"author":[{"embeddable":true,"href":"https:\/\/thebibleverses.org\/pt\/wp-json\/wp\/v2\/users\/1"}],"replies":[{"embeddable":true,"href":"https:\/\/thebibleverses.org\/pt\/wp-json\/wp\/v2\/comments?post=2290"}],"version-history":[{"count":1,"href":"https:\/\/thebibleverses.org\/pt\/wp-json\/wp\/v2\/pages\/2290\/revisions"}],"predecessor-version":[{"id":2292,"href":"https:\/\/thebibleverses.org\/pt\/wp-json\/wp\/v2\/pages\/2290\/revisions\/2292"}],"wp:featuredmedia":[{"embeddable":true,"href":"https:\/\/thebibleverses.org\/pt\/wp-json\/wp\/v2\/media\/2291"}],"wp:attachment":[{"href":"https:\/\/thebibleverses.org\/pt\/wp-json\/wp\/v2\/media?parent=2290"}],"curies":[{"name":"wp","href":"https:\/\/api.w.org\/{rel}","templated":true}]}}