{"id":2287,"date":"2023-09-08T23:09:56","date_gmt":"2023-09-08T23:09:56","guid":{"rendered":"https:\/\/thebibleverses.org\/pt\/?page_id=2287"},"modified":"2023-09-08T23:09:58","modified_gmt":"2023-09-08T23:09:58","slug":"salmos-de-bencao","status":"publish","type":"page","link":"https:\/\/thebibleverses.org\/pt\/salmos-de-bencao\/","title":{"rendered":"40 Salmos de B\u00ean\u00e7\u00e3o"},"content":{"rendered":"<div class=\"wp-block-image\">\n<figure class=\"aligncenter size-large\"><img decoding=\"async\" width=\"1024\" height=\"631\" data-src=\"https:\/\/thebibleverses.org\/pt\/wp-content\/uploads\/2023\/09\/salmos-de-b195170n195167195163o-1024x631.webp\" alt=\"Salmos de B\u00ean\u00e7\u00e3o de Deus\" class=\"wp-image-2288 lazyload\" data-srcset=\"https:\/\/thebibleverses.org\/pt\/wp-content\/uploads\/2023\/09\/salmos-de-b195170n195167195163o-1024x631.webp 1024w, https:\/\/thebibleverses.org\/pt\/wp-content\/uploads\/2023\/09\/salmos-de-b195170n195167195163o-300x185.webp 300w, https:\/\/thebibleverses.org\/pt\/wp-content\/uploads\/2023\/09\/salmos-de-b195170n195167195163o-768x474.webp 768w, https:\/\/thebibleverses.org\/pt\/wp-content\/uploads\/2023\/09\/salmos-de-b195170n195167195163o-320x197.webp 320w, https:\/\/thebibleverses.org\/pt\/wp-content\/uploads\/2023\/09\/salmos-de-b195170n195167195163o-450x278.webp 450w, https:\/\/thebibleverses.org\/pt\/wp-content\/uploads\/2023\/09\/salmos-de-b195170n195167195163o-720x444.webp 720w, https:\/\/thebibleverses.org\/pt\/wp-content\/uploads\/2023\/09\/salmos-de-b195170n195167195163o.webp 1200w\" data-sizes=\"(max-width: 1024px) 100vw, 1024px\" src=\"data:image\/svg+xml;base64,PHN2ZyB3aWR0aD0iMSIgaGVpZ2h0PSIxIiB4bWxucz0iaHR0cDovL3d3dy53My5vcmcvMjAwMC9zdmciPjwvc3ZnPg==\" style=\"--smush-placeholder-width: 1024px; --smush-placeholder-aspect-ratio: 1024\/631;\" \/><figcaption class=\"wp-element-caption\">Salmos de B\u00ean\u00e7\u00e3o de Deus &#8211; Nova Vers\u00e3o Internacional (NVI-PT).<\/figcaption><\/figure><\/div>\n\n\n<h2 class=\"wp-block-heading\">Salmos da B\u00ean\u00e7\u00e3o de Deus para sua Casa e Fam\u00edlia<\/h2>\n\n\n\n<p>Explore os Salmos de B\u00ean\u00e7\u00e3o de Deus, um testemunho do Seu compromisso inabal\u00e1vel e generosidade divina. Esses vers\u00edculos iluminam o caminho para uma vida enriquecida pelo Seu favor. Mergulhe na profundidade da benevol\u00eancia divina contida nos Salmos e embarque em uma jornada de b\u00ean\u00e7\u00e3os e amor incondicional.<\/p>\n\n\n\n<h3 class=\"wp-block-heading\">Salmos 1:1-3<\/h3>\n\n\n\n<p>Como \u00e9 feliz aquele que n\u00e3o segue o conselho dos \u00edmpios, n\u00e3o imita a conduta dos pecadores, nem se assenta na roda dos zombadores! Ao contr\u00e1rio, sua satisfa\u00e7\u00e3o est\u00e1 na lei do Senhor, e nessa lei medita dia e noite. \u00c9 como \u00e1rvore plantada \u00e0 beira de \u00e1guas correntes: D\u00e1 fruto no tempo certo e suas folhas n\u00e3o murcham. Tudo o que ele faz prospera!<\/p>\n\n\n\n<h3 class=\"wp-block-heading\">Salmos 2:12<\/h3>\n\n\n\n<p>Beijem o filho, para que ele n\u00e3o se ire e voc\u00eas n\u00e3o sejam destru\u00eddos de repente, pois num instante acende-se a sua ira. Como s\u00e3o felizes todos os que nele se refugiam!<\/p>\n\n\n\n<h3 class=\"wp-block-heading\">Salmos 3:8<\/h3>\n\n\n\n<p>Do Senhor vem o livramento. A tua b\u00ean\u00e7\u00e3o est\u00e1 sobre o teu povo.Pausa<\/p>\n\n\n\n<h3 class=\"wp-block-heading\">Salmos 20:4<\/h3>\n\n\n\n<p>Conceda-te o desejo do teu cora\u00e7\u00e3o e leve a efeito todos os teus planos.<\/p>\n\n\n\n<h3 class=\"wp-block-heading\">Salmos 21:6<\/h3>\n\n\n\n<p>Fizeste dele uma grande b\u00ean\u00e7\u00e3o para sempre e lhe deste a alegria da tua presen\u00e7a.<\/p>\n\n\n\n<h3 class=\"wp-block-heading\">Salmos 28:7<\/h3>\n\n\n\n<p>O Senhor \u00e9 a minha for\u00e7a e o meu escudo; nele o meu cora\u00e7\u00e3o confia, e dele recebo ajuda. Meu cora\u00e7\u00e3o exulta de alegria, e com o meu c\u00e2ntico lhe darei gra\u00e7as.<\/p>\n\n\n\n<h3 class=\"wp-block-heading\">Salmos 29:11<\/h3>\n\n\n\n<p>O Senhor d\u00e1 for\u00e7a ao seu povo; o Senhor d\u00e1 a seu povo a b\u00ean\u00e7\u00e3o da paz.<\/p>\n\n\n\n<h3 class=\"wp-block-heading\">Salmos 32:1-2<\/h3>\n\n\n\n<p>Como \u00e9 feliz aquele que tem suas transgress\u00f5es perdoadas e seus pecados apagados! Como \u00e9 feliz aquele a quem o Senhor n\u00e3o atribui culpa e em quem n\u00e3o h\u00e1 hipocrisia!<\/p>\n\n\n\n<h3 class=\"wp-block-heading\">Salmos 33:12<\/h3>\n\n\n\n<p>Como \u00e9 feliz a na\u00e7\u00e3o que tem o Senhor como Deus, o povo que ele escolheu para lhe pertencer!<\/p>\n\n\n\n<h3 class=\"wp-block-heading\">Salmos 34:8<\/h3>\n\n\n\n<p>Provem, e vejam como o Senhor \u00e9 bom. Como \u00e9 feliz o homem que nele se refugia!<\/p>\n\n\n\n<h3 class=\"wp-block-heading\">Salmos 40:4<\/h3>\n\n\n\n<p>Como \u00e9 feliz o homem que p\u00f5e no Senhor a sua confian\u00e7a, e n\u00e3o vai atr\u00e1s dos orgulhosos, dos que se afastam para seguir deuses falsos!<\/p>\n\n\n\n<h3 class=\"wp-block-heading\">Salmos 41:1<\/h3>\n\n\n\n<p>Como \u00e9 feliz aquele que se interessa pelo pobre! O Senhor o livra em tempos de adversidade.<\/p>\n\n\n\n<h3 class=\"wp-block-heading\">Salmos 65:4<\/h3>\n\n\n\n<p>Como s\u00e3o felizes aqueles que escolhes e trazes a ti, para viverem nos teus \u00e1trios! Transbordamos de b\u00ean\u00e7\u00e3os da tua casa, do teu santo templo!<\/p>\n\n\n\n<h3 class=\"wp-block-heading\">Salmos 84:4<\/h3>\n\n\n\n<p>Como s\u00e3o felizes os que habitam em tua casa; louvam-te sem cessar!Pausa<\/p>\n\n\n\n<h3 class=\"wp-block-heading\">Salmos 84:5<\/h3>\n\n\n\n<p>Como s\u00e3o felizes os que em ti encontram sua for\u00e7a, e os que s\u00e3o peregrinos de cora\u00e7\u00e3o!<\/p>\n\n\n\n<h3 class=\"wp-block-heading\">Salmos 89:15<\/h3>\n\n\n\n<p>Como \u00e9 feliz o povo que aprendeu a aclamar-te, Senhor, e que anda na luz da tua presen\u00e7a!<\/p>\n\n\n\n<h3 class=\"wp-block-heading\">Salmos 94:12<\/h3>\n\n\n\n<p>Como \u00e9 feliz o homem a quem disciplinas, Senhor, aquele a quem ensinas a tua lei.<\/p>\n\n\n\n<h3 class=\"wp-block-heading\">Salmos 94:19<\/h3>\n\n\n\n<p>Quando a ansiedade j\u00e1 me dominava no \u00edntimo, o teu consolo trouxe al\u00edvio \u00e0 minha alma.<\/p>\n\n\n\n<h3 class=\"wp-block-heading\">Salmos 106:3<\/h3>\n\n\n\n<p>Como s\u00e3o felizes os que perseveram na retid\u00e3o, que sempre praticam a justi\u00e7a!<\/p>\n\n\n\n<h3 class=\"wp-block-heading\">Salmos 112:1<\/h3>\n\n\n\n<p>Aleluia! Como \u00e9 feliz o homem que teme o Senhor e tem grande prazer em seus mandamentos!<\/p>\n\n\n\n<h3 class=\"wp-block-heading\">Salmos 115:15<\/h3>\n\n\n\n<p>Sejam voc\u00eas aben\u00e7oados pelo Senhor, que fez os c\u00e9us e a terra.<\/p>\n\n\n\n<h3 class=\"wp-block-heading\">Salmos 119:1-2<\/h3>\n\n\n\n<p>Como s\u00e3o felizes os que andam em caminhos irrepreens\u00edveis, que vivem conforme a lei do Senhor! Como s\u00e3o felizes os que obedecem aos seus estatutos e de todo o cora\u00e7\u00e3o o buscam!<\/p>\n\n\n\n<h3 class=\"wp-block-heading\">Salmos 127:3-5<\/h3>\n\n\n\n<p>Os filhos s\u00e3o heran\u00e7a do Senhor, uma recompensa que ele d\u00e1. Como flechas nas m\u00e3os do guerreiro s\u00e3o os filhos nascidos na juventude. Como \u00e9 feliz o homem que tem a sua aljava cheia deles! N\u00e3o ser\u00e1 humilhado quando enfrentar seus inimigos no tribunal.<\/p>\n\n\n\n<h3 class=\"wp-block-heading\">Salmos 128:1-2<\/h3>\n\n\n\n<p>Como \u00e9 feliz quem teme o Senhor, quem anda em seus caminhos! Voc\u00ea comer\u00e1 do fruto do seu trabalho, e ser\u00e1 feliz e pr\u00f3spero.<\/p>\n\n\n\n<h3 class=\"wp-block-heading\">Salmos 137:8-9<\/h3>\n\n\n\n<p>\u00d3 cidade de Babil\u00f4nia, destinada \u00e0 destrui\u00e7\u00e3o, feliz aquele que lhe retribuir o mal que voc\u00ea nos fez! Feliz aquele que pegar os seus filhos e os despeda\u00e7ar contra a rocha!<\/p>\n\n\n\n<h3 class=\"wp-block-heading\">Salmos 144:15<\/h3>\n\n\n\n<p>Como \u00e9 feliz o povo assim aben\u00e7oado! Como \u00e9 feliz o povo cujo Deus \u00e9 o Senhor!<\/p>\n\n\n\n<h3 class=\"wp-block-heading\">Salmos 146:5<\/h3>\n\n\n\n<p>Como \u00e9 feliz aquele cujo aux\u00edlio \u00e9 o Deus de Jac\u00f3, cuja esperan\u00e7a est\u00e1 no Senhor, no seu Deus.<\/p>\n\n\n\n<h3 class=\"wp-block-heading\">Salmos 147:13<\/h3>\n\n\n\n<p>Pois ele refor\u00e7ou as trancas de suas portas e aben\u00e7oou o seu povo, que l\u00e1 habita.<\/p>\n\n\n\n<h3 class=\"wp-block-heading\">Salmos 149:2<\/h3>\n\n\n\n<p>Alegre-se Israel no seu Criador, exulte o povo de Si\u00e3o no seu Rei!<\/p>\n\n\n\n<h3 class=\"wp-block-heading\">Salmos 1:1<\/h3>\n\n\n\n<p>Como \u00e9 feliz aquele que n\u00e3o segue o conselho dos \u00edmpios, n\u00e3o imita a conduta dos pecadores, nem se assenta na roda dos zombadores!<\/p>\n\n\n\n<h3 class=\"wp-block-heading\">Salmos 65:4<\/h3>\n\n\n\n<p>Como s\u00e3o felizes aqueles que escolhes e trazes a ti, para viverem nos teus \u00e1trios! Transbordamos de b\u00ean\u00e7\u00e3os da tua casa, do teu santo templo!<\/p>\n\n\n\n<h3 class=\"wp-block-heading\">Salmos 68:19<\/h3>\n\n\n\n<p>Bendito seja o Senhor, Deus, nosso Salvador, que cada dia suporta as nossas cargas.<\/p>\n\n\n\n<h3 class=\"wp-block-heading\">Salmos 72:17<\/h3>\n\n\n\n<p>Permane\u00e7a para sempre o seu nome e dure a sua fama enquanto o sol brilhar. Sejam aben\u00e7oadas todas as na\u00e7\u00f5es por meio dele, e que elas o chamem bendito.<\/p>\n\n\n\n<h3 class=\"wp-block-heading\">Salmos 84:12<\/h3>\n\n\n\n<p>\u00d3 Senhor dos Ex\u00e9rcitos, como \u00e9 feliz aquele que em ti confia!<\/p>\n\n\n\n<h3 class=\"wp-block-heading\">Salmos 89:52<\/h3>\n\n\n\n<p>Bendito seja o Senhor para sempre! Am\u00e9m e am\u00e9m.<\/p>\n\n\n\n<h3 class=\"wp-block-heading\">Salmos 106:48<\/h3>\n\n\n\n<p>Bendito seja o Senhor, o Deus de Israel, por toda a eternidade. Que todo o povo diga: \u201cAm\u00e9m!\u201d Aleluia!<\/p>\n\n\n\n<h3 class=\"wp-block-heading\">Salmos 135:21<\/h3>\n\n\n\n<p>Bendito seja o Senhor desde Si\u00e3o, aquele que habita em Jerusal\u00e9m. Aleluia!<\/p>\n\n\n\n<h3 class=\"wp-block-heading\">Salmos 144:1<\/h3>\n\n\n\n<p>Bendito seja o Senhor, a minha Rocha, que treina as minhas m\u00e3os para a guerra e os meus dedos para a batalha.<\/p>\n\n\n\n<h3 class=\"wp-block-heading\">Salmos 145:21<\/h3>\n\n\n\n<p>Com meus l\u00e1bios louvarei o Senhor. Que todo ser vivo bendiga o seu santo nome para todo o sempre!<\/p>\n\n\n\n<h3 class=\"wp-block-heading\">Salmos 150:6<\/h3>\n\n\n\n<p>Tudo o que tem vida louve o Senhor! Aleluia!<\/p>\n\n\n\n<h2 class=\"wp-block-heading\">Lee Tambi\u00e9n:<\/h2>\n\n\n\n<ul class=\"wp-block-list\">\n<li><a href=\"https:\/\/thebibleverses.org\/pt\/\">Vers\u00edculos por T\u00f3picos<\/a><\/li>\n\n\n\n<li><a href=\"https:\/\/thebibleverses.org\/pt\/amor\/\">Vers\u00edculos da B\u00edblia sobre o Amor<\/a><\/li>\n\n\n\n<li><a href=\"https:\/\/thebibleverses.org\/pt\/forca\/\">Vers\u00edculos da B\u00edblia sobre For\u00e7a<\/a><\/li>\n\n\n\n<li><a href=\"https:\/\/thebibleverses.org\/pt\/fe\/\">Vers\u00edculos B\u00edblicos sobre F\u00e9<\/a><\/li>\n\n\n\n<li><a href=\"https:\/\/thebibleverses.org\/pt\/jovens\/\">Vers\u00edculos da B\u00edblia para Jovens<\/a><\/li>\n\n\n\n<li><a href=\"https:\/\/thebibleverses.org\/pt\/amizade\/\">Vers\u00edculos da B\u00edblia sobre Amizade<\/a><\/li>\n\n\n\n<li><a href=\"https:\/\/thebibleverses.org\/pt\/cura\/\">Vers\u00edculos da B\u00edblia sobre Cura<\/a><\/li>\n<\/ul>\n","protected":false},"excerpt":{"rendered":"<p>Salmos da B\u00ean\u00e7\u00e3o de Deus para sua Casa e Fam\u00edlia Explore os Salmos de B\u00ean\u00e7\u00e3o de Deus, um testemunho do Seu compromisso inabal\u00e1vel e generosidade divina. Esses vers\u00edculos iluminam o caminho para uma vida enriquecida pelo Seu favor. Mergulhe na profundidade da benevol\u00eancia divina contida nos Salmos e embarque em uma jornada de b\u00ean\u00e7\u00e3os e [&hellip;]<\/p>\n","protected":false},"author":1,"featured_media":2288,"parent":0,"menu_order":0,"comment_status":"closed","ping_status":"closed","template":"","meta":{"footnotes":""},"class_list":["post-2287","page","type-page","status-publish","has-post-thumbnail","hentry","entry","fw-tab-6 fw-tabr-4"],"_links":{"self":[{"href":"https:\/\/thebibleverses.org\/pt\/wp-json\/wp\/v2\/pages\/2287","targetHints":{"allow":["GET"]}}],"collection":[{"href":"https:\/\/thebibleverses.org\/pt\/wp-json\/wp\/v2\/pages"}],"about":[{"href":"https:\/\/thebibleverses.org\/pt\/wp-json\/wp\/v2\/types\/page"}],"author":[{"embeddable":true,"href":"https:\/\/thebibleverses.org\/pt\/wp-json\/wp\/v2\/users\/1"}],"replies":[{"embeddable":true,"href":"https:\/\/thebibleverses.org\/pt\/wp-json\/wp\/v2\/comments?post=2287"}],"version-history":[{"count":1,"href":"https:\/\/thebibleverses.org\/pt\/wp-json\/wp\/v2\/pages\/2287\/revisions"}],"predecessor-version":[{"id":2289,"href":"https:\/\/thebibleverses.org\/pt\/wp-json\/wp\/v2\/pages\/2287\/revisions\/2289"}],"wp:featuredmedia":[{"embeddable":true,"href":"https:\/\/thebibleverses.org\/pt\/wp-json\/wp\/v2\/media\/2288"}],"wp:attachment":[{"href":"https:\/\/thebibleverses.org\/pt\/wp-json\/wp\/v2\/media?parent=2287"}],"curies":[{"name":"wp","href":"https:\/\/api.w.org\/{rel}","templated":true}]}}